
{"id":229704,"date":"2020-12-22T10:05:12","date_gmt":"2020-12-22T10:05:12","guid":{"rendered":"https:\/\/127.0.0.1\/resources\/success-story-dadaro\/"},"modified":"2020-12-22T10:05:12","modified_gmt":"2020-12-22T10:05:12","slug":"success-story-dadaro","status":"publish","type":"page","link":"https:\/\/www.sellerlogic.com\/sr\/resources\/success-story-dadaro\/","title":{"rendered":"Success Story: Dadaro EN"},"content":{"rendered":"\n\t<div  class=\"theme-wp-block theme-block-main-header is-style-full-height desktop-align-full xl-align-full lg-align-full md-align-full sm-align-full desktop-content-align-y-center desktop-content-align-x-center xl-content-align-y-center xl-content-align-x-center lg-content-align-y-center lg-content-align-x-center md-content-align-y-center md-content-align-x-center sm-content-align-y-center sm-content-align-x-center gb-responsive-439567-identifier theme-block-cover\">\n\t\t<div class=\"bg-cover theme-lazy-load-bg\"><\/div>\n\t\t<div class=\"wrap-content-main-header\">\n\t\t\t\t\t<div  class=\"theme-wp-block theme-block-text-and-text desktop-align-wide xl-align-wide lg-align-wide md-align-wide sm-align-wide gb-responsive-511761-identifier desktop-blockDirection-column xl-blockDirection-column lg-blockDirection-column md-blockDirection-column sm-blockDirection-column\">\n\t\t<div class=\"tat-column-wrap-wrapper\">\n\t\t\t<div class=\"tat-column-wrapper\">\n\t\t\t\t\t<div  class=\"theme-wp-block theme-block-text-and-text-column gb-responsive-24925-identifier desktop-horizontal-center xl-horizontal-center lg-horizontal-center md-horizontal-center sm-horizontal-center\">\n\t\t<div class=\"inner-wrap-column-content\">\n\t\t\t<div class=\"inner-column-content\">\n\t\t\t\t\t\t<h1  class=\"theme-wp-block theme-block-heading gb-responsive-62496-identifier desktop-text-center xl-text-center lg-text-center md-text-center sm-text-center desktop-gb-has-no-icon xl-gb-has-no-icon lg-gb-has-no-icon md-gb-has-no-icon sm-gb-has-no-icon\">\n\t\tZa\u0161to svetska pandemija ne uti\u010de na Dadaro\t<\/h1>\n\n\t\t\t<\/div>\n\t\t<\/div>\n\t<\/div>\n\t<div  class=\"theme-wp-block theme-block-text-and-text-column gb-responsive-195365-identifier\">\n\t\t<div class=\"inner-wrap-column-content\">\n\t\t\t<div class=\"inner-column-content\">\n\t\t\t\t\t\t\t<\/div>\n\t\t<\/div>\n\t<\/div>\n\t\t\t<\/div>\n\t\t<\/div>\n\t<\/div>\n\n\t\t<\/div>\n\t<\/div>\n\n<div style=\"height:50px\" aria-hidden=\"true\" class=\"theme-wp-block wp-block-spacer\"><\/div><div class=\"theme-wp-block wp-block-columns gb-responsive-586014-identifier is-layout-flex wp-container-core-columns-is-layout-9d6595d7 wp-block-columns-is-layout-flex\"><div class=\"theme-wp-block wp-block-column gb-responsive-33587-identifier is-layout-flow wp-block-column-is-layout-flow\" style=\"flex-basis:25%\"><figure class=\"theme-wp-block wp-block-image size-large is-resized gb-responsive-62921-identifier\"><img decoding=\"async\" src=\"https:\/\/d2bw95mh2ee04s.cloudfront.net\/prod\/content\/wp-content\/uploads\/2020\/12\/23142718\/logo-monde-petit.png\" alt=\"Uspe\u0161na pri\u010da: Dadaro EN\" class=\"wp-image-5012\" width=\"300\" height=\"264\" srcset=\"https:\/\/d2bw95mh2ee04s.cloudfront.net\/prod\/content\/wp-content\/uploads\/2020\/12\/23142718\/logo-monde-petit-407x358.png 407w, https:\/\/d2bw95mh2ee04s.cloudfront.net\/prod\/content\/wp-content\/uploads\/2020\/12\/23142718\/logo-monde-petit.png 600w\" sizes=\"(max-width: 300px) 100vw, 300px\" \/><\/figure><p class=\"theme-wp-block gb-responsive-263243-identifier\"><strong>Osnovanje:<\/strong><br>2004<\/p><p class=\"theme-wp-block gb-responsive-412647-identifier\"><strong>Industrija:<\/strong><br>Nakits i plemeniti metali<\/p><p class=\"theme-wp-block gb-responsive-679138-identifier\"><strong>Artikli na Amazonu:\u00a0<\/strong><br>pribli\u017eno 1.600 SKUs<\/p><p class=\"theme-wp-block gb-responsive-236096-identifier\"><strong>Po\u0161iljke:<\/strong><br>pribli\u017eno 700 mese\u010dno<\/p><\/div><div class=\"theme-wp-block wp-block-column gb-responsive-980941-identifier is-layout-flow wp-block-column-is-layout-flow\" style=\"flex-basis:50%\"><h3 class=\"theme-wp-block wp-block-heading gb-responsive-34353-identifier\" id=\"block-c06fce04-ef87-4ffc-a3d6-b768ba377d17\">Pozadina:<\/h3><p class=\"theme-wp-block gb-responsive-414178-identifier desktop-gb-has-no-icon xl-gb-has-no-icon lg-gb-has-no-icon md-gb-has-no-icon sm-gb-has-no-icon\">U 2008. godini, porodi\u010dna kompanija \u2013 osnovana 2004. godine i specijalizovana za proizvodnju, kupovinu i prodaju nakita \u2013 primetila je kako tradicionalni veleprodajni kanal polako dolazi do kraja. Zbog ekonomske krize i rasta cena zlata, do\u0161lo je do opadanja potra\u017enje za kupovinom nakita, \u0161to je negativno uticalo na njihovu prodaju. U tom trenutku, Luis G\u00f3mez, izvr\u0161ni direktor Dadaro, nije imao sumnje da je, kako bi spasio porodi\u010dni biznis, morao da pre\u0111e na online prodaju.<\/p><h3 class=\"theme-wp-block wp-block-heading gb-responsive-846776-identifier desktop-gb-has-no-icon xl-gb-has-no-icon lg-gb-has-no-icon md-gb-has-no-icon sm-gb-has-no-icon\">Po\u010detak:<\/h3><p class=\"theme-wp-block gb-responsive-166194-identifier desktop-gb-has-no-icon xl-gb-has-no-icon lg-gb-has-no-icon md-gb-has-no-icon sm-gb-has-no-icon\">Nakon \u0161to je kreirao e-commerce prodavnicu nakita MondePetit, Luis je odlu\u010dio da postane Amazon prodavac 2015. godine. Za Dadaro, njegov aktivni Amazon prodavac u \u0160paniji, odmah je prepoznao mogu\u0107nosti koje mu je Marketplace pru\u017eao u vezi sa prodajom njegovih proizvoda na me\u0111unarodnom nivou. U 2017. godini po\u010deo je da koristi Amazon FBA usluge, \u010dime je porodi\u010dni biznis podigao na me\u0111unarodni nivo, prodaju\u0107i na tr\u017ei\u0161tima kao \u0161to su Italija, Nema\u010dka, Francuska i Velika Britanija.<\/p><p class=\"theme-wp-block gb-responsive-6809-identifier\">&#8220;Kori\u0161\u0107enje Amazonovih FBA usluga i vi\u0161ekanalne logistike putem na\u0161e veb stranice imalo je ogroman uticaj na na\u0161 biznis,&#8221; potvr\u0111uje Luis. &#8220;Sa aspekta korisni\u010dkog servisa, to nam je mnogo pomoglo, jer Amazon direktno obra\u0111uje zahteve kupaca. Me\u0111utim, s druge strane, bio sam svestan da \u2013 s obzirom na koli\u010dinu transakcija koje obra\u0111ujemo \u2013 postoji roba koja bi mogla da se izgubi u njihovim logisti\u010dkim centrima.&#8221;<\/p><h3 class=\"theme-wp-block wp-block-heading gb-responsive-826598-identifier\">Re\u0161enje:<\/h3><p class=\"theme-wp-block gb-responsive-981559-identifier desktop-gb-has-no-icon xl-gb-has-no-icon lg-gb-has-no-icon md-gb-has-no-icon sm-gb-has-no-icon\">Tokom vremena strogih mera zaklju\u010davanja u \u0160paniji, Luis je pa\u017eljivo pratio ponude koje su se pojavljivale u njegovom inboxu. Tako je nai\u0161ao na email koji je dobio od VGAMZ, prve agencije za konsultacije na tr\u017ei\u0161tu u \u0160paniji, specijalizovane za Amazon: &#8220;Email mi je privukao pa\u017enju i po\u0161to sam imao malo vremena, odlu\u010dio sam da poslu\u0161am VGAMZ podcast. Tako\u0111e sam prona\u0161ao njihov Youtube kanal, gde sam gledao video tutorijale o Lost &#038; Found alatu, i tu sam otkrio SELLERLOGIC!&#8221; Luis obja\u0161njava. &#8220;Odmah sam rekao sebi, ovo je upravo ono \u0161to mi treba sada. Zapisao sam to, i za nekoliko dana sam kreirao svoj nalog na SELLERLOGIC&#8221;.<\/p><div class=\"theme-block-group-wrap\"><div class=\"theme-wp-block wp-block-group gb-responsive-88118-identifier\">\t\t<div  class=\"theme-wp-block theme-block-user-card gb-responsive-799176-identifier is-style-full-width-line\">\n\t\t<div class=\"wrap-inner-content\">\n\t\t\t<div class=\"card-user-head\">\n\t\t\t\t<div class=\"card-user-avatar\">\n\t\t\t\t\t<div class=\"cover-avatar\" style=\"background-image: url(https:\/\/d2bw95mh2ee04s.cloudfront.net\/prod\/content\/wp-content\/uploads\/2020\/12\/23142718\/luis-gomez_raute.png);\"><\/div>\n\t\t\t\t<\/div>\n\t\t\t\t<div class=\"wrap-title\">\n\t\t\t\t\t<div class=\"card-user-name\">\n\t\t\t\t\t\t<div class=\"title\">\n\t\t\t\t\t\t\t<h3 class=\"heading-text\"><strong>Luis G\u00f3mez<\/strong><\/h3>\n\t\t\t\t\t\t<\/div>\n\t\t\t\t\t\t<div class=\"card-user-position\">\n\t\t\t\t\t\t\t<div class=\"card-text\"><strong>CEO u Dadaro<\/strong><\/div>\n\t\t\t\t\t\t<\/div>\n\t\t\t\t\t<\/div>\n\t\t\t\t\t<div class=\"card-user-quote-icon\">\n\t\t\t\t\t<\/div>\n\t\t\t\t<\/div>\n\t\t\t<\/div>\n\t\t\t<div class=\"card-user-text\">\n\t\t\t\t<div class=\"card-text\"><p>\u201cKompanije nemaju \u0161ta da izgube kori\u0161\u0107enjem ovog alata, preporu\u010dujem ga svim vrstama Amazon prodavaca.\u201c<\/p><p><\/p><\/div>\n\t\t\t<\/div>\n\t\t<\/div>\n\t<\/div>\n\n<\/div><\/div><h3 class=\"theme-wp-block wp-block-heading gb-responsive-727373-identifier desktop-gb-has-no-icon xl-gb-has-no-icon lg-gb-has-no-icon md-gb-has-no-icon sm-gb-has-no-icon\">Uspe\u0161ni rezultati sa SELLERLOGIC:<\/h3><p class=\"theme-wp-block gb-responsive-306957-identifier\">Sve je bilo brzo i lako od samog po\u010detka, bez potrebe da tra\u017eim pomo\u0107 od SELLERLOGIC tima za korisni\u010dku podr\u0161ku, ka\u017ee Luis. &#8220;Proces registracije je bio lak, a implementacija alata je veoma jednostavna. U veoma kratkom vremenskom periodu, prvi slu\u010dajevi povra\u0107aja su po\u010deli da se pojavljuju. Nisam mogao da verujem kada sam video da ima 117 slu\u010dajeva.&#8221;<\/p><p class=\"theme-wp-block gb-responsive-412864-identifier\">&#8220;\u010cinjenica da sam automatizovao ceo proces pra\u0107enja i izve\u0161tavanja o FBA transakcijama se pokazala veoma korisnom, posebno u vremenima u kojima trenutno \u017eivimo. Kopiranje i lepljenje informacija za izve\u0161tavanje o mojim zahtevima Amazonu nikada nije bilo lak\u0161e!&#8221;<\/p><p class=\"theme-wp-block gb-responsive-741970-identifier\">&#8220;Bez SELLERLOGIC ne bih mogao da primim ovaj povra\u0107aj od 3886.91 \u20ac. U ovom trenutku, zbog trenutne situacije, sa radnim optere\u0107enjem i svim promenama koje se neprekidno de\u0161avaju na Amazonu, bilo bi nemogu\u0107e da se bavim ovim pitanjem,&#8221; obja\u0161njava Luis. &#8220;U ovim vremenima Koronavirusa, SELLERLOGIC je bio pravi poklon, nadam se da \u0107u mo\u0107i da ga koristim jo\u0161 dugo.&#8221;<\/p><div class=\"theme-wp-block wp-block-buttons gb-responsive-497426-identifier is-layout-flex wp-block-buttons-is-layout-flex\"><div class=\"theme-wp-block wp-block-button gb-responsive-38220-identifier is-style-theme-transparent-with-arrow\"><a class=\"wp-block-button__link wp-element-button\" href=\"https:\/\/d2bw95mh2ee04s.cloudfront.net\/prod\/content\/files\/SUCCESS-STORIES\/EN\/SELLERLOGIC_SN_Success-Story_Dadaro_EN.pdf\" target=\"_blank\" rel=\"noreferrer noopener nofollow\">Preuzmi sada!<\/a><\/div><\/div><\/div><div class=\"theme-wp-block wp-block-column gb-responsive-405774-identifier is-layout-flow wp-block-column-is-layout-flow\" style=\"flex-basis:25%\"><\/div><\/div><p class=\"theme-wp-block gb-responsive-527070-identifier\"><\/p>","protected":false},"excerpt":{"rendered":"<p>Osnovanje:2004 Industrija:Nakits i plemeniti metali Artikli na Amazonu:\u00a0pribli\u017eno 1.600 SKUs Po\u0161iljke:pribli\u017eno 700 mese\u010dno Pozadina: U 2008. godini, porodi\u010dna kompanija \u2013 osnovana 2004. godine i specijalizovana za proizvodnju, kupovinu i prodaju nakita \u2013 primetila je kako tradicionalni veleprodajni kanal polako dolazi do kraja. Zbog ekonomske krize i rasta cena zlata, do\u0161lo je do opadanja potra\u017enje za<\/p>\n","protected":false},"author":3,"featured_media":0,"parent":229641,"menu_order":0,"comment_status":"closed","ping_status":"closed","template":"","meta":{"sidebar_recommended_resources":{"data":[]},"sidebar_header_settings":{"hide_buttons":{"register":false}},"_use_new_theme":false,"inline_featured_image":false,"footnotes":""},"class_list":["post-229704","page","type-page","status-publish","hentry"],"yoast_head":"<!-- This site is optimized with the Yoast SEO plugin v26.8 - https:\/\/yoast.com\/product\/yoast-seo-wordpress\/ -->\n<title>Kako je Lost &amp; Found pomogao Dadaru tokom krize sa Koronavirusom | SELLERLOGIC<\/title>\n<meta name=\"description\" content=\"Za mnoge prodavce, 2020. godina je bila te\u0161ka. Saznajte kako je Dadaro koristio Lost &amp; Found alat za upravljanje krizom. Pro\u010ditajte sada!\" \/>\n<meta name=\"robots\" content=\"index, follow, max-snippet:-1, max-image-preview:large, max-video-preview:-1\" \/>\n<link rel=\"canonical\" href=\"https:\/\/www.sellerlogic.com\/sr\/resources\/success-story-dadaro\/\" \/>\n<meta property=\"og:locale\" content=\"sr_RS\" \/>\n<meta property=\"og:type\" content=\"article\" \/>\n<meta property=\"og:title\" content=\"Kako je Lost &amp; Found pomogao Dadaru tokom krize sa Koronavirusom | SELLERLOGIC\" \/>\n<meta property=\"og:description\" content=\"Za mnoge prodavce, 2020. godina je bila te\u0161ka. Saznajte kako je Dadaro koristio Lost &amp; Found alat za upravljanje krizom. Pro\u010ditajte sada!\" \/>\n<meta property=\"og:url\" content=\"https:\/\/www.sellerlogic.com\/sr\/resources\/success-story-dadaro\/\" \/>\n<meta property=\"og:site_name\" content=\"SELLERLOGIC - Smarte Tools f\u00fcr Amazon-Seller\" \/>\n<meta property=\"article:publisher\" content=\"https:\/\/www.facebook.com\/SellerLogic\/\" \/>\n<meta property=\"og:image\" content=\"https:\/\/www.sellerlogic.com\/wp-content\/uploads\/2020\/12\/logo-monde-petit.png\" \/>\n<meta name=\"twitter:card\" content=\"summary_large_image\" \/>\n<meta name=\"twitter:site\" content=\"@sellerlogic\" \/>\n<meta name=\"twitter:label1\" content=\"Est. reading time\" \/>\n\t<meta name=\"twitter:data1\" content=\"3 minutes\" \/>\n<script type=\"application\/ld+json\" class=\"yoast-schema-graph\">{\"@context\":\"https:\/\/schema.org\",\"@graph\":[{\"@type\":\"WebPage\",\"@id\":\"https:\/\/www.sellerlogic.com\/sr\/resources\/success-story-dadaro\/\",\"url\":\"https:\/\/www.sellerlogic.com\/sr\/resources\/success-story-dadaro\/\",\"name\":\"Kako je Lost & Found pomogao Dadaru tokom krize sa Koronavirusom | SELLERLOGIC\",\"isPartOf\":{\"@id\":\"https:\/\/www.sellerlogic.com\/sr\/#website\"},\"primaryImageOfPage\":{\"@id\":\"https:\/\/www.sellerlogic.com\/sr\/resources\/success-story-dadaro\/#primaryimage\"},\"image\":{\"@id\":\"https:\/\/www.sellerlogic.com\/sr\/resources\/success-story-dadaro\/#primaryimage\"},\"thumbnailUrl\":\"https:\/\/www.sellerlogic.com\/wp-content\/uploads\/2020\/12\/logo-monde-petit.png\",\"datePublished\":\"2020-12-22T10:05:12+00:00\",\"description\":\"Za mnoge prodavce, 2020. godina je bila te\u0161ka. Saznajte kako je Dadaro koristio Lost & Found alat za upravljanje krizom. Pro\u010ditajte sada!\",\"breadcrumb\":{\"@id\":\"https:\/\/www.sellerlogic.com\/sr\/resources\/success-story-dadaro\/#breadcrumb\"},\"inLanguage\":\"sr-RS\",\"potentialAction\":[{\"@type\":\"ReadAction\",\"target\":[\"https:\/\/www.sellerlogic.com\/sr\/resources\/success-story-dadaro\/\"]}]},{\"@type\":\"ImageObject\",\"inLanguage\":\"sr-RS\",\"@id\":\"https:\/\/www.sellerlogic.com\/sr\/resources\/success-story-dadaro\/#primaryimage\",\"url\":\"https:\/\/www.sellerlogic.com\/wp-content\/uploads\/2020\/12\/logo-monde-petit.png\",\"contentUrl\":\"https:\/\/www.sellerlogic.com\/wp-content\/uploads\/2020\/12\/logo-monde-petit.png\"},{\"@type\":\"BreadcrumbList\",\"@id\":\"https:\/\/www.sellerlogic.com\/sr\/resources\/success-story-dadaro\/#breadcrumb\",\"itemListElement\":[{\"@type\":\"ListItem\",\"position\":1,\"name\":\"Home\",\"item\":\"https:\/\/www.sellerlogic.com\/sr\/\"},{\"@type\":\"ListItem\",\"position\":2,\"name\":\"Resursi EN\",\"item\":\"https:\/\/www.sellerlogic.com\/sr\/resources\/\"},{\"@type\":\"ListItem\",\"position\":3,\"name\":\"Success Story: Dadaro EN\"}]},{\"@type\":\"WebSite\",\"@id\":\"https:\/\/www.sellerlogic.com\/sr\/#website\",\"url\":\"https:\/\/www.sellerlogic.com\/sr\/\",\"name\":\"SELLERLOGIC - Smarte Tools f\u00fcr Amazon-Seller\",\"description\":\"Intelligente Prozessoptimierung und Gewinnmaximierung\",\"publisher\":{\"@id\":\"https:\/\/www.sellerlogic.com\/sr\/#organization\"},\"potentialAction\":[{\"@type\":\"SearchAction\",\"target\":{\"@type\":\"EntryPoint\",\"urlTemplate\":\"https:\/\/www.sellerlogic.com\/sr\/?s={search_term_string}\"},\"query-input\":{\"@type\":\"PropertyValueSpecification\",\"valueRequired\":true,\"valueName\":\"search_term_string\"}}],\"inLanguage\":\"sr-RS\"},{\"@type\":\"Organization\",\"@id\":\"https:\/\/www.sellerlogic.com\/sr\/#organization\",\"name\":\"SELLERLOGIC\",\"url\":\"https:\/\/www.sellerlogic.com\/sr\/\",\"logo\":{\"@type\":\"ImageObject\",\"inLanguage\":\"sr-RS\",\"@id\":\"https:\/\/www.sellerlogic.com\/sr\/#\/schema\/logo\/image\/\",\"url\":\"https:\/\/d2bw95mh2ee04s.cloudfront.net\/prod\/content\/wp-content\/uploads\/2025\/01\/02134814\/Property-Logo-Main.svg\",\"contentUrl\":\"https:\/\/d2bw95mh2ee04s.cloudfront.net\/prod\/content\/wp-content\/uploads\/2025\/01\/02134814\/Property-Logo-Main.svg\",\"width\":184,\"height\":40,\"caption\":\"SELLERLOGIC\"},\"image\":{\"@id\":\"https:\/\/www.sellerlogic.com\/sr\/#\/schema\/logo\/image\/\"},\"sameAs\":[\"https:\/\/www.facebook.com\/SellerLogic\/\",\"https:\/\/x.com\/sellerlogic\",\"https:\/\/www.instagram.com\/sellerlogic\/\",\"https:\/\/www.linkedin.com\/company\/18402037\/\",\"https:\/\/www.youtube.com\/channel\/UC-gULUur-fNj08sprantKsQ\"]}]}<\/script>\n<!-- \/ Yoast SEO plugin. -->","yoast_head_json":{"title":"Kako je Lost & Found pomogao Dadaru tokom krize sa Koronavirusom | SELLERLOGIC","description":"Za mnoge prodavce, 2020. godina je bila te\u0161ka. Saznajte kako je Dadaro koristio Lost & Found alat za upravljanje krizom. Pro\u010ditajte sada!","robots":{"index":"index","follow":"follow","max-snippet":"max-snippet:-1","max-image-preview":"max-image-preview:large","max-video-preview":"max-video-preview:-1"},"canonical":"https:\/\/www.sellerlogic.com\/sr\/resources\/success-story-dadaro\/","og_locale":"sr_RS","og_type":"article","og_title":"Kako je Lost & Found pomogao Dadaru tokom krize sa Koronavirusom | SELLERLOGIC","og_description":"Za mnoge prodavce, 2020. godina je bila te\u0161ka. Saznajte kako je Dadaro koristio Lost & Found alat za upravljanje krizom. Pro\u010ditajte sada!","og_url":"https:\/\/www.sellerlogic.com\/sr\/resources\/success-story-dadaro\/","og_site_name":"SELLERLOGIC - Smarte Tools f\u00fcr Amazon-Seller","article_publisher":"https:\/\/www.facebook.com\/SellerLogic\/","og_image":[{"url":"https:\/\/www.sellerlogic.com\/wp-content\/uploads\/2020\/12\/logo-monde-petit.png","type":"","width":"","height":""}],"twitter_card":"summary_large_image","twitter_site":"@sellerlogic","twitter_misc":{"Est. reading time":"3 minutes"},"schema":{"@context":"https:\/\/schema.org","@graph":[{"@type":"WebPage","@id":"https:\/\/www.sellerlogic.com\/sr\/resources\/success-story-dadaro\/","url":"https:\/\/www.sellerlogic.com\/sr\/resources\/success-story-dadaro\/","name":"Kako je Lost & Found pomogao Dadaru tokom krize sa Koronavirusom | SELLERLOGIC","isPartOf":{"@id":"https:\/\/www.sellerlogic.com\/sr\/#website"},"primaryImageOfPage":{"@id":"https:\/\/www.sellerlogic.com\/sr\/resources\/success-story-dadaro\/#primaryimage"},"image":{"@id":"https:\/\/www.sellerlogic.com\/sr\/resources\/success-story-dadaro\/#primaryimage"},"thumbnailUrl":"https:\/\/www.sellerlogic.com\/wp-content\/uploads\/2020\/12\/logo-monde-petit.png","datePublished":"2020-12-22T10:05:12+00:00","description":"Za mnoge prodavce, 2020. godina je bila te\u0161ka. Saznajte kako je Dadaro koristio Lost & Found alat za upravljanje krizom. Pro\u010ditajte sada!","breadcrumb":{"@id":"https:\/\/www.sellerlogic.com\/sr\/resources\/success-story-dadaro\/#breadcrumb"},"inLanguage":"sr-RS","potentialAction":[{"@type":"ReadAction","target":["https:\/\/www.sellerlogic.com\/sr\/resources\/success-story-dadaro\/"]}]},{"@type":"ImageObject","inLanguage":"sr-RS","@id":"https:\/\/www.sellerlogic.com\/sr\/resources\/success-story-dadaro\/#primaryimage","url":"https:\/\/www.sellerlogic.com\/wp-content\/uploads\/2020\/12\/logo-monde-petit.png","contentUrl":"https:\/\/www.sellerlogic.com\/wp-content\/uploads\/2020\/12\/logo-monde-petit.png"},{"@type":"BreadcrumbList","@id":"https:\/\/www.sellerlogic.com\/sr\/resources\/success-story-dadaro\/#breadcrumb","itemListElement":[{"@type":"ListItem","position":1,"name":"Home","item":"https:\/\/www.sellerlogic.com\/sr\/"},{"@type":"ListItem","position":2,"name":"Resursi EN","item":"https:\/\/www.sellerlogic.com\/sr\/resources\/"},{"@type":"ListItem","position":3,"name":"Success Story: Dadaro EN"}]},{"@type":"WebSite","@id":"https:\/\/www.sellerlogic.com\/sr\/#website","url":"https:\/\/www.sellerlogic.com\/sr\/","name":"SELLERLOGIC - Smarte Tools f\u00fcr Amazon-Seller","description":"Intelligente Prozessoptimierung und Gewinnmaximierung","publisher":{"@id":"https:\/\/www.sellerlogic.com\/sr\/#organization"},"potentialAction":[{"@type":"SearchAction","target":{"@type":"EntryPoint","urlTemplate":"https:\/\/www.sellerlogic.com\/sr\/?s={search_term_string}"},"query-input":{"@type":"PropertyValueSpecification","valueRequired":true,"valueName":"search_term_string"}}],"inLanguage":"sr-RS"},{"@type":"Organization","@id":"https:\/\/www.sellerlogic.com\/sr\/#organization","name":"SELLERLOGIC","url":"https:\/\/www.sellerlogic.com\/sr\/","logo":{"@type":"ImageObject","inLanguage":"sr-RS","@id":"https:\/\/www.sellerlogic.com\/sr\/#\/schema\/logo\/image\/","url":"https:\/\/d2bw95mh2ee04s.cloudfront.net\/prod\/content\/wp-content\/uploads\/2025\/01\/02134814\/Property-Logo-Main.svg","contentUrl":"https:\/\/d2bw95mh2ee04s.cloudfront.net\/prod\/content\/wp-content\/uploads\/2025\/01\/02134814\/Property-Logo-Main.svg","width":184,"height":40,"caption":"SELLERLOGIC"},"image":{"@id":"https:\/\/www.sellerlogic.com\/sr\/#\/schema\/logo\/image\/"},"sameAs":["https:\/\/www.facebook.com\/SellerLogic\/","https:\/\/x.com\/sellerlogic","https:\/\/www.instagram.com\/sellerlogic\/","https:\/\/www.linkedin.com\/company\/18402037\/","https:\/\/www.youtube.com\/channel\/UC-gULUur-fNj08sprantKsQ"]}]}},"_links":{"self":[{"href":"https:\/\/www.sellerlogic.com\/sr\/wp-json\/wp\/v2\/pages\/229704","targetHints":{"allow":["GET"]}}],"collection":[{"href":"https:\/\/www.sellerlogic.com\/sr\/wp-json\/wp\/v2\/pages"}],"about":[{"href":"https:\/\/www.sellerlogic.com\/sr\/wp-json\/wp\/v2\/types\/page"}],"author":[{"embeddable":true,"href":"https:\/\/www.sellerlogic.com\/sr\/wp-json\/wp\/v2\/users\/3"}],"replies":[{"embeddable":true,"href":"https:\/\/www.sellerlogic.com\/sr\/wp-json\/wp\/v2\/comments?post=229704"}],"version-history":[{"count":0,"href":"https:\/\/www.sellerlogic.com\/sr\/wp-json\/wp\/v2\/pages\/229704\/revisions"}],"up":[{"embeddable":true,"href":"https:\/\/www.sellerlogic.com\/sr\/wp-json\/wp\/v2\/pages\/229641"}],"wp:attachment":[{"href":"https:\/\/www.sellerlogic.com\/sr\/wp-json\/wp\/v2\/media?parent=229704"}],"curies":[{"name":"wp","href":"https:\/\/api.w.org\/{rel}","templated":true}]}}