
{"id":106698,"date":"2022-06-29T09:06:14","date_gmt":"2022-06-29T09:06:14","guid":{"rendered":"https:\/\/127.0.0.1\/nl-subscription\/"},"modified":"2025-10-25T15:45:21","modified_gmt":"2025-10-25T15:45:21","slug":"nl-subscription","status":"publish","type":"page","link":"https:\/\/www.sellerlogic.com\/sv\/nl-subscription\/","title":{"rendered":"NL Prenumeration EN"},"content":{"rendered":"\n\t<div  class=\"theme-wp-block theme-block-main-header desktop-content-align-y-center desktop-content-align-x-center xl-content-align-y-center xl-content-align-x-center lg-content-align-y-center lg-content-align-x-center md-content-align-y-center md-content-align-x-center sm-content-align-y-center sm-content-align-x-center gb-responsive-349165-identifier desktop-align-full xl-align-full lg-align-full md-align-full sm-align-full is-style-full-height theme-block-cover\">\n\t\t<div class=\"bg-cover theme-lazy-load-bg\"><\/div>\n\t\t<div class=\"wrap-content-main-header\">\n\t\t\t\n\t\t<div  class=\"theme-wp-block theme-block-text-and-text desktop-align-wide xl-align-wide lg-align-wide md-align-wide sm-align-wide desktop-blockDirection-row xl-blockDirection-row lg-blockDirection-row md-blockDirection-row sm-blockDirection-row gb-responsive-473561-identifier desktop-vertical-center xl-vertical-center lg-vertical-center md-vertical-center sm-vertical-center\">\n\t\t<div class=\"tat-column-wrap-wrapper\">\n\t\t\t<div class=\"tat-column-wrapper\">\n\t\t\t\t\n\t<div  class=\"theme-wp-block theme-block-text-and-text-column gb-responsive-667797-identifier desktop-horizontal-center xl-horizontal-center lg-horizontal-center md-horizontal-center sm-horizontal-center\">\n\t\t<div class=\"inner-wrap-column-content\">\n\t\t\t<div class=\"inner-column-content\">\n\t\t\t\t\n\n<div class=\"theme-wp-block wp-block-columns are-vertically-aligned-center gb-responsive-580150-identifier is-layout-flex wp-container-core-columns-is-layout-9d6595d7 wp-block-columns-is-layout-flex\">\n<div class=\"theme-wp-block wp-block-column is-vertically-aligned-center gb-responsive-604633-identifier is-layout-flow wp-block-column-is-layout-flow\"><div class=\"theme-block-group-wrap\">\n<div class=\"theme-wp-block wp-block-group gb-responsive-395462-identifier has-white-color has-text-color\"><div class=\"wp-block-group__inner-container is-layout-flow wp-block-group-is-layout-flow\">\n<h1 class=\"theme-wp-block has-text-align-center gb-responsive-181751-identifier wp-block-heading\">Wollen Sie Ihr Wissen \u00fcber Amazon vertiefen?<\/h1>\n\n\n\n<h2 class=\"theme-wp-block has-text-align-center gb-responsive-42443-identifier wp-block-heading\">Dann abonnieren Sie unseren Blog!<\/h2>\n\n\n\n<hr class=\"theme-wp-block wp-block-separator has-css-opacity\"\/>\n\n\n\n<h3 class=\"theme-wp-block has-text-align-center gb-responsive-120651-identifier wp-block-heading\">Hochwertiger Content rund um Amazon: <\/h3>\n\n\n\n<h3 class=\"theme-wp-block has-text-align-center gb-responsive-529562-identifier wp-block-heading\">Blogartikel, Whitepaper, Success Stories und mehr<\/h3>\n<\/div>\n<\/div><\/div><\/div>\n\n\n\n<div class=\"theme-wp-block wp-block-column is-vertically-aligned-center gb-responsive-360210-identifier is-layout-flow wp-block-column-is-layout-flow\"><div class=\"theme-block-group-wrap\">\n<div class=\"theme-wp-block wp-block-group gb-responsive-539307-identifier has-theme-light-gray-background-color has-background\"><div class=\"wp-block-group__inner-container is-layout-flow wp-block-group-is-layout-flow\">\n<h3 class=\"theme-wp-block has-text-align-center gb-responsive-488462-identifier wp-block-heading\">Nichts mehr verpassen:<br\/>Zum SELLERLOGIC Newsletter anmelden!<\/h3>\n\n\n\n<div id=\"wb-form\" class=\"theme-wp-block wb-form\"><p><\/p> <form id=\"leadform\" action=\"#\" method=\"post\"><input type=\"email\" name=\"email\" id=\"email\" placeholder=\"Ihre E-Mail-Adresse\" required=\"required\" style=\"padding: 10px; font-size: 18px; width: 100%; margin-bottom: 15px; color: rgb(88, 88, 88);\"\/><input type=\"submit\" value=\"Jetzt abonnieren!\" id=\"submit\" style=\"padding: 10px; font-size: 18px; width: 100%; margin-bottom: 15px; color: rgb(255, 255, 255); background-color: rgb(255, 170, 1); cursor: pointer;\"\/> <p style=\"margin-bottom: 10px; font-size: 12px;\">Die Verarbeitung der Daten erfolgt nach unserer <a href=\"https:\/\/www.sellerlogic.com\/de\/datenschutz\/\" target=\"_blank\" draggable=\"false\" rel=\"noopener noreferrer\">Datenschutzerkl\u00e4rung<\/a>. Damit das Formular ordnungsgem\u00e4\u00df funktioniert, m\u00fcssen Sie Cookies erlauben. Dies k\u00f6nnen Sie hier nachholen: <a href=\"https:\/\/www.sellerlogic.com\/de\/cookie-richtlinie\/\" target=\"_blank\" draggable=\"false\" rel=\"noopener noreferrer\">Cookie-Einstellungen<\/a>.<\/p><\/form><\/div>\n<\/div>\n<\/div><\/div><\/div>\n<\/div>\n\n\t\t\t<\/div>\n\t\t<\/div>\n\t<\/div>\n\n\n\t<div  class=\"theme-wp-block theme-block-text-and-text-column gb-responsive-761697-identifier\">\n\t\t<div class=\"inner-wrap-column-content\">\n\t\t\t<div class=\"inner-column-content\">\n\t\t\t\t\t\t\t<\/div>\n\t\t<\/div>\n\t<\/div>\n\n\t\t\t<\/div>\n\t\t<\/div>\n\t<\/div>\n\n\n\t\t<\/div>\n\t<\/div>\n\n\n<h2 class=\"theme-wp-block alignfull has-text-align-center gb-responsive-339839-identifier desktop-align-full xl-align-full lg-align-full md-align-full sm-align-full desktop-text-full xl-text-full lg-text-full md-text-full sm-text-full wp-block-heading\">Der Newsletter von SELLERLOGIC<\/h2>\n\n<div class=\"theme-wp-block wp-block-columns alignfull are-vertically-aligned-center desktop-align-full xl-align-full lg-align-full md-align-full sm-align-full gb-responsive-773515-identifier has-theme-light-gray-background-color has-background is-layout-flex wp-container-core-columns-is-layout-9d6595d7 wp-block-columns-is-layout-flex\">\n<div class=\"theme-wp-block wp-block-column is-vertically-aligned-center gb-responsive-465758-identifier is-layout-flow wp-block-column-is-layout-flow\" style=\"flex-basis:25%\"><\/div>\n\n\n\n<div class=\"theme-wp-block wp-block-column is-vertically-aligned-center gb-responsive-151123-identifier is-layout-flow wp-block-column-is-layout-flow\" style=\"flex-basis:50%\"><div class=\"theme-block-group-wrap\">\n<div class=\"theme-wp-block wp-block-group gb-responsive-371987-identifier has-white-background-color has-background\"><div class=\"wp-block-group__inner-container is-layout-flow wp-block-group-is-layout-flow\">\n<figure class=\"theme-wp-block wp-block-image size-large is-style-default gb-responsive-819374-identifier\"><img decoding=\"async\" width=\"844\" height=\"1603\" src=\"https:\/\/d2bw95mh2ee04s.cloudfront.net\/prod\/content\/wp-content\/uploads\/2020\/12\/23142755\/newsletter-anmeldung-screenshot-bsp.png\" alt=\"NL-Anmeldung\" class=\"wp-image-3278\" srcset=\"https:\/\/d2bw95mh2ee04s.cloudfront.net\/prod\/content\/wp-content\/uploads\/2020\/12\/23142755\/newsletter-anmeldung-screenshot-bsp-407x773.png 407w, https:\/\/d2bw95mh2ee04s.cloudfront.net\/prod\/content\/wp-content\/uploads\/2020\/12\/23142755\/newsletter-anmeldung-screenshot-bsp-768x1459.png 768w, https:\/\/d2bw95mh2ee04s.cloudfront.net\/prod\/content\/wp-content\/uploads\/2020\/12\/23142755\/newsletter-anmeldung-screenshot-bsp-809x1536.png 809w, https:\/\/d2bw95mh2ee04s.cloudfront.net\/prod\/content\/wp-content\/uploads\/2020\/12\/23142755\/newsletter-anmeldung-screenshot-bsp.png 844w\" sizes=\"(max-width: 844px) 100vw, 844px\" \/><\/figure>\n\n\n\n<hr class=\"theme-wp-block wp-block-separator has-css-opacity\"\/>\n\n\n<div class=\"theme-block-list\">\n<ul class=\"theme-wp-block gb-responsive-385500-identifier wp-block-list\"><li><span style=\"font-size:1.2em\" class=\"has-font-size\"><strong>Das Neuste aus dem SELLERLOGIC Blog<\/strong><\/span><\/li><li><span style=\"font-size:1.2em\" class=\"has-font-size\"><strong>Hochwertiger Content rund um Amazon<\/strong><\/span><\/li><li><span style=\"font-size:1.2em\" class=\"has-font-size\"><strong>Von Tipps zum erfolgreichen Verkaufen bis hin zur Anleitung f\u00fcr einen Ma\u00dfnahmenplan\u00a0<\/strong><\/span><\/li><li><span style=\"font-size:1.2em\" class=\"has-font-size\"><strong>Whitepaper und Success Stories<\/strong><\/span><\/li><li><span style=\"font-size:1.2em\" class=\"has-font-size\"><strong>Produkt-Neuigkeiten und Updates<\/strong><\/span><\/li><\/ul>\n<\/div><\/div>\n<\/div><\/div><\/div>\n\n\n\n<div class=\"theme-wp-block wp-block-column is-vertically-aligned-center gb-responsive-253202-identifier is-layout-flow wp-block-column-is-layout-flow\" style=\"flex-basis:25%\"><\/div>\n<\/div>\n\n<div class=\"theme-wp-block wp-block-columns alignfull are-vertically-aligned-center desktop-align-full xl-align-full lg-align-full md-align-full sm-align-full gb-responsive-251245-identifier has-white-background-color has-background is-layout-flex wp-container-core-columns-is-layout-9d6595d7 wp-block-columns-is-layout-flex\">\n<div class=\"theme-wp-block wp-block-column is-vertically-aligned-center gb-responsive-729493-identifier is-layout-flow wp-block-column-is-layout-flow\" style=\"flex-basis:25%\"><\/div>\n\n\n\n<div class=\"theme-wp-block wp-block-column is-vertically-aligned-center gb-responsive-545922-identifier is-layout-flow wp-block-column-is-layout-flow\" style=\"flex-basis:50%\"><div class=\"theme-block-group-wrap\">\n<div class=\"theme-wp-block wp-block-group gb-responsive-486569-identifier has-theme-light-gray-background-color has-background\"><div class=\"wp-block-group__inner-container is-layout-flow wp-block-group-is-layout-flow\">\n<h3 class=\"theme-wp-block has-text-align-center gb-responsive-799482-identifier wp-block-heading\">Nichts mehr verpassen:<br\/>Zum SELLERLOGIC Newsletter anmelden!<\/h3>\n\n\n\n<div id=\"wb-form\" class=\"theme-wp-block wb-form\"><p><\/p> <form id=\"leadform\" action=\"#\" method=\"post\"><input type=\"email\" name=\"email\" id=\"email\" placeholder=\"Ihre E-Mail-Adresse\" required=\"required\" style=\"padding: 10px; font-size: 18px; width: 100%; margin-bottom: 15px; color: rgb(88, 88, 88);\"\/><input type=\"submit\" value=\"Jetzt abonnieren!\" id=\"submit\" style=\"padding: 10px; font-size: 18px; width: 100%; margin-bottom: 15px; color: rgb(255, 255, 255); background-color: rgb(255, 170, 1); cursor: pointer;\"\/> <p style=\"margin-bottom: 10px; font-size: 12px;\">Die Verarbeitung der Daten erfolgt nach unserer <a href=\"https:\/\/www.sellerlogic.com\/de\/datenschutz\/\" target=\"_blank\" draggable=\"false\" rel=\"noopener noreferrer\">Datenschutzerkl\u00e4rung<\/a>. Damit das Formular ordnungsgem\u00e4\u00df funktioniert, m\u00fcssen Sie Cookies erlauben. Dies k\u00f6nnen Sie hier nachholen: <a href=\"https:\/\/www.sellerlogic.com\/de\/cookie-richtlinie\/\" target=\"_blank\" draggable=\"false\" rel=\"noopener noreferrer\">Cookie-Einstellungen<\/a>.<\/p><\/form><\/div>\n<\/div>\n<\/div><\/div><\/div>\n\n\n\n<div class=\"theme-wp-block wp-block-column is-vertically-aligned-center gb-responsive-417851-identifier is-layout-flow wp-block-column-is-layout-flow\" style=\"flex-basis:25%\"><\/div>\n<\/div>\n\n<div class=\"theme-wp-block wp-block-columns alignfull are-vertically-aligned-center desktop-align-full xl-align-full lg-align-full md-align-full sm-align-full gb-responsive-547256-identifier has-theme-light-gray-background-color has-background is-layout-flex wp-container-core-columns-is-layout-9d6595d7 wp-block-columns-is-layout-flex\">\n<div class=\"theme-wp-block wp-block-column is-vertically-aligned-center gb-responsive-42264-identifier is-layout-flow wp-block-column-is-layout-flow\" style=\"flex-basis:25%\"><\/div>\n\n\n\n<div class=\"theme-wp-block wp-block-column is-vertically-aligned-center gb-responsive-858896-identifier is-layout-flow wp-block-column-is-layout-flow\" style=\"flex-basis:50%\"><div class=\"theme-block-group-wrap  desktop-align-wide xl-align-wide lg-align-wide md-align-wide sm-align-wide\">\n<div class=\"theme-wp-block wp-block-group alignwide desktop-align-wide xl-align-wide lg-align-wide md-align-wide sm-align-wide gb-responsive-43750-identifier\"><div class=\"wp-block-group__inner-container is-layout-flow wp-block-group-is-layout-flow\">\n<h2 class=\"theme-wp-block alignwide has-text-align-center gb-responsive-214406-identifier desktop-text-full xl-text-full lg-text-full md-text-full sm-text-full desktop-align-wide xl-align-wide lg-align-wide md-align-wide sm-align-wide desktop-text-wide xl-text-wide lg-text-wide md-text-wide sm-text-wide wp-block-heading\">Haben Sie Fragen?<\/h2>\n\n\n<div class=\"wp-block-image gb-responsive-165953-identifier\">\n<figure class=\"theme-wp-block aligncenter size-large\"><img decoding=\"async\" width=\"844\" height=\"184\" src=\"https:\/\/d2bw95mh2ee04s.cloudfront.net\/prod\/content\/wp-content\/uploads\/2020\/12\/23142754\/customer-support-rueckruf-service-scaled-1.jpeg\" alt=\"NL-Anmeldung\" class=\"wp-image-3282\" srcset=\"https:\/\/d2bw95mh2ee04s.cloudfront.net\/prod\/content\/wp-content\/uploads\/2020\/12\/23142754\/customer-support-rueckruf-service-scaled-1-407x89.jpeg 407w, https:\/\/d2bw95mh2ee04s.cloudfront.net\/prod\/content\/wp-content\/uploads\/2020\/12\/23142754\/customer-support-rueckruf-service-scaled-1-768x167.jpeg 768w, https:\/\/d2bw95mh2ee04s.cloudfront.net\/prod\/content\/wp-content\/uploads\/2020\/12\/23142754\/customer-support-rueckruf-service-scaled-1.jpeg 844w\" sizes=\"(max-width: 844px) 100vw, 844px\" \/><\/figure><\/div>\n\n\n<p class=\"theme-wp-block has-text-align-center gb-responsive-986471-identifier desktop-text-center xl-text-center lg-text-center md-text-center sm-text-center\">Gerne beantworten wir Ihre Fragen oder beraten Sie zu einem unserer Produkte!<\/p>\n\n\n\n<p class=\"theme-wp-block has-text-align-center gb-responsive-10432-identifier desktop-text-center xl-text-center lg-text-center md-text-center sm-text-center\">Profitieren Sie dazu einfach von unserem\u00a0<a href=\"https:\/\/www.sellerlogic.com\/de\/rueckruf-service\/\" target=\"_blank\" rel=\"noreferrer noopener\">R\u00fcckrufservice<\/a>\u00a0oder rufen Sie gleich selbst unter\u00a0<strong>+49 211 900 64 0\u00a0<\/strong>bei unserem Customer Success Team an.<\/p>\n\n\n\n<p class=\"theme-wp-block has-text-align-center gb-responsive-813552-identifier desktop-text-center xl-text-center lg-text-center md-text-center sm-text-center\"><strong>Wir freuen uns auf Sie!<\/strong><\/p>\n<\/div>\n<\/div><\/div><\/div>\n\n\n\n<div class=\"theme-wp-block wp-block-column is-vertically-aligned-center gb-responsive-133944-identifier is-layout-flow wp-block-column-is-layout-flow\" style=\"flex-basis:25%\"><\/div>\n<\/div>\n","protected":false},"excerpt":{"rendered":"<p>Der Newsletter von SELLERLOGIC Das Neuste aus dem SELLERLOGIC Blog Hochwertiger Content rund um Amazon Von Tipps zum erfolgreichen Verkaufen bis hin zur Anleitung f\u00fcr einen Ma\u00dfnahmenplan\u00a0 Whitepaper und Success Stories Produkt-Neuigkeiten und Updates Nichts mehr verpassen:Zum SELLERLOGIC Newsletter anmelden! Die Verarbeitung der Daten erfolgt nach unserer Datenschutzerkl\u00e4rung. Damit das Formular ordnungsgem\u00e4\u00df funktioniert, m\u00fcssen Sie<\/p>\n","protected":false},"author":6,"featured_media":0,"parent":0,"menu_order":0,"comment_status":"closed","ping_status":"closed","template":"","meta":{"sidebar_recommended_resources":{"data":[]},"sidebar_header_settings":{"hide_buttons":{"register":false}},"_use_new_theme":false,"inline_featured_image":false,"footnotes":""},"class_list":["post-106698","page","type-page","status-publish","hentry"],"yoast_head":"<!-- This site is optimized with the Yoast SEO plugin v26.8 - https:\/\/yoast.com\/product\/yoast-seo-wordpress\/ -->\n<title>\u2705 Prenumerera p\u00e5 SELLERLOGIC Nyhetsbrev f\u00f6r de senaste nyheterna fr\u00e5n Amazon<\/title>\n<meta name=\"description\" content=\"Din k\u00e4lla f\u00f6r bloggartiklar, vitb\u00f6cker och framg\u00e5ngshistorier om Amazon-universumet. Prenumerera p\u00e5 SELLERLOGIC Nyhetsbrev idag!\" \/>\n<meta name=\"robots\" content=\"index, follow, max-snippet:-1, max-image-preview:large, max-video-preview:-1\" \/>\n<link rel=\"canonical\" href=\"https:\/\/www.sellerlogic.com\/sv\/nl-subscription\/\" \/>\n<meta property=\"og:locale\" content=\"sv_SE\" \/>\n<meta property=\"og:type\" content=\"article\" \/>\n<meta property=\"og:title\" content=\"\u2705 Prenumerera p\u00e5 SELLERLOGIC Nyhetsbrev f\u00f6r de senaste nyheterna fr\u00e5n Amazon\" \/>\n<meta property=\"og:description\" content=\"Din k\u00e4lla f\u00f6r bloggartiklar, vitb\u00f6cker och framg\u00e5ngshistorier om Amazon-universumet. Prenumerera p\u00e5 SELLERLOGIC Nyhetsbrev idag!\" \/>\n<meta property=\"og:url\" content=\"https:\/\/www.sellerlogic.com\/sv\/nl-subscription\/\" \/>\n<meta property=\"og:site_name\" content=\"SELLERLOGIC - Smarte Tools f\u00fcr Amazon-Seller\" \/>\n<meta property=\"article:publisher\" content=\"https:\/\/www.facebook.com\/SellerLogic\/\" \/>\n<meta property=\"article:modified_time\" content=\"2025-10-25T15:45:21+00:00\" \/>\n<meta property=\"og:image\" content=\"https:\/\/www.sellerlogic.com\/wp-content\/uploads\/2020\/12\/newsletter-anmeldung-screenshot-bsp.png\" \/>\n<meta name=\"twitter:card\" content=\"summary_large_image\" \/>\n<meta name=\"twitter:site\" content=\"@sellerlogic\" \/>\n<meta name=\"twitter:label1\" content=\"Est. reading time\" \/>\n\t<meta name=\"twitter:data1\" content=\"2 minutes\" \/>\n<script type=\"application\/ld+json\" class=\"yoast-schema-graph\">{\"@context\":\"https:\/\/schema.org\",\"@graph\":[{\"@type\":\"WebPage\",\"@id\":\"https:\/\/www.sellerlogic.com\/sv\/nl-subscription\/\",\"url\":\"https:\/\/www.sellerlogic.com\/sv\/nl-subscription\/\",\"name\":\"\u2705 Prenumerera p\u00e5 SELLERLOGIC Nyhetsbrev f\u00f6r de senaste nyheterna fr\u00e5n Amazon\",\"isPartOf\":{\"@id\":\"https:\/\/www.sellerlogic.com\/sv\/#website\"},\"primaryImageOfPage\":{\"@id\":\"https:\/\/www.sellerlogic.com\/sv\/nl-subscription\/#primaryimage\"},\"image\":{\"@id\":\"https:\/\/www.sellerlogic.com\/sv\/nl-subscription\/#primaryimage\"},\"thumbnailUrl\":\"https:\/\/www.sellerlogic.com\/wp-content\/uploads\/2020\/12\/newsletter-anmeldung-screenshot-bsp.png\",\"datePublished\":\"2022-06-29T09:06:14+00:00\",\"dateModified\":\"2025-10-25T15:45:21+00:00\",\"description\":\"Din k\u00e4lla f\u00f6r bloggartiklar, vitb\u00f6cker och framg\u00e5ngshistorier om Amazon-universumet. Prenumerera p\u00e5 SELLERLOGIC Nyhetsbrev idag!\",\"breadcrumb\":{\"@id\":\"https:\/\/www.sellerlogic.com\/sv\/nl-subscription\/#breadcrumb\"},\"inLanguage\":\"sv-SE\",\"potentialAction\":[{\"@type\":\"ReadAction\",\"target\":[\"https:\/\/www.sellerlogic.com\/sv\/nl-subscription\/\"]}]},{\"@type\":\"ImageObject\",\"inLanguage\":\"sv-SE\",\"@id\":\"https:\/\/www.sellerlogic.com\/sv\/nl-subscription\/#primaryimage\",\"url\":\"https:\/\/www.sellerlogic.com\/wp-content\/uploads\/2020\/12\/newsletter-anmeldung-screenshot-bsp.png\",\"contentUrl\":\"https:\/\/www.sellerlogic.com\/wp-content\/uploads\/2020\/12\/newsletter-anmeldung-screenshot-bsp.png\"},{\"@type\":\"BreadcrumbList\",\"@id\":\"https:\/\/www.sellerlogic.com\/sv\/nl-subscription\/#breadcrumb\",\"itemListElement\":[{\"@type\":\"ListItem\",\"position\":1,\"name\":\"Home\",\"item\":\"https:\/\/www.sellerlogic.com\/sv\/\"},{\"@type\":\"ListItem\",\"position\":2,\"name\":\"NL Prenumeration EN\"}]},{\"@type\":\"WebSite\",\"@id\":\"https:\/\/www.sellerlogic.com\/sv\/#website\",\"url\":\"https:\/\/www.sellerlogic.com\/sv\/\",\"name\":\"SELLERLOGIC - Smarte Tools f\u00fcr Amazon-Seller\",\"description\":\"Intelligente Prozessoptimierung und Gewinnmaximierung\",\"publisher\":{\"@id\":\"https:\/\/www.sellerlogic.com\/sv\/#organization\"},\"potentialAction\":[{\"@type\":\"SearchAction\",\"target\":{\"@type\":\"EntryPoint\",\"urlTemplate\":\"https:\/\/www.sellerlogic.com\/sv\/?s={search_term_string}\"},\"query-input\":{\"@type\":\"PropertyValueSpecification\",\"valueRequired\":true,\"valueName\":\"search_term_string\"}}],\"inLanguage\":\"sv-SE\"},{\"@type\":\"Organization\",\"@id\":\"https:\/\/www.sellerlogic.com\/sv\/#organization\",\"name\":\"SELLERLOGIC\",\"url\":\"https:\/\/www.sellerlogic.com\/sv\/\",\"logo\":{\"@type\":\"ImageObject\",\"inLanguage\":\"sv-SE\",\"@id\":\"https:\/\/www.sellerlogic.com\/sv\/#\/schema\/logo\/image\/\",\"url\":\"https:\/\/d2bw95mh2ee04s.cloudfront.net\/prod\/content\/wp-content\/uploads\/2025\/01\/02134814\/Property-Logo-Main.svg\",\"contentUrl\":\"https:\/\/d2bw95mh2ee04s.cloudfront.net\/prod\/content\/wp-content\/uploads\/2025\/01\/02134814\/Property-Logo-Main.svg\",\"width\":184,\"height\":40,\"caption\":\"SELLERLOGIC\"},\"image\":{\"@id\":\"https:\/\/www.sellerlogic.com\/sv\/#\/schema\/logo\/image\/\"},\"sameAs\":[\"https:\/\/www.facebook.com\/SellerLogic\/\",\"https:\/\/x.com\/sellerlogic\",\"https:\/\/www.instagram.com\/sellerlogic\/\",\"https:\/\/www.linkedin.com\/company\/18402037\/\",\"https:\/\/www.youtube.com\/channel\/UC-gULUur-fNj08sprantKsQ\"]}]}<\/script>\n<!-- \/ Yoast SEO plugin. -->","yoast_head_json":{"title":"\u2705 Prenumerera p\u00e5 SELLERLOGIC Nyhetsbrev f\u00f6r de senaste nyheterna fr\u00e5n Amazon","description":"Din k\u00e4lla f\u00f6r bloggartiklar, vitb\u00f6cker och framg\u00e5ngshistorier om Amazon-universumet. Prenumerera p\u00e5 SELLERLOGIC Nyhetsbrev idag!","robots":{"index":"index","follow":"follow","max-snippet":"max-snippet:-1","max-image-preview":"max-image-preview:large","max-video-preview":"max-video-preview:-1"},"canonical":"https:\/\/www.sellerlogic.com\/sv\/nl-subscription\/","og_locale":"sv_SE","og_type":"article","og_title":"\u2705 Prenumerera p\u00e5 SELLERLOGIC Nyhetsbrev f\u00f6r de senaste nyheterna fr\u00e5n Amazon","og_description":"Din k\u00e4lla f\u00f6r bloggartiklar, vitb\u00f6cker och framg\u00e5ngshistorier om Amazon-universumet. Prenumerera p\u00e5 SELLERLOGIC Nyhetsbrev idag!","og_url":"https:\/\/www.sellerlogic.com\/sv\/nl-subscription\/","og_site_name":"SELLERLOGIC - Smarte Tools f\u00fcr Amazon-Seller","article_publisher":"https:\/\/www.facebook.com\/SellerLogic\/","article_modified_time":"2025-10-25T15:45:21+00:00","og_image":[{"url":"https:\/\/www.sellerlogic.com\/wp-content\/uploads\/2020\/12\/newsletter-anmeldung-screenshot-bsp.png","type":"","width":"","height":""}],"twitter_card":"summary_large_image","twitter_site":"@sellerlogic","twitter_misc":{"Est. reading time":"2 minutes"},"schema":{"@context":"https:\/\/schema.org","@graph":[{"@type":"WebPage","@id":"https:\/\/www.sellerlogic.com\/sv\/nl-subscription\/","url":"https:\/\/www.sellerlogic.com\/sv\/nl-subscription\/","name":"\u2705 Prenumerera p\u00e5 SELLERLOGIC Nyhetsbrev f\u00f6r de senaste nyheterna fr\u00e5n Amazon","isPartOf":{"@id":"https:\/\/www.sellerlogic.com\/sv\/#website"},"primaryImageOfPage":{"@id":"https:\/\/www.sellerlogic.com\/sv\/nl-subscription\/#primaryimage"},"image":{"@id":"https:\/\/www.sellerlogic.com\/sv\/nl-subscription\/#primaryimage"},"thumbnailUrl":"https:\/\/www.sellerlogic.com\/wp-content\/uploads\/2020\/12\/newsletter-anmeldung-screenshot-bsp.png","datePublished":"2022-06-29T09:06:14+00:00","dateModified":"2025-10-25T15:45:21+00:00","description":"Din k\u00e4lla f\u00f6r bloggartiklar, vitb\u00f6cker och framg\u00e5ngshistorier om Amazon-universumet. Prenumerera p\u00e5 SELLERLOGIC Nyhetsbrev idag!","breadcrumb":{"@id":"https:\/\/www.sellerlogic.com\/sv\/nl-subscription\/#breadcrumb"},"inLanguage":"sv-SE","potentialAction":[{"@type":"ReadAction","target":["https:\/\/www.sellerlogic.com\/sv\/nl-subscription\/"]}]},{"@type":"ImageObject","inLanguage":"sv-SE","@id":"https:\/\/www.sellerlogic.com\/sv\/nl-subscription\/#primaryimage","url":"https:\/\/www.sellerlogic.com\/wp-content\/uploads\/2020\/12\/newsletter-anmeldung-screenshot-bsp.png","contentUrl":"https:\/\/www.sellerlogic.com\/wp-content\/uploads\/2020\/12\/newsletter-anmeldung-screenshot-bsp.png"},{"@type":"BreadcrumbList","@id":"https:\/\/www.sellerlogic.com\/sv\/nl-subscription\/#breadcrumb","itemListElement":[{"@type":"ListItem","position":1,"name":"Home","item":"https:\/\/www.sellerlogic.com\/sv\/"},{"@type":"ListItem","position":2,"name":"NL Prenumeration EN"}]},{"@type":"WebSite","@id":"https:\/\/www.sellerlogic.com\/sv\/#website","url":"https:\/\/www.sellerlogic.com\/sv\/","name":"SELLERLOGIC - Smarte Tools f\u00fcr Amazon-Seller","description":"Intelligente Prozessoptimierung und Gewinnmaximierung","publisher":{"@id":"https:\/\/www.sellerlogic.com\/sv\/#organization"},"potentialAction":[{"@type":"SearchAction","target":{"@type":"EntryPoint","urlTemplate":"https:\/\/www.sellerlogic.com\/sv\/?s={search_term_string}"},"query-input":{"@type":"PropertyValueSpecification","valueRequired":true,"valueName":"search_term_string"}}],"inLanguage":"sv-SE"},{"@type":"Organization","@id":"https:\/\/www.sellerlogic.com\/sv\/#organization","name":"SELLERLOGIC","url":"https:\/\/www.sellerlogic.com\/sv\/","logo":{"@type":"ImageObject","inLanguage":"sv-SE","@id":"https:\/\/www.sellerlogic.com\/sv\/#\/schema\/logo\/image\/","url":"https:\/\/d2bw95mh2ee04s.cloudfront.net\/prod\/content\/wp-content\/uploads\/2025\/01\/02134814\/Property-Logo-Main.svg","contentUrl":"https:\/\/d2bw95mh2ee04s.cloudfront.net\/prod\/content\/wp-content\/uploads\/2025\/01\/02134814\/Property-Logo-Main.svg","width":184,"height":40,"caption":"SELLERLOGIC"},"image":{"@id":"https:\/\/www.sellerlogic.com\/sv\/#\/schema\/logo\/image\/"},"sameAs":["https:\/\/www.facebook.com\/SellerLogic\/","https:\/\/x.com\/sellerlogic","https:\/\/www.instagram.com\/sellerlogic\/","https:\/\/www.linkedin.com\/company\/18402037\/","https:\/\/www.youtube.com\/channel\/UC-gULUur-fNj08sprantKsQ"]}]}},"_links":{"self":[{"href":"https:\/\/www.sellerlogic.com\/sv\/wp-json\/wp\/v2\/pages\/106698","targetHints":{"allow":["GET"]}}],"collection":[{"href":"https:\/\/www.sellerlogic.com\/sv\/wp-json\/wp\/v2\/pages"}],"about":[{"href":"https:\/\/www.sellerlogic.com\/sv\/wp-json\/wp\/v2\/types\/page"}],"author":[{"embeddable":true,"href":"https:\/\/www.sellerlogic.com\/sv\/wp-json\/wp\/v2\/users\/6"}],"replies":[{"embeddable":true,"href":"https:\/\/www.sellerlogic.com\/sv\/wp-json\/wp\/v2\/comments?post=106698"}],"version-history":[{"count":1,"href":"https:\/\/www.sellerlogic.com\/sv\/wp-json\/wp\/v2\/pages\/106698\/revisions"}],"predecessor-version":[{"id":270819,"href":"https:\/\/www.sellerlogic.com\/sv\/wp-json\/wp\/v2\/pages\/106698\/revisions\/270819"}],"wp:attachment":[{"href":"https:\/\/www.sellerlogic.com\/sv\/wp-json\/wp\/v2\/media?parent=106698"}],"curies":[{"name":"wp","href":"https:\/\/api.w.org\/{rel}","templated":true}]}}