
{"id":106701,"date":"2021-03-02T08:05:46","date_gmt":"2021-03-02T08:05:46","guid":{"rendered":"https:\/\/127.0.0.1\/resources\/success-story-groupe-dragon\/"},"modified":"2025-08-09T13:52:19","modified_gmt":"2025-08-09T13:52:19","slug":"success-story-groupe-dragon","status":"publish","type":"page","link":"https:\/\/www.sellerlogic.com\/sv\/resources\/success-story-groupe-dragon\/","title":{"rendered":"Framg\u00e5ngshistoria: Groupe Dragon EN"},"content":{"rendered":"\n\t<div  class=\"theme-wp-block theme-block-main-header desktop-content-align-y-center desktop-content-align-x-center xl-content-align-y-center xl-content-align-x-center lg-content-align-y-center lg-content-align-x-center md-content-align-y-center md-content-align-x-center sm-content-align-y-center sm-content-align-x-center gb-responsive-853195-identifier desktop-align-full xl-align-full lg-align-full md-align-full sm-align-full is-style-default theme-block-cover\">\n\t\t<div class=\"bg-cover theme-lazy-load-bg\"><\/div>\n\t\t<div class=\"wrap-content-main-header\">\n\t\t\t\t\t<div  class=\"theme-wp-block theme-block-text-and-text gb-responsive-170032-identifier desktop-vertical-center xl-vertical-center lg-vertical-center md-vertical-center sm-vertical-center md-blockDirection-column sm-blockDirection-column desktop-blockDirection-column xl-blockDirection-column lg-blockDirection-column is-style-default desktop-align-wide xl-align-wide lg-align-wide md-align-wide sm-align-wide alignwide\">\n\t\t<div class=\"tat-column-wrap-wrapper\">\n\t\t\t<div class=\"tat-column-wrapper\">\n\t\t\t\t\t<div  class=\"theme-wp-block theme-block-text-and-text-column gb-responsive-644092-identifier md-horizontal-center sm-horizontal-center xl-horizontal-center lg-horizontal-center desktop-horizontal-left\">\n\t\t<div class=\"inner-wrap-column-content\">\n\t\t\t<div class=\"inner-column-content\">\n\t\t\t\t\t\t<h1  class=\"theme-wp-block theme-block-heading is-style-default sm-text-center md-text-center desktop-text-center xl-text-center lg-text-center gb-responsive-113637-identifier desktop-align-full xl-align-full lg-align-full md-align-full sm-align-full alignfull h1 has-text-align\">\n\t\t<strong>Ingen tid, ingen arbetskraft, inga resurser<\/strong>\t<\/h1>\n\n\t\t<h2  class=\"theme-wp-block theme-block-heading desktop-gb-has-no-icon xl-gb-has-no-icon lg-gb-has-no-icon md-gb-has-no-icon sm-gb-has-no-icon gb-responsive-848621-identifier desktop-text-center xl-text-center lg-text-center md-text-center sm-text-center h3\">\n\t\t<strong>Hur Groupe Dragon fortfarande f\u00e5r varje FBA-fel \u00e5terbetalat<\/strong>\t<\/h2>\n\n\t\t\t<\/div>\n\t\t<\/div>\n\t<\/div>\n\t<div  class=\"theme-wp-block theme-block-text-and-text-column gb-responsive-840598-identifier desktop-horizontal-center xl-horizontal-center lg-horizontal-center md-horizontal-center sm-horizontal-center\">\n\t\t<div class=\"inner-wrap-column-content\">\n\t\t\t<div class=\"inner-column-content\">\n\t\t\t\t\t\t\t<\/div>\n\t\t<\/div>\n\t<\/div>\n\t\t\t<\/div>\n\t\t<\/div>\n\t<\/div>\n\n\t\t<\/div>\n\t<\/div>\n\n<div style=\"height:50px\" aria-hidden=\"true\" class=\"theme-wp-block wp-block-spacer\"><\/div><div class=\"theme-wp-block wp-block-columns gb-responsive-492868-identifier is-layout-flex wp-container-core-columns-is-layout-9d6595d7 wp-block-columns-is-layout-flex\"><div class=\"theme-wp-block wp-block-column gb-responsive-633979-identifier is-layout-flow wp-block-column-is-layout-flow\" style=\"flex-basis:25%\"><figure class=\"theme-wp-block wp-block-image size-large is-resized desktop-gb-has-no-icon xl-gb-has-no-icon lg-gb-has-no-icon md-gb-has-no-icon sm-gb-has-no-icon gb-responsive-595564-identifier\"><img decoding=\"async\" width=\"156\" height=\"156\" src=\"https:\/\/d2bw95mh2ee04s.cloudfront.net\/prod\/content\/wp-content\/uploads\/2021\/03\/23142640\/logo2_groupe-dragon-edited.png\" alt=\"Framg\u00e5ngshistoria: Groupe Dragon EN\" class=\"wp-image-8499\" style=\"width:156px;height:156px\"><\/figure><p class=\"theme-wp-block desktop-gb-has-no-icon xl-gb-has-no-icon lg-gb-has-no-icon md-gb-has-no-icon sm-gb-has-no-icon gb-responsive-471154-identifier\"><strong><strong>Grundande<\/strong>:<\/strong><br>2011<\/p><p class=\"theme-wp-block desktop-gb-has-no-icon xl-gb-has-no-icon lg-gb-has-no-icon md-gb-has-no-icon sm-gb-has-no-icon gb-responsive-988471-identifier\"><strong><strong>Bransch<\/strong>:<\/strong><br>Reservdelar och elektroniska hush\u00e5llsapparater<\/p><p class=\"theme-wp-block desktop-gb-has-no-icon xl-gb-has-no-icon lg-gb-has-no-icon md-gb-has-no-icon sm-gb-has-no-icon gb-responsive-290042-identifier\"><strong><strong>Artiklar p\u00e5 Amazon:\u00a0<\/strong><\/strong><br>ca 177 000 SKU:er<\/p><p class=\"theme-wp-block desktop-gb-has-no-icon xl-gb-has-no-icon lg-gb-has-no-icon md-gb-has-no-icon sm-gb-has-no-icon gb-responsive-427484-identifier\"><strong><strong>Frakt<\/strong>:\u00a0<\/strong><br>ca 37 000 per m\u00e5nad<\/p><\/div><div class=\"theme-wp-block wp-block-column gb-responsive-243785-identifier is-layout-flow wp-block-column-is-layout-flow\" style=\"flex-basis:50%\"><h3 class=\"theme-wp-block wp-block-heading desktop-gb-has-no-icon xl-gb-has-no-icon lg-gb-has-no-icon md-gb-has-no-icon sm-gb-has-no-icon gb-responsive-998927-identifier\" id=\"block-c06fce04-ef87-4ffc-a3d6-b768ba377d17\">Bakgrund:<\/h3><p class=\"theme-wp-block gb-responsive-710769-identifier\">Groupe Dragon \u00e4r ett av de mest framg\u00e5ngsrika franska f\u00f6retagen p\u00e5 Amazon-marknaden. Och det finns en anledning till det: Innan Groupe Dragons grundare blev en Amazon-s\u00e4ljare arbetade han heltid som reparat\u00f6r av elektriska apparater. \u201cRedan d\u00e5 erbj\u00f6d han reservdelar i sin butik,\u201d s\u00e4ger Florent Noualy, chef f\u00f6r ink\u00f6p och marknadsstrategi. \u201cHan ins\u00e5g att elektriska apparater g\u00e5r s\u00f6nder mycket l\u00e4ttare nuf\u00f6rtiden \u00e4n de gjorde f\u00f6rr.\u201d<\/p><p class=\"theme-wp-block gb-responsive-502902-identifier\">Dessutom fanns det nya lagar som kr\u00e4vde att tillverkare, till exempel, skulle ha reservdelar i lager under en viss tidsperiod. Som ett resultat av dessa f\u00f6r\u00e4ndringar har efterfr\u00e5gan p\u00e5 reparationsmaterial, s\u00e4rskilt online, \u00f6kat avsev\u00e4rt. Beslutet att \u00e4ven erbjuda reservdelar online var helt r\u00e4tt: under tiden rankas Groupe Dragon bland de 5 mest framg\u00e5ngsrika franska Amazon-s\u00e4ljarna.<\/p><h3 class=\"theme-wp-block wp-block-heading desktop-gb-has-no-icon xl-gb-has-no-icon lg-gb-has-no-icon md-gb-has-no-icon sm-gb-has-no-icon gb-responsive-686902-identifier\">Startl\u00e4ge:<\/h3><p class=\"theme-wp-block gb-responsive-145505-identifier\">Med sin framg\u00e5ng stod Groupe Dragon dock ocks\u00e5 inf\u00f6r nya utmaningar som m\u00e5ste \u00f6vervinnas. \u201cEn av dem var internationalisering. Amazon var en stor hj\u00e4lp i detta eftersom dess enkla tillg\u00e5ng till andra marknader innebar att v\u00e5rt f\u00f6retag v\u00e4xte stadigt,\u201d s\u00e4ger Florent Noualy. Den tyska marknaden blev till och med den ledande f\u00f6rs\u00e4ljningskanalen.<\/p><p class=\"theme-wp-block gb-responsive-223640-identifier\">Men expansionen via Amazon \u00f6ppnade ocks\u00e5 v\u00e4gen f\u00f6r Groupe Dragon att erbjuda m\u00e4rkesprodukter fr\u00e5n Dyson eller Elektrolux. \u201cDetta \u00f6kade massivt v\u00e5r order- och lagervolym. N\u00e4r jag gick med i teamet 2015 blev det relativt snabbt klart att vi m\u00e5ste byta v\u00e5r uppfyllelse till FBA i framtiden. F\u00f6r oss var detta det b\u00e4sta alternativet.\u201d<\/p><h3 class=\"theme-wp-block wp-block-heading desktop-gb-has-no-icon xl-gb-has-no-icon lg-gb-has-no-icon md-gb-has-no-icon sm-gb-has-no-icon gb-responsive-423206-identifier\">L\u00f6sning:<\/h3><p class=\"theme-wp-block gb-responsive-405561-identifier\">D\u00e5 fick Noualy ett meddelande via LinkedIn fr\u00e5n Monica, v\u00e5r f\u00f6rs\u00e4ljningsutvecklingsrepresentant p\u00e5 SELLERLOGIC. \u201cJag k\u00e4nde redan till SELLERLOGIC,\u201d minns Noualy, \u201coch jag blev genast intresserad av Lost &#038; Found. Det var redan klart f\u00f6r mig vid det tillf\u00e4llet att vi saknade viktig information om v\u00e5ra FBA-processer.\u201d Dessutom var ingen i Groupe Dragons team kapabel att analysera de enorma datavolymer som Lost &#038; Found g\u00f6r.<\/p><p class=\"theme-wp-block gb-responsive-793217-identifier\">\u201c\u00c4ven om vi har s\u00e5lt p\u00e5 Amazon i flera \u00e5r och har en god f\u00f6rst\u00e5else f\u00f6r hur det fungerar,\u201d till\u00e4gger Noualy, &#8220;hade vi inte tillr\u00e4cklig expertis f\u00f6r att identifiera alla typer av fel.&#8221;<br>Det var avg\u00f6rande att f\u00e5 denna situation under kontroll. \u201cN\u00e4r jag aktiverade Lost &#038; Found d\u00e5, f\u00f6rv\u00e4ntade jag mig redan att verktyget skulle identifiera m\u00e5nga FBA-fel. Men jag skulle aldrig ha f\u00f6rv\u00e4ntat mig den faktiska m\u00e4ngden!\u201d<\/p><div class=\"theme-block-group-wrap\"><div class=\"theme-wp-block wp-block-group gb-responsive-88118-identifier\">\t\t<div  class=\"theme-wp-block theme-block-user-card gb-responsive-799176-identifier is-style-full-width-line desktop-gb-has-no-icon xl-gb-has-no-icon lg-gb-has-no-icon md-gb-has-no-icon sm-gb-has-no-icon\">\n\t\t<div class=\"wrap-inner-content\">\n\t\t\t<div class=\"card-user-head\">\n\t\t\t\t<div class=\"card-user-avatar\">\n\t\t\t\t\t<div class=\"cover-avatar\" style=\"background-image: url(https:\/\/d2bw95mh2ee04s.cloudfront.net\/prod\/content\/wp-content\/uploads\/2021\/03\/23142640\/florent_groupe-dragon-raute.png);\"><\/div>\n\t\t\t\t<\/div>\n\t\t\t\t<div class=\"wrap-title\">\n\t\t\t\t\t<div class=\"card-user-name\">\n\t\t\t\t\t\t<div class=\"title\">\n\t\t\t\t\t\t\t<h3 class=\"heading-text\"><strong>Florent Noualy<\/strong><\/h3>\n\t\t\t\t\t\t<\/div>\n\t\t\t\t\t\t<div class=\"card-user-position\">\n\t\t\t\t\t\t\t<div class=\"card-text\"><strong>Chef f\u00f6r ink\u00f6p och marknadsstrategi<\/strong><\/div>\n\t\t\t\t\t\t<\/div>\n\t\t\t\t\t<\/div>\n\t\t\t\t\t<div class=\"card-user-quote-icon\">\n\t\t\t\t\t<\/div>\n\t\t\t\t<\/div>\n\t\t\t<\/div>\n\t\t\t<div class=\"card-user-text\">\n\t\t\t\t<div class=\"card-text\"><p>&#8220;Det var absolut oacceptabelt att forts\u00e4tta f\u00f6rlora s\u00e5 mycket pengar, s\u00e5 beslutet blev klart: vi skulle forts\u00e4tta anv\u00e4nda Lost &amp; Found.&#8221;<\/p><\/div>\n\t\t\t<\/div>\n\t\t<\/div>\n\t<\/div>\n\n<\/div><\/div><h3 class=\"theme-wp-block wp-block-heading desktop-gb-has-no-icon xl-gb-has-no-icon lg-gb-has-no-icon md-gb-has-no-icon sm-gb-has-no-icon gb-responsive-599569-identifier\">Framg\u00e5ngsrika resultat med SELLERLOGIC:<\/h3><p class=\"theme-wp-block gb-responsive-44628-identifier\">Den allra f\u00f6rsta k\u00f6rningen av Lost &#038; Found avsl\u00f6jade 360 fel. Noualy var chockad. \u201cDet var absolut oacceptabelt f\u00f6r oss att forts\u00e4tta f\u00f6rlora s\u00e5 mycket pengar, s\u00e5 beslutet var klart: Vi skulle forts\u00e4tta anv\u00e4nda Lost &#038; Found.\u201d Detta visade sig vara ett bra beslut. Hittills har Lost &#038; Found gett f\u00f6retaget omkring 25 000 euro i \u00e5terbetalningar som annars skulle ha g\u00e5tt f\u00f6rlorade.<\/p><p class=\"theme-wp-block gb-responsive-8364-identifier\">Men det \u00e4r inte allt. Dessutom sparar SELLERLOGIC\u2019s Groupe Dragon-l\u00f6sning ocks\u00e5 m\u00e5nga andra resurser, s\u00e5som tid och arbetskraft. \u201cKommunikationen med Amazon har ocks\u00e5 blivit enklare eftersom Lost &#038; Found ger oss r\u00e4tt information hela tiden.\u201d Det inkluderar till exempel mallarna som Groupe Dragon kan anv\u00e4nda f\u00f6r att omedelbart svara p\u00e5 Amazons automatiserade svar. \u201cAllt vi beh\u00f6ver g\u00f6ra \u00e4r helt enkelt att kopiera dessa mallar. Allt vi beh\u00f6ver veta om ett fel kan hittas tydligt visat i Lost &#038; Found.\u201d<\/p><p class=\"theme-wp-block gb-responsive-936816-identifier\">Florent Noualy \u00e4r ocks\u00e5 entusiastisk \u00f6ver SELLERLOGIC eftersom kundservicen ing\u00e5r i priset: \u201cOm det uppst\u00e5r n\u00e5gra problem med ett av de \u00f6ppna \u00e4rendena \u00e4r SELLERLOGIC-teamet alltid tillg\u00e4ngligt och g\u00f6r allt de kan f\u00f6r att hj\u00e4lpa sina kunder och st\u00e4nga \u00e4rendet med b\u00e4sta m\u00f6jliga resultat.<\/p><div class=\"theme-wp-block wp-block-buttons desktop-gb-has-no-icon xl-gb-has-no-icon lg-gb-has-no-icon md-gb-has-no-icon sm-gb-has-no-icon gb-responsive-237208-identifier is-layout-flex wp-block-buttons-is-layout-flex\"><div class=\"theme-wp-block wp-block-button is-style-theme-transparent-with-arrow gb-responsive-303674-identifier\"><a class=\"wp-block-button__link wp-element-button\" href=\"https:\/\/d2bw95mh2ee04s.cloudfront.net\/prod\/content\/files\/SUCCESS-STORIES\/EN\/SELLERLOGIC_Success-Story_Groupe-Dragon_EN.pdf\" target=\"_blank\" rel=\"noreferrer noopener nofollow\">Ladda ner nu!<\/a><\/div><\/div><\/div><div class=\"theme-wp-block wp-block-column gb-responsive-252189-identifier is-layout-flow wp-block-column-is-layout-flow\" style=\"flex-basis:25%\"><\/div><\/div><p class=\"theme-wp-block gb-responsive-208920-identifier\"><\/p>","protected":false},"excerpt":{"rendered":"<p>Grundande:2011 Bransch:Reservdelar och elektroniska hush\u00e5llsapparater Artiklar p\u00e5 Amazon:\u00a0ca 177 000 SKU:er Frakt:\u00a0ca 37 000 per m\u00e5nad Bakgrund: Groupe Dragon \u00e4r ett av de mest framg\u00e5ngsrika franska f\u00f6retagen p\u00e5 Amazon-marknaden. Och det finns en anledning till det: Innan Groupe Dragons grundare blev en Amazon-s\u00e4ljare arbetade han heltid som reparat\u00f6r av elektriska apparater. \u201cRedan d\u00e5 erbj\u00f6d han<\/p>\n","protected":false},"author":3,"featured_media":8511,"parent":106761,"menu_order":0,"comment_status":"closed","ping_status":"closed","template":"","meta":{"sidebar_recommended_resources":{"data":[]},"sidebar_header_settings":{"hide_buttons":{"register":false}},"_use_new_theme":false,"inline_featured_image":false,"footnotes":""},"class_list":["post-106701","page","type-page","status-publish","has-post-thumbnail","hentry"],"yoast_head":"<!-- This site is optimized with the Yoast SEO plugin v26.8 - https:\/\/yoast.com\/product\/yoast-seo-wordpress\/ -->\n<title>Framg\u00e5ngshistoria: Groupe Dragon och Lost &amp; Found | SELLERLOGIC<\/title>\n<meta name=\"description\" content=\"Ingen tid, ingen arbetskraft, inga resurser: Hur Groupe Dragon fortfarande f\u00e5r varje FBA-fel \u00e5terbetalat. L\u00e4s nu och l\u00e4r dig mer!\" \/>\n<meta name=\"robots\" content=\"index, follow, max-snippet:-1, max-image-preview:large, max-video-preview:-1\" \/>\n<link rel=\"canonical\" href=\"https:\/\/www.sellerlogic.com\/sv\/resources\/success-story-groupe-dragon\/\" \/>\n<meta property=\"og:locale\" content=\"sv_SE\" \/>\n<meta property=\"og:type\" content=\"article\" \/>\n<meta property=\"og:title\" content=\"Framg\u00e5ngshistoria: Groupe Dragon och Lost &amp; Found | SELLERLOGIC\" \/>\n<meta property=\"og:description\" content=\"Ingen tid, ingen arbetskraft, inga resurser: Hur Groupe Dragon fortfarande f\u00e5r varje FBA-fel \u00e5terbetalat. L\u00e4s nu och l\u00e4r dig mer!\" \/>\n<meta property=\"og:url\" content=\"https:\/\/www.sellerlogic.com\/sv\/resources\/success-story-groupe-dragon\/\" \/>\n<meta property=\"og:site_name\" content=\"SELLERLOGIC - Smarte Tools f\u00fcr Amazon-Seller\" \/>\n<meta property=\"article:publisher\" content=\"https:\/\/www.facebook.com\/SellerLogic\/\" \/>\n<meta property=\"article:modified_time\" content=\"2025-08-09T13:52:19+00:00\" \/>\n<meta property=\"og:image\" content=\"http:\/\/d2bw95mh2ee04s.cloudfront.net\/prod\/content\/wp-content\/uploads\/2021\/03\/23142639\/wp-header_groupe-dragon.jpeg\" \/>\n\t<meta property=\"og:image:width\" content=\"2000\" \/>\n\t<meta property=\"og:image:height\" content=\"1333\" \/>\n\t<meta property=\"og:image:type\" content=\"image\/jpeg\" \/>\n<meta name=\"twitter:card\" content=\"summary_large_image\" \/>\n<meta name=\"twitter:site\" content=\"@sellerlogic\" \/>\n<meta name=\"twitter:label1\" content=\"Est. reading time\" \/>\n\t<meta name=\"twitter:data1\" content=\"4 minutes\" \/>\n<script type=\"application\/ld+json\" class=\"yoast-schema-graph\">{\"@context\":\"https:\/\/schema.org\",\"@graph\":[{\"@type\":\"WebPage\",\"@id\":\"https:\/\/www.sellerlogic.com\/sv\/resources\/success-story-groupe-dragon\/\",\"url\":\"https:\/\/www.sellerlogic.com\/sv\/resources\/success-story-groupe-dragon\/\",\"name\":\"Framg\u00e5ngshistoria: Groupe Dragon och Lost & Found | SELLERLOGIC\",\"isPartOf\":{\"@id\":\"https:\/\/www.sellerlogic.com\/sv\/#website\"},\"primaryImageOfPage\":{\"@id\":\"https:\/\/www.sellerlogic.com\/sv\/resources\/success-story-groupe-dragon\/#primaryimage\"},\"image\":{\"@id\":\"https:\/\/www.sellerlogic.com\/sv\/resources\/success-story-groupe-dragon\/#primaryimage\"},\"thumbnailUrl\":\"https:\/\/d2bw95mh2ee04s.cloudfront.net\/prod\/content\/wp-content\/uploads\/2021\/03\/23142639\/wp-header_groupe-dragon.jpeg\",\"datePublished\":\"2021-03-02T08:05:46+00:00\",\"dateModified\":\"2025-08-09T13:52:19+00:00\",\"description\":\"Ingen tid, ingen arbetskraft, inga resurser: Hur Groupe Dragon fortfarande f\u00e5r varje FBA-fel \u00e5terbetalat. L\u00e4s nu och l\u00e4r dig mer!\",\"breadcrumb\":{\"@id\":\"https:\/\/www.sellerlogic.com\/sv\/resources\/success-story-groupe-dragon\/#breadcrumb\"},\"inLanguage\":\"sv-SE\",\"potentialAction\":[{\"@type\":\"ReadAction\",\"target\":[\"https:\/\/www.sellerlogic.com\/sv\/resources\/success-story-groupe-dragon\/\"]}]},{\"@type\":\"ImageObject\",\"inLanguage\":\"sv-SE\",\"@id\":\"https:\/\/www.sellerlogic.com\/sv\/resources\/success-story-groupe-dragon\/#primaryimage\",\"url\":\"https:\/\/d2bw95mh2ee04s.cloudfront.net\/prod\/content\/wp-content\/uploads\/2021\/03\/23142639\/wp-header_groupe-dragon.jpeg\",\"contentUrl\":\"https:\/\/d2bw95mh2ee04s.cloudfront.net\/prod\/content\/wp-content\/uploads\/2021\/03\/23142639\/wp-header_groupe-dragon.jpeg\",\"width\":2000,\"height\":1333,\"caption\":\"Wie Groupe Dragon SellerLogic Lost & Found nutzt\"},{\"@type\":\"BreadcrumbList\",\"@id\":\"https:\/\/www.sellerlogic.com\/sv\/resources\/success-story-groupe-dragon\/#breadcrumb\",\"itemListElement\":[{\"@type\":\"ListItem\",\"position\":1,\"name\":\"Home\",\"item\":\"https:\/\/www.sellerlogic.com\/sv\/\"},{\"@type\":\"ListItem\",\"position\":2,\"name\":\"Ressurser EN\",\"item\":\"https:\/\/127.0.0.1\/de\/ressourcen\/\"},{\"@type\":\"ListItem\",\"position\":3,\"name\":\"Framg\u00e5ngshistoria: Groupe Dragon EN\"}]},{\"@type\":\"WebSite\",\"@id\":\"https:\/\/www.sellerlogic.com\/sv\/#website\",\"url\":\"https:\/\/www.sellerlogic.com\/sv\/\",\"name\":\"SELLERLOGIC - Smarte Tools f\u00fcr Amazon-Seller\",\"description\":\"Intelligente Prozessoptimierung und Gewinnmaximierung\",\"publisher\":{\"@id\":\"https:\/\/www.sellerlogic.com\/sv\/#organization\"},\"potentialAction\":[{\"@type\":\"SearchAction\",\"target\":{\"@type\":\"EntryPoint\",\"urlTemplate\":\"https:\/\/www.sellerlogic.com\/sv\/?s={search_term_string}\"},\"query-input\":{\"@type\":\"PropertyValueSpecification\",\"valueRequired\":true,\"valueName\":\"search_term_string\"}}],\"inLanguage\":\"sv-SE\"},{\"@type\":\"Organization\",\"@id\":\"https:\/\/www.sellerlogic.com\/sv\/#organization\",\"name\":\"SELLERLOGIC\",\"url\":\"https:\/\/www.sellerlogic.com\/sv\/\",\"logo\":{\"@type\":\"ImageObject\",\"inLanguage\":\"sv-SE\",\"@id\":\"https:\/\/www.sellerlogic.com\/sv\/#\/schema\/logo\/image\/\",\"url\":\"https:\/\/d2bw95mh2ee04s.cloudfront.net\/prod\/content\/wp-content\/uploads\/2025\/01\/02134814\/Property-Logo-Main.svg\",\"contentUrl\":\"https:\/\/d2bw95mh2ee04s.cloudfront.net\/prod\/content\/wp-content\/uploads\/2025\/01\/02134814\/Property-Logo-Main.svg\",\"width\":184,\"height\":40,\"caption\":\"SELLERLOGIC\"},\"image\":{\"@id\":\"https:\/\/www.sellerlogic.com\/sv\/#\/schema\/logo\/image\/\"},\"sameAs\":[\"https:\/\/www.facebook.com\/SellerLogic\/\",\"https:\/\/x.com\/sellerlogic\",\"https:\/\/www.instagram.com\/sellerlogic\/\",\"https:\/\/www.linkedin.com\/company\/18402037\/\",\"https:\/\/www.youtube.com\/channel\/UC-gULUur-fNj08sprantKsQ\"]}]}<\/script>\n<!-- \/ Yoast SEO plugin. -->","yoast_head_json":{"title":"Framg\u00e5ngshistoria: Groupe Dragon och Lost & Found | SELLERLOGIC","description":"Ingen tid, ingen arbetskraft, inga resurser: Hur Groupe Dragon fortfarande f\u00e5r varje FBA-fel \u00e5terbetalat. L\u00e4s nu och l\u00e4r dig mer!","robots":{"index":"index","follow":"follow","max-snippet":"max-snippet:-1","max-image-preview":"max-image-preview:large","max-video-preview":"max-video-preview:-1"},"canonical":"https:\/\/www.sellerlogic.com\/sv\/resources\/success-story-groupe-dragon\/","og_locale":"sv_SE","og_type":"article","og_title":"Framg\u00e5ngshistoria: Groupe Dragon och Lost & Found | SELLERLOGIC","og_description":"Ingen tid, ingen arbetskraft, inga resurser: Hur Groupe Dragon fortfarande f\u00e5r varje FBA-fel \u00e5terbetalat. L\u00e4s nu och l\u00e4r dig mer!","og_url":"https:\/\/www.sellerlogic.com\/sv\/resources\/success-story-groupe-dragon\/","og_site_name":"SELLERLOGIC - Smarte Tools f\u00fcr Amazon-Seller","article_publisher":"https:\/\/www.facebook.com\/SellerLogic\/","article_modified_time":"2025-08-09T13:52:19+00:00","og_image":[{"width":2000,"height":1333,"url":"http:\/\/d2bw95mh2ee04s.cloudfront.net\/prod\/content\/wp-content\/uploads\/2021\/03\/23142639\/wp-header_groupe-dragon.jpeg","type":"image\/jpeg"}],"twitter_card":"summary_large_image","twitter_site":"@sellerlogic","twitter_misc":{"Est. reading time":"4 minutes"},"schema":{"@context":"https:\/\/schema.org","@graph":[{"@type":"WebPage","@id":"https:\/\/www.sellerlogic.com\/sv\/resources\/success-story-groupe-dragon\/","url":"https:\/\/www.sellerlogic.com\/sv\/resources\/success-story-groupe-dragon\/","name":"Framg\u00e5ngshistoria: Groupe Dragon och Lost & Found | SELLERLOGIC","isPartOf":{"@id":"https:\/\/www.sellerlogic.com\/sv\/#website"},"primaryImageOfPage":{"@id":"https:\/\/www.sellerlogic.com\/sv\/resources\/success-story-groupe-dragon\/#primaryimage"},"image":{"@id":"https:\/\/www.sellerlogic.com\/sv\/resources\/success-story-groupe-dragon\/#primaryimage"},"thumbnailUrl":"https:\/\/d2bw95mh2ee04s.cloudfront.net\/prod\/content\/wp-content\/uploads\/2021\/03\/23142639\/wp-header_groupe-dragon.jpeg","datePublished":"2021-03-02T08:05:46+00:00","dateModified":"2025-08-09T13:52:19+00:00","description":"Ingen tid, ingen arbetskraft, inga resurser: Hur Groupe Dragon fortfarande f\u00e5r varje FBA-fel \u00e5terbetalat. L\u00e4s nu och l\u00e4r dig mer!","breadcrumb":{"@id":"https:\/\/www.sellerlogic.com\/sv\/resources\/success-story-groupe-dragon\/#breadcrumb"},"inLanguage":"sv-SE","potentialAction":[{"@type":"ReadAction","target":["https:\/\/www.sellerlogic.com\/sv\/resources\/success-story-groupe-dragon\/"]}]},{"@type":"ImageObject","inLanguage":"sv-SE","@id":"https:\/\/www.sellerlogic.com\/sv\/resources\/success-story-groupe-dragon\/#primaryimage","url":"https:\/\/d2bw95mh2ee04s.cloudfront.net\/prod\/content\/wp-content\/uploads\/2021\/03\/23142639\/wp-header_groupe-dragon.jpeg","contentUrl":"https:\/\/d2bw95mh2ee04s.cloudfront.net\/prod\/content\/wp-content\/uploads\/2021\/03\/23142639\/wp-header_groupe-dragon.jpeg","width":2000,"height":1333,"caption":"Wie Groupe Dragon SellerLogic Lost & Found nutzt"},{"@type":"BreadcrumbList","@id":"https:\/\/www.sellerlogic.com\/sv\/resources\/success-story-groupe-dragon\/#breadcrumb","itemListElement":[{"@type":"ListItem","position":1,"name":"Home","item":"https:\/\/www.sellerlogic.com\/sv\/"},{"@type":"ListItem","position":2,"name":"Ressurser EN","item":"https:\/\/127.0.0.1\/de\/ressourcen\/"},{"@type":"ListItem","position":3,"name":"Framg\u00e5ngshistoria: Groupe Dragon EN"}]},{"@type":"WebSite","@id":"https:\/\/www.sellerlogic.com\/sv\/#website","url":"https:\/\/www.sellerlogic.com\/sv\/","name":"SELLERLOGIC - Smarte Tools f\u00fcr Amazon-Seller","description":"Intelligente Prozessoptimierung und Gewinnmaximierung","publisher":{"@id":"https:\/\/www.sellerlogic.com\/sv\/#organization"},"potentialAction":[{"@type":"SearchAction","target":{"@type":"EntryPoint","urlTemplate":"https:\/\/www.sellerlogic.com\/sv\/?s={search_term_string}"},"query-input":{"@type":"PropertyValueSpecification","valueRequired":true,"valueName":"search_term_string"}}],"inLanguage":"sv-SE"},{"@type":"Organization","@id":"https:\/\/www.sellerlogic.com\/sv\/#organization","name":"SELLERLOGIC","url":"https:\/\/www.sellerlogic.com\/sv\/","logo":{"@type":"ImageObject","inLanguage":"sv-SE","@id":"https:\/\/www.sellerlogic.com\/sv\/#\/schema\/logo\/image\/","url":"https:\/\/d2bw95mh2ee04s.cloudfront.net\/prod\/content\/wp-content\/uploads\/2025\/01\/02134814\/Property-Logo-Main.svg","contentUrl":"https:\/\/d2bw95mh2ee04s.cloudfront.net\/prod\/content\/wp-content\/uploads\/2025\/01\/02134814\/Property-Logo-Main.svg","width":184,"height":40,"caption":"SELLERLOGIC"},"image":{"@id":"https:\/\/www.sellerlogic.com\/sv\/#\/schema\/logo\/image\/"},"sameAs":["https:\/\/www.facebook.com\/SellerLogic\/","https:\/\/x.com\/sellerlogic","https:\/\/www.instagram.com\/sellerlogic\/","https:\/\/www.linkedin.com\/company\/18402037\/","https:\/\/www.youtube.com\/channel\/UC-gULUur-fNj08sprantKsQ"]}]}},"_links":{"self":[{"href":"https:\/\/www.sellerlogic.com\/sv\/wp-json\/wp\/v2\/pages\/106701","targetHints":{"allow":["GET"]}}],"collection":[{"href":"https:\/\/www.sellerlogic.com\/sv\/wp-json\/wp\/v2\/pages"}],"about":[{"href":"https:\/\/www.sellerlogic.com\/sv\/wp-json\/wp\/v2\/types\/page"}],"author":[{"embeddable":true,"href":"https:\/\/www.sellerlogic.com\/sv\/wp-json\/wp\/v2\/users\/3"}],"replies":[{"embeddable":true,"href":"https:\/\/www.sellerlogic.com\/sv\/wp-json\/wp\/v2\/comments?post=106701"}],"version-history":[{"count":0,"href":"https:\/\/www.sellerlogic.com\/sv\/wp-json\/wp\/v2\/pages\/106701\/revisions"}],"up":[{"embeddable":true,"href":"https:\/\/www.sellerlogic.com\/sv\/wp-json\/wp\/v2\/pages\/106761"}],"wp:featuredmedia":[{"embeddable":true,"href":"https:\/\/www.sellerlogic.com\/sv\/wp-json\/wp\/v2\/media\/8511"}],"wp:attachment":[{"href":"https:\/\/www.sellerlogic.com\/sv\/wp-json\/wp\/v2\/media?parent=106701"}],"curies":[{"name":"wp","href":"https:\/\/api.w.org\/{rel}","templated":true}]}}