
{"id":106707,"date":"2021-01-07T11:00:45","date_gmt":"2021-01-07T11:00:45","guid":{"rendered":"https:\/\/127.0.0.1\/short-wb-en-202002\/"},"modified":"2025-08-09T13:58:01","modified_gmt":"2025-08-09T13:58:01","slug":"short-wb-en-202002","status":"publish","type":"page","link":"https:\/\/www.sellerlogic.com\/sv\/short-wb-en-202002\/","title":{"rendered":"WB202002: 13 steg till vinsten av Buy Box (LP) EN"},"content":{"rendered":"<div style=\"height:30px\" aria-hidden=\"true\" class=\"theme-wp-block wp-block-spacer\"><\/div><div class=\"wp-block-image gb-responsive-590212-identifier is-style-default desktop-align-center xl-align-center lg-align-center md-align-center sm-align-center\"><figure class=\"theme-wp-block aligncenter size-large is-resized\"><img decoding=\"async\" width=\"184\" height=\"40\" src=\"https:\/\/d2bw95mh2ee04s.cloudfront.net\/prod\/content\/wp-content\/uploads\/2024\/04\/30111140\/Property-Logo-Main-1.svg\" alt=\"WB202002: 13 steg till vinsten av Buy Box (LP) EN\" class=\"wp-image-52651\" style=\"width:170px\"><\/figure><\/div>\t\t<h1  class=\"theme-wp-block theme-block-heading gb-responsive-564749-identifier is-style-default desktop-text-center xl-text-center lg-text-center md-text-center sm-text-center h4\">\n\t\t<strong>Kostnadsfri arbetsbok<\/strong>\t<\/h1>\n\n\t\t<h2  class=\"theme-wp-block theme-block-heading gb-responsive-412520-identifier is-style-default desktop-text-center xl-text-center lg-text-center md-text-center sm-text-center h1\">\n\t\t<strong><strong>Hur man vinner Amazon Buy Box!<\/strong><\/strong>\t<\/h2>\n\n<div style=\"height:50px\" aria-hidden=\"true\" class=\"theme-wp-block wp-block-spacer\"><\/div><div class=\"theme-wp-block wp-block-columns gb-responsive-506331-identifier is-layout-flex wp-container-core-columns-is-layout-9d6595d7 wp-block-columns-is-layout-flex\"><div class=\"theme-wp-block wp-block-column gb-responsive-414936-identifier is-layout-flow wp-block-column-is-layout-flow\"><div class=\"wp-block-image gb-responsive-19318-identifier\"><figure class=\"theme-wp-block alignright size-large is-resized\"><img decoding=\"async\" width=\"738\" height=\"804\" src=\"https:\/\/d2bw95mh2ee04s.cloudfront.net\/prod\/content\/wp-content\/uploads\/2021\/01\/23142706\/wb-13-steps-cover-en.png\" alt=\"WB202002: 13 steg till vinsten av Buy Box (LP) EN\" class=\"wp-image-6261\" style=\"width:456px\" srcset=\"https:\/\/d2bw95mh2ee04s.cloudfront.net\/prod\/content\/wp-content\/uploads\/2021\/01\/23142706\/wb-13-steps-cover-en-407x443.png 407w, https:\/\/d2bw95mh2ee04s.cloudfront.net\/prod\/content\/wp-content\/uploads\/2021\/01\/23142706\/wb-13-steps-cover-en.png 738w\" sizes=\"(max-width: 738px) 100vw, 738px\" \/><\/figure><\/div><div style=\"height:30px\" aria-hidden=\"true\" class=\"theme-wp-block wp-block-spacer\"><\/div><\/div><div class=\"theme-wp-block wp-block-column gb-responsive-883894-identifier is-layout-flow wp-block-column-is-layout-flow\">\t\t<h3  class=\"theme-wp-block theme-block-heading gb-responsive-531920-identifier is-style-default desktop-text-center xl-text-center lg-text-center md-text-center sm-text-center h3\">\n\t\t<br>Beg\u00e4r\u00a0<strong>den gratis arbetsboken<\/strong>\u00a0nu och ta reda p\u00e5&#8230;\t<\/h3>\n\n<div class=\"theme-block-list\"><ul class=\"theme-wp-block desktop-bg-style-square xl-bg-style-square lg-bg-style-square md-bg-style-square sm-bg-style-square desktop-gb-has-no-icon xl-gb-has-no-icon lg-gb-has-no-icon md-gb-has-no-icon sm-gb-has-no-icon gb-responsive-513860-identifier wp-block-list\"><li class=\"theme-wp-block gb-responsive-754486-identifier desktop-bg-style-square xl-bg-style-square lg-bg-style-square md-bg-style-square sm-bg-style-square desktop-gb-has-no-icon xl-gb-has-no-icon lg-gb-has-no-icon md-gb-has-no-icon sm-gb-has-no-icon\">Vilka\u00a0<strong>nyckeltal<\/strong>\u00a0\u00e4r avg\u00f6rande f\u00f6r Amazon-handlare<\/li><li class=\"theme-wp-block gb-responsive-196900-identifier desktop-bg-style-square xl-bg-style-square lg-bg-style-square md-bg-style-square sm-bg-style-square desktop-gb-has-no-icon xl-gb-has-no-icon lg-gb-has-no-icon md-gb-has-no-icon sm-gb-has-no-icon\">Vilka\u00a0<strong>minimikrav<\/strong>\u00a0m\u00e5ste uppfyllas<\/li><li class=\"theme-wp-block gb-responsive-10119-identifier desktop-bg-style-square xl-bg-style-square lg-bg-style-square md-bg-style-square sm-bg-style-square desktop-gb-has-no-icon xl-gb-has-no-icon lg-gb-has-no-icon md-gb-has-no-icon sm-gb-has-no-icon\">Vilka<strong>\u00a0ideala v\u00e4rden\u00a0<\/strong>b\u00f6r du sikta p\u00e5<\/li><\/ul><\/div><div id=\"wb-form\" class=\"theme-wp-block wb-form\"><form id=\"leadform\" action=\"#\" method=\"post\"><label>F\u00f6rnamn och efternamn<sup style=\"color: rgb(255, 0, 0);\">*<\/sup><\/label><br> <input type=\"text\" placeholder=\"F\u00f6rnamn och efternamn\" name=\"first-name\" id=\"first-name\" required=\"required\" style=\"padding: 10px; font-size: 18px; width: 100%; margin-bottom: 15px; color: rgb(88, 88, 88);\"><br> <label>E-postadress<sup style=\"color: rgb(255, 0, 0);\">*<\/sup><\/label><br> <input type=\"email\" required=\"required\" placeholder=\"E-postadress\" name=\"email\" id=\"email\" style=\"padding: 10px; font-size: 18px; width: 100%; margin-bottom: 15px; color: rgb(88, 88, 88);\"><br> <label>Telefon<sup style=\"color: rgb(255, 0, 0);\">*<\/sup> <span style=\"font-size: 12px;\">(V\u00e4nligen inkludera landskoden)<\/span><\/label><br> <input type=\"number\" required=\"required\" placeholder=\"Telefon\" name=\"telephone\" id=\"telephone\" style=\"padding: 10px; font-size: 18px; width: 100%; margin-bottom: 15px; color: rgb(88, 88, 88);\"><br> <label>Amazon Store URL<sup style=\"color: rgb(255, 0, 0);\">*<\/sup><\/label><br> <input type=\"text\" required=\"required\" placeholder=\"Webbplats\" name=\"website\" id=\"website\" style=\"padding: 10px; font-size: 18px; width: 100%; margin-bottom: 15px; color: rgb(88, 88, 88);\"><br><label>Antal SKU<\/label><br> <input type=\"text\" placeholder=\"Antal SKU\" name=\"sku_count\" id=\"sku_count\" style=\"padding: 10px; font-size: 18px; width: 100%; margin-bottom: 15px; color: rgb(88, 88, 88);\"><br><input type=\"submit\" value=\"Best\u00e4ll arbetsboken nu!\" id=\"submit\" style=\"padding: 10px; font-size: 18px; width: 100%; margin-bottom: 15px; color: rgb(255, 255, 255); background-color: rgb(255, 170, 1); cursor: pointer;\"> <p style=\"margin-bottom: 10px; font-size: 12px;\">Behandlingen av uppgifterna sker enligt v\u00e5r <a href=\"https:\/\/www.sellerlogic.com\/en\/privacy-policy\/\" target=\"_blank\" draggable=\"false\" rel=\"noopener\">integritetspolicy<\/a>.<\/p><\/form><\/div><\/div><\/div><div style=\"height:50px\" aria-hidden=\"true\" class=\"theme-wp-block wp-block-spacer\"><\/div><div class=\"theme-wp-block wp-block-columns gb-responsive-213182-identifier is-layout-flex wp-container-core-columns-is-layout-9d6595d7 wp-block-columns-is-layout-flex\"><div class=\"theme-wp-block wp-block-column gb-responsive-480343-identifier is-layout-flow wp-block-column-is-layout-flow\" style=\"flex-basis:25%\"><\/div><div class=\"theme-wp-block wp-block-column gb-responsive-361131-identifier is-layout-flow wp-block-column-is-layout-flow\" style=\"flex-basis:50%\"><div class=\"theme-wp-block wp-block-columns gb-responsive-608617-identifier is-layout-flex wp-container-core-columns-is-layout-9d6595d7 wp-block-columns-is-layout-flex\"><div class=\"theme-wp-block wp-block-column gb-responsive-796136-identifier is-layout-flow wp-block-column-is-layout-flow\"><p class=\"theme-wp-block has-text-align-center gb-responsive-144688-identifier desktop-text-center xl-text-center lg-text-center md-text-center sm-text-center\"><a href=\"https:\/\/www.sellerlogic.com\/en\/legal-notice\/\" rel=\"noreferrer noopener\" target=\"_blank\"><strong>Juridisk meddelande<\/strong><\/a><\/p><\/div><div class=\"theme-wp-block wp-block-column gb-responsive-929256-identifier is-layout-flow wp-block-column-is-layout-flow\"><p class=\"theme-wp-block has-text-align-center gb-responsive-270263-identifier desktop-text-center xl-text-center lg-text-center md-text-center sm-text-center\"><a href=\"https:\/\/www.sellerlogic.com\/en\/privacy-policy\/\" rel=\"noreferrer noopener\" target=\"_blank\"><strong>Integritetspolicy<\/strong><\/a><\/p><\/div><div class=\"theme-wp-block wp-block-column gb-responsive-815314-identifier is-layout-flow wp-block-column-is-layout-flow\"><p class=\"theme-wp-block has-text-align-center gb-responsive-71756-identifier desktop-text-center xl-text-center lg-text-center md-text-center sm-text-center\"><a href=\"\" target=\"_blank\" rel=\"noreferrer noopener\"><strong>Villkor<\/strong><\/a><\/p><\/div><\/div><\/div><div class=\"theme-wp-block wp-block-column gb-responsive-825796-identifier is-layout-flow wp-block-column-is-layout-flow\" style=\"flex-basis:25%\"><\/div><\/div><p class=\"theme-wp-block gb-responsive-244500-identifier\"><\/p>","protected":false},"excerpt":{"rendered":"<p>F\u00f6rnamn och efternamn* E-postadress* Telefon* (V\u00e4nligen inkludera landskoden) Amazon Store URL* Antal SKU Behandlingen av uppgifterna sker enligt v\u00e5r integritetspolicy. Juridisk meddelande Integritetspolicy Villkor<\/p>\n","protected":false},"author":8,"featured_media":0,"parent":0,"menu_order":0,"comment_status":"closed","ping_status":"closed","template":"","meta":{"sidebar_recommended_resources":{"data":[]},"sidebar_header_settings":{"hide_buttons":{"register":false}},"_use_new_theme":false,"inline_featured_image":false,"footnotes":""},"class_list":["post-106707","page","type-page","status-publish","hentry"],"yoast_head":"<!-- This site is optimized with the Yoast SEO plugin v26.8 - https:\/\/yoast.com\/product\/yoast-seo-wordpress\/ -->\n<title>SELLERLOGIC - Ladda ner arbetsboken Hur man vinner p\u00e5 Amazon Buy Box!<\/title>\n<meta name=\"description\" content=\"Vilka kriterier anv\u00e4nder Amazon-algoritmen och vilka m\u00e4tv\u00e4rden m\u00e5ste handlare uppfylla f\u00f6r att vinna Buy Box p\u00e5 Amazon? Ladda ner nu!\" \/>\n<meta name=\"robots\" content=\"index, follow, max-snippet:-1, max-image-preview:large, max-video-preview:-1\" \/>\n<link rel=\"canonical\" href=\"https:\/\/www.sellerlogic.com\/sv\/short-wb-en-202002\/\" \/>\n<meta property=\"og:locale\" content=\"sv_SE\" \/>\n<meta property=\"og:type\" content=\"article\" \/>\n<meta property=\"og:title\" content=\"SELLERLOGIC - Ladda ner arbetsboken Hur man vinner p\u00e5 Amazon Buy Box!\" \/>\n<meta property=\"og:description\" content=\"Vilka kriterier anv\u00e4nder Amazon-algoritmen och vilka m\u00e4tv\u00e4rden m\u00e5ste handlare uppfylla f\u00f6r att vinna Buy Box p\u00e5 Amazon? Ladda ner nu!\" \/>\n<meta property=\"og:url\" content=\"https:\/\/www.sellerlogic.com\/sv\/short-wb-en-202002\/\" \/>\n<meta property=\"og:site_name\" content=\"SELLERLOGIC - Smarte Tools f\u00fcr Amazon-Seller\" \/>\n<meta property=\"article:publisher\" content=\"https:\/\/www.facebook.com\/SellerLogic\/\" \/>\n<meta property=\"article:modified_time\" content=\"2025-08-09T13:58:01+00:00\" \/>\n<meta property=\"og:image\" content=\"https:\/\/www.sellerlogic.com\/wp-content\/uploads\/2024\/04\/Property-Logo-Main-1.svg\" \/>\n<meta name=\"twitter:card\" content=\"summary_large_image\" \/>\n<meta name=\"twitter:site\" content=\"@sellerlogic\" \/>\n<meta name=\"twitter:label1\" content=\"Est. reading time\" \/>\n\t<meta name=\"twitter:data1\" content=\"1 minute\" \/>\n<script type=\"application\/ld+json\" class=\"yoast-schema-graph\">{\"@context\":\"https:\/\/schema.org\",\"@graph\":[{\"@type\":\"WebPage\",\"@id\":\"https:\/\/www.sellerlogic.com\/sv\/short-wb-en-202002\/\",\"url\":\"https:\/\/www.sellerlogic.com\/sv\/short-wb-en-202002\/\",\"name\":\"SELLERLOGIC - Ladda ner arbetsboken Hur man vinner p\u00e5 Amazon Buy Box!\",\"isPartOf\":{\"@id\":\"https:\/\/www.sellerlogic.com\/sv\/#website\"},\"primaryImageOfPage\":{\"@id\":\"https:\/\/www.sellerlogic.com\/sv\/short-wb-en-202002\/#primaryimage\"},\"image\":{\"@id\":\"https:\/\/www.sellerlogic.com\/sv\/short-wb-en-202002\/#primaryimage\"},\"thumbnailUrl\":\"https:\/\/www.sellerlogic.com\/wp-content\/uploads\/2024\/04\/Property-Logo-Main-1.svg\",\"datePublished\":\"2021-01-07T11:00:45+00:00\",\"dateModified\":\"2025-08-09T13:58:01+00:00\",\"description\":\"Vilka kriterier anv\u00e4nder Amazon-algoritmen och vilka m\u00e4tv\u00e4rden m\u00e5ste handlare uppfylla f\u00f6r att vinna Buy Box p\u00e5 Amazon? Ladda ner nu!\",\"breadcrumb\":{\"@id\":\"https:\/\/www.sellerlogic.com\/sv\/short-wb-en-202002\/#breadcrumb\"},\"inLanguage\":\"sv-SE\",\"potentialAction\":[{\"@type\":\"ReadAction\",\"target\":[\"https:\/\/www.sellerlogic.com\/sv\/short-wb-en-202002\/\"]}]},{\"@type\":\"ImageObject\",\"inLanguage\":\"sv-SE\",\"@id\":\"https:\/\/www.sellerlogic.com\/sv\/short-wb-en-202002\/#primaryimage\",\"url\":\"https:\/\/www.sellerlogic.com\/wp-content\/uploads\/2024\/04\/Property-Logo-Main-1.svg\",\"contentUrl\":\"https:\/\/www.sellerlogic.com\/wp-content\/uploads\/2024\/04\/Property-Logo-Main-1.svg\"},{\"@type\":\"BreadcrumbList\",\"@id\":\"https:\/\/www.sellerlogic.com\/sv\/short-wb-en-202002\/#breadcrumb\",\"itemListElement\":[{\"@type\":\"ListItem\",\"position\":1,\"name\":\"Home\",\"item\":\"https:\/\/www.sellerlogic.com\/sv\/\"},{\"@type\":\"ListItem\",\"position\":2,\"name\":\"WB202002: 13 steg till vinsten av Buy Box (LP) EN\"}]},{\"@type\":\"WebSite\",\"@id\":\"https:\/\/www.sellerlogic.com\/sv\/#website\",\"url\":\"https:\/\/www.sellerlogic.com\/sv\/\",\"name\":\"SELLERLOGIC - Smarte Tools f\u00fcr Amazon-Seller\",\"description\":\"Intelligente Prozessoptimierung und Gewinnmaximierung\",\"publisher\":{\"@id\":\"https:\/\/www.sellerlogic.com\/sv\/#organization\"},\"potentialAction\":[{\"@type\":\"SearchAction\",\"target\":{\"@type\":\"EntryPoint\",\"urlTemplate\":\"https:\/\/www.sellerlogic.com\/sv\/?s={search_term_string}\"},\"query-input\":{\"@type\":\"PropertyValueSpecification\",\"valueRequired\":true,\"valueName\":\"search_term_string\"}}],\"inLanguage\":\"sv-SE\"},{\"@type\":\"Organization\",\"@id\":\"https:\/\/www.sellerlogic.com\/sv\/#organization\",\"name\":\"SELLERLOGIC\",\"url\":\"https:\/\/www.sellerlogic.com\/sv\/\",\"logo\":{\"@type\":\"ImageObject\",\"inLanguage\":\"sv-SE\",\"@id\":\"https:\/\/www.sellerlogic.com\/sv\/#\/schema\/logo\/image\/\",\"url\":\"https:\/\/d2bw95mh2ee04s.cloudfront.net\/prod\/content\/wp-content\/uploads\/2025\/01\/02134814\/Property-Logo-Main.svg\",\"contentUrl\":\"https:\/\/d2bw95mh2ee04s.cloudfront.net\/prod\/content\/wp-content\/uploads\/2025\/01\/02134814\/Property-Logo-Main.svg\",\"width\":184,\"height\":40,\"caption\":\"SELLERLOGIC\"},\"image\":{\"@id\":\"https:\/\/www.sellerlogic.com\/sv\/#\/schema\/logo\/image\/\"},\"sameAs\":[\"https:\/\/www.facebook.com\/SellerLogic\/\",\"https:\/\/x.com\/sellerlogic\",\"https:\/\/www.instagram.com\/sellerlogic\/\",\"https:\/\/www.linkedin.com\/company\/18402037\/\",\"https:\/\/www.youtube.com\/channel\/UC-gULUur-fNj08sprantKsQ\"]}]}<\/script>\n<!-- \/ Yoast SEO plugin. -->","yoast_head_json":{"title":"SELLERLOGIC - Ladda ner arbetsboken Hur man vinner p\u00e5 Amazon Buy Box!","description":"Vilka kriterier anv\u00e4nder Amazon-algoritmen och vilka m\u00e4tv\u00e4rden m\u00e5ste handlare uppfylla f\u00f6r att vinna Buy Box p\u00e5 Amazon? Ladda ner nu!","robots":{"index":"index","follow":"follow","max-snippet":"max-snippet:-1","max-image-preview":"max-image-preview:large","max-video-preview":"max-video-preview:-1"},"canonical":"https:\/\/www.sellerlogic.com\/sv\/short-wb-en-202002\/","og_locale":"sv_SE","og_type":"article","og_title":"SELLERLOGIC - Ladda ner arbetsboken Hur man vinner p\u00e5 Amazon Buy Box!","og_description":"Vilka kriterier anv\u00e4nder Amazon-algoritmen och vilka m\u00e4tv\u00e4rden m\u00e5ste handlare uppfylla f\u00f6r att vinna Buy Box p\u00e5 Amazon? Ladda ner nu!","og_url":"https:\/\/www.sellerlogic.com\/sv\/short-wb-en-202002\/","og_site_name":"SELLERLOGIC - Smarte Tools f\u00fcr Amazon-Seller","article_publisher":"https:\/\/www.facebook.com\/SellerLogic\/","article_modified_time":"2025-08-09T13:58:01+00:00","og_image":[{"url":"https:\/\/www.sellerlogic.com\/wp-content\/uploads\/2024\/04\/Property-Logo-Main-1.svg","type":"","width":"","height":""}],"twitter_card":"summary_large_image","twitter_site":"@sellerlogic","twitter_misc":{"Est. reading time":"1 minute"},"schema":{"@context":"https:\/\/schema.org","@graph":[{"@type":"WebPage","@id":"https:\/\/www.sellerlogic.com\/sv\/short-wb-en-202002\/","url":"https:\/\/www.sellerlogic.com\/sv\/short-wb-en-202002\/","name":"SELLERLOGIC - Ladda ner arbetsboken Hur man vinner p\u00e5 Amazon Buy Box!","isPartOf":{"@id":"https:\/\/www.sellerlogic.com\/sv\/#website"},"primaryImageOfPage":{"@id":"https:\/\/www.sellerlogic.com\/sv\/short-wb-en-202002\/#primaryimage"},"image":{"@id":"https:\/\/www.sellerlogic.com\/sv\/short-wb-en-202002\/#primaryimage"},"thumbnailUrl":"https:\/\/www.sellerlogic.com\/wp-content\/uploads\/2024\/04\/Property-Logo-Main-1.svg","datePublished":"2021-01-07T11:00:45+00:00","dateModified":"2025-08-09T13:58:01+00:00","description":"Vilka kriterier anv\u00e4nder Amazon-algoritmen och vilka m\u00e4tv\u00e4rden m\u00e5ste handlare uppfylla f\u00f6r att vinna Buy Box p\u00e5 Amazon? Ladda ner nu!","breadcrumb":{"@id":"https:\/\/www.sellerlogic.com\/sv\/short-wb-en-202002\/#breadcrumb"},"inLanguage":"sv-SE","potentialAction":[{"@type":"ReadAction","target":["https:\/\/www.sellerlogic.com\/sv\/short-wb-en-202002\/"]}]},{"@type":"ImageObject","inLanguage":"sv-SE","@id":"https:\/\/www.sellerlogic.com\/sv\/short-wb-en-202002\/#primaryimage","url":"https:\/\/www.sellerlogic.com\/wp-content\/uploads\/2024\/04\/Property-Logo-Main-1.svg","contentUrl":"https:\/\/www.sellerlogic.com\/wp-content\/uploads\/2024\/04\/Property-Logo-Main-1.svg"},{"@type":"BreadcrumbList","@id":"https:\/\/www.sellerlogic.com\/sv\/short-wb-en-202002\/#breadcrumb","itemListElement":[{"@type":"ListItem","position":1,"name":"Home","item":"https:\/\/www.sellerlogic.com\/sv\/"},{"@type":"ListItem","position":2,"name":"WB202002: 13 steg till vinsten av Buy Box (LP) EN"}]},{"@type":"WebSite","@id":"https:\/\/www.sellerlogic.com\/sv\/#website","url":"https:\/\/www.sellerlogic.com\/sv\/","name":"SELLERLOGIC - Smarte Tools f\u00fcr Amazon-Seller","description":"Intelligente Prozessoptimierung und Gewinnmaximierung","publisher":{"@id":"https:\/\/www.sellerlogic.com\/sv\/#organization"},"potentialAction":[{"@type":"SearchAction","target":{"@type":"EntryPoint","urlTemplate":"https:\/\/www.sellerlogic.com\/sv\/?s={search_term_string}"},"query-input":{"@type":"PropertyValueSpecification","valueRequired":true,"valueName":"search_term_string"}}],"inLanguage":"sv-SE"},{"@type":"Organization","@id":"https:\/\/www.sellerlogic.com\/sv\/#organization","name":"SELLERLOGIC","url":"https:\/\/www.sellerlogic.com\/sv\/","logo":{"@type":"ImageObject","inLanguage":"sv-SE","@id":"https:\/\/www.sellerlogic.com\/sv\/#\/schema\/logo\/image\/","url":"https:\/\/d2bw95mh2ee04s.cloudfront.net\/prod\/content\/wp-content\/uploads\/2025\/01\/02134814\/Property-Logo-Main.svg","contentUrl":"https:\/\/d2bw95mh2ee04s.cloudfront.net\/prod\/content\/wp-content\/uploads\/2025\/01\/02134814\/Property-Logo-Main.svg","width":184,"height":40,"caption":"SELLERLOGIC"},"image":{"@id":"https:\/\/www.sellerlogic.com\/sv\/#\/schema\/logo\/image\/"},"sameAs":["https:\/\/www.facebook.com\/SellerLogic\/","https:\/\/x.com\/sellerlogic","https:\/\/www.instagram.com\/sellerlogic\/","https:\/\/www.linkedin.com\/company\/18402037\/","https:\/\/www.youtube.com\/channel\/UC-gULUur-fNj08sprantKsQ"]}]}},"_links":{"self":[{"href":"https:\/\/www.sellerlogic.com\/sv\/wp-json\/wp\/v2\/pages\/106707","targetHints":{"allow":["GET"]}}],"collection":[{"href":"https:\/\/www.sellerlogic.com\/sv\/wp-json\/wp\/v2\/pages"}],"about":[{"href":"https:\/\/www.sellerlogic.com\/sv\/wp-json\/wp\/v2\/types\/page"}],"author":[{"embeddable":true,"href":"https:\/\/www.sellerlogic.com\/sv\/wp-json\/wp\/v2\/users\/8"}],"replies":[{"embeddable":true,"href":"https:\/\/www.sellerlogic.com\/sv\/wp-json\/wp\/v2\/comments?post=106707"}],"version-history":[{"count":0,"href":"https:\/\/www.sellerlogic.com\/sv\/wp-json\/wp\/v2\/pages\/106707\/revisions"}],"wp:attachment":[{"href":"https:\/\/www.sellerlogic.com\/sv\/wp-json\/wp\/v2\/media?parent=106707"}],"curies":[{"name":"wp","href":"https:\/\/api.w.org\/{rel}","templated":true}]}}