
{"id":106710,"date":"2020-12-18T10:43:41","date_gmt":"2020-12-18T10:43:41","guid":{"rendered":"https:\/\/127.0.0.1\/resources\/success-story-samtige-haut\/"},"modified":"2025-08-09T12:45:54","modified_gmt":"2025-08-09T12:45:54","slug":"success-story-samtige-haut","status":"publish","type":"page","link":"https:\/\/www.sellerlogic.com\/sv\/resources\/success-story-samtige-haut\/","title":{"rendered":"Framg\u00e5ngshistoria: Samtige Haut EN"},"content":{"rendered":"\n\t<div  class=\"theme-wp-block theme-block-main-header is-style-full-height desktop-align-full xl-align-full lg-align-full md-align-full sm-align-full desktop-content-align-y-center desktop-content-align-x-center xl-content-align-y-center xl-content-align-x-center lg-content-align-y-center lg-content-align-x-center md-content-align-y-center md-content-align-x-center sm-content-align-y-center sm-content-align-x-center gb-responsive-911782-identifier theme-block-cover\">\n\t\t<div class=\"bg-cover theme-lazy-load-bg\"><\/div>\n\t\t<div class=\"wrap-content-main-header\">\n\t\t\t\t\t<div  class=\"theme-wp-block theme-block-text-and-text desktop-blockDirection-row xl-blockDirection-row lg-blockDirection-row md-blockDirection-row sm-blockDirection-row gb-responsive-289238-identifier desktop-align-full xl-align-full lg-align-full md-align-full sm-align-full alignfull\">\n\t\t<div class=\"tat-column-wrap-wrapper\">\n\t\t\t<div class=\"tat-column-wrapper\">\n\t\t\t\t\t<div  class=\"theme-wp-block theme-block-text-and-text-column gb-responsive-421034-identifier desktop-horizontal-center xl-horizontal-center lg-horizontal-center md-horizontal-center sm-horizontal-center\">\n\t\t<div class=\"inner-wrap-column-content\">\n\t\t\t<div class=\"inner-column-content\">\n\t\t\t\t\t\t<h1  class=\"theme-wp-block theme-block-heading is-style-default sm-text-center md-text-center desktop-text-center xl-text-center lg-text-center gb-responsive-292481-identifier desktop-align-full xl-align-full lg-align-full md-align-full sm-align-full alignfull h1 has-text-align\">\n\t\t\u00c5terbetalningar med ett klick\t<\/h1>\n\n\t\t<h2  class=\"theme-wp-block theme-block-heading is-style-default sm-text-center md-text-center desktop-text-center xl-text-center lg-text-center gb-responsive-831018-identifier desktop-align-full xl-align-full lg-align-full md-align-full sm-align-full alignfull h1 has-text-align\">\n\t\t&#8220;Samtige Haut&#8221; f\u00e5r ers\u00e4ttning fr\u00e5n Amazon genom Lost &amp; Found\t<\/h2>\n\n\t\t\t<\/div>\n\t\t<\/div>\n\t<\/div>\n\t<div  class=\"theme-wp-block theme-block-text-and-text-column gb-responsive-929552-identifier\">\n\t\t<div class=\"inner-wrap-column-content\">\n\t\t\t<div class=\"inner-column-content\">\n\t\t\t\t\t\t\t<\/div>\n\t\t<\/div>\n\t<\/div>\n\t\t\t<\/div>\n\t\t<\/div>\n\t<\/div>\n\n\t\t<\/div>\n\t<\/div>\n\n<div style=\"height:50px\" aria-hidden=\"true\" class=\"theme-wp-block wp-block-spacer\"><\/div><div class=\"theme-wp-block wp-block-columns gb-responsive-655645-identifier is-layout-flex wp-container-core-columns-is-layout-9d6595d7 wp-block-columns-is-layout-flex\"><div class=\"theme-wp-block wp-block-column gb-responsive-959393-identifier is-layout-flow wp-block-column-is-layout-flow\" style=\"flex-basis:25%\"><figure class=\"theme-wp-block wp-block-image size-large is-resized gb-responsive-62921-identifier\"><img decoding=\"async\" src=\"https:\/\/d2bw95mh2ee04s.cloudfront.net\/prod\/content\/wp-content\/uploads\/2020\/12\/23142732\/samtige-haut-logo.png\" alt=\"Framg\u00e5ngshistoria: Samtige Haut EN\" class=\"wp-image-4561\" width=\"300\" height=\"84\" srcset=\"https:\/\/d2bw95mh2ee04s.cloudfront.net\/prod\/content\/wp-content\/uploads\/2020\/12\/23142732\/samtige-haut-logo-407x113.png 407w, https:\/\/d2bw95mh2ee04s.cloudfront.net\/prod\/content\/wp-content\/uploads\/2020\/12\/23142732\/samtige-haut-logo.png 600w\" sizes=\"(max-width: 300px) 100vw, 300px\" \/><\/figure><p class=\"theme-wp-block gb-responsive-312552-identifier\"><strong><strong>Grundande<\/strong>:<\/strong><br>November 2016<\/p><p class=\"theme-wp-block gb-responsive-353708-identifier\"><strong><strong>Bransch<\/strong>:<\/strong><br>Kosmetik, kosttillskott, ekologiska produkter<\/p><p class=\"theme-wp-block gb-responsive-164518-identifier\"><strong><strong>Artiklar p\u00e5 Amazon:<\/strong><\/strong><br>1 000<\/p><p class=\"theme-wp-block gb-responsive-888870-identifier\"><strong><strong>Frakt<\/strong>:\u00a0<\/strong><br>ungef\u00e4r 8 000 per m\u00e5nad<\/p><\/div><div class=\"theme-wp-block wp-block-column gb-responsive-252265-identifier is-layout-flow wp-block-column-is-layout-flow\" style=\"flex-basis:50%\"><h3 class=\"theme-wp-block wp-block-heading gb-responsive-34353-identifier\" id=\"block-c06fce04-ef87-4ffc-a3d6-b768ba377d17\">Bakgrund:<\/h3><p class=\"theme-wp-block gb-responsive-620393-identifier\">\u00c5r 2018 hade Amazon en oms\u00e4ttning p\u00e5 232,9 miljarder US-dollar. Ungef\u00e4r 45 procent av de tyska Amazon-s\u00e4ljarna skickar sina varor via Fulfillment by Amazon (FBA). Sandra Schriewer \u2013 \u00e4gare av Amazon-butiken \u201cSamtige Haut\u201d (tyska f\u00f6r \u201cSammetslen Hud\u201d) \u2013 \u00e4r en av dem. Trots alla f\u00f6rdelar med FBA-programmet \u00e4r det inte l\u00e4ngre m\u00f6jligt f\u00f6r n\u00e4tbutiker att h\u00e5lla koll p\u00e5 datatrafiken av FBA-transaktioner i takt med att f\u00f6rs\u00e4ljningen \u00f6kar. Av denna anledning utf\u00f6rs inte analysen alls.<\/p><h3 class=\"theme-wp-block wp-block-heading gb-responsive-182281-identifier\">Utmaning:<\/h3><p class=\"theme-wp-block gb-responsive-880667-identifier\">Sandra Schriewer kommer ursprungligen fr\u00e5n kosmetikbranschen. Under sitt arbete inom E-handel i Berlin avslutade hon sina studier i online-marknadsf\u00f6ring och E-handel.<\/p><p class=\"theme-wp-block gb-responsive-3897-identifier\">Hon ville oms\u00e4tta den kunskap hon hade f\u00f6rv\u00e4rvat i praktiken och kombinera den med sin passion f\u00f6r kosmetik och n\u00e4ring. S\u00e5 h\u00e4r skapades Amazon-butiken \u201cSamtige Haut\u201d. Med cirka 1 000 artiklar och omkring 8 000 f\u00f6rs\u00e4ndelser per m\u00e5nad via FBA-programmet var det n\u00e4stan om\u00f6jligt att h\u00e5lla koll p\u00e5 det enorma datatrafiken p\u00e5 Amazon. Hon ins\u00e5g snart att hon beh\u00f6vde en tj\u00e4nsteleverant\u00f6r som kunde hj\u00e4lpa henne att kontrollera processerna i FBA-programmet. \u201cSom n\u00e4tbutik f\u00f6rlitar man sig p\u00e5 Fulfillment by Amazon, eftersom programmet g\u00f6r logistikprocesserna i f\u00f6retaget mycket enklare. Men ingen \u00e4r perfekt och sj\u00e4lvklart kan \u00e4ven ledande f\u00f6retag som Amazon g\u00f6ra misstag.<\/p><p class=\"theme-wp-block gb-responsive-135542-identifier\">Manual att kontrollera f\u00f6r fel var uteslutet. Analysen av problemk\u00e4llorna \u00e4r mycket komplex och kr\u00e4ver en enorm m\u00e4ngd tid. &#8220;Det skulle g\u00e5 ut\u00f6ver alla ekonomiska ramar,\u201d sa Sandra till oss. \u201cL\u00f6sningen Lost &#038; Found fr\u00e5n SELLERLOGIC rekommenderades till mig av min man, som redan arbetar med tj\u00e4nsteleverant\u00f6rens Repricer och \u00e4r mycket n\u00f6jd med produkten. Det finns m\u00e5nga l\u00f6sningar p\u00e5 marknaden som ett Amazon-f\u00f6retag beh\u00f6ver f\u00f6r att vara framg\u00e5ngsrika p\u00e5 sina respektive marknadsplatser. Jag tror att Lost &#038; Found \u00e4r unik och oumb\u00e4rlig f\u00f6r FBA-s\u00e4ljarna\u201d.<\/p><h3 class=\"theme-wp-block wp-block-heading gb-responsive-115756-identifier\">L\u00f6sning:<\/h3><p class=\"theme-wp-block gb-responsive-907939-identifier\">\u201cVerktyget \u00e4r inte sv\u00e5rt att anv\u00e4nda och kan integreras snabbt och enkelt. Steg-f\u00f6r-steg-instruktionerna \u2013 liksom kunskapsbasen \u2013 \u00e4r mycket hj\u00e4lpsamma och kr\u00e4ver ingen support fr\u00e5n SELLERLOGIC. Lost &#038; Found rapporterar nya \u00e4renden varje dag och tillhandah\u00e5ller f\u00f6rdefinierade textmoduler som enkelt kan kopieras och klistras in i Amazon Seller Central. Jag beh\u00f6ver bara kopiera och klistra in arbetet f\u00f6r att f\u00e5 en \u00e5terbetalning fr\u00e5n Amazon. Eftersom de inl\u00e4mnade \u00e4rendena vanligtvis accepteras utan vidare fr\u00e5gor, h\u00e5lls hela processen mycket enkel!\u201d<\/p><div class=\"theme-block-group-wrap\"><div class=\"theme-wp-block wp-block-group gb-responsive-88118-identifier\">\t\t<div  class=\"theme-wp-block theme-block-user-card gb-responsive-799176-identifier is-style-full-width-line\">\n\t\t<div class=\"wrap-inner-content\">\n\t\t\t<div class=\"card-user-head\">\n\t\t\t\t<div class=\"card-user-avatar\">\n\t\t\t\t\t<div class=\"cover-avatar\" style=\"background-image: url(https:\/\/d2bw95mh2ee04s.cloudfront.net\/prod\/content\/wp-content\/uploads\/2020\/12\/23142733\/sandra-schriewer-raute.png);\"><\/div>\n\t\t\t\t<\/div>\n\t\t\t\t<div class=\"wrap-title\">\n\t\t\t\t\t<div class=\"card-user-name\">\n\t\t\t\t\t\t<div class=\"title\">\n\t\t\t\t\t\t\t<h3 class=\"heading-text\"><strong>Sandra Schriewer<\/strong><\/h3>\n\t\t\t\t\t\t<\/div>\n\t\t\t\t\t\t<div class=\"card-user-position\">\n\t\t\t\t\t\t\t<div class=\"card-text\"><strong>VD \u201eSamtige Haut\u201c<\/strong><\/div>\n\t\t\t\t\t\t<\/div>\n\t\t\t\t\t<\/div>\n\t\t\t\t\t<div class=\"card-user-quote-icon\">\n\t\t\t\t\t<\/div>\n\t\t\t\t<\/div>\n\t\t\t<\/div>\n\t\t\t<div class=\"card-user-text\">\n\t\t\t\t<div class=\"card-text\"><p>&#8220;Det finns m\u00e5nga l\u00f6sningar p\u00e5 marknaden som ett Amazon-f\u00f6retag beh\u00f6ver f\u00f6r att vara framg\u00e5ngsrika p\u00e5 sina respektive marknadsplatser. Jag tror att Lost &amp; Found \u00e4r unik och oumb\u00e4rlig f\u00f6r FBA-s\u00e4ljarna\u201d.<\/p><\/div>\n\t\t\t<\/div>\n\t\t<\/div>\n\t<\/div>\n\n<\/div><\/div><h3 class=\"theme-wp-block wp-block-heading gb-responsive-595368-identifier\">Framg\u00e5ngsrika resultat med SELLERLOGIC:<\/h3><p class=\"theme-wp-block gb-responsive-414432-identifier\">\u201cEftersom Lost &#038; Found sp\u00e5rar individuella transaktioner tillbaka upp till 18 m\u00e5nader, fick jag \u00e5terbetalning p\u00e5 cirka 1 300 EUR omedelbart efter integrationen av verktyget, vilket jag aldrig skulle ha m\u00e4rkt utan SELLERLOGIC. Innan integrationen av Lost &#038; Found var det oklart f\u00f6r mig hur m\u00e5nga paket som helt enkelt hade f\u00f6rsvunnit under tiden. Man kan inte kontrollera m\u00e4ngden data manuellt och normalt ger Amazon ingen \u00e5terkoppling om de saknade varorna. Med Lost &#038; Found f\u00e5r du tillbaka dina pengar och sparar en enorm m\u00e4ngd tid \u2013 tack vare den automatiserade forskningen och inl\u00e4mningen av \u00e4renden med hj\u00e4lp av Copy &#038; Paste-funktionen.\u201d<\/p><p class=\"theme-wp-block gb-responsive-57813-identifier\">\u201cJag kan bara rekommendera alla att integrera l\u00f6sningen i sitt eget system. Ni har inget att f\u00f6rlora! Kostnaderna f\u00f6r SELLERLOGIC Lost &#038; Found \u00e4r mycket r\u00e4ttvisa fr\u00e5n min synvinkel eftersom de ber\u00e4knas proportionellt till den faktiska \u00e5terbetalningen fr\u00e5n Amazon. Om inget hittas debiteras inga avgifter. Varje dag som g\u00e5r utan Lost &#038; Found kostar pengar f\u00f6r s\u00e4ljarna. Dessutom har ni h\u00f6gst 18 m\u00e5nader p\u00e5 er att l\u00e4mna in era krav, i vissa fall \u00e4nnu mindre,\u201d avslutar Sandra f\u00f6r oss.<a href=\"https:\/\/d2bw95mh2ee04s.cloudfront.net\/prod\/content\/files\/SUCCESS-STORIES\/EN\/NEU_SELLERLOGIC_SN_Success-Story_Samtige-Haut-EN.pdf\" target=\"_blank\" rel=\"noreferrer noopener nofollow\"><\/a><\/p><div class=\"theme-wp-block wp-block-buttons gb-responsive-497426-identifier is-layout-flex wp-block-buttons-is-layout-flex\"><div class=\"theme-wp-block wp-block-button gb-responsive-38220-identifier is-style-theme-transparent-with-arrow\"><a class=\"wp-block-button__link wp-element-button\" href=\"https:\/\/d2bw95mh2ee04s.cloudfront.net\/prod\/content\/files\/SUCCESS-STORIES\/EN\/SELLERLOGIC_SN_Success-Story_Samtige-Haut-EN.pdf\" target=\"_blank\" rel=\"noreferrer noopener nofollow\">Ladda ner framg\u00e5ngshistorien!  <\/a><\/div><\/div><\/div><div class=\"theme-wp-block wp-block-column gb-responsive-147753-identifier is-layout-flow wp-block-column-is-layout-flow\" style=\"flex-basis:25%\"><\/div><\/div><p class=\"theme-wp-block gb-responsive-527070-identifier\"><\/p>","protected":false},"excerpt":{"rendered":"<p>Grundande:November 2016 Bransch:Kosmetik, kosttillskott, ekologiska produkter Artiklar p\u00e5 Amazon:1 000 Frakt:\u00a0ungef\u00e4r 8 000 per m\u00e5nad Bakgrund: \u00c5r 2018 hade Amazon en oms\u00e4ttning p\u00e5 232,9 miljarder US-dollar. Ungef\u00e4r 45 procent av de tyska Amazon-s\u00e4ljarna skickar sina varor via Fulfillment by Amazon (FBA). Sandra Schriewer \u2013 \u00e4gare av Amazon-butiken \u201cSamtige Haut\u201d (tyska f\u00f6r \u201cSammetslen Hud\u201d) \u2013 \u00e4r<\/p>\n","protected":false},"author":8,"featured_media":0,"parent":106761,"menu_order":0,"comment_status":"closed","ping_status":"closed","template":"","meta":{"sidebar_recommended_resources":{"data":[]},"sidebar_header_settings":{"hide_buttons":{"register":false}},"_use_new_theme":false,"inline_featured_image":false,"footnotes":""},"class_list":["post-106710","page","type-page","status-publish","hentry"],"yoast_head":"<!-- This site is optimized with the Yoast SEO plugin v26.8 - https:\/\/yoast.com\/product\/yoast-seo-wordpress\/ -->\n<title>&quot;Samtige Haut&quot; f\u00e5r Amazon-\u00e5terbetalning genom SELLERLOGIC Lost &amp; Found<\/title>\n<meta name=\"description\" content=\"\u00c5terbetalningar med ett klick: Kunden SELLERLOGIC &quot;Samtige Haut&quot; f\u00e5r sina ers\u00e4ttningar fr\u00e5n Amazon genom Lost &amp; Found.\" \/>\n<meta name=\"robots\" content=\"index, follow, max-snippet:-1, max-image-preview:large, max-video-preview:-1\" \/>\n<link rel=\"canonical\" href=\"https:\/\/www.sellerlogic.com\/sv\/resources\/success-story-samtige-haut\/\" \/>\n<meta property=\"og:locale\" content=\"sv_SE\" \/>\n<meta property=\"og:type\" content=\"article\" \/>\n<meta property=\"og:title\" content=\"&quot;Samtige Haut&quot; f\u00e5r Amazon-\u00e5terbetalning genom SELLERLOGIC Lost &amp; Found\" \/>\n<meta property=\"og:description\" content=\"\u00c5terbetalningar med ett klick: Kunden SELLERLOGIC &quot;Samtige Haut&quot; f\u00e5r sina ers\u00e4ttningar fr\u00e5n Amazon genom Lost &amp; Found.\" \/>\n<meta property=\"og:url\" content=\"https:\/\/www.sellerlogic.com\/sv\/resources\/success-story-samtige-haut\/\" \/>\n<meta property=\"og:site_name\" content=\"SELLERLOGIC - Smarte Tools f\u00fcr Amazon-Seller\" \/>\n<meta property=\"article:publisher\" content=\"https:\/\/www.facebook.com\/SellerLogic\/\" \/>\n<meta property=\"article:modified_time\" content=\"2025-08-09T12:45:54+00:00\" \/>\n<meta property=\"og:image\" content=\"https:\/\/www.sellerlogic.com\/wp-content\/uploads\/2020\/12\/samtige-haut-logo.png\" \/>\n<meta name=\"twitter:card\" content=\"summary_large_image\" \/>\n<meta name=\"twitter:site\" content=\"@sellerlogic\" \/>\n<meta name=\"twitter:label1\" content=\"Est. reading time\" \/>\n\t<meta name=\"twitter:data1\" content=\"3 minutes\" \/>\n<script type=\"application\/ld+json\" class=\"yoast-schema-graph\">{\"@context\":\"https:\/\/schema.org\",\"@graph\":[{\"@type\":\"WebPage\",\"@id\":\"https:\/\/www.sellerlogic.com\/sv\/resources\/success-story-samtige-haut\/\",\"url\":\"https:\/\/www.sellerlogic.com\/sv\/resources\/success-story-samtige-haut\/\",\"name\":\"\\\"Samtige Haut\\\" f\u00e5r Amazon-\u00e5terbetalning genom SELLERLOGIC Lost & Found\",\"isPartOf\":{\"@id\":\"https:\/\/www.sellerlogic.com\/sv\/#website\"},\"primaryImageOfPage\":{\"@id\":\"https:\/\/www.sellerlogic.com\/sv\/resources\/success-story-samtige-haut\/#primaryimage\"},\"image\":{\"@id\":\"https:\/\/www.sellerlogic.com\/sv\/resources\/success-story-samtige-haut\/#primaryimage\"},\"thumbnailUrl\":\"https:\/\/www.sellerlogic.com\/wp-content\/uploads\/2020\/12\/samtige-haut-logo.png\",\"datePublished\":\"2020-12-18T10:43:41+00:00\",\"dateModified\":\"2025-08-09T12:45:54+00:00\",\"description\":\"\u00c5terbetalningar med ett klick: Kunden SELLERLOGIC \\\"Samtige Haut\\\" f\u00e5r sina ers\u00e4ttningar fr\u00e5n Amazon genom Lost & Found.\",\"breadcrumb\":{\"@id\":\"https:\/\/www.sellerlogic.com\/sv\/resources\/success-story-samtige-haut\/#breadcrumb\"},\"inLanguage\":\"sv-SE\",\"potentialAction\":[{\"@type\":\"ReadAction\",\"target\":[\"https:\/\/www.sellerlogic.com\/sv\/resources\/success-story-samtige-haut\/\"]}]},{\"@type\":\"ImageObject\",\"inLanguage\":\"sv-SE\",\"@id\":\"https:\/\/www.sellerlogic.com\/sv\/resources\/success-story-samtige-haut\/#primaryimage\",\"url\":\"https:\/\/www.sellerlogic.com\/wp-content\/uploads\/2020\/12\/samtige-haut-logo.png\",\"contentUrl\":\"https:\/\/www.sellerlogic.com\/wp-content\/uploads\/2020\/12\/samtige-haut-logo.png\"},{\"@type\":\"BreadcrumbList\",\"@id\":\"https:\/\/www.sellerlogic.com\/sv\/resources\/success-story-samtige-haut\/#breadcrumb\",\"itemListElement\":[{\"@type\":\"ListItem\",\"position\":1,\"name\":\"Home\",\"item\":\"https:\/\/www.sellerlogic.com\/sv\/\"},{\"@type\":\"ListItem\",\"position\":2,\"name\":\"Ressurser EN\",\"item\":\"https:\/\/www.sellerlogic.com\/sv\/resources\/\"},{\"@type\":\"ListItem\",\"position\":3,\"name\":\"Framg\u00e5ngshistoria: Samtige Haut EN\"}]},{\"@type\":\"WebSite\",\"@id\":\"https:\/\/www.sellerlogic.com\/sv\/#website\",\"url\":\"https:\/\/www.sellerlogic.com\/sv\/\",\"name\":\"SELLERLOGIC - Smarte Tools f\u00fcr Amazon-Seller\",\"description\":\"Intelligente Prozessoptimierung und Gewinnmaximierung\",\"publisher\":{\"@id\":\"https:\/\/www.sellerlogic.com\/sv\/#organization\"},\"potentialAction\":[{\"@type\":\"SearchAction\",\"target\":{\"@type\":\"EntryPoint\",\"urlTemplate\":\"https:\/\/www.sellerlogic.com\/sv\/?s={search_term_string}\"},\"query-input\":{\"@type\":\"PropertyValueSpecification\",\"valueRequired\":true,\"valueName\":\"search_term_string\"}}],\"inLanguage\":\"sv-SE\"},{\"@type\":\"Organization\",\"@id\":\"https:\/\/www.sellerlogic.com\/sv\/#organization\",\"name\":\"SELLERLOGIC\",\"url\":\"https:\/\/www.sellerlogic.com\/sv\/\",\"logo\":{\"@type\":\"ImageObject\",\"inLanguage\":\"sv-SE\",\"@id\":\"https:\/\/www.sellerlogic.com\/sv\/#\/schema\/logo\/image\/\",\"url\":\"https:\/\/d2bw95mh2ee04s.cloudfront.net\/prod\/content\/wp-content\/uploads\/2025\/01\/02134814\/Property-Logo-Main.svg\",\"contentUrl\":\"https:\/\/d2bw95mh2ee04s.cloudfront.net\/prod\/content\/wp-content\/uploads\/2025\/01\/02134814\/Property-Logo-Main.svg\",\"width\":184,\"height\":40,\"caption\":\"SELLERLOGIC\"},\"image\":{\"@id\":\"https:\/\/www.sellerlogic.com\/sv\/#\/schema\/logo\/image\/\"},\"sameAs\":[\"https:\/\/www.facebook.com\/SellerLogic\/\",\"https:\/\/x.com\/sellerlogic\",\"https:\/\/www.instagram.com\/sellerlogic\/\",\"https:\/\/www.linkedin.com\/company\/18402037\/\",\"https:\/\/www.youtube.com\/channel\/UC-gULUur-fNj08sprantKsQ\"]}]}<\/script>\n<!-- \/ Yoast SEO plugin. -->","yoast_head_json":{"title":"\"Samtige Haut\" f\u00e5r Amazon-\u00e5terbetalning genom SELLERLOGIC Lost & Found","description":"\u00c5terbetalningar med ett klick: Kunden SELLERLOGIC \"Samtige Haut\" f\u00e5r sina ers\u00e4ttningar fr\u00e5n Amazon genom Lost & Found.","robots":{"index":"index","follow":"follow","max-snippet":"max-snippet:-1","max-image-preview":"max-image-preview:large","max-video-preview":"max-video-preview:-1"},"canonical":"https:\/\/www.sellerlogic.com\/sv\/resources\/success-story-samtige-haut\/","og_locale":"sv_SE","og_type":"article","og_title":"\"Samtige Haut\" f\u00e5r Amazon-\u00e5terbetalning genom SELLERLOGIC Lost & Found","og_description":"\u00c5terbetalningar med ett klick: Kunden SELLERLOGIC \"Samtige Haut\" f\u00e5r sina ers\u00e4ttningar fr\u00e5n Amazon genom Lost & Found.","og_url":"https:\/\/www.sellerlogic.com\/sv\/resources\/success-story-samtige-haut\/","og_site_name":"SELLERLOGIC - Smarte Tools f\u00fcr Amazon-Seller","article_publisher":"https:\/\/www.facebook.com\/SellerLogic\/","article_modified_time":"2025-08-09T12:45:54+00:00","og_image":[{"url":"https:\/\/www.sellerlogic.com\/wp-content\/uploads\/2020\/12\/samtige-haut-logo.png","type":"","width":"","height":""}],"twitter_card":"summary_large_image","twitter_site":"@sellerlogic","twitter_misc":{"Est. reading time":"3 minutes"},"schema":{"@context":"https:\/\/schema.org","@graph":[{"@type":"WebPage","@id":"https:\/\/www.sellerlogic.com\/sv\/resources\/success-story-samtige-haut\/","url":"https:\/\/www.sellerlogic.com\/sv\/resources\/success-story-samtige-haut\/","name":"\"Samtige Haut\" f\u00e5r Amazon-\u00e5terbetalning genom SELLERLOGIC Lost & Found","isPartOf":{"@id":"https:\/\/www.sellerlogic.com\/sv\/#website"},"primaryImageOfPage":{"@id":"https:\/\/www.sellerlogic.com\/sv\/resources\/success-story-samtige-haut\/#primaryimage"},"image":{"@id":"https:\/\/www.sellerlogic.com\/sv\/resources\/success-story-samtige-haut\/#primaryimage"},"thumbnailUrl":"https:\/\/www.sellerlogic.com\/wp-content\/uploads\/2020\/12\/samtige-haut-logo.png","datePublished":"2020-12-18T10:43:41+00:00","dateModified":"2025-08-09T12:45:54+00:00","description":"\u00c5terbetalningar med ett klick: Kunden SELLERLOGIC \"Samtige Haut\" f\u00e5r sina ers\u00e4ttningar fr\u00e5n Amazon genom Lost & Found.","breadcrumb":{"@id":"https:\/\/www.sellerlogic.com\/sv\/resources\/success-story-samtige-haut\/#breadcrumb"},"inLanguage":"sv-SE","potentialAction":[{"@type":"ReadAction","target":["https:\/\/www.sellerlogic.com\/sv\/resources\/success-story-samtige-haut\/"]}]},{"@type":"ImageObject","inLanguage":"sv-SE","@id":"https:\/\/www.sellerlogic.com\/sv\/resources\/success-story-samtige-haut\/#primaryimage","url":"https:\/\/www.sellerlogic.com\/wp-content\/uploads\/2020\/12\/samtige-haut-logo.png","contentUrl":"https:\/\/www.sellerlogic.com\/wp-content\/uploads\/2020\/12\/samtige-haut-logo.png"},{"@type":"BreadcrumbList","@id":"https:\/\/www.sellerlogic.com\/sv\/resources\/success-story-samtige-haut\/#breadcrumb","itemListElement":[{"@type":"ListItem","position":1,"name":"Home","item":"https:\/\/www.sellerlogic.com\/sv\/"},{"@type":"ListItem","position":2,"name":"Ressurser EN","item":"https:\/\/www.sellerlogic.com\/sv\/resources\/"},{"@type":"ListItem","position":3,"name":"Framg\u00e5ngshistoria: Samtige Haut EN"}]},{"@type":"WebSite","@id":"https:\/\/www.sellerlogic.com\/sv\/#website","url":"https:\/\/www.sellerlogic.com\/sv\/","name":"SELLERLOGIC - Smarte Tools f\u00fcr Amazon-Seller","description":"Intelligente Prozessoptimierung und Gewinnmaximierung","publisher":{"@id":"https:\/\/www.sellerlogic.com\/sv\/#organization"},"potentialAction":[{"@type":"SearchAction","target":{"@type":"EntryPoint","urlTemplate":"https:\/\/www.sellerlogic.com\/sv\/?s={search_term_string}"},"query-input":{"@type":"PropertyValueSpecification","valueRequired":true,"valueName":"search_term_string"}}],"inLanguage":"sv-SE"},{"@type":"Organization","@id":"https:\/\/www.sellerlogic.com\/sv\/#organization","name":"SELLERLOGIC","url":"https:\/\/www.sellerlogic.com\/sv\/","logo":{"@type":"ImageObject","inLanguage":"sv-SE","@id":"https:\/\/www.sellerlogic.com\/sv\/#\/schema\/logo\/image\/","url":"https:\/\/d2bw95mh2ee04s.cloudfront.net\/prod\/content\/wp-content\/uploads\/2025\/01\/02134814\/Property-Logo-Main.svg","contentUrl":"https:\/\/d2bw95mh2ee04s.cloudfront.net\/prod\/content\/wp-content\/uploads\/2025\/01\/02134814\/Property-Logo-Main.svg","width":184,"height":40,"caption":"SELLERLOGIC"},"image":{"@id":"https:\/\/www.sellerlogic.com\/sv\/#\/schema\/logo\/image\/"},"sameAs":["https:\/\/www.facebook.com\/SellerLogic\/","https:\/\/x.com\/sellerlogic","https:\/\/www.instagram.com\/sellerlogic\/","https:\/\/www.linkedin.com\/company\/18402037\/","https:\/\/www.youtube.com\/channel\/UC-gULUur-fNj08sprantKsQ"]}]}},"_links":{"self":[{"href":"https:\/\/www.sellerlogic.com\/sv\/wp-json\/wp\/v2\/pages\/106710","targetHints":{"allow":["GET"]}}],"collection":[{"href":"https:\/\/www.sellerlogic.com\/sv\/wp-json\/wp\/v2\/pages"}],"about":[{"href":"https:\/\/www.sellerlogic.com\/sv\/wp-json\/wp\/v2\/types\/page"}],"author":[{"embeddable":true,"href":"https:\/\/www.sellerlogic.com\/sv\/wp-json\/wp\/v2\/users\/8"}],"replies":[{"embeddable":true,"href":"https:\/\/www.sellerlogic.com\/sv\/wp-json\/wp\/v2\/comments?post=106710"}],"version-history":[{"count":0,"href":"https:\/\/www.sellerlogic.com\/sv\/wp-json\/wp\/v2\/pages\/106710\/revisions"}],"up":[{"embeddable":true,"href":"https:\/\/www.sellerlogic.com\/sv\/wp-json\/wp\/v2\/pages\/106761"}],"wp:attachment":[{"href":"https:\/\/www.sellerlogic.com\/sv\/wp-json\/wp\/v2\/media?parent=106710"}],"curies":[{"name":"wp","href":"https:\/\/api.w.org\/{rel}","templated":true}]}}