
{"id":106716,"date":"2020-12-18T11:33:09","date_gmt":"2020-12-18T11:33:09","guid":{"rendered":"https:\/\/127.0.0.1\/resources\/success-story-outlet-sofa-direct\/"},"modified":"2025-08-09T14:20:50","modified_gmt":"2025-08-09T14:20:50","slug":"success-story-outlet-sofa-direct","status":"publish","type":"page","link":"https:\/\/www.sellerlogic.com\/sv\/resources\/success-story-outlet-sofa-direct\/","title":{"rendered":"Framg\u00e5ngshistoria: Outlet Sofa Direct EN"},"content":{"rendered":"\n\t<div  class=\"theme-wp-block theme-block-main-header is-style-full-height desktop-align-full xl-align-full lg-align-full md-align-full sm-align-full desktop-content-align-y-center desktop-content-align-x-center xl-content-align-y-center xl-content-align-x-center lg-content-align-y-center lg-content-align-x-center md-content-align-y-center md-content-align-x-center sm-content-align-y-center sm-content-align-x-center gb-responsive-52704-identifier theme-block-cover\">\n\t\t<div class=\"bg-cover theme-lazy-load-bg\"><\/div>\n\t\t<div class=\"wrap-content-main-header\">\n\t\t\t\t\t<div  class=\"theme-wp-block theme-block-text-and-text desktop-blockDirection-row xl-blockDirection-row lg-blockDirection-row md-blockDirection-row sm-blockDirection-row gb-responsive-903753-identifier desktop-align-full xl-align-full lg-align-full md-align-full sm-align-full alignfull\">\n\t\t<div class=\"tat-column-wrap-wrapper\">\n\t\t\t<div class=\"tat-column-wrapper\">\n\t\t\t\t\t<div  class=\"theme-wp-block theme-block-text-and-text-column gb-responsive-974454-identifier desktop-horizontal-center xl-horizontal-center lg-horizontal-center md-horizontal-center sm-horizontal-center\">\n\t\t<div class=\"inner-wrap-column-content\">\n\t\t\t<div class=\"inner-column-content\">\n\t\t\t\t\t\t<h1  class=\"theme-wp-block theme-block-heading is-style-default gb-responsive-560595-identifier desktop-align-wide xl-align-wide lg-align-wide md-align-wide sm-align-wide desktop-text-center xl-text-center lg-text-center md-text-center sm-text-center alignwide h1 has-text-align\">\n\t\t20k telefonsamtal\t<\/h1>\n\n\t\t<h2  class=\"theme-wp-block theme-block-heading is-style-default gb-responsive-64452-identifier desktop-text-center xl-text-center lg-text-center md-text-center sm-text-center h1\">\n\t\tHur Outlet-Sofa Direct kunde spara tid, anstr\u00e4ngning och tusentals euro\t<\/h2>\n\n<p class=\"theme-wp-block gb-responsive-93774-identifier\"><a href=\"\/sv\/resources\/success-story-outlet-sofa-direct\/\" target=\"_blank\" rel=\"noreferrer noopener\"><\/a><\/p>\t\t\t<\/div>\n\t\t<\/div>\n\t<\/div>\n\t<div  class=\"theme-wp-block theme-block-text-and-text-column gb-responsive-681128-identifier\">\n\t\t<div class=\"inner-wrap-column-content\">\n\t\t\t<div class=\"inner-column-content\">\n\t\t\t\t\t\t\t<\/div>\n\t\t<\/div>\n\t<\/div>\n\t\t\t<\/div>\n\t\t<\/div>\n\t<\/div>\n\n\t\t<\/div>\n\t<\/div>\n\n<div style=\"height:50px\" aria-hidden=\"true\" class=\"theme-wp-block wp-block-spacer\"><\/div><div class=\"theme-wp-block wp-block-columns gb-responsive-608602-identifier is-layout-flex wp-container-core-columns-is-layout-9d6595d7 wp-block-columns-is-layout-flex\"><div class=\"theme-wp-block wp-block-column gb-responsive-696523-identifier is-layout-flow wp-block-column-is-layout-flow\" style=\"flex-basis:25%\"><figure class=\"theme-wp-block wp-block-image size-large is-resized gb-responsive-62921-identifier\"><img decoding=\"async\" src=\"https:\/\/d2bw95mh2ee04s.cloudfront.net\/prod\/content\/wp-content\/uploads\/2020\/12\/23142714\/outletsofadirect-logo.png\" alt=\"Framg\u00e5ngshistoria: Outlet Sofa Direct EN\" class=\"wp-image-5164\" width=\"250\" height=\"89\"><\/figure><p class=\"theme-wp-block gb-responsive-312552-identifier\"><strong><strong><strong>Grundande<\/strong><\/strong>:<\/strong><br>2005<\/p><p class=\"theme-wp-block gb-responsive-353708-identifier\"><strong><strong><strong>Bransch<\/strong><\/strong>:<\/strong><br>M\u00f6bler\/Vardagsrum-S\u00e4ngkl\u00e4der<\/p><p class=\"theme-wp-block gb-responsive-741269-identifier\"><strong><strong><strong>Artiklar p\u00e5 Amazon:\u00a0<\/strong>\u00a0<\/strong><\/strong><br>ungef\u00e4r 2 000 SKU:er<\/p><p class=\"theme-wp-block gb-responsive-218030-identifier\"><strong><strong><strong>Leveranser<\/strong><\/strong>:\u00a0<\/strong><br>ungef\u00e4r 8 000 \/ m\u00e5nad<\/p><\/div><div class=\"theme-wp-block wp-block-column gb-responsive-409151-identifier is-layout-flow wp-block-column-is-layout-flow\" style=\"flex-basis:50%\"><h3 class=\"theme-wp-block wp-block-heading gb-responsive-34353-identifier\" id=\"block-c06fce04-ef87-4ffc-a3d6-b768ba377d17\">Bakgrund:<\/h3><p class=\"theme-wp-block gb-responsive-710769-identifier\">Id\u00e9n till Outlet-Sofa Direct f\u00f6ddes n\u00e4r flera tillverkare som specialiserade sig p\u00e5 produktion av s\u00e4ngkl\u00e4der och v\u00e4lbefinnande gick samman f\u00f6r att erbjuda sina kunder m\u00f6jligheten till direkt tillg\u00e5ng till alla de artiklar som g\u00e5r genom fabriken och \u00e4r slut i lager, vilket ger konsumenten den b\u00e4sta kvaliteten till det ideala priset. \u00c5r 2005, som ett resultat av den oundvikliga digitala transformationen av m\u00f6belbranschen, tvekade f\u00f6retaget inte en enda sekund att satsa p\u00e5 onlinehandel.<\/p><h3 class=\"theme-wp-block wp-block-heading gb-responsive-182281-identifier\">Startl\u00e4ge:<\/h3><p class=\"theme-wp-block gb-responsive-548283-identifier\">P\u00e5 grund av e-handelsj\u00e4ttens solida och v\u00e4lk\u00e4nda rykte beslutade Outlet-Sofa-Direct 2015 att b\u00f6rja s\u00e4lja sina produkter p\u00e5 Amazon: &#8220;Att vilja ha stora m\u00e4ngder onlinef\u00f6rs\u00e4ljning och inte s\u00e4lja p\u00e5 Amazon \u00e4r ofta inte m\u00f6jligt idag,&#8221; s\u00e4ger Francesco, f\u00f6retagets Marketplace Manager.<\/p><p class=\"theme-wp-block gb-responsive-940523-identifier\">&#8220;Vi s\u00e4ljer f\u00f6r n\u00e4rvarande p\u00e5 flera marknadsplatser: eBay, Cdiscount, men f\u00f6rs\u00e4ljningen p\u00e5 Amazon och anv\u00e4ndningen av Amazon FBA-tj\u00e4nster har \u00f6kat v\u00e5r f\u00f6rs\u00e4ljning avsev\u00e4rt,&#8221; s\u00e4ger Francesco. &#8220;Sj\u00e4lvklart har allt sina f\u00f6rdelar och nackdelar och i fallet med Amazon FBA gjorde det faktum att f\u00f6rlora kontrollen \u00f6ver kundreturer mig medveten om att n\u00e5got var fel. Vissa av de data som tillhandah\u00f6lls av Amazon st\u00e4mde inte \u00f6verens med vad vi hade p\u00e5 v\u00e5r sida, men i de flesta fall litade jag helt enkelt p\u00e5 att Amazon skulle informera oss korrekt om felen; tyv\u00e4rr var detta inte fallet,&#8221; f\u00f6rklarar Francesco.<\/p><h3 class=\"theme-wp-block wp-block-heading gb-responsive-115756-identifier\">L\u00f6sning:<\/h3><p class=\"theme-wp-block gb-responsive-49178-identifier\">&#8220;\u00c4ven om jag f\u00f6rest\u00e4llde mig att det fanns fel i FBA-transaktionerna, var detta ett problem som vi hade lagt \u00e5t sidan eftersom det kr\u00e4ver enorm tid och anstr\u00e4ngning fr\u00e5n v\u00e5rt team. Men allt detta f\u00f6r\u00e4ndrades med det ov\u00e4ntade samtalet fr\u00e5n Monica, en teammedlem fr\u00e5n SELLERLOGIC. Hennes v\u00e4nlighet och professionalism \u00f6vertygade mig fr\u00e5n allra f\u00f6rsta b\u00f6rjan n\u00e4r hon f\u00f6rklarade allt snabbt och i detalj.&#8221;<\/p><div class=\"theme-block-group-wrap\"><div class=\"theme-wp-block wp-block-group gb-responsive-88118-identifier\">\t\t<div  class=\"theme-wp-block theme-block-user-card gb-responsive-799176-identifier is-style-full-width-line\">\n\t\t<div class=\"wrap-inner-content\">\n\t\t\t<div class=\"card-user-head\">\n\t\t\t\t<div class=\"card-user-avatar\">\n\t\t\t\t\t<div class=\"cover-avatar\" style=\"background-image: url(https:\/\/d2bw95mh2ee04s.cloudfront.net\/prod\/content\/wp-content\/uploads\/2020\/12\/23142714\/francesco_azzi-_raute.png);\"><\/div>\n\t\t\t\t<\/div>\n\t\t\t\t<div class=\"wrap-title\">\n\t\t\t\t\t<div class=\"card-user-name\">\n\t\t\t\t\t\t<div class=\"title\">\n\t\t\t\t\t\t\t<h3 class=\"heading-text\"><strong>Francesco Azzi<\/strong><\/h3>\n\t\t\t\t\t\t<\/div>\n\t\t\t\t\t\t<div class=\"card-user-position\">\n\t\t\t\t\t\t\t<div class=\"card-text\"><strong>Marketplace Manager<\/strong><\/div>\n\t\t\t\t\t\t<\/div>\n\t\t\t\t\t<\/div>\n\t\t\t\t\t<div class=\"card-user-quote-icon\">\n\t\t\t\t\t<\/div>\n\t\t\t\t<\/div>\n\t\t\t<\/div>\n\t\t\t<div class=\"card-user-text\">\n\t\t\t\t<div class=\"card-text\"><p>Produktens flexibilitet. Det finns ingen bindning och att betala endast f\u00f6r det du har blivit \u00e5terbetald \u00e4r en vinnande strategi.<\/p><\/div>\n\t\t\t<\/div>\n\t\t<\/div>\n\t<\/div>\n\n<\/div><\/div><h3 class=\"theme-wp-block wp-block-heading gb-responsive-595368-identifier\">Framg\u00e5ngsrika resultat med SELLERLOGIC:<\/h3><p class=\"theme-wp-block gb-responsive-514579-identifier\">&#8220;Med tanke p\u00e5 situationen vi befann oss i med v\u00e5r varuf\u00f6rs\u00f6rjning i FBA-lager, visste jag att det fanns en stor m\u00f6jlighet att volymen av fel skulle vara h\u00f6g, men i b\u00f6rjan trodde jag inte heller att det skulle spara oss s\u00e5 mycket pengar. Under loppet av 3 m\u00e5nader har anv\u00e4ndningen av Lost &#038; Found bevisat motsatsen, vi har redan \u00e5terf\u00e5tt 20 000 euro och vi \u00e4r helt \u00f6vertygade om att verktyget fungerar,&#8221; s\u00e4ger Francesco.<\/p><p class=\"theme-wp-block gb-responsive-750322-identifier\">&#8220;Monica guidade mig fr\u00e5n allra f\u00f6rsta b\u00f6rjan; under registreringsprocessen informerade hon mig om alla steg att f\u00f6lja n\u00e4r verktyget lanserades. Det \u00e4r ocks\u00e5 v\u00e4rt att n\u00e4mna att resten av SELLERLOGIC-teamet alltid har varit extremt tillg\u00e4ngligt och n\u00e4rvarande. \u00c4ven n\u00e4r de blir informerade om problem i sista minuten. Tack vare hela teamet och den intuitiva anv\u00e4ndningen av verktyget har inte bara hanteringen av \u00e4renden sparat oss mycket tid, utan det har ocks\u00e5 hj\u00e4lpt oss att \u00e5terf\u00e5 de pengar vi hade r\u00e4tt till.&#8221;<\/p><div class=\"theme-wp-block wp-block-buttons gb-responsive-497426-identifier is-layout-flex wp-block-buttons-is-layout-flex\"><div class=\"theme-wp-block wp-block-button gb-responsive-38220-identifier is-style-theme-transparent-with-arrow\"><a class=\"wp-block-button__link wp-element-button\" href=\"https:\/\/d2bw95mh2ee04s.cloudfront.net\/prod\/content\/files\/SUCCESS-STORIES\/EN\/SELLERLOGIC_Success-Story_Outlet-Sofa-Direct_EN.pdf\" target=\"_blank\" rel=\"noreferrer noopener nofollow\">Ladda ner nu!<\/a><\/div><\/div><\/div><div class=\"theme-wp-block wp-block-column gb-responsive-276018-identifier is-layout-flow wp-block-column-is-layout-flow\" style=\"flex-basis:25%\"><\/div><\/div><p class=\"theme-wp-block gb-responsive-437508-identifier\"><\/p>","protected":false},"excerpt":{"rendered":"<p>Grundande:2005 Bransch:M\u00f6bler\/Vardagsrum-S\u00e4ngkl\u00e4der Artiklar p\u00e5 Amazon:\u00a0\u00a0ungef\u00e4r 2 000 SKU:er Leveranser:\u00a0ungef\u00e4r 8 000 \/ m\u00e5nad Bakgrund: Id\u00e9n till Outlet-Sofa Direct f\u00f6ddes n\u00e4r flera tillverkare som specialiserade sig p\u00e5 produktion av s\u00e4ngkl\u00e4der och v\u00e4lbefinnande gick samman f\u00f6r att erbjuda sina kunder m\u00f6jligheten till direkt tillg\u00e5ng till alla de artiklar som g\u00e5r genom fabriken och \u00e4r slut i lager,<\/p>\n","protected":false},"author":8,"featured_media":0,"parent":106761,"menu_order":0,"comment_status":"closed","ping_status":"closed","template":"","meta":{"sidebar_recommended_resources":{"data":[]},"sidebar_header_settings":{"hide_buttons":{"register":false}},"_use_new_theme":false,"inline_featured_image":false,"footnotes":""},"class_list":["post-106716","page","type-page","status-publish","hentry"],"yoast_head":"<!-- This site is optimized with the Yoast SEO plugin v26.8 - https:\/\/yoast.com\/product\/yoast-seo-wordpress\/ -->\n<title>SELLERLOGIC - Framg\u00e5ngshistoria: Outlet-Sofa Direct<\/title>\n<meta name=\"description\" content=\"SELLERLOGIC Lost &amp; Found har helt \u00f6vertygat Outlet-Sofa Direct - Ett samtal v\u00e4rt 20 000 euro! L\u00e4s v\u00e5r framg\u00e5ngshistoria nu!\" \/>\n<meta name=\"robots\" content=\"index, follow, max-snippet:-1, max-image-preview:large, max-video-preview:-1\" \/>\n<link rel=\"canonical\" href=\"https:\/\/www.sellerlogic.com\/sv\/resources\/success-story-outlet-sofa-direct\/\" \/>\n<meta property=\"og:locale\" content=\"sv_SE\" \/>\n<meta property=\"og:type\" content=\"article\" \/>\n<meta property=\"og:title\" content=\"SELLERLOGIC - Framg\u00e5ngshistoria: Outlet-Sofa Direct\" \/>\n<meta property=\"og:description\" content=\"SELLERLOGIC Lost &amp; Found har helt \u00f6vertygat Outlet-Sofa Direct - Ett samtal v\u00e4rt 20 000 euro! L\u00e4s v\u00e5r framg\u00e5ngshistoria nu!\" \/>\n<meta property=\"og:url\" content=\"https:\/\/www.sellerlogic.com\/sv\/resources\/success-story-outlet-sofa-direct\/\" \/>\n<meta property=\"og:site_name\" content=\"SELLERLOGIC - Smarte Tools f\u00fcr Amazon-Seller\" \/>\n<meta property=\"article:publisher\" content=\"https:\/\/www.facebook.com\/SellerLogic\/\" \/>\n<meta property=\"article:modified_time\" content=\"2025-08-09T14:20:50+00:00\" \/>\n<meta property=\"og:image\" content=\"https:\/\/www.sellerlogic.com\/wp-content\/uploads\/2020\/12\/outletsofadirect-logo.png\" \/>\n<meta name=\"twitter:card\" content=\"summary_large_image\" \/>\n<meta name=\"twitter:site\" content=\"@sellerlogic\" \/>\n<meta name=\"twitter:label1\" content=\"Est. reading time\" \/>\n\t<meta name=\"twitter:data1\" content=\"3 minutes\" \/>\n<script type=\"application\/ld+json\" class=\"yoast-schema-graph\">{\"@context\":\"https:\/\/schema.org\",\"@graph\":[{\"@type\":\"WebPage\",\"@id\":\"https:\/\/www.sellerlogic.com\/sv\/resources\/success-story-outlet-sofa-direct\/\",\"url\":\"https:\/\/www.sellerlogic.com\/sv\/resources\/success-story-outlet-sofa-direct\/\",\"name\":\"SELLERLOGIC - Framg\u00e5ngshistoria: Outlet-Sofa Direct\",\"isPartOf\":{\"@id\":\"https:\/\/www.sellerlogic.com\/sv\/#website\"},\"primaryImageOfPage\":{\"@id\":\"https:\/\/www.sellerlogic.com\/sv\/resources\/success-story-outlet-sofa-direct\/#primaryimage\"},\"image\":{\"@id\":\"https:\/\/www.sellerlogic.com\/sv\/resources\/success-story-outlet-sofa-direct\/#primaryimage\"},\"thumbnailUrl\":\"https:\/\/www.sellerlogic.com\/wp-content\/uploads\/2020\/12\/outletsofadirect-logo.png\",\"datePublished\":\"2020-12-18T11:33:09+00:00\",\"dateModified\":\"2025-08-09T14:20:50+00:00\",\"description\":\"SELLERLOGIC Lost & Found har helt \u00f6vertygat Outlet-Sofa Direct - Ett samtal v\u00e4rt 20 000 euro! L\u00e4s v\u00e5r framg\u00e5ngshistoria nu!\",\"breadcrumb\":{\"@id\":\"https:\/\/www.sellerlogic.com\/sv\/resources\/success-story-outlet-sofa-direct\/#breadcrumb\"},\"inLanguage\":\"sv-SE\",\"potentialAction\":[{\"@type\":\"ReadAction\",\"target\":[\"https:\/\/www.sellerlogic.com\/sv\/resources\/success-story-outlet-sofa-direct\/\"]}]},{\"@type\":\"ImageObject\",\"inLanguage\":\"sv-SE\",\"@id\":\"https:\/\/www.sellerlogic.com\/sv\/resources\/success-story-outlet-sofa-direct\/#primaryimage\",\"url\":\"https:\/\/www.sellerlogic.com\/wp-content\/uploads\/2020\/12\/outletsofadirect-logo.png\",\"contentUrl\":\"https:\/\/www.sellerlogic.com\/wp-content\/uploads\/2020\/12\/outletsofadirect-logo.png\"},{\"@type\":\"BreadcrumbList\",\"@id\":\"https:\/\/www.sellerlogic.com\/sv\/resources\/success-story-outlet-sofa-direct\/#breadcrumb\",\"itemListElement\":[{\"@type\":\"ListItem\",\"position\":1,\"name\":\"Home\",\"item\":\"https:\/\/www.sellerlogic.com\/sv\/\"},{\"@type\":\"ListItem\",\"position\":2,\"name\":\"Ressurser EN\",\"item\":\"https:\/\/www.sellerlogic.com\/sv\/resources\/\"},{\"@type\":\"ListItem\",\"position\":3,\"name\":\"Framg\u00e5ngshistoria: Outlet Sofa Direct EN\"}]},{\"@type\":\"WebSite\",\"@id\":\"https:\/\/www.sellerlogic.com\/sv\/#website\",\"url\":\"https:\/\/www.sellerlogic.com\/sv\/\",\"name\":\"SELLERLOGIC - Smarte Tools f\u00fcr Amazon-Seller\",\"description\":\"Intelligente Prozessoptimierung und Gewinnmaximierung\",\"publisher\":{\"@id\":\"https:\/\/www.sellerlogic.com\/sv\/#organization\"},\"potentialAction\":[{\"@type\":\"SearchAction\",\"target\":{\"@type\":\"EntryPoint\",\"urlTemplate\":\"https:\/\/www.sellerlogic.com\/sv\/?s={search_term_string}\"},\"query-input\":{\"@type\":\"PropertyValueSpecification\",\"valueRequired\":true,\"valueName\":\"search_term_string\"}}],\"inLanguage\":\"sv-SE\"},{\"@type\":\"Organization\",\"@id\":\"https:\/\/www.sellerlogic.com\/sv\/#organization\",\"name\":\"SELLERLOGIC\",\"url\":\"https:\/\/www.sellerlogic.com\/sv\/\",\"logo\":{\"@type\":\"ImageObject\",\"inLanguage\":\"sv-SE\",\"@id\":\"https:\/\/www.sellerlogic.com\/sv\/#\/schema\/logo\/image\/\",\"url\":\"https:\/\/d2bw95mh2ee04s.cloudfront.net\/prod\/content\/wp-content\/uploads\/2025\/01\/02134814\/Property-Logo-Main.svg\",\"contentUrl\":\"https:\/\/d2bw95mh2ee04s.cloudfront.net\/prod\/content\/wp-content\/uploads\/2025\/01\/02134814\/Property-Logo-Main.svg\",\"width\":184,\"height\":40,\"caption\":\"SELLERLOGIC\"},\"image\":{\"@id\":\"https:\/\/www.sellerlogic.com\/sv\/#\/schema\/logo\/image\/\"},\"sameAs\":[\"https:\/\/www.facebook.com\/SellerLogic\/\",\"https:\/\/x.com\/sellerlogic\",\"https:\/\/www.instagram.com\/sellerlogic\/\",\"https:\/\/www.linkedin.com\/company\/18402037\/\",\"https:\/\/www.youtube.com\/channel\/UC-gULUur-fNj08sprantKsQ\"]}]}<\/script>\n<!-- \/ Yoast SEO plugin. -->","yoast_head_json":{"title":"SELLERLOGIC - Framg\u00e5ngshistoria: Outlet-Sofa Direct","description":"SELLERLOGIC Lost & Found har helt \u00f6vertygat Outlet-Sofa Direct - Ett samtal v\u00e4rt 20 000 euro! L\u00e4s v\u00e5r framg\u00e5ngshistoria nu!","robots":{"index":"index","follow":"follow","max-snippet":"max-snippet:-1","max-image-preview":"max-image-preview:large","max-video-preview":"max-video-preview:-1"},"canonical":"https:\/\/www.sellerlogic.com\/sv\/resources\/success-story-outlet-sofa-direct\/","og_locale":"sv_SE","og_type":"article","og_title":"SELLERLOGIC - Framg\u00e5ngshistoria: Outlet-Sofa Direct","og_description":"SELLERLOGIC Lost & Found har helt \u00f6vertygat Outlet-Sofa Direct - Ett samtal v\u00e4rt 20 000 euro! L\u00e4s v\u00e5r framg\u00e5ngshistoria nu!","og_url":"https:\/\/www.sellerlogic.com\/sv\/resources\/success-story-outlet-sofa-direct\/","og_site_name":"SELLERLOGIC - Smarte Tools f\u00fcr Amazon-Seller","article_publisher":"https:\/\/www.facebook.com\/SellerLogic\/","article_modified_time":"2025-08-09T14:20:50+00:00","og_image":[{"url":"https:\/\/www.sellerlogic.com\/wp-content\/uploads\/2020\/12\/outletsofadirect-logo.png","type":"","width":"","height":""}],"twitter_card":"summary_large_image","twitter_site":"@sellerlogic","twitter_misc":{"Est. reading time":"3 minutes"},"schema":{"@context":"https:\/\/schema.org","@graph":[{"@type":"WebPage","@id":"https:\/\/www.sellerlogic.com\/sv\/resources\/success-story-outlet-sofa-direct\/","url":"https:\/\/www.sellerlogic.com\/sv\/resources\/success-story-outlet-sofa-direct\/","name":"SELLERLOGIC - Framg\u00e5ngshistoria: Outlet-Sofa Direct","isPartOf":{"@id":"https:\/\/www.sellerlogic.com\/sv\/#website"},"primaryImageOfPage":{"@id":"https:\/\/www.sellerlogic.com\/sv\/resources\/success-story-outlet-sofa-direct\/#primaryimage"},"image":{"@id":"https:\/\/www.sellerlogic.com\/sv\/resources\/success-story-outlet-sofa-direct\/#primaryimage"},"thumbnailUrl":"https:\/\/www.sellerlogic.com\/wp-content\/uploads\/2020\/12\/outletsofadirect-logo.png","datePublished":"2020-12-18T11:33:09+00:00","dateModified":"2025-08-09T14:20:50+00:00","description":"SELLERLOGIC Lost & Found har helt \u00f6vertygat Outlet-Sofa Direct - Ett samtal v\u00e4rt 20 000 euro! L\u00e4s v\u00e5r framg\u00e5ngshistoria nu!","breadcrumb":{"@id":"https:\/\/www.sellerlogic.com\/sv\/resources\/success-story-outlet-sofa-direct\/#breadcrumb"},"inLanguage":"sv-SE","potentialAction":[{"@type":"ReadAction","target":["https:\/\/www.sellerlogic.com\/sv\/resources\/success-story-outlet-sofa-direct\/"]}]},{"@type":"ImageObject","inLanguage":"sv-SE","@id":"https:\/\/www.sellerlogic.com\/sv\/resources\/success-story-outlet-sofa-direct\/#primaryimage","url":"https:\/\/www.sellerlogic.com\/wp-content\/uploads\/2020\/12\/outletsofadirect-logo.png","contentUrl":"https:\/\/www.sellerlogic.com\/wp-content\/uploads\/2020\/12\/outletsofadirect-logo.png"},{"@type":"BreadcrumbList","@id":"https:\/\/www.sellerlogic.com\/sv\/resources\/success-story-outlet-sofa-direct\/#breadcrumb","itemListElement":[{"@type":"ListItem","position":1,"name":"Home","item":"https:\/\/www.sellerlogic.com\/sv\/"},{"@type":"ListItem","position":2,"name":"Ressurser EN","item":"https:\/\/www.sellerlogic.com\/sv\/resources\/"},{"@type":"ListItem","position":3,"name":"Framg\u00e5ngshistoria: Outlet Sofa Direct EN"}]},{"@type":"WebSite","@id":"https:\/\/www.sellerlogic.com\/sv\/#website","url":"https:\/\/www.sellerlogic.com\/sv\/","name":"SELLERLOGIC - Smarte Tools f\u00fcr Amazon-Seller","description":"Intelligente Prozessoptimierung und Gewinnmaximierung","publisher":{"@id":"https:\/\/www.sellerlogic.com\/sv\/#organization"},"potentialAction":[{"@type":"SearchAction","target":{"@type":"EntryPoint","urlTemplate":"https:\/\/www.sellerlogic.com\/sv\/?s={search_term_string}"},"query-input":{"@type":"PropertyValueSpecification","valueRequired":true,"valueName":"search_term_string"}}],"inLanguage":"sv-SE"},{"@type":"Organization","@id":"https:\/\/www.sellerlogic.com\/sv\/#organization","name":"SELLERLOGIC","url":"https:\/\/www.sellerlogic.com\/sv\/","logo":{"@type":"ImageObject","inLanguage":"sv-SE","@id":"https:\/\/www.sellerlogic.com\/sv\/#\/schema\/logo\/image\/","url":"https:\/\/d2bw95mh2ee04s.cloudfront.net\/prod\/content\/wp-content\/uploads\/2025\/01\/02134814\/Property-Logo-Main.svg","contentUrl":"https:\/\/d2bw95mh2ee04s.cloudfront.net\/prod\/content\/wp-content\/uploads\/2025\/01\/02134814\/Property-Logo-Main.svg","width":184,"height":40,"caption":"SELLERLOGIC"},"image":{"@id":"https:\/\/www.sellerlogic.com\/sv\/#\/schema\/logo\/image\/"},"sameAs":["https:\/\/www.facebook.com\/SellerLogic\/","https:\/\/x.com\/sellerlogic","https:\/\/www.instagram.com\/sellerlogic\/","https:\/\/www.linkedin.com\/company\/18402037\/","https:\/\/www.youtube.com\/channel\/UC-gULUur-fNj08sprantKsQ"]}]}},"_links":{"self":[{"href":"https:\/\/www.sellerlogic.com\/sv\/wp-json\/wp\/v2\/pages\/106716","targetHints":{"allow":["GET"]}}],"collection":[{"href":"https:\/\/www.sellerlogic.com\/sv\/wp-json\/wp\/v2\/pages"}],"about":[{"href":"https:\/\/www.sellerlogic.com\/sv\/wp-json\/wp\/v2\/types\/page"}],"author":[{"embeddable":true,"href":"https:\/\/www.sellerlogic.com\/sv\/wp-json\/wp\/v2\/users\/8"}],"replies":[{"embeddable":true,"href":"https:\/\/www.sellerlogic.com\/sv\/wp-json\/wp\/v2\/comments?post=106716"}],"version-history":[{"count":0,"href":"https:\/\/www.sellerlogic.com\/sv\/wp-json\/wp\/v2\/pages\/106716\/revisions"}],"up":[{"embeddable":true,"href":"https:\/\/www.sellerlogic.com\/sv\/wp-json\/wp\/v2\/pages\/106761"}],"wp:attachment":[{"href":"https:\/\/www.sellerlogic.com\/sv\/wp-json\/wp\/v2\/media?parent=106716"}],"curies":[{"name":"wp","href":"https:\/\/api.w.org\/{rel}","templated":true}]}}