
{"id":106764,"date":"2020-12-22T10:05:12","date_gmt":"2020-12-22T10:05:12","guid":{"rendered":"https:\/\/127.0.0.1\/resources\/success-story-dadaro\/"},"modified":"2025-08-09T15:01:48","modified_gmt":"2025-08-09T15:01:48","slug":"success-story-dadaro","status":"publish","type":"page","link":"https:\/\/www.sellerlogic.com\/sv\/resources\/success-story-dadaro\/","title":{"rendered":"Success Story: Dadaro EN"},"content":{"rendered":"\n\t<div  class=\"theme-wp-block theme-block-main-header is-style-full-height desktop-align-full xl-align-full lg-align-full md-align-full sm-align-full desktop-content-align-y-center desktop-content-align-x-center xl-content-align-y-center xl-content-align-x-center lg-content-align-y-center lg-content-align-x-center md-content-align-y-center md-content-align-x-center sm-content-align-y-center sm-content-align-x-center gb-responsive-439567-identifier theme-block-cover\">\n\t\t<div class=\"bg-cover theme-lazy-load-bg\"><\/div>\n\t\t<div class=\"wrap-content-main-header\">\n\t\t\t\t\t<div  class=\"theme-wp-block theme-block-text-and-text desktop-align-wide xl-align-wide lg-align-wide md-align-wide sm-align-wide gb-responsive-511761-identifier desktop-blockDirection-column xl-blockDirection-column lg-blockDirection-column md-blockDirection-column sm-blockDirection-column\">\n\t\t<div class=\"tat-column-wrap-wrapper\">\n\t\t\t<div class=\"tat-column-wrapper\">\n\t\t\t\t\t<div  class=\"theme-wp-block theme-block-text-and-text-column gb-responsive-24925-identifier desktop-horizontal-center xl-horizontal-center lg-horizontal-center md-horizontal-center sm-horizontal-center\">\n\t\t<div class=\"inner-wrap-column-content\">\n\t\t\t<div class=\"inner-column-content\">\n\t\t\t\t\t\t<h1  class=\"theme-wp-block theme-block-heading gb-responsive-62496-identifier desktop-text-center xl-text-center lg-text-center md-text-center sm-text-center desktop-gb-has-no-icon xl-gb-has-no-icon lg-gb-has-no-icon md-gb-has-no-icon sm-gb-has-no-icon\">\n\t\tVarf\u00f6r en v\u00e4rldsomsp\u00e4nnande pandemi inte p\u00e5verkar Dadaro\t<\/h1>\n\n\t\t\t<\/div>\n\t\t<\/div>\n\t<\/div>\n\t<div  class=\"theme-wp-block theme-block-text-and-text-column gb-responsive-195365-identifier\">\n\t\t<div class=\"inner-wrap-column-content\">\n\t\t\t<div class=\"inner-column-content\">\n\t\t\t\t\t\t\t<\/div>\n\t\t<\/div>\n\t<\/div>\n\t\t\t<\/div>\n\t\t<\/div>\n\t<\/div>\n\n\t\t<\/div>\n\t<\/div>\n\n<div style=\"height:50px\" aria-hidden=\"true\" class=\"theme-wp-block wp-block-spacer\"><\/div><div class=\"theme-wp-block wp-block-columns gb-responsive-586014-identifier is-layout-flex wp-container-core-columns-is-layout-9d6595d7 wp-block-columns-is-layout-flex\"><div class=\"theme-wp-block wp-block-column gb-responsive-33587-identifier is-layout-flow wp-block-column-is-layout-flow\" style=\"flex-basis:25%\"><figure class=\"theme-wp-block wp-block-image size-large is-resized gb-responsive-62921-identifier\"><img decoding=\"async\" src=\"https:\/\/d2bw95mh2ee04s.cloudfront.net\/prod\/content\/wp-content\/uploads\/2020\/12\/23142718\/logo-monde-petit.png\" alt=\"Framg\u00e5ngshistoria: Dadaro SV\" class=\"wp-image-5012\" width=\"300\" height=\"264\" srcset=\"https:\/\/d2bw95mh2ee04s.cloudfront.net\/prod\/content\/wp-content\/uploads\/2020\/12\/23142718\/logo-monde-petit-407x358.png 407w, https:\/\/d2bw95mh2ee04s.cloudfront.net\/prod\/content\/wp-content\/uploads\/2020\/12\/23142718\/logo-monde-petit.png 600w\" sizes=\"(max-width: 300px) 100vw, 300px\" \/><\/figure><p class=\"theme-wp-block gb-responsive-263243-identifier\"><strong>Grundande:<\/strong><br>2004<\/p><p class=\"theme-wp-block gb-responsive-412647-identifier\"><strong>Bransch:<\/strong><br>Smycken och \u00e4delmetaller<\/p><p class=\"theme-wp-block gb-responsive-679138-identifier\"><strong>Objekt p\u00e5 Amazon:\u00a0<\/strong><br>ca 1.600 SKUs<\/p><p class=\"theme-wp-block gb-responsive-236096-identifier\"><strong>Frakt:<\/strong><br>ca 700 per m\u00e5nad<\/p><\/div><div class=\"theme-wp-block wp-block-column gb-responsive-980941-identifier is-layout-flow wp-block-column-is-layout-flow\" style=\"flex-basis:50%\"><h3 class=\"theme-wp-block wp-block-heading gb-responsive-34353-identifier\" id=\"block-c06fce04-ef87-4ffc-a3d6-b768ba377d17\">Bakgrund:<\/h3><p class=\"theme-wp-block gb-responsive-414178-identifier desktop-gb-has-no-icon xl-gb-has-no-icon lg-gb-has-no-icon md-gb-has-no-icon sm-gb-has-no-icon\">\u00c5r 2008 s\u00e5g familjef\u00f6retaget \u2013 grundat 2004 och specialiserat p\u00e5 tillverkning, ink\u00f6p och f\u00f6rs\u00e4ljning av smycken \u2013 hur den traditionella grossistkanalen l\u00e5ngsamt kom till ett slut. P\u00e5 grund av den ekonomiska krisen och den stigande guldpriserna minskade efterfr\u00e5gan p\u00e5 ink\u00f6p av smycken, vilket negativt p\u00e5verkade deras f\u00f6rs\u00e4ljning. Vid denna tidpunkt hade Luis G\u00f3mez, VD f\u00f6r Dadaro, ingen tvekan om att f\u00f6r att r\u00e4dda familjef\u00f6retaget var han tvungen att g\u00f6ra ett spr\u00e5ng in i onlinef\u00f6rs\u00e4ljning.<\/p><h3 class=\"theme-wp-block wp-block-heading gb-responsive-846776-identifier desktop-gb-has-no-icon xl-gb-has-no-icon lg-gb-has-no-icon md-gb-has-no-icon sm-gb-has-no-icon\">B\u00f6rja:<\/h3><p class=\"theme-wp-block gb-responsive-166194-identifier desktop-gb-has-no-icon xl-gb-has-no-icon lg-gb-has-no-icon md-gb-has-no-icon sm-gb-has-no-icon\">Efter att ha skapat smyckes-e-handelsbutiken MondePetit beslutade Luis att bli en Amazon-s\u00e4ljare 2015. F\u00f6r Dadaro, hans aktiva Amazon-butik i Spanien, ins\u00e5g han omedelbart m\u00f6jligheterna som Marketplace erbj\u00f6d honom n\u00e4r det g\u00e4llde att s\u00e4lja sina produkter internationellt. \u00c5r 2017 b\u00f6rjade han arbeta med Amazon FBA-tj\u00e4nsterna och tog d\u00e4rmed familjef\u00f6retaget till en internationell niv\u00e5, med f\u00f6rs\u00e4ljning p\u00e5 marknader som Italien, Tyskland, Frankrike och Storbritannien.<\/p><p class=\"theme-wp-block gb-responsive-6809-identifier\">&#8220;Att anv\u00e4nda Amazons FBA-tj\u00e4nster och multikanallogistik genom v\u00e5r webbplats har haft en stor p\u00e5verkan p\u00e5 v\u00e5rt f\u00f6retag,&#8221; bekr\u00e4ftar Luis. &#8220;Fr\u00e5n ett kundserviceperspektiv har det hj\u00e4lpt oss mycket, eftersom Amazon hanterar kundf\u00f6rfr\u00e5gningar direkt. \u00c5 andra sidan var jag medveten om att \u2013 med den m\u00e4ngd transaktioner vi hanterar \u2013 det fanns varor som skulle g\u00e5 f\u00f6rlorade i deras logistikcentra&#8221;.<\/p><h3 class=\"theme-wp-block wp-block-heading gb-responsive-826598-identifier\">L\u00f6sning:<\/h3><p class=\"theme-wp-block gb-responsive-981559-identifier desktop-gb-has-no-icon xl-gb-has-no-icon lg-gb-has-no-icon md-gb-has-no-icon sm-gb-has-no-icon\">Under tider av strikta nedst\u00e4ngnings\u00e5tg\u00e4rder i Spanien, f\u00f6ljde Luis noga de erbjudanden som d\u00f6k upp i hans inkorg. S\u00e5 kom han \u00f6ver ett e-postmeddelande han f\u00e5tt fr\u00e5n VGAMZ, den f\u00f6rsta marknadsplatskonsultbyr\u00e5n i Spanien, specialiserad p\u00e5 Amazon: &#8220;E-postmeddelandet f\u00e5ngade min uppm\u00e4rksamhet och eftersom jag r\u00e5kade ha lite tid \u00f6ver, best\u00e4mde jag mig f\u00f6r att lyssna p\u00e5 VGAMZ-podden. Det var ocks\u00e5 s\u00e5 jag hittade deras Youtube-kanal, d\u00e4r jag s\u00e5g videotutorials om Lost &#038; Found-verktyget, och h\u00e4r uppt\u00e4ckte jag SELLERLOGIC!&#8221; f\u00f6rklarar Luis. &#8220;Jag sa genast till mig sj\u00e4lv, det h\u00e4r \u00e4r precis vad jag beh\u00f6ver just nu. Jag skrev ner det, och inom n\u00e5gra dagar skapade jag mitt konto p\u00e5 SELLERLOGIC&#8221;.<\/p><div class=\"theme-block-group-wrap\"><div class=\"theme-wp-block wp-block-group gb-responsive-88118-identifier\">\t\t<div  class=\"theme-wp-block theme-block-user-card gb-responsive-799176-identifier is-style-full-width-line\">\n\t\t<div class=\"wrap-inner-content\">\n\t\t\t<div class=\"card-user-head\">\n\t\t\t\t<div class=\"card-user-avatar\">\n\t\t\t\t\t<div class=\"cover-avatar\" style=\"background-image: url(https:\/\/d2bw95mh2ee04s.cloudfront.net\/prod\/content\/wp-content\/uploads\/2020\/12\/23142718\/luis-gomez_raute.png);\"><\/div>\n\t\t\t\t<\/div>\n\t\t\t\t<div class=\"wrap-title\">\n\t\t\t\t\t<div class=\"card-user-name\">\n\t\t\t\t\t\t<div class=\"title\">\n\t\t\t\t\t\t\t<h3 class=\"heading-text\"><strong>Luis G\u00f3mez<\/strong><\/h3>\n\t\t\t\t\t\t<\/div>\n\t\t\t\t\t\t<div class=\"card-user-position\">\n\t\t\t\t\t\t\t<div class=\"card-text\"><strong>VD p\u00e5 Dadaro<\/strong><\/div>\n\t\t\t\t\t\t<\/div>\n\t\t\t\t\t<\/div>\n\t\t\t\t\t<div class=\"card-user-quote-icon\">\n\t\t\t\t\t<\/div>\n\t\t\t\t<\/div>\n\t\t\t<\/div>\n\t\t\t<div class=\"card-user-text\">\n\t\t\t\t<div class=\"card-text\"><p>\u201cF\u00f6retag har inget att f\u00f6rlora p\u00e5 att anv\u00e4nda det h\u00e4r verktyget, jag rekommenderar det till alla typer av Amazon-s\u00e4ljare.\u201c<\/p><p><\/p><\/div>\n\t\t\t<\/div>\n\t\t<\/div>\n\t<\/div>\n\n<\/div><\/div><h3 class=\"theme-wp-block wp-block-heading gb-responsive-727373-identifier desktop-gb-has-no-icon xl-gb-has-no-icon lg-gb-has-no-icon md-gb-has-no-icon sm-gb-has-no-icon\">Framg\u00e5ngsrika resultat med SELLERLOGIC:<\/h3><p class=\"theme-wp-block gb-responsive-306957-identifier\">Allt var snabbt och enkelt fr\u00e5n b\u00f6rjan utan att ens beh\u00f6va beg\u00e4ra hj\u00e4lp fr\u00e5n SELLERLOGIC kundserviceteam, s\u00e4ger Luis. &#8220;Registreringsprocessen var enkel och implementeringen av verktyget \u00e4r mycket enkel. P\u00e5 mycket kort tid b\u00f6rjade de f\u00f6rsta \u00e5terbetalningsfallen dyka upp. Jag kunde inte tro det n\u00e4r jag s\u00e5g att det fanns 117 fall.&#8221;<\/p><p class=\"theme-wp-block gb-responsive-412864-identifier\">&#8220;Det faktum att jag har automatiserat hela processen f\u00f6r att sp\u00e5ra och rapportera FBA-transaktionerna har varit mycket anv\u00e4ndbart, s\u00e4rskilt i de tider vi lever i just nu. Att kopiera och klistra in informationen f\u00f6r att rapportera mina kravfall till Amazon har aldrig varit s\u00e5 enkelt!&#8221;<\/p><p class=\"theme-wp-block gb-responsive-741970-identifier\">&#8220;Utan SELLERLOGIC skulle jag inte ha kunnat f\u00e5 denna \u00e5terbetalning p\u00e5 3886,91 \u20ac. Just nu, p\u00e5 grund av den aktuella situationen, med arbetsbelastningen och alla f\u00f6r\u00e4ndringar som st\u00e4ndigt sker p\u00e5 Amazon, skulle det ha varit om\u00f6jligt f\u00f6r mig att ta hand om detta \u00e4rende,&#8221; f\u00f6rklarar Luis. &#8220;I dessa tider av Coronavirus har SELLERLOGIC varit en riktig g\u00e5va, jag hoppas att jag kan forts\u00e4tta anv\u00e4nda det l\u00e4nge.&#8221;<\/p><div class=\"theme-wp-block wp-block-buttons gb-responsive-497426-identifier is-layout-flex wp-block-buttons-is-layout-flex\"><div class=\"theme-wp-block wp-block-button gb-responsive-38220-identifier is-style-theme-transparent-with-arrow\"><a class=\"wp-block-button__link wp-element-button\" href=\"https:\/\/d2bw95mh2ee04s.cloudfront.net\/prod\/content\/files\/SUCCESS-STORIES\/SV\/SELLERLOGIC_SN_Success-Story_Dadaro_SV.pdf\" target=\"_blank\" rel=\"noreferrer noopener nofollow\">Ladda ner nu!<\/a><\/div><\/div><\/div><div class=\"theme-wp-block wp-block-column gb-responsive-405774-identifier is-layout-flow wp-block-column-is-layout-flow\" style=\"flex-basis:25%\"><\/div><\/div><p class=\"theme-wp-block gb-responsive-527070-identifier\"><\/p>","protected":false},"excerpt":{"rendered":"<p>Grundande:2004 Bransch:Smycken och \u00e4delmetaller Objekt p\u00e5 Amazon:\u00a0ca 1.600 SKUs Frakt:ca 700 per m\u00e5nad Bakgrund: \u00c5r 2008 s\u00e5g familjef\u00f6retaget \u2013 grundat 2004 och specialiserat p\u00e5 tillverkning, ink\u00f6p och f\u00f6rs\u00e4ljning av smycken \u2013 hur den traditionella grossistkanalen l\u00e5ngsamt kom till ett slut. P\u00e5 grund av den ekonomiska krisen och den stigande guldpriserna minskade efterfr\u00e5gan p\u00e5 ink\u00f6p av<\/p>\n","protected":false},"author":3,"featured_media":0,"parent":106761,"menu_order":0,"comment_status":"closed","ping_status":"closed","template":"","meta":{"sidebar_recommended_resources":{"data":[]},"sidebar_header_settings":{"hide_buttons":{"register":false}},"_use_new_theme":false,"inline_featured_image":false,"footnotes":""},"class_list":["post-106764","page","type-page","status-publish","hentry"],"yoast_head":"<!-- This site is optimized with the Yoast SEO plugin v26.8 - https:\/\/yoast.com\/product\/yoast-seo-wordpress\/ -->\n<title>Hur Lost &amp; Found hj\u00e4lpte Dadaro genom Corona-krisen | SELLERLOGIC<\/title>\n<meta name=\"description\" content=\"F\u00f6r m\u00e5nga s\u00e4ljare var 2020 ett sv\u00e5rt \u00e5r. Ta reda p\u00e5 hur Dadaro anv\u00e4nde Lost &amp; Found-verktyget f\u00f6r att hantera krisen. L\u00e4s det nu!\" \/>\n<meta name=\"robots\" content=\"index, follow, max-snippet:-1, max-image-preview:large, max-video-preview:-1\" \/>\n<link rel=\"canonical\" href=\"https:\/\/www.sellerlogic.com\/sv\/resources\/success-story-dadaro\/\" \/>\n<meta property=\"og:locale\" content=\"sv_SE\" \/>\n<meta property=\"og:type\" content=\"article\" \/>\n<meta property=\"og:title\" content=\"Hur Lost &amp; Found hj\u00e4lpte Dadaro genom Corona-krisen | SELLERLOGIC\" \/>\n<meta property=\"og:description\" content=\"F\u00f6r m\u00e5nga s\u00e4ljare var 2020 ett sv\u00e5rt \u00e5r. Ta reda p\u00e5 hur Dadaro anv\u00e4nde Lost &amp; Found-verktyget f\u00f6r att hantera krisen. L\u00e4s det nu!\" \/>\n<meta property=\"og:url\" content=\"https:\/\/www.sellerlogic.com\/sv\/resources\/success-story-dadaro\/\" \/>\n<meta property=\"og:site_name\" content=\"SELLERLOGIC - Smarte Tools f\u00fcr Amazon-Seller\" \/>\n<meta property=\"article:publisher\" content=\"https:\/\/www.facebook.com\/SellerLogic\/\" \/>\n<meta property=\"article:modified_time\" content=\"2025-08-09T15:01:48+00:00\" \/>\n<meta property=\"og:image\" content=\"https:\/\/www.sellerlogic.com\/wp-content\/uploads\/2020\/12\/logo-monde-petit.png\" \/>\n<meta name=\"twitter:card\" content=\"summary_large_image\" \/>\n<meta name=\"twitter:site\" content=\"@sellerlogic\" \/>\n<meta name=\"twitter:label1\" content=\"Est. reading time\" \/>\n\t<meta name=\"twitter:data1\" content=\"3 minutes\" \/>\n<script type=\"application\/ld+json\" class=\"yoast-schema-graph\">{\"@context\":\"https:\/\/schema.org\",\"@graph\":[{\"@type\":\"WebPage\",\"@id\":\"https:\/\/www.sellerlogic.com\/sv\/resources\/success-story-dadaro\/\",\"url\":\"https:\/\/www.sellerlogic.com\/sv\/resources\/success-story-dadaro\/\",\"name\":\"Hur Lost & Found hj\u00e4lpte Dadaro genom Corona-krisen | SELLERLOGIC\",\"isPartOf\":{\"@id\":\"https:\/\/www.sellerlogic.com\/sv\/#website\"},\"primaryImageOfPage\":{\"@id\":\"https:\/\/www.sellerlogic.com\/sv\/resources\/success-story-dadaro\/#primaryimage\"},\"image\":{\"@id\":\"https:\/\/www.sellerlogic.com\/sv\/resources\/success-story-dadaro\/#primaryimage\"},\"thumbnailUrl\":\"https:\/\/www.sellerlogic.com\/wp-content\/uploads\/2020\/12\/logo-monde-petit.png\",\"datePublished\":\"2020-12-22T10:05:12+00:00\",\"dateModified\":\"2025-08-09T15:01:48+00:00\",\"description\":\"F\u00f6r m\u00e5nga s\u00e4ljare var 2020 ett sv\u00e5rt \u00e5r. Ta reda p\u00e5 hur Dadaro anv\u00e4nde Lost & Found-verktyget f\u00f6r att hantera krisen. L\u00e4s det nu!\",\"breadcrumb\":{\"@id\":\"https:\/\/www.sellerlogic.com\/sv\/resources\/success-story-dadaro\/#breadcrumb\"},\"inLanguage\":\"sv-SE\",\"potentialAction\":[{\"@type\":\"ReadAction\",\"target\":[\"https:\/\/www.sellerlogic.com\/sv\/resources\/success-story-dadaro\/\"]}]},{\"@type\":\"ImageObject\",\"inLanguage\":\"sv-SE\",\"@id\":\"https:\/\/www.sellerlogic.com\/sv\/resources\/success-story-dadaro\/#primaryimage\",\"url\":\"https:\/\/www.sellerlogic.com\/wp-content\/uploads\/2020\/12\/logo-monde-petit.png\",\"contentUrl\":\"https:\/\/www.sellerlogic.com\/wp-content\/uploads\/2020\/12\/logo-monde-petit.png\"},{\"@type\":\"BreadcrumbList\",\"@id\":\"https:\/\/www.sellerlogic.com\/sv\/resources\/success-story-dadaro\/#breadcrumb\",\"itemListElement\":[{\"@type\":\"ListItem\",\"position\":1,\"name\":\"Home\",\"item\":\"https:\/\/www.sellerlogic.com\/sv\/\"},{\"@type\":\"ListItem\",\"position\":2,\"name\":\"Ressurser EN\",\"item\":\"https:\/\/127.0.0.1\/de\/ressourcen\/\"},{\"@type\":\"ListItem\",\"position\":3,\"name\":\"Success Story: Dadaro EN\"}]},{\"@type\":\"WebSite\",\"@id\":\"https:\/\/www.sellerlogic.com\/sv\/#website\",\"url\":\"https:\/\/www.sellerlogic.com\/sv\/\",\"name\":\"SELLERLOGIC - Smarte Tools f\u00fcr Amazon-Seller\",\"description\":\"Intelligente Prozessoptimierung und Gewinnmaximierung\",\"publisher\":{\"@id\":\"https:\/\/www.sellerlogic.com\/sv\/#organization\"},\"potentialAction\":[{\"@type\":\"SearchAction\",\"target\":{\"@type\":\"EntryPoint\",\"urlTemplate\":\"https:\/\/www.sellerlogic.com\/sv\/?s={search_term_string}\"},\"query-input\":{\"@type\":\"PropertyValueSpecification\",\"valueRequired\":true,\"valueName\":\"search_term_string\"}}],\"inLanguage\":\"sv-SE\"},{\"@type\":\"Organization\",\"@id\":\"https:\/\/www.sellerlogic.com\/sv\/#organization\",\"name\":\"SELLERLOGIC\",\"url\":\"https:\/\/www.sellerlogic.com\/sv\/\",\"logo\":{\"@type\":\"ImageObject\",\"inLanguage\":\"sv-SE\",\"@id\":\"https:\/\/www.sellerlogic.com\/sv\/#\/schema\/logo\/image\/\",\"url\":\"https:\/\/d2bw95mh2ee04s.cloudfront.net\/prod\/content\/wp-content\/uploads\/2025\/01\/02134814\/Property-Logo-Main.svg\",\"contentUrl\":\"https:\/\/d2bw95mh2ee04s.cloudfront.net\/prod\/content\/wp-content\/uploads\/2025\/01\/02134814\/Property-Logo-Main.svg\",\"width\":184,\"height\":40,\"caption\":\"SELLERLOGIC\"},\"image\":{\"@id\":\"https:\/\/www.sellerlogic.com\/sv\/#\/schema\/logo\/image\/\"},\"sameAs\":[\"https:\/\/www.facebook.com\/SellerLogic\/\",\"https:\/\/x.com\/sellerlogic\",\"https:\/\/www.instagram.com\/sellerlogic\/\",\"https:\/\/www.linkedin.com\/company\/18402037\/\",\"https:\/\/www.youtube.com\/channel\/UC-gULUur-fNj08sprantKsQ\"]}]}<\/script>\n<!-- \/ Yoast SEO plugin. -->","yoast_head_json":{"title":"Hur Lost & Found hj\u00e4lpte Dadaro genom Corona-krisen | SELLERLOGIC","description":"F\u00f6r m\u00e5nga s\u00e4ljare var 2020 ett sv\u00e5rt \u00e5r. Ta reda p\u00e5 hur Dadaro anv\u00e4nde Lost & Found-verktyget f\u00f6r att hantera krisen. L\u00e4s det nu!","robots":{"index":"index","follow":"follow","max-snippet":"max-snippet:-1","max-image-preview":"max-image-preview:large","max-video-preview":"max-video-preview:-1"},"canonical":"https:\/\/www.sellerlogic.com\/sv\/resources\/success-story-dadaro\/","og_locale":"sv_SE","og_type":"article","og_title":"Hur Lost & Found hj\u00e4lpte Dadaro genom Corona-krisen | SELLERLOGIC","og_description":"F\u00f6r m\u00e5nga s\u00e4ljare var 2020 ett sv\u00e5rt \u00e5r. Ta reda p\u00e5 hur Dadaro anv\u00e4nde Lost & Found-verktyget f\u00f6r att hantera krisen. L\u00e4s det nu!","og_url":"https:\/\/www.sellerlogic.com\/sv\/resources\/success-story-dadaro\/","og_site_name":"SELLERLOGIC - Smarte Tools f\u00fcr Amazon-Seller","article_publisher":"https:\/\/www.facebook.com\/SellerLogic\/","article_modified_time":"2025-08-09T15:01:48+00:00","og_image":[{"url":"https:\/\/www.sellerlogic.com\/wp-content\/uploads\/2020\/12\/logo-monde-petit.png","type":"","width":"","height":""}],"twitter_card":"summary_large_image","twitter_site":"@sellerlogic","twitter_misc":{"Est. reading time":"3 minutes"},"schema":{"@context":"https:\/\/schema.org","@graph":[{"@type":"WebPage","@id":"https:\/\/www.sellerlogic.com\/sv\/resources\/success-story-dadaro\/","url":"https:\/\/www.sellerlogic.com\/sv\/resources\/success-story-dadaro\/","name":"Hur Lost & Found hj\u00e4lpte Dadaro genom Corona-krisen | SELLERLOGIC","isPartOf":{"@id":"https:\/\/www.sellerlogic.com\/sv\/#website"},"primaryImageOfPage":{"@id":"https:\/\/www.sellerlogic.com\/sv\/resources\/success-story-dadaro\/#primaryimage"},"image":{"@id":"https:\/\/www.sellerlogic.com\/sv\/resources\/success-story-dadaro\/#primaryimage"},"thumbnailUrl":"https:\/\/www.sellerlogic.com\/wp-content\/uploads\/2020\/12\/logo-monde-petit.png","datePublished":"2020-12-22T10:05:12+00:00","dateModified":"2025-08-09T15:01:48+00:00","description":"F\u00f6r m\u00e5nga s\u00e4ljare var 2020 ett sv\u00e5rt \u00e5r. Ta reda p\u00e5 hur Dadaro anv\u00e4nde Lost & Found-verktyget f\u00f6r att hantera krisen. L\u00e4s det nu!","breadcrumb":{"@id":"https:\/\/www.sellerlogic.com\/sv\/resources\/success-story-dadaro\/#breadcrumb"},"inLanguage":"sv-SE","potentialAction":[{"@type":"ReadAction","target":["https:\/\/www.sellerlogic.com\/sv\/resources\/success-story-dadaro\/"]}]},{"@type":"ImageObject","inLanguage":"sv-SE","@id":"https:\/\/www.sellerlogic.com\/sv\/resources\/success-story-dadaro\/#primaryimage","url":"https:\/\/www.sellerlogic.com\/wp-content\/uploads\/2020\/12\/logo-monde-petit.png","contentUrl":"https:\/\/www.sellerlogic.com\/wp-content\/uploads\/2020\/12\/logo-monde-petit.png"},{"@type":"BreadcrumbList","@id":"https:\/\/www.sellerlogic.com\/sv\/resources\/success-story-dadaro\/#breadcrumb","itemListElement":[{"@type":"ListItem","position":1,"name":"Home","item":"https:\/\/www.sellerlogic.com\/sv\/"},{"@type":"ListItem","position":2,"name":"Ressurser EN","item":"https:\/\/127.0.0.1\/de\/ressourcen\/"},{"@type":"ListItem","position":3,"name":"Success Story: Dadaro EN"}]},{"@type":"WebSite","@id":"https:\/\/www.sellerlogic.com\/sv\/#website","url":"https:\/\/www.sellerlogic.com\/sv\/","name":"SELLERLOGIC - Smarte Tools f\u00fcr Amazon-Seller","description":"Intelligente Prozessoptimierung und Gewinnmaximierung","publisher":{"@id":"https:\/\/www.sellerlogic.com\/sv\/#organization"},"potentialAction":[{"@type":"SearchAction","target":{"@type":"EntryPoint","urlTemplate":"https:\/\/www.sellerlogic.com\/sv\/?s={search_term_string}"},"query-input":{"@type":"PropertyValueSpecification","valueRequired":true,"valueName":"search_term_string"}}],"inLanguage":"sv-SE"},{"@type":"Organization","@id":"https:\/\/www.sellerlogic.com\/sv\/#organization","name":"SELLERLOGIC","url":"https:\/\/www.sellerlogic.com\/sv\/","logo":{"@type":"ImageObject","inLanguage":"sv-SE","@id":"https:\/\/www.sellerlogic.com\/sv\/#\/schema\/logo\/image\/","url":"https:\/\/d2bw95mh2ee04s.cloudfront.net\/prod\/content\/wp-content\/uploads\/2025\/01\/02134814\/Property-Logo-Main.svg","contentUrl":"https:\/\/d2bw95mh2ee04s.cloudfront.net\/prod\/content\/wp-content\/uploads\/2025\/01\/02134814\/Property-Logo-Main.svg","width":184,"height":40,"caption":"SELLERLOGIC"},"image":{"@id":"https:\/\/www.sellerlogic.com\/sv\/#\/schema\/logo\/image\/"},"sameAs":["https:\/\/www.facebook.com\/SellerLogic\/","https:\/\/x.com\/sellerlogic","https:\/\/www.instagram.com\/sellerlogic\/","https:\/\/www.linkedin.com\/company\/18402037\/","https:\/\/www.youtube.com\/channel\/UC-gULUur-fNj08sprantKsQ"]}]}},"_links":{"self":[{"href":"https:\/\/www.sellerlogic.com\/sv\/wp-json\/wp\/v2\/pages\/106764","targetHints":{"allow":["GET"]}}],"collection":[{"href":"https:\/\/www.sellerlogic.com\/sv\/wp-json\/wp\/v2\/pages"}],"about":[{"href":"https:\/\/www.sellerlogic.com\/sv\/wp-json\/wp\/v2\/types\/page"}],"author":[{"embeddable":true,"href":"https:\/\/www.sellerlogic.com\/sv\/wp-json\/wp\/v2\/users\/3"}],"replies":[{"embeddable":true,"href":"https:\/\/www.sellerlogic.com\/sv\/wp-json\/wp\/v2\/comments?post=106764"}],"version-history":[{"count":0,"href":"https:\/\/www.sellerlogic.com\/sv\/wp-json\/wp\/v2\/pages\/106764\/revisions"}],"up":[{"embeddable":true,"href":"https:\/\/www.sellerlogic.com\/sv\/wp-json\/wp\/v2\/pages\/106761"}],"wp:attachment":[{"href":"https:\/\/www.sellerlogic.com\/sv\/wp-json\/wp\/v2\/media?parent=106764"}],"curies":[{"name":"wp","href":"https:\/\/api.w.org\/{rel}","templated":true}]}}