
{"id":106767,"date":"2020-12-21T22:08:33","date_gmt":"2020-12-21T22:08:33","guid":{"rendered":"https:\/\/127.0.0.1\/resources\/success-story-fj-trading\/"},"modified":"2025-08-09T16:40:45","modified_gmt":"2025-08-09T16:40:45","slug":"success-story-fj-trading","status":"publish","type":"page","link":"https:\/\/www.sellerlogic.com\/sv\/resources\/success-story-fj-trading\/","title":{"rendered":"Success Story: FJ Trading EN"},"content":{"rendered":"\n\t<div  class=\"theme-wp-block theme-block-main-header is-style-full-height desktop-content-align-y-center desktop-content-align-x-center xl-content-align-y-center xl-content-align-x-center lg-content-align-y-center lg-content-align-x-center md-content-align-y-center md-content-align-x-center sm-content-align-y-center sm-content-align-x-center gb-responsive-853195-identifier desktop-align-full xl-align-full lg-align-full md-align-full sm-align-full theme-block-cover\">\n\t\t<div class=\"bg-cover theme-lazy-load-bg\"><\/div>\n\t\t<div class=\"wrap-content-main-header\">\n\t\t\t\t\t<div  class=\"theme-wp-block theme-block-text-and-text gb-responsive-170032-identifier desktop-vertical-center xl-vertical-center lg-vertical-center md-vertical-center sm-vertical-center md-blockDirection-column sm-blockDirection-column desktop-blockDirection-column xl-blockDirection-column lg-blockDirection-column alignfull\">\n\t\t<div class=\"tat-column-wrap-wrapper\">\n\t\t\t<div class=\"tat-column-wrapper\">\n\t\t\t\t\t<div  class=\"theme-wp-block theme-block-text-and-text-column gb-responsive-644092-identifier md-horizontal-center desktop-horizontal-right sm-horizontal-center xl-horizontal-center lg-horizontal-center\">\n\t\t<div class=\"inner-wrap-column-content\">\n\t\t\t<div class=\"inner-column-content\">\n\t\t\t\t\t\t<h1  class=\"theme-wp-block theme-block-heading gb-responsive-482560-identifier desktop-text-center xl-text-center lg-text-center md-text-center sm-text-center h1\">\n\t\tMer Buy Box, mer oms\u00e4ttning!\t<\/h1>\n\n\t\t<h2  class=\"theme-wp-block theme-block-heading gb-responsive-539815-identifier desktop-text-center xl-text-center lg-text-center md-text-center sm-text-center desktop-gb-has-no-icon xl-gb-has-no-icon lg-gb-has-no-icon md-gb-has-no-icon sm-gb-has-no-icon h1\">\n\t\tHur FJ Trading \u00f6kar Buy Box procent och oms\u00e4ttning med SELLERLOGIC!\t<\/h2>\n\n\t\t\t<\/div>\n\t\t<\/div>\n\t<\/div>\n\t<div  class=\"theme-wp-block theme-block-text-and-text-column gb-responsive-840598-identifier desktop-horizontal-center xl-horizontal-center lg-horizontal-center md-horizontal-center sm-horizontal-center\">\n\t\t<div class=\"inner-wrap-column-content\">\n\t\t\t<div class=\"inner-column-content\">\n\t\t\t\t\t\t\t<\/div>\n\t\t<\/div>\n\t<\/div>\n\t\t\t<\/div>\n\t\t<\/div>\n\t<\/div>\n\n\t\t<\/div>\n\t<\/div>\n\n<div style=\"height:50px\" aria-hidden=\"true\" class=\"theme-wp-block wp-block-spacer\"><\/div><div class=\"theme-wp-block wp-block-columns gb-responsive-492868-identifier is-layout-flex wp-container-core-columns-is-layout-9d6595d7 wp-block-columns-is-layout-flex\"><div class=\"theme-wp-block wp-block-column gb-responsive-633979-identifier is-layout-flow wp-block-column-is-layout-flow\" style=\"flex-basis:25%\"><figure class=\"theme-wp-block wp-block-image size-large is-resized gb-responsive-62921-identifier\"><img decoding=\"async\" src=\"https:\/\/d2bw95mh2ee04s.cloudfront.net\/prod\/content\/wp-content\/uploads\/2020\/12\/23142716\/fj-trading-logo.jpg\" alt=\"Success Story: FJ Trading EN\" class=\"wp-image-5127\" width=\"300\" height=\"167\"><\/figure><p class=\"theme-wp-block gb-responsive-312552-identifier\"><strong><strong>Grundande<\/strong>:<\/strong><br>2013<\/p><p class=\"theme-wp-block gb-responsive-353708-identifier\"><strong><strong>Bransch<\/strong>:<\/strong><br>Skor<\/p><p class=\"theme-wp-block gb-responsive-741269-identifier\"><strong><strong>Artiklar p\u00e5 Amazon:\u00a0<\/strong><\/strong><br>ca 100.000 SKU:er<\/p><p class=\"theme-wp-block gb-responsive-218030-identifier\"><strong><strong>Leveranser<\/strong>:\u00a0<\/strong><br>ca 50.000 per m\u00e5nad<\/p><\/div><div class=\"theme-wp-block wp-block-column gb-responsive-243785-identifier is-layout-flow wp-block-column-is-layout-flow\" style=\"flex-basis:50%\"><h3 class=\"theme-wp-block wp-block-heading gb-responsive-34353-identifier\" id=\"block-c06fce04-ef87-4ffc-a3d6-b768ba377d17\">Bakgrund:<\/h3><p class=\"theme-wp-block gb-responsive-710769-identifier desktop-gb-has-no-icon xl-gb-has-no-icon lg-gb-has-no-icon md-gb-has-no-icon sm-gb-has-no-icon\">Frank Jemetz har aktivt s\u00e5lt i v\u00e4rlden av online marknadsplatser sedan 2004. I b\u00f6rjan gjordes detta fr\u00e4mst via eBay men han har nu \u00f6verg\u00e5tt till Amazon. &#8220;Vi har experimenterat med m\u00e5nga produkter,&#8221; s\u00e4ger VD:n idag. &#8220;Fr\u00e5n uppbl\u00e5sbara b\u00e5tar till mj\u00f6lkskummare.&#8221; Frank beslutade sedan att l\u00e4gga till Adidas sneakers i sin portf\u00f6lj. &#8220;Och p\u00e5 n\u00e5got s\u00e4tt fastnade det verkligen.&#8221; Idag s\u00e4ljer FJ Trading fr\u00e4mst skor via online marknadsplatser, och de g\u00f6r det med st\u00e4ndigt v\u00e4xande framg\u00e5ng.<\/p><h3 class=\"theme-wp-block wp-block-heading gb-responsive-182281-identifier desktop-gb-has-no-icon xl-gb-has-no-icon lg-gb-has-no-icon md-gb-has-no-icon sm-gb-has-no-icon\">B\u00f6rjan:<\/h3><p class=\"theme-wp-block gb-responsive-318425-identifier desktop-gb-has-no-icon xl-gb-has-no-icon lg-gb-has-no-icon md-gb-has-no-icon sm-gb-has-no-icon\">Enligt Frank skulle FJ Trading inte existera idag utan Amazon och det om\u00f6jligt h\u00f6ga antalet k\u00f6pare som bes\u00f6ker online marknadsplatsen varje m\u00e5nad. &#8220;Men konkurrenstrycket inom detaljhandeln \u00e4r s\u00e4rskilt h\u00e5rt. Det \u00e4r inte ovanligt att priserna sjunker under ink\u00f6pspriset.&#8221;<\/p><p class=\"theme-wp-block gb-responsive-730648-identifier desktop-gb-has-no-icon xl-gb-has-no-icon lg-gb-has-no-icon md-gb-has-no-icon sm-gb-has-no-icon\">Men att g\u00f6ra en aff\u00e4r d\u00e4r f\u00f6retaget f\u00f6rlorar pengar \u00e4r uteslutet f\u00f6r Frank. &#8220;Samtidigt visste vi att vi var tvungna att stanna kvar p\u00e5 Amazon, med tanke p\u00e5 att det var \u2013 och fortfarande \u00e4r \u2013 v\u00e5r viktigaste f\u00f6rs\u00e4ljningsplattform.&#8221; Det var klart att en annan strategi beh\u00f6vdes. &#8220;Man kan inte h\u00e4nga med p\u00e5 l\u00e5ng sikt om man st\u00e4ndigt prioriterar att st\u00e4nga aff\u00e4ren \u00f6ver att g\u00f6ra en bra marginal.&#8221; FJ Trading beh\u00f6vde ett s\u00e4tt att optimera sina priser dynamiskt och i direkt respons p\u00e5 sin konkurrens. Med cirka 100 000 SKU:er blev det dock snabbt klart att manuell bearbetning inte l\u00e4ngre var ett alternativ. Vid den h\u00e4r tidpunkten kr\u00e4vdes ett automatiserat verktyg.<\/p><h3 class=\"theme-wp-block wp-block-heading gb-responsive-115756-identifier\">L\u00f6sning:<\/h3><p class=\"theme-wp-block gb-responsive-49178-identifier desktop-gb-has-no-icon xl-gb-has-no-icon lg-gb-has-no-icon md-gb-has-no-icon sm-gb-has-no-icon\">&#8220;Man kan inte g\u00f6ra n\u00e5got utan ett repriseringsverktyg,&#8221; deklarerar Frank. &#8220;Sedan vi har anv\u00e4nt SELLERLOGIC Repricer har Buy Box andelen av v\u00e5ra produkter \u00f6kat avsev\u00e4rt.&#8221; S\u00e4rskilt integrationen av Buy Box strategin var en viktig faktor i FJ Tradings beslut: &#8220;Vi hade tidigare arbetat med en annan leverant\u00f6r, men verktyget optimerade inte specifikt f\u00f6r Buy Box.&#8221; \u00c4ven en programmerad repriser lyckades inte uppn\u00e5 de \u00f6nskade resultaten eftersom den n\u00f6dv\u00e4ndiga insatsen var f\u00f6r h\u00f6g.<\/p><div class=\"theme-block-group-wrap\"><div class=\"theme-wp-block wp-block-group gb-responsive-88118-identifier\">\t\t<div  class=\"theme-wp-block theme-block-user-card gb-responsive-799176-identifier is-style-full-width-line desktop-gb-has-no-icon xl-gb-has-no-icon lg-gb-has-no-icon md-gb-has-no-icon sm-gb-has-no-icon\">\n\t\t<div class=\"wrap-inner-content\">\n\t\t\t<div class=\"card-user-head\">\n\t\t\t\t<div class=\"card-user-avatar\">\n\t\t\t\t\t<div class=\"cover-avatar\" style=\"background-image: url(https:\/\/d2bw95mh2ee04s.cloudfront.net\/prod\/content\/wp-content\/uploads\/2020\/12\/23142717\/frank-jemetz.png);\"><\/div>\n\t\t\t\t<\/div>\n\t\t\t\t<div class=\"wrap-title\">\n\t\t\t\t\t<div class=\"card-user-name\">\n\t\t\t\t\t\t<div class=\"title\">\n\t\t\t\t\t\t\t<h3 class=\"heading-text\"><strong>Frank Jemetz<\/strong><\/h3>\n\t\t\t\t\t\t<\/div>\n\t\t\t\t\t\t<div class=\"card-user-position\">\n\t\t\t\t\t\t\t<div class=\"card-text\"><strong>VD FJ Trading<\/strong><\/div>\n\t\t\t\t\t\t<\/div>\n\t\t\t\t\t<\/div>\n\t\t\t\t\t<div class=\"card-user-quote-icon\">\n\t\t\t\t\t<\/div>\n\t\t\t\t<\/div>\n\t\t\t<\/div>\n\t\t\t<div class=\"card-user-text\">\n\t\t\t\t<div class=\"card-text\"><p>Buy Box strategin, som kr\u00e4ver minimal manuell insats, den l\u00e5ga felaktighetsgraden och det faktum att Repricer fungerar utm\u00e4rkt talar f\u00f6r produkterna fr\u00e5n SELLERLOGIC!<\/p><\/div>\n\t\t\t<\/div>\n\t\t<\/div>\n\t<\/div>\n\n<\/div><\/div><h3 class=\"theme-wp-block wp-block-heading gb-responsive-595368-identifier desktop-gb-has-no-icon xl-gb-has-no-icon lg-gb-has-no-icon md-gb-has-no-icon sm-gb-has-no-icon\">Framg\u00e5ngsrika resultat med SELLERLOGIC:<\/h3><p class=\"theme-wp-block gb-responsive-439964-identifier desktop-gb-has-no-icon xl-gb-has-no-icon lg-gb-has-no-icon md-gb-has-no-icon sm-gb-has-no-icon\">SELLERLOGIC&#8217;s Repricer fungerar annorlunda: &#8220;N\u00e4r jag har definierat reglerna beh\u00f6ver jag inte oroa mig f\u00f6r n\u00e5got efter\u00e5t.&#8221; Tack vare de automatiska importerna var installationen superenkel och resultaten fr\u00e5n Repricer var ocks\u00e5 \u00f6vertygande: &#8220;Buy Box kvoten \u00e4r mycket bra. Dessutom \u00e4r kundservicen utm\u00e4rkt och verktyget utvecklas kontinuerligt.&#8221;<\/p><p class=\"theme-wp-block gb-responsive-668364-identifier\">&#8220;\u00c4ven SELLERLOGIC Repricer har h\u00f6g tillg\u00e4nglighet. Fel \u00e4r mycket s\u00e4llsynta och l\u00f6ses snabbt,&#8221; s\u00e4ger Frank Jemetz. &#8220;Det \u00e4r ocks\u00e5 viktigt att systemet aldrig faller under ett fastst\u00e4llt minimipris. &#8220;Vi vill inte elda p\u00e5 priskriget p\u00e5 Amazon. Med SELLERLOGIC kan vi lita p\u00e5 det!&#8221;<\/p><p class=\"theme-wp-block gb-responsive-697003-identifier desktop-gb-has-no-icon xl-gb-has-no-icon lg-gb-has-no-icon md-gb-has-no-icon sm-gb-has-no-icon\">Frank \u00e4r helt n\u00f6jd med SELLERLOGIC\u2018s Repricer: &#8220;Buy Box strategin \u2013 som kr\u00e4ver endast minimal manuell insats \u2013 och den l\u00e5ga felaktighetsgraden talar redan f\u00f6r SELLERLOGIC. Men viktigast av allt: Repricer fungerar bara som en dr\u00f6m!&#8221;<\/p><div class=\"theme-wp-block wp-block-buttons gb-responsive-497426-identifier is-layout-flex wp-block-buttons-is-layout-flex\"><div class=\"theme-wp-block wp-block-button gb-responsive-38220-identifier is-style-theme-transparent-with-arrow\"><a class=\"wp-block-button__link wp-element-button\" href=\"https:\/\/d2bw95mh2ee04s.cloudfront.net\/prod\/content\/files\/SUCCESS-STORIES\/EN\/SELLERLOGIC_SN_Success-Story_FJ-Trading_EN.pdf\" target=\"_blank\" rel=\"noreferrer noopener nofollow\">Ladda ner nu!<\/a><\/div><\/div><\/div><div class=\"theme-wp-block wp-block-column gb-responsive-252189-identifier is-layout-flow wp-block-column-is-layout-flow\" style=\"flex-basis:25%\"><\/div><\/div><p class=\"theme-wp-block gb-responsive-527070-identifier\"><\/p>","protected":false},"excerpt":{"rendered":"<p>Grundande:2013 Bransch:Skor Artiklar p\u00e5 Amazon:\u00a0ca 100.000 SKU:er Leveranser:\u00a0ca 50.000 per m\u00e5nad Bakgrund: Frank Jemetz har aktivt s\u00e5lt i v\u00e4rlden av online marknadsplatser sedan 2004. I b\u00f6rjan gjordes detta fr\u00e4mst via eBay men han har nu \u00f6verg\u00e5tt till Amazon. &#8220;Vi har experimenterat med m\u00e5nga produkter,&#8221; s\u00e4ger VD:n idag. &#8220;Fr\u00e5n uppbl\u00e5sbara b\u00e5tar till mj\u00f6lkskummare.&#8221; Frank beslutade sedan<\/p>\n","protected":false},"author":8,"featured_media":5113,"parent":106761,"menu_order":0,"comment_status":"closed","ping_status":"closed","template":"","meta":{"sidebar_recommended_resources":{"data":[]},"sidebar_header_settings":{"hide_buttons":{"register":false}},"_use_new_theme":false,"inline_featured_image":false,"footnotes":""},"class_list":["post-106767","page","type-page","status-publish","has-post-thumbnail","hentry"],"yoast_head":"<!-- This site is optimized with the Yoast SEO plugin v26.8 - https:\/\/yoast.com\/product\/yoast-seo-wordpress\/ -->\n<title>Mer Buy Box, mer oms\u00e4ttning \u2013 med SELLERLOGIC Repricer<\/title>\n<meta name=\"description\" content=\"SELLERLOGIC Repricer f\u00f6r Amazon vinner Buy Box och \u00f6kar din f\u00f6rs\u00e4ljning. V\u00e5r kund FJ Trading kan bekr\u00e4fta detta. L\u00e4r dig mer nu!\" \/>\n<meta name=\"robots\" content=\"index, follow, max-snippet:-1, max-image-preview:large, max-video-preview:-1\" \/>\n<link rel=\"canonical\" href=\"https:\/\/www.sellerlogic.com\/sv\/resources\/success-story-fj-trading\/\" \/>\n<meta property=\"og:locale\" content=\"sv_SE\" \/>\n<meta property=\"og:type\" content=\"article\" \/>\n<meta property=\"og:title\" content=\"Mer Buy Box, mer oms\u00e4ttning \u2013 med SELLERLOGIC Repricer\" \/>\n<meta property=\"og:description\" content=\"SELLERLOGIC Repricer f\u00f6r Amazon vinner Buy Box och \u00f6kar din f\u00f6rs\u00e4ljning. V\u00e5r kund FJ Trading kan bekr\u00e4fta detta. L\u00e4r dig mer nu!\" \/>\n<meta property=\"og:url\" content=\"https:\/\/www.sellerlogic.com\/sv\/resources\/success-story-fj-trading\/\" \/>\n<meta property=\"og:site_name\" content=\"SELLERLOGIC - Smarte Tools f\u00fcr Amazon-Seller\" \/>\n<meta property=\"article:publisher\" content=\"https:\/\/www.facebook.com\/SellerLogic\/\" \/>\n<meta property=\"article:modified_time\" content=\"2025-08-09T16:40:45+00:00\" \/>\n<meta property=\"og:image\" content=\"https:\/\/d2bw95mh2ee04s.cloudfront.net\/prod\/content\/wp-content\/uploads\/2020\/12\/23142717\/header-success-story-fj-trading.jpg\" \/>\n\t<meta property=\"og:image:width\" content=\"2500\" \/>\n\t<meta property=\"og:image:height\" content=\"1667\" \/>\n\t<meta property=\"og:image:type\" content=\"image\/jpeg\" \/>\n<meta name=\"twitter:card\" content=\"summary_large_image\" \/>\n<meta name=\"twitter:site\" content=\"@sellerlogic\" \/>\n<meta name=\"twitter:label1\" content=\"Est. reading time\" \/>\n\t<meta name=\"twitter:data1\" content=\"3 minutes\" \/>\n<script type=\"application\/ld+json\" class=\"yoast-schema-graph\">{\"@context\":\"https:\/\/schema.org\",\"@graph\":[{\"@type\":\"WebPage\",\"@id\":\"https:\/\/www.sellerlogic.com\/sv\/resources\/success-story-fj-trading\/\",\"url\":\"https:\/\/www.sellerlogic.com\/sv\/resources\/success-story-fj-trading\/\",\"name\":\"Mer Buy Box, mer oms\u00e4ttning \u2013 med SELLERLOGIC Repricer\",\"isPartOf\":{\"@id\":\"https:\/\/www.sellerlogic.com\/sv\/#website\"},\"primaryImageOfPage\":{\"@id\":\"https:\/\/www.sellerlogic.com\/sv\/resources\/success-story-fj-trading\/#primaryimage\"},\"image\":{\"@id\":\"https:\/\/www.sellerlogic.com\/sv\/resources\/success-story-fj-trading\/#primaryimage\"},\"thumbnailUrl\":\"https:\/\/d2bw95mh2ee04s.cloudfront.net\/prod\/content\/wp-content\/uploads\/2020\/12\/23142717\/header-success-story-fj-trading.jpg\",\"datePublished\":\"2020-12-21T22:08:33+00:00\",\"dateModified\":\"2025-08-09T16:40:45+00:00\",\"description\":\"SELLERLOGIC Repricer f\u00f6r Amazon vinner Buy Box och \u00f6kar din f\u00f6rs\u00e4ljning. V\u00e5r kund FJ Trading kan bekr\u00e4fta detta. L\u00e4r dig mer nu!\",\"breadcrumb\":{\"@id\":\"https:\/\/www.sellerlogic.com\/sv\/resources\/success-story-fj-trading\/#breadcrumb\"},\"inLanguage\":\"sv-SE\",\"potentialAction\":[{\"@type\":\"ReadAction\",\"target\":[\"https:\/\/www.sellerlogic.com\/sv\/resources\/success-story-fj-trading\/\"]}]},{\"@type\":\"ImageObject\",\"inLanguage\":\"sv-SE\",\"@id\":\"https:\/\/www.sellerlogic.com\/sv\/resources\/success-story-fj-trading\/#primaryimage\",\"url\":\"https:\/\/d2bw95mh2ee04s.cloudfront.net\/prod\/content\/wp-content\/uploads\/2020\/12\/23142717\/header-success-story-fj-trading.jpg\",\"contentUrl\":\"https:\/\/d2bw95mh2ee04s.cloudfront.net\/prod\/content\/wp-content\/uploads\/2020\/12\/23142717\/header-success-story-fj-trading.jpg\",\"width\":2500,\"height\":1667},{\"@type\":\"BreadcrumbList\",\"@id\":\"https:\/\/www.sellerlogic.com\/sv\/resources\/success-story-fj-trading\/#breadcrumb\",\"itemListElement\":[{\"@type\":\"ListItem\",\"position\":1,\"name\":\"Home\",\"item\":\"https:\/\/www.sellerlogic.com\/sv\/\"},{\"@type\":\"ListItem\",\"position\":2,\"name\":\"Ressurser EN\",\"item\":\"https:\/\/www.sellerlogic.com\/sv\/resources\/\"},{\"@type\":\"ListItem\",\"position\":3,\"name\":\"Success Story: FJ Trading EN\"}]},{\"@type\":\"WebSite\",\"@id\":\"https:\/\/www.sellerlogic.com\/sv\/#website\",\"url\":\"https:\/\/www.sellerlogic.com\/sv\/\",\"name\":\"SELLERLOGIC - Smarte Tools f\u00fcr Amazon-Seller\",\"description\":\"Intelligente Prozessoptimierung und Gewinnmaximierung\",\"publisher\":{\"@id\":\"https:\/\/www.sellerlogic.com\/sv\/#organization\"},\"potentialAction\":[{\"@type\":\"SearchAction\",\"target\":{\"@type\":\"EntryPoint\",\"urlTemplate\":\"https:\/\/www.sellerlogic.com\/sv\/?s={search_term_string}\"},\"query-input\":{\"@type\":\"PropertyValueSpecification\",\"valueRequired\":true,\"valueName\":\"search_term_string\"}}],\"inLanguage\":\"sv-SE\"},{\"@type\":\"Organization\",\"@id\":\"https:\/\/www.sellerlogic.com\/sv\/#organization\",\"name\":\"SELLERLOGIC\",\"url\":\"https:\/\/www.sellerlogic.com\/sv\/\",\"logo\":{\"@type\":\"ImageObject\",\"inLanguage\":\"sv-SE\",\"@id\":\"https:\/\/www.sellerlogic.com\/sv\/#\/schema\/logo\/image\/\",\"url\":\"https:\/\/d2bw95mh2ee04s.cloudfront.net\/prod\/content\/wp-content\/uploads\/2025\/01\/02134814\/Property-Logo-Main.svg\",\"contentUrl\":\"https:\/\/d2bw95mh2ee04s.cloudfront.net\/prod\/content\/wp-content\/uploads\/2025\/01\/02134814\/Property-Logo-Main.svg\",\"width\":184,\"height\":40,\"caption\":\"SELLERLOGIC\"},\"image\":{\"@id\":\"https:\/\/www.sellerlogic.com\/sv\/#\/schema\/logo\/image\/\"},\"sameAs\":[\"https:\/\/www.facebook.com\/SellerLogic\/\",\"https:\/\/x.com\/sellerlogic\",\"https:\/\/www.instagram.com\/sellerlogic\/\",\"https:\/\/www.linkedin.com\/company\/18402037\/\",\"https:\/\/www.youtube.com\/channel\/UC-gULUur-fNj08sprantKsQ\"]}]}<\/script>\n<!-- \/ Yoast SEO plugin. -->","yoast_head_json":{"title":"Mer Buy Box, mer oms\u00e4ttning \u2013 med SELLERLOGIC Repricer","description":"SELLERLOGIC Repricer f\u00f6r Amazon vinner Buy Box och \u00f6kar din f\u00f6rs\u00e4ljning. V\u00e5r kund FJ Trading kan bekr\u00e4fta detta. L\u00e4r dig mer nu!","robots":{"index":"index","follow":"follow","max-snippet":"max-snippet:-1","max-image-preview":"max-image-preview:large","max-video-preview":"max-video-preview:-1"},"canonical":"https:\/\/www.sellerlogic.com\/sv\/resources\/success-story-fj-trading\/","og_locale":"sv_SE","og_type":"article","og_title":"Mer Buy Box, mer oms\u00e4ttning \u2013 med SELLERLOGIC Repricer","og_description":"SELLERLOGIC Repricer f\u00f6r Amazon vinner Buy Box och \u00f6kar din f\u00f6rs\u00e4ljning. V\u00e5r kund FJ Trading kan bekr\u00e4fta detta. L\u00e4r dig mer nu!","og_url":"https:\/\/www.sellerlogic.com\/sv\/resources\/success-story-fj-trading\/","og_site_name":"SELLERLOGIC - Smarte Tools f\u00fcr Amazon-Seller","article_publisher":"https:\/\/www.facebook.com\/SellerLogic\/","article_modified_time":"2025-08-09T16:40:45+00:00","og_image":[{"width":2500,"height":1667,"url":"https:\/\/d2bw95mh2ee04s.cloudfront.net\/prod\/content\/wp-content\/uploads\/2020\/12\/23142717\/header-success-story-fj-trading.jpg","type":"image\/jpeg"}],"twitter_card":"summary_large_image","twitter_site":"@sellerlogic","twitter_misc":{"Est. reading time":"3 minutes"},"schema":{"@context":"https:\/\/schema.org","@graph":[{"@type":"WebPage","@id":"https:\/\/www.sellerlogic.com\/sv\/resources\/success-story-fj-trading\/","url":"https:\/\/www.sellerlogic.com\/sv\/resources\/success-story-fj-trading\/","name":"Mer Buy Box, mer oms\u00e4ttning \u2013 med SELLERLOGIC Repricer","isPartOf":{"@id":"https:\/\/www.sellerlogic.com\/sv\/#website"},"primaryImageOfPage":{"@id":"https:\/\/www.sellerlogic.com\/sv\/resources\/success-story-fj-trading\/#primaryimage"},"image":{"@id":"https:\/\/www.sellerlogic.com\/sv\/resources\/success-story-fj-trading\/#primaryimage"},"thumbnailUrl":"https:\/\/d2bw95mh2ee04s.cloudfront.net\/prod\/content\/wp-content\/uploads\/2020\/12\/23142717\/header-success-story-fj-trading.jpg","datePublished":"2020-12-21T22:08:33+00:00","dateModified":"2025-08-09T16:40:45+00:00","description":"SELLERLOGIC Repricer f\u00f6r Amazon vinner Buy Box och \u00f6kar din f\u00f6rs\u00e4ljning. V\u00e5r kund FJ Trading kan bekr\u00e4fta detta. L\u00e4r dig mer nu!","breadcrumb":{"@id":"https:\/\/www.sellerlogic.com\/sv\/resources\/success-story-fj-trading\/#breadcrumb"},"inLanguage":"sv-SE","potentialAction":[{"@type":"ReadAction","target":["https:\/\/www.sellerlogic.com\/sv\/resources\/success-story-fj-trading\/"]}]},{"@type":"ImageObject","inLanguage":"sv-SE","@id":"https:\/\/www.sellerlogic.com\/sv\/resources\/success-story-fj-trading\/#primaryimage","url":"https:\/\/d2bw95mh2ee04s.cloudfront.net\/prod\/content\/wp-content\/uploads\/2020\/12\/23142717\/header-success-story-fj-trading.jpg","contentUrl":"https:\/\/d2bw95mh2ee04s.cloudfront.net\/prod\/content\/wp-content\/uploads\/2020\/12\/23142717\/header-success-story-fj-trading.jpg","width":2500,"height":1667},{"@type":"BreadcrumbList","@id":"https:\/\/www.sellerlogic.com\/sv\/resources\/success-story-fj-trading\/#breadcrumb","itemListElement":[{"@type":"ListItem","position":1,"name":"Home","item":"https:\/\/www.sellerlogic.com\/sv\/"},{"@type":"ListItem","position":2,"name":"Ressurser EN","item":"https:\/\/www.sellerlogic.com\/sv\/resources\/"},{"@type":"ListItem","position":3,"name":"Success Story: FJ Trading EN"}]},{"@type":"WebSite","@id":"https:\/\/www.sellerlogic.com\/sv\/#website","url":"https:\/\/www.sellerlogic.com\/sv\/","name":"SELLERLOGIC - Smarte Tools f\u00fcr Amazon-Seller","description":"Intelligente Prozessoptimierung und Gewinnmaximierung","publisher":{"@id":"https:\/\/www.sellerlogic.com\/sv\/#organization"},"potentialAction":[{"@type":"SearchAction","target":{"@type":"EntryPoint","urlTemplate":"https:\/\/www.sellerlogic.com\/sv\/?s={search_term_string}"},"query-input":{"@type":"PropertyValueSpecification","valueRequired":true,"valueName":"search_term_string"}}],"inLanguage":"sv-SE"},{"@type":"Organization","@id":"https:\/\/www.sellerlogic.com\/sv\/#organization","name":"SELLERLOGIC","url":"https:\/\/www.sellerlogic.com\/sv\/","logo":{"@type":"ImageObject","inLanguage":"sv-SE","@id":"https:\/\/www.sellerlogic.com\/sv\/#\/schema\/logo\/image\/","url":"https:\/\/d2bw95mh2ee04s.cloudfront.net\/prod\/content\/wp-content\/uploads\/2025\/01\/02134814\/Property-Logo-Main.svg","contentUrl":"https:\/\/d2bw95mh2ee04s.cloudfront.net\/prod\/content\/wp-content\/uploads\/2025\/01\/02134814\/Property-Logo-Main.svg","width":184,"height":40,"caption":"SELLERLOGIC"},"image":{"@id":"https:\/\/www.sellerlogic.com\/sv\/#\/schema\/logo\/image\/"},"sameAs":["https:\/\/www.facebook.com\/SellerLogic\/","https:\/\/x.com\/sellerlogic","https:\/\/www.instagram.com\/sellerlogic\/","https:\/\/www.linkedin.com\/company\/18402037\/","https:\/\/www.youtube.com\/channel\/UC-gULUur-fNj08sprantKsQ"]}]}},"_links":{"self":[{"href":"https:\/\/www.sellerlogic.com\/sv\/wp-json\/wp\/v2\/pages\/106767","targetHints":{"allow":["GET"]}}],"collection":[{"href":"https:\/\/www.sellerlogic.com\/sv\/wp-json\/wp\/v2\/pages"}],"about":[{"href":"https:\/\/www.sellerlogic.com\/sv\/wp-json\/wp\/v2\/types\/page"}],"author":[{"embeddable":true,"href":"https:\/\/www.sellerlogic.com\/sv\/wp-json\/wp\/v2\/users\/8"}],"replies":[{"embeddable":true,"href":"https:\/\/www.sellerlogic.com\/sv\/wp-json\/wp\/v2\/comments?post=106767"}],"version-history":[{"count":0,"href":"https:\/\/www.sellerlogic.com\/sv\/wp-json\/wp\/v2\/pages\/106767\/revisions"}],"up":[{"embeddable":true,"href":"https:\/\/www.sellerlogic.com\/sv\/wp-json\/wp\/v2\/pages\/106761"}],"wp:featuredmedia":[{"embeddable":true,"href":"https:\/\/www.sellerlogic.com\/sv\/wp-json\/wp\/v2\/media\/5113"}],"wp:attachment":[{"href":"https:\/\/www.sellerlogic.com\/sv\/wp-json\/wp\/v2\/media?parent=106767"}],"curies":[{"name":"wp","href":"https:\/\/api.w.org\/{rel}","templated":true}]}}