
{"id":106776,"date":"2020-12-18T10:57:32","date_gmt":"2020-12-18T10:57:32","guid":{"rendered":"https:\/\/127.0.0.1\/resources\/success-story-sport-hesse\/"},"modified":"2025-08-09T15:38:27","modified_gmt":"2025-08-09T15:38:27","slug":"success-story-sport-hesse","status":"publish","type":"page","link":"https:\/\/www.sellerlogic.com\/sv\/resources\/success-story-sport-hesse\/","title":{"rendered":"Framg\u00e5ngshistoria: Sport Hesse EN"},"content":{"rendered":"\n\t<div  class=\"theme-wp-block theme-block-main-header is-style-full-height desktop-align-full xl-align-full lg-align-full md-align-full sm-align-full desktop-content-align-y-center desktop-content-align-x-center xl-content-align-y-center xl-content-align-x-center lg-content-align-y-center lg-content-align-x-center md-content-align-y-center md-content-align-x-center sm-content-align-y-center sm-content-align-x-center gb-responsive-131969-identifier theme-block-cover\">\n\t\t<div class=\"bg-cover theme-lazy-load-bg\"><\/div>\n\t\t<div class=\"wrap-content-main-header\">\n\t\t\t\t\t<div  class=\"theme-wp-block theme-block-text-and-text desktop-blockDirection-row xl-blockDirection-row lg-blockDirection-row md-blockDirection-row sm-blockDirection-row gb-responsive-2306-identifier desktop-align-full xl-align-full lg-align-full md-align-full sm-align-full desktop-vertical-top xl-vertical-top lg-vertical-top md-vertical-top sm-vertical-top alignfull\">\n\t\t<div class=\"tat-column-wrap-wrapper\">\n\t\t\t<div class=\"tat-column-wrapper\">\n\t\t\t\t\t<div  class=\"theme-wp-block theme-block-text-and-text-column gb-responsive-708373-identifier\">\n\t\t<div class=\"inner-wrap-column-content\">\n\t\t\t<div class=\"inner-column-content\">\n\t\t\t\t\t\t<h1  class=\"theme-wp-block theme-block-heading is-style-default desktop-text-center xl-text-center lg-text-center md-text-center sm-text-center desktop-align-wide xl-align-wide lg-align-wide md-align-wide sm-align-wide gb-responsive-599464-identifier alignwide h1 has-text-align\">\n\t\tVinna genom personlig expertis\t<\/h1>\n\n\t\t<h2  class=\"theme-wp-block theme-block-heading is-style-default desktop-text-center xl-text-center lg-text-center md-text-center sm-text-center desktop-align-wide xl-align-wide lg-align-wide md-align-wide sm-align-wide gb-responsive-17576-identifier alignwide h2 has-text-align\">\n\t\tSport-Hesse &amp; SELLERLOGIC\t<\/h2>\n\n\t\t\t<\/div>\n\t\t<\/div>\n\t<\/div>\n\t<div  class=\"theme-wp-block theme-block-text-and-text-column gb-responsive-976923-identifier\">\n\t\t<div class=\"inner-wrap-column-content\">\n\t\t\t<div class=\"inner-column-content\">\n\t\t\t\t\t\t\t<\/div>\n\t\t<\/div>\n\t<\/div>\n\t\t\t<\/div>\n\t\t<\/div>\n\t<\/div>\n\n\t\t<\/div>\n\t<\/div>\n\n<div style=\"height:50px\" aria-hidden=\"true\" class=\"theme-wp-block wp-block-spacer\"><\/div><div class=\"theme-wp-block wp-block-columns gb-responsive-759712-identifier is-layout-flex wp-container-core-columns-is-layout-9d6595d7 wp-block-columns-is-layout-flex\"><div class=\"theme-wp-block wp-block-column gb-responsive-24590-identifier is-layout-flow wp-block-column-is-layout-flow\" style=\"flex-basis:25%\"><figure class=\"theme-wp-block wp-block-image size-large is-resized gb-responsive-62921-identifier\"><img decoding=\"async\" width=\"500\" height=\"357\" src=\"https:\/\/d2bw95mh2ee04s.cloudfront.net\/prod\/content\/wp-content\/uploads\/2020\/12\/23142723\/logo-sport-hesse.png\" alt=\"Framg\u00e5ngshistoria: Sport Hesse EN\" class=\"wp-image-4836\" style=\"width:176px;height:125px\" srcset=\"https:\/\/d2bw95mh2ee04s.cloudfront.net\/prod\/content\/wp-content\/uploads\/2020\/12\/23142723\/logo-sport-hesse-407x291.png 407w, https:\/\/d2bw95mh2ee04s.cloudfront.net\/prod\/content\/wp-content\/uploads\/2020\/12\/23142723\/logo-sport-hesse.png 500w\" sizes=\"(max-width: 500px) 100vw, 500px\" \/><\/figure><p class=\"theme-wp-block gb-responsive-160011-identifier\"><strong>Grundande:<\/strong><br>1984<\/p><p class=\"theme-wp-block gb-responsive-297884-identifier\"><strong>Bransch:<\/strong><br>Sportutrustning, Lagsporter, Sportm\u00e4rken<\/p><p class=\"theme-wp-block gb-responsive-938889-identifier\"><strong>Artiklar p\u00e5 Amazon: <\/strong><br>ca 6.000 SKUs<\/p><p class=\"theme-wp-block gb-responsive-337749-identifier\"><strong>Frakt:<\/strong><br>ca 30.000 per m\u00e5nad<\/p><\/div><div class=\"theme-wp-block wp-block-column gb-responsive-542944-identifier is-layout-flow wp-block-column-is-layout-flow\" style=\"flex-basis:50%\"><h3 class=\"theme-wp-block wp-block-heading gb-responsive-34353-identifier\" id=\"block-c06fce04-ef87-4ffc-a3d6-b768ba377d17\">Bakgrund:<\/h3><p class=\"theme-wp-block gb-responsive-772271-identifier desktop-gb-has-no-icon xl-gb-has-no-icon lg-gb-has-no-icon md-gb-has-no-icon sm-gb-has-no-icon\">Christoph J. Hesse b\u00f6rjade s\u00e4lja sin sportutrustning direkt p\u00e5 planen efter matcher n\u00e4r han fortfarande studerade f\u00f6retagsekonomi. S\u00e5 h\u00e4r f\u00f6ddes id\u00e9n att skapa sitt f\u00f6retag. \u00c5r 1984 \u00f6ppnade Christoph sin f\u00f6rsta sportbutik med en f\u00f6rs\u00e4ljningsyta p\u00e5 45 kvm. Redan n\u00e5gra \u00e5r senare var de tvungna att ut\u00f6ka till 100 kvm f\u00f6rst, och sedan till 500 kvm. Idag s\u00e4ljer Sport-Hesse p\u00e5 en yta av cirka 1000 kvm och \u00e4r en mycket framg\u00e5ngsrik leverant\u00f6r av lagsportutrustning, som anv\u00e4nds av kunder \u00f6ver hela v\u00e4rlden.<\/p><h3 class=\"theme-wp-block wp-block-heading gb-responsive-530046-identifier desktop-gb-has-no-icon xl-gb-has-no-icon lg-gb-has-no-icon md-gb-has-no-icon sm-gb-has-no-icon\">B\u00f6rjan:<\/h3><p class=\"theme-wp-block gb-responsive-657993-identifier\">Sedan 2014 s\u00e4ljer f\u00f6retaget ocks\u00e5 sina produkter p\u00e5 Amazon. Vad som b\u00f6rjade med frakten av n\u00e5gra fotbollar har s\u00e5 sm\u00e5ningom utvecklats till en PAN EU-f\u00f6rs\u00e4ljning \u00f6ver hela Europa. Med cirka 6 000 artiklar var Christoph Hesse medveten om att fel var oundvikliga i Amazons lager.<\/p><p class=\"theme-wp-block gb-responsive-780031-identifier\">\u201cVi har ett brett utbud av produkter p\u00e5 Amazon, och att j\u00e4mf\u00f6ra s\u00e5 m\u00e5nga internationella marknader \u00e4r komplext och tidskr\u00e4vande,\u201d f\u00f6rklarar Christoph. \u201cVi analyserade manuellt leveransrapporter eftersom vi var medvetna om k\u00e4rnproblemet, men p\u00e5 grund av den stora m\u00e4ngd tid detta kr\u00e4ver kunde vi bara g\u00f6ra \u00f6vervakningen i liten skala.\u201d<\/p><h3 class=\"theme-wp-block wp-block-heading gb-responsive-749842-identifier\">L\u00f6sning:<\/h3><p class=\"theme-wp-block gb-responsive-642257-identifier desktop-gb-has-no-icon xl-gb-has-no-icon lg-gb-has-no-icon md-gb-has-no-icon sm-gb-has-no-icon\">D\u00e5 deltog Christoph i en konferens f\u00f6r Amazon-s\u00e4ljare. Eftersom han redan hade f\u00e5tt en inbjudan fr\u00e5n SELLERLOGIC ang\u00e5ende Lost &#038; Found-l\u00f6sningen, s\u00f6kte han upp oss och lyssnade p\u00e5 en av v\u00e5ra konferenspresentationer. \u201cWorkshopen hade redan \u00f6vertygat mig om Lost &#038; Found. Men den konstruktiva diskussionen med talaren efter\u00e5t var gr\u00e4dden p\u00e5 moset och bekr\u00e4ftade helt min f\u00f6rsta intryck,\u201d minns Christoph. \u201cS\u00e5 snart jag kom hem registrerade jag mig direkt.\u201d<\/p><div class=\"theme-block-group-wrap\"><div class=\"theme-wp-block wp-block-group gb-responsive-88118-identifier\">\t\t<div  class=\"theme-wp-block theme-block-user-card gb-responsive-799176-identifier is-style-full-width-line\">\n\t\t<div class=\"wrap-inner-content\">\n\t\t\t<div class=\"card-user-head\">\n\t\t\t\t<div class=\"card-user-avatar\">\n\t\t\t\t\t<div class=\"cover-avatar\" style=\"background-image: url(https:\/\/d2bw95mh2ee04s.cloudfront.net\/prod\/content\/wp-content\/uploads\/2020\/12\/23142724\/sport-hesse-raute.png);\"><\/div>\n\t\t\t\t<\/div>\n\t\t\t\t<div class=\"wrap-title\">\n\t\t\t\t\t<div class=\"card-user-name\">\n\t\t\t\t\t\t<div class=\"title\">\n\t\t\t\t\t\t\t<h3 class=\"heading-text\"><strong>Christoph Hesse<\/strong><\/h3>\n\t\t\t\t\t\t<\/div>\n\t\t\t\t\t\t<div class=\"card-user-position\">\n\t\t\t\t\t\t\t<div class=\"card-text\"><strong>VD p\u00e5 Sport-Hesse<\/strong><\/div>\n\t\t\t\t\t\t<\/div>\n\t\t\t\t\t<\/div>\n\t\t\t\t\t<div class=\"card-user-quote-icon\">\n\t\t\t\t\t<\/div>\n\t\t\t\t<\/div>\n\t\t\t<\/div>\n\t\t\t<div class=\"card-user-text\">\n\t\t\t\t<div class=\"card-text\"><p>&#8220;SELLERLOGIC Lost &amp; Found \u00e4r helt enkelt ett fantastiskt verktyg, allt passar perfekt, driften, \u00e5terbetalningarna, onboarding och servicen! Vi vill definitivt inte g\u00e5 tillbaka till att manuellt r\u00e4kna ut m\u00f6jliga \u00e5terbetalningskrav.&#8221;<\/p><\/div>\n\t\t\t<\/div>\n\t\t<\/div>\n\t<\/div>\n\n<\/div><\/div><h3 class=\"theme-wp-block wp-block-heading gb-responsive-260858-identifier\">Framg\u00e5ngsrika resultat med SELLERLOGIC:<\/h3><p class=\"theme-wp-block gb-responsive-536715-identifier desktop-gb-has-no-icon xl-gb-has-no-icon lg-gb-has-no-icon md-gb-has-no-icon sm-gb-has-no-icon\">\u00c4ven implementeringen av l\u00f6sningen \u00f6vertr\u00e4ffade hans f\u00f6rv\u00e4ntningar. \u00c4ven om Christophs personliga erfarenhet med SELLERLOGIC&#8217;s CSO under konferensen redan var allt han beh\u00f6vde f\u00f6r att fatta beslutet, \u201c\u00f6verraskade den f\u00f6rsta \u00e5terbetalningen mig \u00e4nd\u00e5: Sport-Hesse fick tillbaka 15 000 Euro fr\u00e5n Amazon!\u201d.<\/p><p class=\"theme-wp-block gb-responsive-557617-identifier desktop-gb-has-no-icon xl-gb-has-no-icon lg-gb-has-no-icon md-gb-has-no-icon sm-gb-has-no-icon\">SELLERLOGIC&#8217;s l\u00f6fte om att spara tid och enkel hantering st\u00e4mde ocks\u00e5. \u201cDe erbjuder ocks\u00e5 en felfri service &#8211; \u00e4ven p\u00e5 l\u00f6rdag fick jag ett svar fr\u00e5n kundsupportteamet!\u201d f\u00f6rklarar Christoph. \u201cGenerellt har det varit mycket trevligt att ha att g\u00f6ra med kundsupportteamet. De har alltid r\u00e4tt svar p\u00e5 mina problem.\u201d<\/p><p class=\"theme-wp-block gb-responsive-570460-identifier desktop-gb-has-no-icon xl-gb-has-no-icon lg-gb-has-no-icon md-gb-has-no-icon sm-gb-has-no-icon\">\u201cVerktyget fungerar mycket bra, eftersom den operativa komponenten \u00e4r tydlig och det enkelt kan integreras i din egen dagliga rutin. Dessutom finns det en kunskapsdatabas \u2013 som f\u00f6rutom kundsupportteamet \u2013 ocks\u00e5 har hj\u00e4lpt oss mycket n\u00e4r vi hade tvivel eller fr\u00e5gor.\u201d<\/p><p class=\"theme-wp-block gb-responsive-270774-identifier desktop-gb-has-no-icon xl-gb-has-no-icon lg-gb-has-no-icon md-gb-has-no-icon sm-gb-has-no-icon\">\u201cVerktygets prestanda \u00e4r helt enkelt \u00f6vertygande och r\u00e4ttf\u00e4rdigar helt priset!\u201d s\u00e4ger Christoph. \u201cI vilket fall som helst \u00e4r manuell kontroll inte l\u00e4ngre ett problem p\u00e5 Sport-Hesse.\u201d<\/p><div class=\"theme-wp-block wp-block-buttons gb-responsive-497426-identifier is-layout-flex wp-block-buttons-is-layout-flex\"><div class=\"theme-wp-block wp-block-button gb-responsive-38220-identifier is-style-theme-transparent-with-arrow\"><a class=\"wp-block-button__link wp-element-button\" href=\"https:\/\/d2bw95mh2ee04s.cloudfront.net\/prod\/content\/files\/SUCCESS-STORIES\/EN\/SELLERLOGIC_SN_Success-Story_Sport-Hesse_EN.pdf\" target=\"_blank\" rel=\"noreferrer noopener nofollow\">Ladda ner nu!<\/a><\/div><\/div><\/div><div class=\"theme-wp-block wp-block-column gb-responsive-271329-identifier is-layout-flow wp-block-column-is-layout-flow\" style=\"flex-basis:25%\"><\/div><\/div>","protected":false},"excerpt":{"rendered":"<p>Grundande:1984 Bransch:Sportutrustning, Lagsporter, Sportm\u00e4rken Artiklar p\u00e5 Amazon: ca 6.000 SKUs Frakt:ca 30.000 per m\u00e5nad Bakgrund: Christoph J. Hesse b\u00f6rjade s\u00e4lja sin sportutrustning direkt p\u00e5 planen efter matcher n\u00e4r han fortfarande studerade f\u00f6retagsekonomi. S\u00e5 h\u00e4r f\u00f6ddes id\u00e9n att skapa sitt f\u00f6retag. \u00c5r 1984 \u00f6ppnade Christoph sin f\u00f6rsta sportbutik med en f\u00f6rs\u00e4ljningsyta p\u00e5 45 kvm. Redan n\u00e5gra<\/p>\n","protected":false},"author":3,"featured_media":4855,"parent":106761,"menu_order":0,"comment_status":"closed","ping_status":"closed","template":"","meta":{"sidebar_recommended_resources":{"data":[]},"sidebar_header_settings":{"hide_buttons":{"register":false}},"_use_new_theme":false,"inline_featured_image":false,"footnotes":""},"class_list":["post-106776","page","type-page","status-publish","has-post-thumbnail","hentry"],"yoast_head":"<!-- This site is optimized with the Yoast SEO plugin v26.8 - https:\/\/yoast.com\/product\/yoast-seo-wordpress\/ -->\n<title>Varf\u00f6r Lost &amp; Found \u00f6vertygade Sport-Hesse | SELLERLOGIC<\/title>\n<meta name=\"description\" content=\"&quot;De har alltid r\u00e4tt svar p\u00e5 mina problem&quot; - Hur Sport-Hesse fick en 5-siffrig \u00e5terbetalning av Amazon tack vare Lost &amp; Found\" \/>\n<meta name=\"robots\" content=\"index, follow, max-snippet:-1, max-image-preview:large, max-video-preview:-1\" \/>\n<link rel=\"canonical\" href=\"https:\/\/www.sellerlogic.com\/sv\/resources\/success-story-sport-hesse\/\" \/>\n<meta property=\"og:locale\" content=\"sv_SE\" \/>\n<meta property=\"og:type\" content=\"article\" \/>\n<meta property=\"og:title\" content=\"Varf\u00f6r Lost &amp; Found \u00f6vertygade Sport-Hesse | SELLERLOGIC\" \/>\n<meta property=\"og:description\" content=\"&quot;De har alltid r\u00e4tt svar p\u00e5 mina problem&quot; - Hur Sport-Hesse fick en 5-siffrig \u00e5terbetalning av Amazon tack vare Lost &amp; Found\" \/>\n<meta property=\"og:url\" content=\"https:\/\/www.sellerlogic.com\/sv\/resources\/success-story-sport-hesse\/\" \/>\n<meta property=\"og:site_name\" content=\"SELLERLOGIC - Smarte Tools f\u00fcr Amazon-Seller\" \/>\n<meta property=\"article:publisher\" content=\"https:\/\/www.facebook.com\/SellerLogic\/\" \/>\n<meta property=\"article:modified_time\" content=\"2025-08-09T15:38:27+00:00\" \/>\n<meta property=\"og:image\" content=\"https:\/\/d2bw95mh2ee04s.cloudfront.net\/prod\/content\/wp-content\/uploads\/2020\/12\/23142722\/sport-hesse-header-neu.jpeg\" \/>\n\t<meta property=\"og:image:width\" content=\"2500\" \/>\n\t<meta property=\"og:image:height\" content=\"1667\" \/>\n\t<meta property=\"og:image:type\" content=\"image\/jpeg\" \/>\n<meta name=\"twitter:card\" content=\"summary_large_image\" \/>\n<meta name=\"twitter:site\" content=\"@sellerlogic\" \/>\n<meta name=\"twitter:label1\" content=\"Est. reading time\" \/>\n\t<meta name=\"twitter:data1\" content=\"3 minutes\" \/>\n<script type=\"application\/ld+json\" class=\"yoast-schema-graph\">{\"@context\":\"https:\/\/schema.org\",\"@graph\":[{\"@type\":\"WebPage\",\"@id\":\"https:\/\/www.sellerlogic.com\/sv\/resources\/success-story-sport-hesse\/\",\"url\":\"https:\/\/www.sellerlogic.com\/sv\/resources\/success-story-sport-hesse\/\",\"name\":\"Varf\u00f6r Lost & Found \u00f6vertygade Sport-Hesse | SELLERLOGIC\",\"isPartOf\":{\"@id\":\"https:\/\/www.sellerlogic.com\/sv\/#website\"},\"primaryImageOfPage\":{\"@id\":\"https:\/\/www.sellerlogic.com\/sv\/resources\/success-story-sport-hesse\/#primaryimage\"},\"image\":{\"@id\":\"https:\/\/www.sellerlogic.com\/sv\/resources\/success-story-sport-hesse\/#primaryimage\"},\"thumbnailUrl\":\"https:\/\/d2bw95mh2ee04s.cloudfront.net\/prod\/content\/wp-content\/uploads\/2020\/12\/23142722\/sport-hesse-header-neu.jpeg\",\"datePublished\":\"2020-12-18T10:57:32+00:00\",\"dateModified\":\"2025-08-09T15:38:27+00:00\",\"description\":\"\\\"De har alltid r\u00e4tt svar p\u00e5 mina problem\\\" - Hur Sport-Hesse fick en 5-siffrig \u00e5terbetalning av Amazon tack vare Lost & Found\",\"breadcrumb\":{\"@id\":\"https:\/\/www.sellerlogic.com\/sv\/resources\/success-story-sport-hesse\/#breadcrumb\"},\"inLanguage\":\"sv-SE\",\"potentialAction\":[{\"@type\":\"ReadAction\",\"target\":[\"https:\/\/www.sellerlogic.com\/sv\/resources\/success-story-sport-hesse\/\"]}]},{\"@type\":\"ImageObject\",\"inLanguage\":\"sv-SE\",\"@id\":\"https:\/\/www.sellerlogic.com\/sv\/resources\/success-story-sport-hesse\/#primaryimage\",\"url\":\"https:\/\/d2bw95mh2ee04s.cloudfront.net\/prod\/content\/wp-content\/uploads\/2020\/12\/23142722\/sport-hesse-header-neu.jpeg\",\"contentUrl\":\"https:\/\/d2bw95mh2ee04s.cloudfront.net\/prod\/content\/wp-content\/uploads\/2020\/12\/23142722\/sport-hesse-header-neu.jpeg\",\"width\":2500,\"height\":1667,\"caption\":\"Sport-Hesse: Header\"},{\"@type\":\"BreadcrumbList\",\"@id\":\"https:\/\/www.sellerlogic.com\/sv\/resources\/success-story-sport-hesse\/#breadcrumb\",\"itemListElement\":[{\"@type\":\"ListItem\",\"position\":1,\"name\":\"Home\",\"item\":\"https:\/\/www.sellerlogic.com\/sv\/\"},{\"@type\":\"ListItem\",\"position\":2,\"name\":\"Ressurser EN\",\"item\":\"https:\/\/www.sellerlogic.com\/sv\/resources\/\"},{\"@type\":\"ListItem\",\"position\":3,\"name\":\"Framg\u00e5ngshistoria: Sport Hesse EN\"}]},{\"@type\":\"WebSite\",\"@id\":\"https:\/\/www.sellerlogic.com\/sv\/#website\",\"url\":\"https:\/\/www.sellerlogic.com\/sv\/\",\"name\":\"SELLERLOGIC - Smarte Tools f\u00fcr Amazon-Seller\",\"description\":\"Intelligente Prozessoptimierung und Gewinnmaximierung\",\"publisher\":{\"@id\":\"https:\/\/www.sellerlogic.com\/sv\/#organization\"},\"potentialAction\":[{\"@type\":\"SearchAction\",\"target\":{\"@type\":\"EntryPoint\",\"urlTemplate\":\"https:\/\/www.sellerlogic.com\/sv\/?s={search_term_string}\"},\"query-input\":{\"@type\":\"PropertyValueSpecification\",\"valueRequired\":true,\"valueName\":\"search_term_string\"}}],\"inLanguage\":\"sv-SE\"},{\"@type\":\"Organization\",\"@id\":\"https:\/\/www.sellerlogic.com\/sv\/#organization\",\"name\":\"SELLERLOGIC\",\"url\":\"https:\/\/www.sellerlogic.com\/sv\/\",\"logo\":{\"@type\":\"ImageObject\",\"inLanguage\":\"sv-SE\",\"@id\":\"https:\/\/www.sellerlogic.com\/sv\/#\/schema\/logo\/image\/\",\"url\":\"https:\/\/d2bw95mh2ee04s.cloudfront.net\/prod\/content\/wp-content\/uploads\/2025\/01\/02134814\/Property-Logo-Main.svg\",\"contentUrl\":\"https:\/\/d2bw95mh2ee04s.cloudfront.net\/prod\/content\/wp-content\/uploads\/2025\/01\/02134814\/Property-Logo-Main.svg\",\"width\":184,\"height\":40,\"caption\":\"SELLERLOGIC\"},\"image\":{\"@id\":\"https:\/\/www.sellerlogic.com\/sv\/#\/schema\/logo\/image\/\"},\"sameAs\":[\"https:\/\/www.facebook.com\/SellerLogic\/\",\"https:\/\/x.com\/sellerlogic\",\"https:\/\/www.instagram.com\/sellerlogic\/\",\"https:\/\/www.linkedin.com\/company\/18402037\/\",\"https:\/\/www.youtube.com\/channel\/UC-gULUur-fNj08sprantKsQ\"]}]}<\/script>\n<!-- \/ Yoast SEO plugin. -->","yoast_head_json":{"title":"Varf\u00f6r Lost & Found \u00f6vertygade Sport-Hesse | SELLERLOGIC","description":"\"De har alltid r\u00e4tt svar p\u00e5 mina problem\" - Hur Sport-Hesse fick en 5-siffrig \u00e5terbetalning av Amazon tack vare Lost & Found","robots":{"index":"index","follow":"follow","max-snippet":"max-snippet:-1","max-image-preview":"max-image-preview:large","max-video-preview":"max-video-preview:-1"},"canonical":"https:\/\/www.sellerlogic.com\/sv\/resources\/success-story-sport-hesse\/","og_locale":"sv_SE","og_type":"article","og_title":"Varf\u00f6r Lost & Found \u00f6vertygade Sport-Hesse | SELLERLOGIC","og_description":"\"De har alltid r\u00e4tt svar p\u00e5 mina problem\" - Hur Sport-Hesse fick en 5-siffrig \u00e5terbetalning av Amazon tack vare Lost & Found","og_url":"https:\/\/www.sellerlogic.com\/sv\/resources\/success-story-sport-hesse\/","og_site_name":"SELLERLOGIC - Smarte Tools f\u00fcr Amazon-Seller","article_publisher":"https:\/\/www.facebook.com\/SellerLogic\/","article_modified_time":"2025-08-09T15:38:27+00:00","og_image":[{"width":2500,"height":1667,"url":"https:\/\/d2bw95mh2ee04s.cloudfront.net\/prod\/content\/wp-content\/uploads\/2020\/12\/23142722\/sport-hesse-header-neu.jpeg","type":"image\/jpeg"}],"twitter_card":"summary_large_image","twitter_site":"@sellerlogic","twitter_misc":{"Est. reading time":"3 minutes"},"schema":{"@context":"https:\/\/schema.org","@graph":[{"@type":"WebPage","@id":"https:\/\/www.sellerlogic.com\/sv\/resources\/success-story-sport-hesse\/","url":"https:\/\/www.sellerlogic.com\/sv\/resources\/success-story-sport-hesse\/","name":"Varf\u00f6r Lost & Found \u00f6vertygade Sport-Hesse | SELLERLOGIC","isPartOf":{"@id":"https:\/\/www.sellerlogic.com\/sv\/#website"},"primaryImageOfPage":{"@id":"https:\/\/www.sellerlogic.com\/sv\/resources\/success-story-sport-hesse\/#primaryimage"},"image":{"@id":"https:\/\/www.sellerlogic.com\/sv\/resources\/success-story-sport-hesse\/#primaryimage"},"thumbnailUrl":"https:\/\/d2bw95mh2ee04s.cloudfront.net\/prod\/content\/wp-content\/uploads\/2020\/12\/23142722\/sport-hesse-header-neu.jpeg","datePublished":"2020-12-18T10:57:32+00:00","dateModified":"2025-08-09T15:38:27+00:00","description":"\"De har alltid r\u00e4tt svar p\u00e5 mina problem\" - Hur Sport-Hesse fick en 5-siffrig \u00e5terbetalning av Amazon tack vare Lost & Found","breadcrumb":{"@id":"https:\/\/www.sellerlogic.com\/sv\/resources\/success-story-sport-hesse\/#breadcrumb"},"inLanguage":"sv-SE","potentialAction":[{"@type":"ReadAction","target":["https:\/\/www.sellerlogic.com\/sv\/resources\/success-story-sport-hesse\/"]}]},{"@type":"ImageObject","inLanguage":"sv-SE","@id":"https:\/\/www.sellerlogic.com\/sv\/resources\/success-story-sport-hesse\/#primaryimage","url":"https:\/\/d2bw95mh2ee04s.cloudfront.net\/prod\/content\/wp-content\/uploads\/2020\/12\/23142722\/sport-hesse-header-neu.jpeg","contentUrl":"https:\/\/d2bw95mh2ee04s.cloudfront.net\/prod\/content\/wp-content\/uploads\/2020\/12\/23142722\/sport-hesse-header-neu.jpeg","width":2500,"height":1667,"caption":"Sport-Hesse: Header"},{"@type":"BreadcrumbList","@id":"https:\/\/www.sellerlogic.com\/sv\/resources\/success-story-sport-hesse\/#breadcrumb","itemListElement":[{"@type":"ListItem","position":1,"name":"Home","item":"https:\/\/www.sellerlogic.com\/sv\/"},{"@type":"ListItem","position":2,"name":"Ressurser EN","item":"https:\/\/www.sellerlogic.com\/sv\/resources\/"},{"@type":"ListItem","position":3,"name":"Framg\u00e5ngshistoria: Sport Hesse EN"}]},{"@type":"WebSite","@id":"https:\/\/www.sellerlogic.com\/sv\/#website","url":"https:\/\/www.sellerlogic.com\/sv\/","name":"SELLERLOGIC - Smarte Tools f\u00fcr Amazon-Seller","description":"Intelligente Prozessoptimierung und Gewinnmaximierung","publisher":{"@id":"https:\/\/www.sellerlogic.com\/sv\/#organization"},"potentialAction":[{"@type":"SearchAction","target":{"@type":"EntryPoint","urlTemplate":"https:\/\/www.sellerlogic.com\/sv\/?s={search_term_string}"},"query-input":{"@type":"PropertyValueSpecification","valueRequired":true,"valueName":"search_term_string"}}],"inLanguage":"sv-SE"},{"@type":"Organization","@id":"https:\/\/www.sellerlogic.com\/sv\/#organization","name":"SELLERLOGIC","url":"https:\/\/www.sellerlogic.com\/sv\/","logo":{"@type":"ImageObject","inLanguage":"sv-SE","@id":"https:\/\/www.sellerlogic.com\/sv\/#\/schema\/logo\/image\/","url":"https:\/\/d2bw95mh2ee04s.cloudfront.net\/prod\/content\/wp-content\/uploads\/2025\/01\/02134814\/Property-Logo-Main.svg","contentUrl":"https:\/\/d2bw95mh2ee04s.cloudfront.net\/prod\/content\/wp-content\/uploads\/2025\/01\/02134814\/Property-Logo-Main.svg","width":184,"height":40,"caption":"SELLERLOGIC"},"image":{"@id":"https:\/\/www.sellerlogic.com\/sv\/#\/schema\/logo\/image\/"},"sameAs":["https:\/\/www.facebook.com\/SellerLogic\/","https:\/\/x.com\/sellerlogic","https:\/\/www.instagram.com\/sellerlogic\/","https:\/\/www.linkedin.com\/company\/18402037\/","https:\/\/www.youtube.com\/channel\/UC-gULUur-fNj08sprantKsQ"]}]}},"_links":{"self":[{"href":"https:\/\/www.sellerlogic.com\/sv\/wp-json\/wp\/v2\/pages\/106776","targetHints":{"allow":["GET"]}}],"collection":[{"href":"https:\/\/www.sellerlogic.com\/sv\/wp-json\/wp\/v2\/pages"}],"about":[{"href":"https:\/\/www.sellerlogic.com\/sv\/wp-json\/wp\/v2\/types\/page"}],"author":[{"embeddable":true,"href":"https:\/\/www.sellerlogic.com\/sv\/wp-json\/wp\/v2\/users\/3"}],"replies":[{"embeddable":true,"href":"https:\/\/www.sellerlogic.com\/sv\/wp-json\/wp\/v2\/comments?post=106776"}],"version-history":[{"count":0,"href":"https:\/\/www.sellerlogic.com\/sv\/wp-json\/wp\/v2\/pages\/106776\/revisions"}],"up":[{"embeddable":true,"href":"https:\/\/www.sellerlogic.com\/sv\/wp-json\/wp\/v2\/pages\/106761"}],"wp:featuredmedia":[{"embeddable":true,"href":"https:\/\/www.sellerlogic.com\/sv\/wp-json\/wp\/v2\/media\/4855"}],"wp:attachment":[{"href":"https:\/\/www.sellerlogic.com\/sv\/wp-json\/wp\/v2\/media?parent=106776"}],"curies":[{"name":"wp","href":"https:\/\/api.w.org\/{rel}","templated":true}]}}