
{"id":106782,"date":"2020-12-14T12:23:44","date_gmt":"2020-12-14T12:23:44","guid":{"rendered":"https:\/\/127.0.0.1\/callback-service\/"},"modified":"2025-08-09T15:42:59","modified_gmt":"2025-08-09T15:42:59","slug":"callback-service","status":"publish","type":"page","link":"https:\/\/www.sellerlogic.com\/sv\/callback-service\/","title":{"rendered":"\u00c5teruppringningstj\u00e4nst"},"content":{"rendered":"\n\t<div  class=\"theme-wp-block theme-block-main-header desktop-align-full xl-align-full lg-align-full md-align-full sm-align-full desktop-content-align-y-center desktop-content-align-x-center xl-content-align-y-center xl-content-align-x-center lg-content-align-y-center lg-content-align-x-center md-content-align-y-center md-content-align-x-center sm-content-align-y-center sm-content-align-x-center gb-responsive-185006-identifier is-style-default theme-block-cover\">\n\t\t<div class=\"bg-cover theme-lazy-load-bg\"><\/div>\n\t\t<div class=\"wrap-content-main-header\">\n\t\t\t\t\t<div  class=\"theme-wp-block theme-block-text-and-text desktop-align-wide xl-align-wide lg-align-wide md-align-wide sm-align-wide desktop-blockDirection-row xl-blockDirection-row lg-blockDirection-row md-blockDirection-row sm-blockDirection-row gb-responsive-519943-identifier alignwide\">\n\t\t<div class=\"tat-column-wrap-wrapper\">\n\t\t\t<div class=\"tat-column-wrapper\">\n\t\t\t\t\t<div  class=\"theme-wp-block theme-block-text-and-text-column desktop-horizontal-left xl-horizontal-left lg-horizontal-left md-horizontal-left sm-horizontal-left gb-responsive-308449-identifier\">\n\t\t<div class=\"inner-wrap-column-content\">\n\t\t\t<div class=\"inner-column-content\">\n\t\t\t\t<div class=\"theme-wp-block wp-block-buttons gb-responsive-72683-identifier is-layout-flex wp-block-buttons-is-layout-flex\"><\/div>\t\t\t<\/div>\n\t\t<\/div>\n\t<\/div>\n\t<div  class=\"theme-wp-block theme-block-text-and-text-column gb-responsive-973542-identifier\">\n\t\t<div class=\"inner-wrap-column-content\">\n\t\t\t<div class=\"inner-column-content\">\n\t\t\t\t\t\t\t<\/div>\n\t\t<\/div>\n\t<\/div>\n\t\t\t<\/div>\n\t\t<\/div>\n\t<\/div>\n\n\t\t<\/div>\n\t<\/div>\n\n<h2 class=\"theme-wp-block wp-block-heading alignfull has-text-align-center gb-responsive-339839-identifier desktop-text-full xl-text-full lg-text-full md-text-full sm-text-full is-style-default\">Den SELLERLOGIC \u00e5teruppringningstj\u00e4nsten<\/h2><div class=\"theme-wp-block wp-block-columns alignfull are-vertically-aligned-center desktop-align-full xl-align-full lg-align-full md-align-full sm-align-full gb-responsive-511729-identifier has-white-background-color has-background is-layout-flex wp-container-core-columns-is-layout-9d6595d7 wp-block-columns-is-layout-flex\"><div class=\"theme-wp-block wp-block-column is-vertically-aligned-center gb-responsive-830185-identifier is-layout-flow wp-block-column-is-layout-flow\" style=\"flex-basis:25%\"><\/div><div class=\"theme-wp-block wp-block-column is-vertically-aligned-center gb-responsive-58846-identifier is-layout-flow wp-block-column-is-layout-flow\" style=\"flex-basis:50%\"><div class=\"theme-block-group-wrap\"><div class=\"theme-wp-block wp-block-group gb-responsive-486569-identifier has-theme-light-gray-background-color has-background\"><p class=\"theme-wp-block has-text-align-center gb-responsive-22131-identifier\">Ange ditt namn, telefonnummer och e-postadress,<br>f\u00f6r att bli uppringd av oss. Vi \u00e5terkommer till dig<br>s\u00e5 snart som m\u00f6jligt!<\/p><div id=\"callback-form\" class=\"theme-wp-block callback-form\"><form id=\"leadform\" action=\"#\" method=\"post\"><p id=\"salutation\" style=\"margin-top: 10px;\"><label for=\"salutation\">H\u00e4lsning<sup style=\"color: rgb(255, 0, 0);\">*<\/sup><\/label><br> <input type=\"radio\" name=\"gender\" value=\"Mr.\" required=\"required\"> <label for=\"herr\" style=\"margin-right: 30px;\">Mr.<\/label> <input type=\"radio\" name=\"gender\" value=\"Ms.\"> <label for=\"frau\">Ms.<\/label><br><br><\/p> <label>F\u00f6rnamn<sup style=\"color: rgb(255, 0, 0);\">*<\/sup><\/label><br> <input type=\"text\" placeholder=\"F\u00f6rnamn\" name=\"first-name\" id=\"first-name\" required=\"required\" style=\"padding: 10px; font-size: 18px; width: 100%; margin-bottom: 15px; color: rgb(88, 88, 88);\"><br> <label>Efternamn<sup style=\"color: rgb(255, 0, 0);\">*<\/sup><\/label><br> <input type=\"text\" required=\"required\" placeholder=\"Efternamn\" name=\"last-name\" id=\"last-name\" style=\"padding: 10px; font-size: 18px; width: 100%; margin-bottom: 15px; color: rgb(88, 88, 88);\"><br> <label>E-postadress<sup style=\"color: rgb(255, 0, 0);\">*<\/sup><\/label><br> <input type=\"email\" required=\"required\" placeholder=\"E-postadress\" name=\"email\" id=\"email\" style=\"padding: 10px; font-size: 18px; width: 100%; margin-bottom: 15px; color: rgb(88, 88, 88);\"><br> <label>Telefonnummer<sup style=\"color: rgb(255, 0, 0);\">*<\/sup><\/label><br> <input type=\"number\" required=\"required\" placeholder=\"Telefonnummer\" name=\"telephone\" id=\"telephone\" style=\"padding: 10px; font-size: 18px; width: 100%; margin-bottom: 15px; color: rgb(88, 88, 88);\"><br> <label>F\u00f6retagsnamn<sup style=\"color: rgb(255, 0, 0);\">*<\/sup><\/label><br> <input type=\"text\" required=\"required\" placeholder=\"F\u00f6retagsnamn\" name=\"company\" id=\"company\" style=\"padding: 10px; font-size: 18px; width: 100%; margin-bottom: 15px; color: rgb(88, 88, 88);\"><br> <label>\u00c4mne<sup style=\"color: rgb(255, 0, 0);\">*<\/sup><\/label><br> <input type=\"text\" required=\"required\" placeholder=\"\u00c4mne\" name=\"topic\" id=\"topic\" style=\"padding: 10px; font-size: 18px; width: 100%; margin-bottom: 15px; color: rgb(88, 88, 88);\"><br><p id=\"timeframe\" style=\"margin-top: 10px;\"><label for=\"timeframe\">F\u00f6redragen tid<sup style=\"color: rgb(255, 0, 0);\">*<\/sup><\/label><br> <input type=\"radio\" name=\"timeframe\" value=\"morning\" required=\"required\"> <label for=\"vormittags\" style=\"margin-right: 30px;\">morgon<\/label> <input type=\"radio\" name=\"timeframe\" value=\"afternoon\"> <label for=\"nachmittags\">eftermiddag<\/label><br><br><\/p> <input type=\"hidden\" id=\"lead-source\" name=\"lead-source\" value=\"Callback-Form\"><input type=\"submit\" value=\"Beg\u00e4r \u00e5teruppringning nu!\" id=\"submit\" style=\"padding: 10px; font-size: 18px; width: 100%; margin-bottom: 15px; color: rgb(255, 255, 255); background-color: rgb(255, 170, 1); cursor: pointer;\"> <p style=\"margin-bottom: 10px; font-size: 12px;\">Behandlingen av uppgifterna sker i enlighet med v\u00e5r <a href=\"https:\/\/www.sellerlogic.com\/en\/privacy-policy\/\" target=\"_blank\" draggable=\"false\" rel=\"noopener noreferrer\">integritetspolicy<\/a>.<\/p><\/form><\/div><\/div><\/div><\/div><div class=\"theme-wp-block wp-block-column is-vertically-aligned-center gb-responsive-719519-identifier is-layout-flow wp-block-column-is-layout-flow\" style=\"flex-basis:25%\"><\/div><\/div>","protected":false},"excerpt":{"rendered":"<p>Den SELLERLOGIC \u00e5teruppringningstj\u00e4nsten Ange ditt namn, telefonnummer och e-postadress,f\u00f6r att bli uppringd av oss. Vi \u00e5terkommer till digs\u00e5 snart som m\u00f6jligt! H\u00e4lsning* Mr. Ms. F\u00f6rnamn* Efternamn* E-postadress* Telefonnummer* F\u00f6retagsnamn* \u00c4mne* F\u00f6redragen tid* morgon eftermiddag Behandlingen av uppgifterna sker i enlighet med v\u00e5r integritetspolicy.<\/p>\n","protected":false},"author":8,"featured_media":0,"parent":0,"menu_order":0,"comment_status":"closed","ping_status":"closed","template":"","meta":{"sidebar_recommended_resources":{"data":[]},"sidebar_header_settings":{"hide_buttons":{"register":false}},"_use_new_theme":false,"inline_featured_image":false,"footnotes":""},"class_list":["post-106782","page","type-page","status-publish","hentry"],"yoast_head":"<!-- This site is optimized with the Yoast SEO plugin v26.8 - https:\/\/yoast.com\/product\/yoast-seo-wordpress\/ -->\n<title>SELLERLOGIC: \u00c5teruppringningstj\u00e4nsten f\u00f6r alla fr\u00e5gor ang\u00e5ende SELLERLOGIC<\/title>\n<meta name=\"description\" content=\"Har du fr\u00e5gor? D\u00e5 anger du dina uppgifter s\u00e5 ringer vi tillbaka s\u00e5 snart som m\u00f6jligt. V\u00e5rt kundframg\u00e5ngsteam ser fram emot att h\u00f6ra fr\u00e5n dig!\" \/>\n<meta name=\"robots\" content=\"index, follow, max-snippet:-1, max-image-preview:large, max-video-preview:-1\" \/>\n<link rel=\"canonical\" href=\"https:\/\/www.sellerlogic.com\/sv\/callback-service\/\" \/>\n<meta property=\"og:locale\" content=\"sv_SE\" \/>\n<meta property=\"og:type\" content=\"article\" \/>\n<meta property=\"og:title\" content=\"SELLERLOGIC: \u00c5teruppringningstj\u00e4nsten f\u00f6r alla fr\u00e5gor ang\u00e5ende SELLERLOGIC\" \/>\n<meta property=\"og:description\" content=\"Har du fr\u00e5gor? D\u00e5 anger du dina uppgifter s\u00e5 ringer vi tillbaka s\u00e5 snart som m\u00f6jligt. V\u00e5rt kundframg\u00e5ngsteam ser fram emot att h\u00f6ra fr\u00e5n dig!\" \/>\n<meta property=\"og:url\" content=\"https:\/\/www.sellerlogic.com\/sv\/callback-service\/\" \/>\n<meta property=\"og:site_name\" content=\"SELLERLOGIC - Smarte Tools f\u00fcr Amazon-Seller\" \/>\n<meta property=\"article:publisher\" content=\"https:\/\/www.facebook.com\/SellerLogic\/\" \/>\n<meta property=\"article:modified_time\" content=\"2025-08-09T15:42:59+00:00\" \/>\n<meta property=\"og:image\" content=\"https:\/\/d2bw95mh2ee04s.cloudfront.net\/prod\/content\/wp-content\/uploads\/2025\/06\/09094621\/Social-OG-Image-Link.jpg\" \/>\n\t<meta property=\"og:image:width\" content=\"2400\" \/>\n\t<meta property=\"og:image:height\" content=\"1270\" \/>\n\t<meta property=\"og:image:type\" content=\"image\/jpeg\" \/>\n<meta name=\"twitter:card\" content=\"summary_large_image\" \/>\n<meta name=\"twitter:site\" content=\"@sellerlogic\" \/>\n<script type=\"application\/ld+json\" class=\"yoast-schema-graph\">{\"@context\":\"https:\/\/schema.org\",\"@graph\":[{\"@type\":\"WebPage\",\"@id\":\"https:\/\/www.sellerlogic.com\/sv\/callback-service\/\",\"url\":\"https:\/\/www.sellerlogic.com\/sv\/callback-service\/\",\"name\":\"SELLERLOGIC: \u00c5teruppringningstj\u00e4nsten f\u00f6r alla fr\u00e5gor ang\u00e5ende SELLERLOGIC\",\"isPartOf\":{\"@id\":\"https:\/\/www.sellerlogic.com\/sv\/#website\"},\"datePublished\":\"2020-12-14T12:23:44+00:00\",\"dateModified\":\"2025-08-09T15:42:59+00:00\",\"description\":\"Har du fr\u00e5gor? D\u00e5 anger du dina uppgifter s\u00e5 ringer vi tillbaka s\u00e5 snart som m\u00f6jligt. V\u00e5rt kundframg\u00e5ngsteam ser fram emot att h\u00f6ra fr\u00e5n dig!\",\"breadcrumb\":{\"@id\":\"https:\/\/www.sellerlogic.com\/sv\/callback-service\/#breadcrumb\"},\"inLanguage\":\"sv-SE\",\"potentialAction\":[{\"@type\":\"ReadAction\",\"target\":[\"https:\/\/www.sellerlogic.com\/sv\/callback-service\/\"]}]},{\"@type\":\"BreadcrumbList\",\"@id\":\"https:\/\/www.sellerlogic.com\/sv\/callback-service\/#breadcrumb\",\"itemListElement\":[{\"@type\":\"ListItem\",\"position\":1,\"name\":\"Home\",\"item\":\"https:\/\/www.sellerlogic.com\/sv\/\"},{\"@type\":\"ListItem\",\"position\":2,\"name\":\"\u00c5teruppringningstj\u00e4nst\"}]},{\"@type\":\"WebSite\",\"@id\":\"https:\/\/www.sellerlogic.com\/sv\/#website\",\"url\":\"https:\/\/www.sellerlogic.com\/sv\/\",\"name\":\"SELLERLOGIC - Smarte Tools f\u00fcr Amazon-Seller\",\"description\":\"Intelligente Prozessoptimierung und Gewinnmaximierung\",\"publisher\":{\"@id\":\"https:\/\/www.sellerlogic.com\/sv\/#organization\"},\"potentialAction\":[{\"@type\":\"SearchAction\",\"target\":{\"@type\":\"EntryPoint\",\"urlTemplate\":\"https:\/\/www.sellerlogic.com\/sv\/?s={search_term_string}\"},\"query-input\":{\"@type\":\"PropertyValueSpecification\",\"valueRequired\":true,\"valueName\":\"search_term_string\"}}],\"inLanguage\":\"sv-SE\"},{\"@type\":\"Organization\",\"@id\":\"https:\/\/www.sellerlogic.com\/sv\/#organization\",\"name\":\"SELLERLOGIC\",\"url\":\"https:\/\/www.sellerlogic.com\/sv\/\",\"logo\":{\"@type\":\"ImageObject\",\"inLanguage\":\"sv-SE\",\"@id\":\"https:\/\/www.sellerlogic.com\/sv\/#\/schema\/logo\/image\/\",\"url\":\"https:\/\/d2bw95mh2ee04s.cloudfront.net\/prod\/content\/wp-content\/uploads\/2025\/01\/02134814\/Property-Logo-Main.svg\",\"contentUrl\":\"https:\/\/d2bw95mh2ee04s.cloudfront.net\/prod\/content\/wp-content\/uploads\/2025\/01\/02134814\/Property-Logo-Main.svg\",\"width\":184,\"height\":40,\"caption\":\"SELLERLOGIC\"},\"image\":{\"@id\":\"https:\/\/www.sellerlogic.com\/sv\/#\/schema\/logo\/image\/\"},\"sameAs\":[\"https:\/\/www.facebook.com\/SellerLogic\/\",\"https:\/\/x.com\/sellerlogic\",\"https:\/\/www.instagram.com\/sellerlogic\/\",\"https:\/\/www.linkedin.com\/company\/18402037\/\",\"https:\/\/www.youtube.com\/channel\/UC-gULUur-fNj08sprantKsQ\"]}]}<\/script>\n<!-- \/ Yoast SEO plugin. -->","yoast_head_json":{"title":"SELLERLOGIC: \u00c5teruppringningstj\u00e4nsten f\u00f6r alla fr\u00e5gor ang\u00e5ende SELLERLOGIC","description":"Har du fr\u00e5gor? D\u00e5 anger du dina uppgifter s\u00e5 ringer vi tillbaka s\u00e5 snart som m\u00f6jligt. V\u00e5rt kundframg\u00e5ngsteam ser fram emot att h\u00f6ra fr\u00e5n dig!","robots":{"index":"index","follow":"follow","max-snippet":"max-snippet:-1","max-image-preview":"max-image-preview:large","max-video-preview":"max-video-preview:-1"},"canonical":"https:\/\/www.sellerlogic.com\/sv\/callback-service\/","og_locale":"sv_SE","og_type":"article","og_title":"SELLERLOGIC: \u00c5teruppringningstj\u00e4nsten f\u00f6r alla fr\u00e5gor ang\u00e5ende SELLERLOGIC","og_description":"Har du fr\u00e5gor? D\u00e5 anger du dina uppgifter s\u00e5 ringer vi tillbaka s\u00e5 snart som m\u00f6jligt. V\u00e5rt kundframg\u00e5ngsteam ser fram emot att h\u00f6ra fr\u00e5n dig!","og_url":"https:\/\/www.sellerlogic.com\/sv\/callback-service\/","og_site_name":"SELLERLOGIC - Smarte Tools f\u00fcr Amazon-Seller","article_publisher":"https:\/\/www.facebook.com\/SellerLogic\/","article_modified_time":"2025-08-09T15:42:59+00:00","og_image":[{"width":2400,"height":1270,"url":"https:\/\/d2bw95mh2ee04s.cloudfront.net\/prod\/content\/wp-content\/uploads\/2025\/06\/09094621\/Social-OG-Image-Link.jpg","type":"image\/jpeg"}],"twitter_card":"summary_large_image","twitter_site":"@sellerlogic","schema":{"@context":"https:\/\/schema.org","@graph":[{"@type":"WebPage","@id":"https:\/\/www.sellerlogic.com\/sv\/callback-service\/","url":"https:\/\/www.sellerlogic.com\/sv\/callback-service\/","name":"SELLERLOGIC: \u00c5teruppringningstj\u00e4nsten f\u00f6r alla fr\u00e5gor ang\u00e5ende SELLERLOGIC","isPartOf":{"@id":"https:\/\/www.sellerlogic.com\/sv\/#website"},"datePublished":"2020-12-14T12:23:44+00:00","dateModified":"2025-08-09T15:42:59+00:00","description":"Har du fr\u00e5gor? D\u00e5 anger du dina uppgifter s\u00e5 ringer vi tillbaka s\u00e5 snart som m\u00f6jligt. V\u00e5rt kundframg\u00e5ngsteam ser fram emot att h\u00f6ra fr\u00e5n dig!","breadcrumb":{"@id":"https:\/\/www.sellerlogic.com\/sv\/callback-service\/#breadcrumb"},"inLanguage":"sv-SE","potentialAction":[{"@type":"ReadAction","target":["https:\/\/www.sellerlogic.com\/sv\/callback-service\/"]}]},{"@type":"BreadcrumbList","@id":"https:\/\/www.sellerlogic.com\/sv\/callback-service\/#breadcrumb","itemListElement":[{"@type":"ListItem","position":1,"name":"Home","item":"https:\/\/www.sellerlogic.com\/sv\/"},{"@type":"ListItem","position":2,"name":"\u00c5teruppringningstj\u00e4nst"}]},{"@type":"WebSite","@id":"https:\/\/www.sellerlogic.com\/sv\/#website","url":"https:\/\/www.sellerlogic.com\/sv\/","name":"SELLERLOGIC - Smarte Tools f\u00fcr Amazon-Seller","description":"Intelligente Prozessoptimierung und Gewinnmaximierung","publisher":{"@id":"https:\/\/www.sellerlogic.com\/sv\/#organization"},"potentialAction":[{"@type":"SearchAction","target":{"@type":"EntryPoint","urlTemplate":"https:\/\/www.sellerlogic.com\/sv\/?s={search_term_string}"},"query-input":{"@type":"PropertyValueSpecification","valueRequired":true,"valueName":"search_term_string"}}],"inLanguage":"sv-SE"},{"@type":"Organization","@id":"https:\/\/www.sellerlogic.com\/sv\/#organization","name":"SELLERLOGIC","url":"https:\/\/www.sellerlogic.com\/sv\/","logo":{"@type":"ImageObject","inLanguage":"sv-SE","@id":"https:\/\/www.sellerlogic.com\/sv\/#\/schema\/logo\/image\/","url":"https:\/\/d2bw95mh2ee04s.cloudfront.net\/prod\/content\/wp-content\/uploads\/2025\/01\/02134814\/Property-Logo-Main.svg","contentUrl":"https:\/\/d2bw95mh2ee04s.cloudfront.net\/prod\/content\/wp-content\/uploads\/2025\/01\/02134814\/Property-Logo-Main.svg","width":184,"height":40,"caption":"SELLERLOGIC"},"image":{"@id":"https:\/\/www.sellerlogic.com\/sv\/#\/schema\/logo\/image\/"},"sameAs":["https:\/\/www.facebook.com\/SellerLogic\/","https:\/\/x.com\/sellerlogic","https:\/\/www.instagram.com\/sellerlogic\/","https:\/\/www.linkedin.com\/company\/18402037\/","https:\/\/www.youtube.com\/channel\/UC-gULUur-fNj08sprantKsQ"]}]}},"_links":{"self":[{"href":"https:\/\/www.sellerlogic.com\/sv\/wp-json\/wp\/v2\/pages\/106782","targetHints":{"allow":["GET"]}}],"collection":[{"href":"https:\/\/www.sellerlogic.com\/sv\/wp-json\/wp\/v2\/pages"}],"about":[{"href":"https:\/\/www.sellerlogic.com\/sv\/wp-json\/wp\/v2\/types\/page"}],"author":[{"embeddable":true,"href":"https:\/\/www.sellerlogic.com\/sv\/wp-json\/wp\/v2\/users\/8"}],"replies":[{"embeddable":true,"href":"https:\/\/www.sellerlogic.com\/sv\/wp-json\/wp\/v2\/comments?post=106782"}],"version-history":[{"count":0,"href":"https:\/\/www.sellerlogic.com\/sv\/wp-json\/wp\/v2\/pages\/106782\/revisions"}],"wp:attachment":[{"href":"https:\/\/www.sellerlogic.com\/sv\/wp-json\/wp\/v2\/media?parent=106782"}],"curies":[{"name":"wp","href":"https:\/\/api.w.org\/{rel}","templated":true}]}}