
{"id":106827,"date":"2020-12-21T10:32:03","date_gmt":"2020-12-21T10:32:03","guid":{"rendered":"https:\/\/127.0.0.1\/resources\/success-story-univers-cake\/"},"modified":"2025-08-09T13:36:45","modified_gmt":"2025-08-09T13:36:45","slug":"success-story-univers-cake","status":"publish","type":"page","link":"https:\/\/www.sellerlogic.com\/sv\/resources\/success-story-univers-cake\/","title":{"rendered":"Framg\u00e5ngshistoria: Univers Cake EN"},"content":{"rendered":"\n\t<div  class=\"theme-wp-block theme-block-main-header is-style-full-height desktop-align-full xl-align-full lg-align-full md-align-full sm-align-full desktop-content-align-y-center desktop-content-align-x-center xl-content-align-y-center xl-content-align-x-center lg-content-align-y-center lg-content-align-x-center md-content-align-y-center md-content-align-x-center sm-content-align-y-center sm-content-align-x-center gb-responsive-131969-identifier theme-block-cover\">\n\t\t<div class=\"bg-cover theme-lazy-load-bg\"><\/div>\n\t\t<div class=\"wrap-content-main-header\">\n\t\t\t\t\t<div  class=\"theme-wp-block theme-block-text-and-text desktop-blockDirection-row xl-blockDirection-row lg-blockDirection-row md-blockDirection-row sm-blockDirection-row gb-responsive-2306-identifier desktop-vertical-top xl-vertical-top lg-vertical-top md-vertical-top sm-vertical-top desktop-align-wide xl-align-wide lg-align-wide md-align-wide sm-align-wide\">\n\t\t<div class=\"tat-column-wrap-wrapper\">\n\t\t\t<div class=\"tat-column-wrapper\">\n\t\t\t\t\t<div  class=\"theme-wp-block theme-block-text-and-text-column gb-responsive-708373-identifier desktop-horizontal-center xl-horizontal-center lg-horizontal-center md-horizontal-center sm-horizontal-center\">\n\t\t<div class=\"inner-wrap-column-content\">\n\t\t\t<div class=\"inner-column-content\">\n\t\t\t\t\t\t<h1  class=\"theme-wp-block theme-block-heading is-style-default desktop-text-center xl-text-center lg-text-center md-text-center sm-text-center gb-responsive-813454-identifier desktop-align-wide xl-align-wide lg-align-wide md-align-wide sm-align-wide alignwide h1 has-text-align\">\n\t\t&#8220;Vi betalar f\u00f6r Repricer med v\u00e5ra \u00e5terbetalningar f\u00f6r f\u00f6rlorade och hittade!&#8221;\t<\/h1>\n\n\t\t\t<\/div>\n\t\t<\/div>\n\t<\/div>\n\t<div  class=\"theme-wp-block theme-block-text-and-text-column gb-responsive-976923-identifier\">\n\t\t<div class=\"inner-wrap-column-content\">\n\t\t\t<div class=\"inner-column-content\">\n\t\t\t\t\t\t\t<\/div>\n\t\t<\/div>\n\t<\/div>\n\t\t\t<\/div>\n\t\t<\/div>\n\t<\/div>\n\n\t\t<\/div>\n\t<\/div>\n\n<div style=\"height:50px\" aria-hidden=\"true\" class=\"theme-wp-block wp-block-spacer\"><\/div><div class=\"theme-wp-block wp-block-columns gb-responsive-990644-identifier is-layout-flex wp-container-core-columns-is-layout-9d6595d7 wp-block-columns-is-layout-flex\"><div class=\"theme-wp-block wp-block-column gb-responsive-865237-identifier is-layout-flow wp-block-column-is-layout-flow\" style=\"flex-basis:25%\"><figure class=\"theme-wp-block wp-block-image size-large is-resized gb-responsive-62921-identifier\"><img decoding=\"async\" src=\"https:\/\/d2bw95mh2ee04s.cloudfront.net\/prod\/content\/wp-content\/uploads\/2020\/12\/23142710\/logo_univers-cake-neu.png\" alt=\"Framg\u00e5ngshistoria: Univers Cake EN\" class=\"wp-image-5630\" width=\"301\" height=\"54\" srcset=\"https:\/\/d2bw95mh2ee04s.cloudfront.net\/prod\/content\/wp-content\/uploads\/2020\/12\/23142710\/logo_univers-cake-neu-407x72.png 407w, https:\/\/d2bw95mh2ee04s.cloudfront.net\/prod\/content\/wp-content\/uploads\/2020\/12\/23142710\/logo_univers-cake-neu.png 576w\" sizes=\"(max-width: 301px) 100vw, 301px\" \/><\/figure><p class=\"theme-wp-block gb-responsive-904737-identifier\"><strong>Grundat:<\/strong><br>2016<\/p><p class=\"theme-wp-block gb-responsive-263844-identifier\"><strong>Bransch:<\/strong><br>Bageri och konfektyr<\/p><p class=\"theme-wp-block gb-responsive-644265-identifier\"><strong>Artiklar tillg\u00e4ngliga p\u00e5 Amazon: <\/strong><br>ungef\u00e4r 3 000 SKUs<\/p><p class=\"theme-wp-block gb-responsive-788481-identifier\"><strong>Frakt: <\/strong><br>ungef\u00e4r 850 \/ m\u00e5nad<\/p><\/div><div class=\"theme-wp-block wp-block-column gb-responsive-41122-identifier is-layout-flow wp-block-column-is-layout-flow\" style=\"flex-basis:50%\"><h3 class=\"theme-wp-block wp-block-heading gb-responsive-34353-identifier\" id=\"block-c06fce04-ef87-4ffc-a3d6-b768ba377d17\">Bakgrund:<\/h3><p class=\"theme-wp-block gb-responsive-772271-identifier\">Webbyr\u00e5n UP\u2018NBOOST har framg\u00e5ngsrikt g\u00e5tt in p\u00e5 bageri- och konfektyrmarknaden med sitt eget varum\u00e4rke &#8220;Univers Cake&#8221;. UP\u2018NBOOST designade ursprungligen konceptet f\u00f6r Univers Cake f\u00f6r en kund, som i slut\u00e4ndan inte kunde genomf\u00f6ra id\u00e9n p\u00e5 grund av tidsbrist. Byr\u00e5n, som trodde starkt p\u00e5 det koncept de hade skapat, beslutade att implementera Univers Cake sj\u00e4lva. Det blev snart tydligt att varum\u00e4rket hade stor potential &#8211; s\u00e4rskilt p\u00e5 Amazon. F\u00f6rs\u00e4ljningen b\u00f6rjade \u00f6ka snabbt p\u00e5 den online marknadsplatsen.<\/p><h3 class=\"theme-wp-block wp-block-heading gb-responsive-530046-identifier\">Hur allt b\u00f6rjade:<\/h3><p class=\"theme-wp-block gb-responsive-266688-identifier\">F\u00f6r Jean-Bernard Freymann, medregiss\u00f6r p\u00e5 UP\u2018NBOOST, var det klart fr\u00e5n b\u00f6rjan att den st\u00f6rsta utmaningen skulle vara att spara s\u00e5 mycket tid som m\u00f6jligt. S\u00e4rskilt n\u00e4r man s\u00e4ljer mer \u00e4n 1 500 produkter i en mycket konkurrensutsatt milj\u00f6 utan ett varum\u00e4rke. &#8220;Vi var tvungna att uppr\u00e4tth\u00e5lla v\u00e5ra marginaler trots omst\u00e4ndigheterna,&#8221; s\u00e4ger Freymann. &#8220;Vi har ett stort antal konkurrenter p\u00e5 Amazon som s\u00e4ljer exakt samma produkt. D\u00e4rf\u00f6r \u00e4r det viktigaste faktorn priset. Det \u00e4r knappt m\u00f6jligt att h\u00e5lla ett \u00f6ga p\u00e5 konkurrensen manuellt i en s\u00e5dan situation.&#8221;<\/p><p class=\"theme-wp-block gb-responsive-243429-identifier\">Under dessa omst\u00e4ndigheter var n\u00e4sta logiska steg att inte bara anv\u00e4nda Fulfillment by Amazon (FBA) utan ocks\u00e5 en repricer f\u00f6r att f\u00f6rbli konkurrenskraftig och h\u00e5lla Buy Box andelen p\u00e5 en h\u00f6g niv\u00e5. Innan UP\u2018NBOOST uppt\u00e4ckte SELLERLOGIC hade byr\u00e5n redan anv\u00e4nt andra repricers som dock inte kunde \u00f6vertyga dem tekniskt eller ekonomiskt.<\/p><h3 class=\"theme-wp-block wp-block-heading gb-responsive-749842-identifier\">L\u00f6sning:<\/h3><p class=\"theme-wp-block gb-responsive-190699-identifier\">\u201cP\u00e5 en marknad d\u00e4r marginalerna tenderar att vara l\u00e5ga har vi inte bara tagit h\u00e4nsyn till f\u00f6rdelarna med Repricer utan ocks\u00e5 dess kostnader som en nyckel till framg\u00e5ng,\u201d f\u00f6rklarar Freymann. \u201cEfter att ha tittat p\u00e5 olika l\u00f6sningar \u00f6vertygade SELLERLOGIC oss inte bara med sitt pris utan ocks\u00e5 med sina specialfunktioner, s\u00e5som m\u00f6jligheten att till\u00e4mpa olika prisjusteringsstrategier p\u00e5 specifika produktgrupper.\u201d<\/p><p class=\"theme-wp-block gb-responsive-680671-identifier\">UP\u2018NBOOST har ocks\u00e5 implementerat det andra SELLERLOGIC-verktyget: Lost &#038; Found \u00f6vervakar nu alla FBA-processer och rapporterar p\u00e5litligt eventuella oegentligheter som uppt\u00e4ckts i Amazons logistikcentra, vilket m\u00f6jligg\u00f6r snabba och enkla \u00e5terbetalningsans\u00f6kningar.<\/p><div class=\"theme-block-group-wrap\"><div class=\"theme-wp-block wp-block-group gb-responsive-88118-identifier\">\t\t<div  class=\"theme-wp-block theme-block-user-card gb-responsive-799176-identifier is-style-full-width-line\">\n\t\t<div class=\"wrap-inner-content\">\n\t\t\t<div class=\"card-user-head\">\n\t\t\t\t<div class=\"card-user-avatar\">\n\t\t\t\t\t<div class=\"cover-avatar\" style=\"background-image: url(https:\/\/d2bw95mh2ee04s.cloudfront.net\/prod\/content\/wp-content\/uploads\/2020\/12\/23142710\/portrait_univers-cake_raute.png);\"><\/div>\n\t\t\t\t<\/div>\n\t\t\t\t<div class=\"wrap-title\">\n\t\t\t\t\t<div class=\"card-user-name\">\n\t\t\t\t\t\t<div class=\"title\">\n\t\t\t\t\t\t\t<h3 class=\"heading-text\"><strong>Jean-Bernard Freymann<\/strong><\/h3>\n\t\t\t\t\t\t<\/div>\n\t\t\t\t\t\t<div class=\"card-user-position\">\n\t\t\t\t\t\t\t<div class=\"card-text\"><strong>Medregiss\u00f6r UP&#8217;NBOOST<\/strong><\/div>\n\t\t\t\t\t\t<\/div>\n\t\t\t\t\t<\/div>\n\t\t\t\t\t<div class=\"card-user-quote-icon\">\n\t\t\t\t\t<\/div>\n\t\t\t\t<\/div>\n\t\t\t<\/div>\n\t\t\t<div class=\"card-user-text\">\n\t\t\t\t<div class=\"card-text\">\u201cMed FBA-\u00e5terbetalningen vi f\u00e5r tack vare det andra SELLERLOGIC-verktyget kan vi finansiera Repricer!\u201d<\/div>\n\t\t\t<\/div>\n\t\t<\/div>\n\t<\/div>\n\n<\/div><\/div><h3 class=\"theme-wp-block wp-block-heading gb-responsive-260858-identifier\">Framg\u00e5ng med SELLERLOGIC:<\/h3><p class=\"theme-wp-block gb-responsive-566423-identifier\">\u201cInstallationen var ganska enkel: vi beh\u00f6vde bara importera en fil med alla v\u00e5ra produkter och de respektive minimi- och maximipriserna. Importen var snabb och enkel. Inom n\u00e5gra timmar var SELLERLOGIC Repricer ig\u00e5ng,\u201d bekr\u00e4ftar Freymann. \u201cB\u00e5da verktygen sparar oss en enorm m\u00e4ngd tid.\u201d<\/p><p class=\"theme-wp-block gb-responsive-468554-identifier desktop-gb-has-no-icon xl-gb-has-no-icon lg-gb-has-no-icon md-gb-has-no-icon sm-gb-has-no-icon\">Dessutom kunde UP\u2018NBOOST minska kostnaden f\u00f6r att anv\u00e4nda Repricer och samtidigt \u00f6ka f\u00f6rs\u00e4ljningen av Univers Cake-produkter genom \u00f6kade Buy Box andelar och genom olika strategier f\u00f6r SELLERLOGIC Repricer. \u201cMen det b\u00e4sta \u00e4r att Lost &#038; Found g\u00f6r att vi kan kompensera kostnaderna f\u00f6r repricingen,\u201d s\u00e4ger Freymann glatt.<\/p><p class=\"theme-wp-block gb-responsive-469189-identifier\">\u201cDessutom \u00e4r SELLERLOGIC kundserviceteam kompetent och svarar snabbt p\u00e5 f\u00f6rfr\u00e5gningar. Samarbetet med ett v\u00e4lstrukturerat och kundorienterat tyskt f\u00f6retag \u00e4r mycket betryggande f\u00f6r oss,\u201d bekr\u00e4ftar Freymann.<\/p><div class=\"theme-wp-block wp-block-buttons gb-responsive-497426-identifier is-layout-flex wp-block-buttons-is-layout-flex\"><div class=\"theme-wp-block wp-block-button gb-responsive-38220-identifier is-style-theme-transparent-with-arrow\"><a class=\"wp-block-button__link wp-element-button\" href=\"https:\/\/d2bw95mh2ee04s.cloudfront.net\/prod\/content\/files\/SUCCESS-STORIES\/EN\/SELLERLOGIC_SN_Success-Story_Univers-Cake_EN.pdf\" target=\"_blank\" rel=\"noreferrer noopener nofollow\">Ladda ner nu!<\/a><\/div><\/div><\/div><div class=\"theme-wp-block wp-block-column gb-responsive-472466-identifier is-layout-flow wp-block-column-is-layout-flow\" style=\"flex-basis:25%\"><\/div><\/div>","protected":false},"excerpt":{"rendered":"<p>Grundat:2016 Bransch:Bageri och konfektyr Artiklar tillg\u00e4ngliga p\u00e5 Amazon: ungef\u00e4r 3 000 SKUs Frakt: ungef\u00e4r 850 \/ m\u00e5nad Bakgrund: Webbyr\u00e5n UP\u2018NBOOST har framg\u00e5ngsrikt g\u00e5tt in p\u00e5 bageri- och konfektyrmarknaden med sitt eget varum\u00e4rke &#8220;Univers Cake&#8221;. UP\u2018NBOOST designade ursprungligen konceptet f\u00f6r Univers Cake f\u00f6r en kund, som i slut\u00e4ndan inte kunde genomf\u00f6ra id\u00e9n p\u00e5 grund av tidsbrist.<\/p>\n","protected":false},"author":3,"featured_media":5625,"parent":106761,"menu_order":0,"comment_status":"closed","ping_status":"closed","template":"","meta":{"sidebar_recommended_resources":{"data":[]},"sidebar_header_settings":{"hide_buttons":{"register":false}},"_use_new_theme":false,"inline_featured_image":false,"footnotes":""},"class_list":["post-106827","page","type-page","status-publish","has-post-thumbnail","hentry"],"yoast_head":"<!-- This site is optimized with the Yoast SEO plugin v26.8 - https:\/\/yoast.com\/product\/yoast-seo-wordpress\/ -->\n<title>Detta \u00e4r hur Repricer och Lost &amp; Found arbetar tillsammans! | SELLERLOGIC<\/title>\n<meta name=\"description\" content=\"Tack vare Lost &amp; Found betalar UP&#039;NBOOST Repricer med de FBA-\u00e5terbetalningar de f\u00e5r. En speciell framg\u00e5ngshistoria!\" \/>\n<meta name=\"robots\" content=\"index, follow, max-snippet:-1, max-image-preview:large, max-video-preview:-1\" \/>\n<link rel=\"canonical\" href=\"https:\/\/www.sellerlogic.com\/sv\/resources\/success-story-univers-cake\/\" \/>\n<meta property=\"og:locale\" content=\"sv_SE\" \/>\n<meta property=\"og:type\" content=\"article\" \/>\n<meta property=\"og:title\" content=\"Detta \u00e4r hur Repricer och Lost &amp; Found arbetar tillsammans! | SELLERLOGIC\" \/>\n<meta property=\"og:description\" content=\"Tack vare Lost &amp; Found betalar UP&#039;NBOOST Repricer med de FBA-\u00e5terbetalningar de f\u00e5r. En speciell framg\u00e5ngshistoria!\" \/>\n<meta property=\"og:url\" content=\"https:\/\/www.sellerlogic.com\/sv\/resources\/success-story-univers-cake\/\" \/>\n<meta property=\"og:site_name\" content=\"SELLERLOGIC - Smarte Tools f\u00fcr Amazon-Seller\" \/>\n<meta property=\"article:publisher\" content=\"https:\/\/www.facebook.com\/SellerLogic\/\" \/>\n<meta property=\"article:modified_time\" content=\"2025-08-09T13:36:45+00:00\" \/>\n<meta property=\"og:image\" content=\"https:\/\/d2bw95mh2ee04s.cloudfront.net\/prod\/content\/wp-content\/uploads\/2020\/12\/23142710\/success-story-univers-cake-header-scaled.jpeg\" \/>\n\t<meta property=\"og:image:width\" content=\"2560\" \/>\n\t<meta property=\"og:image:height\" content=\"1107\" \/>\n\t<meta property=\"og:image:type\" content=\"image\/jpeg\" \/>\n<meta name=\"twitter:card\" content=\"summary_large_image\" \/>\n<meta name=\"twitter:site\" content=\"@sellerlogic\" \/>\n<meta name=\"twitter:label1\" content=\"Est. reading time\" \/>\n\t<meta name=\"twitter:data1\" content=\"3 minutes\" \/>\n<script type=\"application\/ld+json\" class=\"yoast-schema-graph\">{\"@context\":\"https:\/\/schema.org\",\"@graph\":[{\"@type\":\"WebPage\",\"@id\":\"https:\/\/www.sellerlogic.com\/sv\/resources\/success-story-univers-cake\/\",\"url\":\"https:\/\/www.sellerlogic.com\/sv\/resources\/success-story-univers-cake\/\",\"name\":\"Detta \u00e4r hur Repricer och Lost & Found arbetar tillsammans! | SELLERLOGIC\",\"isPartOf\":{\"@id\":\"https:\/\/www.sellerlogic.com\/sv\/#website\"},\"primaryImageOfPage\":{\"@id\":\"https:\/\/www.sellerlogic.com\/sv\/resources\/success-story-univers-cake\/#primaryimage\"},\"image\":{\"@id\":\"https:\/\/www.sellerlogic.com\/sv\/resources\/success-story-univers-cake\/#primaryimage\"},\"thumbnailUrl\":\"https:\/\/d2bw95mh2ee04s.cloudfront.net\/prod\/content\/wp-content\/uploads\/2020\/12\/23142710\/success-story-univers-cake-header-scaled.jpeg\",\"datePublished\":\"2020-12-21T10:32:03+00:00\",\"dateModified\":\"2025-08-09T13:36:45+00:00\",\"description\":\"Tack vare Lost & Found betalar UP'NBOOST Repricer med de FBA-\u00e5terbetalningar de f\u00e5r. En speciell framg\u00e5ngshistoria!\",\"breadcrumb\":{\"@id\":\"https:\/\/www.sellerlogic.com\/sv\/resources\/success-story-univers-cake\/#breadcrumb\"},\"inLanguage\":\"sv-SE\",\"potentialAction\":[{\"@type\":\"ReadAction\",\"target\":[\"https:\/\/www.sellerlogic.com\/sv\/resources\/success-story-univers-cake\/\"]}]},{\"@type\":\"ImageObject\",\"inLanguage\":\"sv-SE\",\"@id\":\"https:\/\/www.sellerlogic.com\/sv\/resources\/success-story-univers-cake\/#primaryimage\",\"url\":\"https:\/\/d2bw95mh2ee04s.cloudfront.net\/prod\/content\/wp-content\/uploads\/2020\/12\/23142710\/success-story-univers-cake-header-scaled.jpeg\",\"contentUrl\":\"https:\/\/d2bw95mh2ee04s.cloudfront.net\/prod\/content\/wp-content\/uploads\/2020\/12\/23142710\/success-story-univers-cake-header-scaled.jpeg\",\"width\":2560,\"height\":1107,\"caption\":\"Success Story: Univers Cake\"},{\"@type\":\"BreadcrumbList\",\"@id\":\"https:\/\/www.sellerlogic.com\/sv\/resources\/success-story-univers-cake\/#breadcrumb\",\"itemListElement\":[{\"@type\":\"ListItem\",\"position\":1,\"name\":\"Home\",\"item\":\"https:\/\/www.sellerlogic.com\/sv\/\"},{\"@type\":\"ListItem\",\"position\":2,\"name\":\"Ressurser EN\",\"item\":\"https:\/\/www.sellerlogic.com\/sv\/resources\/\"},{\"@type\":\"ListItem\",\"position\":3,\"name\":\"Framg\u00e5ngshistoria: Univers Cake EN\"}]},{\"@type\":\"WebSite\",\"@id\":\"https:\/\/www.sellerlogic.com\/sv\/#website\",\"url\":\"https:\/\/www.sellerlogic.com\/sv\/\",\"name\":\"SELLERLOGIC - Smarte Tools f\u00fcr Amazon-Seller\",\"description\":\"Intelligente Prozessoptimierung und Gewinnmaximierung\",\"publisher\":{\"@id\":\"https:\/\/www.sellerlogic.com\/sv\/#organization\"},\"potentialAction\":[{\"@type\":\"SearchAction\",\"target\":{\"@type\":\"EntryPoint\",\"urlTemplate\":\"https:\/\/www.sellerlogic.com\/sv\/?s={search_term_string}\"},\"query-input\":{\"@type\":\"PropertyValueSpecification\",\"valueRequired\":true,\"valueName\":\"search_term_string\"}}],\"inLanguage\":\"sv-SE\"},{\"@type\":\"Organization\",\"@id\":\"https:\/\/www.sellerlogic.com\/sv\/#organization\",\"name\":\"SELLERLOGIC\",\"url\":\"https:\/\/www.sellerlogic.com\/sv\/\",\"logo\":{\"@type\":\"ImageObject\",\"inLanguage\":\"sv-SE\",\"@id\":\"https:\/\/www.sellerlogic.com\/sv\/#\/schema\/logo\/image\/\",\"url\":\"https:\/\/d2bw95mh2ee04s.cloudfront.net\/prod\/content\/wp-content\/uploads\/2025\/01\/02134814\/Property-Logo-Main.svg\",\"contentUrl\":\"https:\/\/d2bw95mh2ee04s.cloudfront.net\/prod\/content\/wp-content\/uploads\/2025\/01\/02134814\/Property-Logo-Main.svg\",\"width\":184,\"height\":40,\"caption\":\"SELLERLOGIC\"},\"image\":{\"@id\":\"https:\/\/www.sellerlogic.com\/sv\/#\/schema\/logo\/image\/\"},\"sameAs\":[\"https:\/\/www.facebook.com\/SellerLogic\/\",\"https:\/\/x.com\/sellerlogic\",\"https:\/\/www.instagram.com\/sellerlogic\/\",\"https:\/\/www.linkedin.com\/company\/18402037\/\",\"https:\/\/www.youtube.com\/channel\/UC-gULUur-fNj08sprantKsQ\"]}]}<\/script>\n<!-- \/ Yoast SEO plugin. -->","yoast_head_json":{"title":"Detta \u00e4r hur Repricer och Lost & Found arbetar tillsammans! | SELLERLOGIC","description":"Tack vare Lost & Found betalar UP'NBOOST Repricer med de FBA-\u00e5terbetalningar de f\u00e5r. En speciell framg\u00e5ngshistoria!","robots":{"index":"index","follow":"follow","max-snippet":"max-snippet:-1","max-image-preview":"max-image-preview:large","max-video-preview":"max-video-preview:-1"},"canonical":"https:\/\/www.sellerlogic.com\/sv\/resources\/success-story-univers-cake\/","og_locale":"sv_SE","og_type":"article","og_title":"Detta \u00e4r hur Repricer och Lost & Found arbetar tillsammans! | SELLERLOGIC","og_description":"Tack vare Lost & Found betalar UP'NBOOST Repricer med de FBA-\u00e5terbetalningar de f\u00e5r. En speciell framg\u00e5ngshistoria!","og_url":"https:\/\/www.sellerlogic.com\/sv\/resources\/success-story-univers-cake\/","og_site_name":"SELLERLOGIC - Smarte Tools f\u00fcr Amazon-Seller","article_publisher":"https:\/\/www.facebook.com\/SellerLogic\/","article_modified_time":"2025-08-09T13:36:45+00:00","og_image":[{"width":2560,"height":1107,"url":"https:\/\/d2bw95mh2ee04s.cloudfront.net\/prod\/content\/wp-content\/uploads\/2020\/12\/23142710\/success-story-univers-cake-header-scaled.jpeg","type":"image\/jpeg"}],"twitter_card":"summary_large_image","twitter_site":"@sellerlogic","twitter_misc":{"Est. reading time":"3 minutes"},"schema":{"@context":"https:\/\/schema.org","@graph":[{"@type":"WebPage","@id":"https:\/\/www.sellerlogic.com\/sv\/resources\/success-story-univers-cake\/","url":"https:\/\/www.sellerlogic.com\/sv\/resources\/success-story-univers-cake\/","name":"Detta \u00e4r hur Repricer och Lost & Found arbetar tillsammans! | SELLERLOGIC","isPartOf":{"@id":"https:\/\/www.sellerlogic.com\/sv\/#website"},"primaryImageOfPage":{"@id":"https:\/\/www.sellerlogic.com\/sv\/resources\/success-story-univers-cake\/#primaryimage"},"image":{"@id":"https:\/\/www.sellerlogic.com\/sv\/resources\/success-story-univers-cake\/#primaryimage"},"thumbnailUrl":"https:\/\/d2bw95mh2ee04s.cloudfront.net\/prod\/content\/wp-content\/uploads\/2020\/12\/23142710\/success-story-univers-cake-header-scaled.jpeg","datePublished":"2020-12-21T10:32:03+00:00","dateModified":"2025-08-09T13:36:45+00:00","description":"Tack vare Lost & Found betalar UP'NBOOST Repricer med de FBA-\u00e5terbetalningar de f\u00e5r. En speciell framg\u00e5ngshistoria!","breadcrumb":{"@id":"https:\/\/www.sellerlogic.com\/sv\/resources\/success-story-univers-cake\/#breadcrumb"},"inLanguage":"sv-SE","potentialAction":[{"@type":"ReadAction","target":["https:\/\/www.sellerlogic.com\/sv\/resources\/success-story-univers-cake\/"]}]},{"@type":"ImageObject","inLanguage":"sv-SE","@id":"https:\/\/www.sellerlogic.com\/sv\/resources\/success-story-univers-cake\/#primaryimage","url":"https:\/\/d2bw95mh2ee04s.cloudfront.net\/prod\/content\/wp-content\/uploads\/2020\/12\/23142710\/success-story-univers-cake-header-scaled.jpeg","contentUrl":"https:\/\/d2bw95mh2ee04s.cloudfront.net\/prod\/content\/wp-content\/uploads\/2020\/12\/23142710\/success-story-univers-cake-header-scaled.jpeg","width":2560,"height":1107,"caption":"Success Story: Univers Cake"},{"@type":"BreadcrumbList","@id":"https:\/\/www.sellerlogic.com\/sv\/resources\/success-story-univers-cake\/#breadcrumb","itemListElement":[{"@type":"ListItem","position":1,"name":"Home","item":"https:\/\/www.sellerlogic.com\/sv\/"},{"@type":"ListItem","position":2,"name":"Ressurser EN","item":"https:\/\/www.sellerlogic.com\/sv\/resources\/"},{"@type":"ListItem","position":3,"name":"Framg\u00e5ngshistoria: Univers Cake EN"}]},{"@type":"WebSite","@id":"https:\/\/www.sellerlogic.com\/sv\/#website","url":"https:\/\/www.sellerlogic.com\/sv\/","name":"SELLERLOGIC - Smarte Tools f\u00fcr Amazon-Seller","description":"Intelligente Prozessoptimierung und Gewinnmaximierung","publisher":{"@id":"https:\/\/www.sellerlogic.com\/sv\/#organization"},"potentialAction":[{"@type":"SearchAction","target":{"@type":"EntryPoint","urlTemplate":"https:\/\/www.sellerlogic.com\/sv\/?s={search_term_string}"},"query-input":{"@type":"PropertyValueSpecification","valueRequired":true,"valueName":"search_term_string"}}],"inLanguage":"sv-SE"},{"@type":"Organization","@id":"https:\/\/www.sellerlogic.com\/sv\/#organization","name":"SELLERLOGIC","url":"https:\/\/www.sellerlogic.com\/sv\/","logo":{"@type":"ImageObject","inLanguage":"sv-SE","@id":"https:\/\/www.sellerlogic.com\/sv\/#\/schema\/logo\/image\/","url":"https:\/\/d2bw95mh2ee04s.cloudfront.net\/prod\/content\/wp-content\/uploads\/2025\/01\/02134814\/Property-Logo-Main.svg","contentUrl":"https:\/\/d2bw95mh2ee04s.cloudfront.net\/prod\/content\/wp-content\/uploads\/2025\/01\/02134814\/Property-Logo-Main.svg","width":184,"height":40,"caption":"SELLERLOGIC"},"image":{"@id":"https:\/\/www.sellerlogic.com\/sv\/#\/schema\/logo\/image\/"},"sameAs":["https:\/\/www.facebook.com\/SellerLogic\/","https:\/\/x.com\/sellerlogic","https:\/\/www.instagram.com\/sellerlogic\/","https:\/\/www.linkedin.com\/company\/18402037\/","https:\/\/www.youtube.com\/channel\/UC-gULUur-fNj08sprantKsQ"]}]}},"_links":{"self":[{"href":"https:\/\/www.sellerlogic.com\/sv\/wp-json\/wp\/v2\/pages\/106827","targetHints":{"allow":["GET"]}}],"collection":[{"href":"https:\/\/www.sellerlogic.com\/sv\/wp-json\/wp\/v2\/pages"}],"about":[{"href":"https:\/\/www.sellerlogic.com\/sv\/wp-json\/wp\/v2\/types\/page"}],"author":[{"embeddable":true,"href":"https:\/\/www.sellerlogic.com\/sv\/wp-json\/wp\/v2\/users\/3"}],"replies":[{"embeddable":true,"href":"https:\/\/www.sellerlogic.com\/sv\/wp-json\/wp\/v2\/comments?post=106827"}],"version-history":[{"count":0,"href":"https:\/\/www.sellerlogic.com\/sv\/wp-json\/wp\/v2\/pages\/106827\/revisions"}],"up":[{"embeddable":true,"href":"https:\/\/www.sellerlogic.com\/sv\/wp-json\/wp\/v2\/pages\/106761"}],"wp:featuredmedia":[{"embeddable":true,"href":"https:\/\/www.sellerlogic.com\/sv\/wp-json\/wp\/v2\/media\/5625"}],"wp:attachment":[{"href":"https:\/\/www.sellerlogic.com\/sv\/wp-json\/wp\/v2\/media?parent=106827"}],"curies":[{"name":"wp","href":"https:\/\/api.w.org\/{rel}","templated":true}]}}