
{"id":105681,"date":"2020-12-17T16:17:58","date_gmt":"2020-12-17T16:17:58","guid":{"rendered":"https:\/\/127.0.0.1\/resources\/success-story-rewu-eu\/"},"modified":"2020-12-17T16:17:58","modified_gmt":"2020-12-17T16:17:58","slug":"success-story-rewu-eu","status":"publish","type":"page","link":"https:\/\/www.sellerlogic.com\/tr\/resources\/success-story-rewu-eu\/","title":{"rendered":"Ba\u015far\u0131 Hikayesi: ReWu EN"},"content":{"rendered":"\n\t<div  class=\"theme-wp-block theme-block-main-header is-style-full-height desktop-align-full xl-align-full lg-align-full md-align-full sm-align-full desktop-content-align-y-center desktop-content-align-x-center xl-content-align-y-center xl-content-align-x-center lg-content-align-y-center lg-content-align-x-center md-content-align-y-center md-content-align-x-center sm-content-align-y-center sm-content-align-x-center gb-responsive-650367-identifier theme-block-cover\">\n\t\t<div class=\"bg-cover theme-lazy-load-bg\"><\/div>\n\t\t<div class=\"wrap-content-main-header\">\n\t\t\t\t\t<div  class=\"theme-wp-block theme-block-text-and-text gb-responsive-130700-identifier desktop-blockDirection-column xl-blockDirection-column lg-blockDirection-column md-blockDirection-column sm-blockDirection-column desktop-align-wide xl-align-wide lg-align-wide md-align-wide sm-align-wide\">\n\t\t<div class=\"tat-column-wrap-wrapper\">\n\t\t\t<div class=\"tat-column-wrapper\">\n\t\t\t\t\t<div  class=\"theme-wp-block theme-block-text-and-text-column gb-responsive-420800-identifier desktop-horizontal-center xl-horizontal-center lg-horizontal-center md-horizontal-center sm-horizontal-center\">\n\t\t<div class=\"inner-wrap-column-content\">\n\t\t\t<div class=\"inner-column-content\">\n\t\t\t\t\t\t<h1  class=\"theme-wp-block theme-block-heading is-style-default desktop-text-center xl-text-center lg-text-center md-text-center sm-text-center gb-responsive-178195-identifier h1\">\n\t\tM\u00fckemmel Fiyat i\u00e7in Y\u00fcksek Kalite Ya\u015fam Aksesuarlar\u0131\t<\/h1>\n\n\t\t<h2  class=\"theme-wp-block theme-block-heading is-style-default desktop-text-center xl-text-center lg-text-center md-text-center sm-text-center gb-responsive-77462-identifier desktop-align-center xl-align-center lg-align-center md-align-center sm-align-center aligncenter h2 has-text-align\">\n\t\tReWu.eu Amazon&#8217;da Buy Box nas\u0131l kazan\u0131yor\t<\/h2>\n\n\t\t\t<\/div>\n\t\t<\/div>\n\t<\/div>\n\t<div  class=\"theme-wp-block theme-block-text-and-text-column gb-responsive-983379-identifier\">\n\t\t<div class=\"inner-wrap-column-content\">\n\t\t\t<div class=\"inner-column-content\">\n\t\t\t\t\t\t\t<\/div>\n\t\t<\/div>\n\t<\/div>\n\t\t\t<\/div>\n\t\t<\/div>\n\t<\/div>\n\n\t\t<\/div>\n\t<\/div>\n\n<div style=\"height:50px\" aria-hidden=\"true\" class=\"theme-wp-block wp-block-spacer\"><\/div><div class=\"theme-wp-block wp-block-columns gb-responsive-678291-identifier is-layout-flex wp-container-core-columns-is-layout-9d6595d7 wp-block-columns-is-layout-flex\"><div class=\"theme-wp-block wp-block-column gb-responsive-277127-identifier is-layout-flow wp-block-column-is-layout-flow\" style=\"flex-basis:25%\"><figure class=\"theme-wp-block wp-block-image size-large is-resized gb-responsive-62921-identifier\"><img decoding=\"async\" src=\"https:\/\/d2bw95mh2ee04s.cloudfront.net\/prod\/content\/wp-content\/uploads\/2020\/12\/23142722\/logo_rewu.png\" alt=\"Ba\u015far\u0131 Hikayesi: ReWu EN\" class=\"wp-image-4882\" width=\"300\" height=\"143\" srcset=\"https:\/\/d2bw95mh2ee04s.cloudfront.net\/prod\/content\/wp-content\/uploads\/2020\/12\/23142722\/logo_rewu-407x194.png 407w, https:\/\/d2bw95mh2ee04s.cloudfront.net\/prod\/content\/wp-content\/uploads\/2020\/12\/23142722\/logo_rewu.png 479w\" sizes=\"(max-width: 300px) 100vw, 300px\" \/><\/figure><p class=\"theme-wp-block gb-responsive-589628-identifier\"><strong>Kurulu\u015f:<\/strong><br>Temmuz 2017<\/p><p class=\"theme-wp-block gb-responsive-203014-identifier\"><strong>Sekt\u00f6r:<\/strong><br>Temizlik, mobilya,<br>oyuncaklar<\/p><p class=\"theme-wp-block gb-responsive-55456-identifier\"><strong>Amazon&#8217;daki \u00dcr\u00fcnler:\u00a0<\/strong><br>yakla\u015f\u0131k 900<\/p><p class=\"theme-wp-block gb-responsive-107672-identifier\"><strong>G\u00f6nderimler:<\/strong><br>ayda yakla\u015f\u0131k 7.200<\/p><\/div><div class=\"theme-wp-block wp-block-column gb-responsive-745505-identifier is-layout-flow wp-block-column-is-layout-flow\" style=\"flex-basis:50%\"><h3 class=\"theme-wp-block wp-block-heading gb-responsive-34353-identifier\" id=\"block-c06fce04-ef87-4ffc-a3d6-b768ba377d17\">Background:<\/h3><p class=\"theme-wp-block gb-responsive-175924-identifier desktop-gb-has-no-icon xl-gb-has-no-icon lg-gb-has-no-icon md-gb-has-no-icon sm-gb-has-no-icon\">Florian Wucherpfennig, aile i\u015fletmesi olan elektrik \u015firketindeki tam zamanl\u0131 i\u015fine ek olarak yeni deneyimler ar\u0131yordu. Bir arkada\u015f\u0131n\u0131n tavsiyesi \u00fczerine, Amazon&#8217;da sat\u0131\u015f yapmay\u0131 ara\u015ft\u0131rmaya ba\u015flad\u0131.<\/p><p class=\"theme-wp-block gb-responsive-353482-identifier desktop-gb-has-no-icon xl-gb-has-no-icon lg-gb-has-no-icon md-gb-has-no-icon sm-gb-has-no-icon\">\u00c7evrimi\u00e7i platformda ba\u015far\u0131l\u0131 olmak i\u00e7in bir sat\u0131c\u0131n\u0131n birka\u00e7 engeli a\u015fmas\u0131 ve harekete ge\u00e7mesi gerekiyor. M\u00fc\u015fteri hizmetleri ve fiyat optimizasyonu, pazardaki ba\u015far\u0131 i\u00e7in temel olu\u015fturur ve perakendeciyi \u00f6ne \u00e7\u0131kar\u0131r. Florian, ReWu.eu adl\u0131 Amazon d\u00fckkan\u0131n\u0131 a\u00e7t\u0131ktan sonra, m\u00fc\u015fteri hizmetleri ve fiyatland\u0131rman\u0131n \u00f6nemini hemen fark etti.<\/p><h3 class=\"theme-wp-block wp-block-heading gb-responsive-182281-identifier\">Challenge:<\/h3><p class=\"theme-wp-block gb-responsive-432341-identifier desktop-gb-has-no-icon xl-gb-has-no-icon lg-gb-has-no-icon md-gb-has-no-icon sm-gb-has-no-icon\">Neredeyse her ikinci euro \u00e7evrimi\u00e7i harcama Amazon&#8217;a gidiyor. Bu son derece rekabet\u00e7i \u00e7evrimi\u00e7i i\u015fte, ReWu.eu Almanya&#8217;daki di\u011fer 100.000 \u00e7evrimi\u00e7i perakendeci aras\u0131nda kendini kan\u0131tlamak zorunda. Florian yaln\u0131zca toptan sat\u0131\u015f yapt\u0131\u011f\u0131 i\u00e7in, genel m\u00fcd\u00fcr her g\u00fcn artan rekabetle m\u00fccadele etmek zorunda. Fiyatlar d\u00fc\u015febilir ve bu durum mallar\u0131n kalitesini olumsuz etkileyebilir.<\/p><p class=\"theme-wp-block gb-responsive-926294-identifier desktop-gb-has-no-icon xl-gb-has-no-icon lg-gb-has-no-icon md-gb-has-no-icon sm-gb-has-no-icon\">\u201cEn d\u00fc\u015f\u00fck fiyattan m\u00fc\u015fteriye kalitesiz \u00fcr\u00fcn satmak istemiyoruz. Amac\u0131m\u0131z, rakiplerimizin e\u015fle\u015femeyece\u011fi m\u00fc\u015fteri hizmeti ile y\u00fcksek kaliteli \u00fcr\u00fcnler sunmakt\u0131r. Bu bizim en \u00f6ncelikli hedefimiz. B\u00f6ylece rekabet\u00e7i kal\u0131yoruz. Elbette, fiyat sava\u015f\u0131 kalite segmentinde de mevcut. Bu nedenle, en d\u00fc\u015f\u00fck fiyata dayanarak Buy Box&#8217;e girmek yerine dinamik bir \u015fekilde hareket eden ve fiyatlar\u0131 piyasa durumuna g\u00f6re uyarlayan bir fiyat optimizasyonu orta\u011f\u0131na ihtiyac\u0131m\u0131z vard\u0131,\u201d diye a\u00e7\u0131kl\u0131yor Florian.<\/p><h3 class=\"theme-wp-block wp-block-heading gb-responsive-115756-identifier\">Solution:<\/h3><p class=\"theme-wp-block gb-responsive-578168-identifier desktop-gb-has-no-icon xl-gb-has-no-icon lg-gb-has-no-icon md-gb-has-no-icon sm-gb-has-no-icon\">Florian, SELLERLOGIC Repricer&#8217;ye bahis yapt\u0131 \u00e7\u00fcnk\u00fc bu, size Buy Box&#8217;\u00fc ve en y\u00fcksek fiyat\u0131 kazand\u0131r\u0131yor. \u00dcr\u00fcnler Buy Box&#8217;te konumland\u0131r\u0131ld\u0131ktan sonra, Repricer s\u00f6z konusu \u00fcr\u00fcn\u00fcn fiyat\u0131n\u0131 m\u00fcmk\u00fcn olan maksimuma optimize ediyor. \u201c\u015eu anda, ticaret i\u00e7in tasarland\u0131k. Bu nedenle, SELLERLOGIC \u00fcr\u00fcn\u00fc bizim i\u00e7in vazge\u00e7ilmez. Fiyatlar\u0131 piyasa durumuna g\u00f6re ayarl\u0131yor, ayr\u0131ca hala iterasyon yapmam\u0131z veya daha yak\u0131ndan g\u00f6zlemlememiz gereken segmentler hakk\u0131nda h\u0131zl\u0131 bir genel bak\u0131\u015f elde etmemize de yard\u0131mc\u0131 oluyor,\u201d diye onayl\u0131yor Florian.<\/p><div class=\"theme-block-group-wrap\"><div class=\"theme-wp-block wp-block-group gb-responsive-88118-identifier\">\t\t<div  class=\"theme-wp-block theme-block-user-card gb-responsive-799176-identifier is-style-full-width-line desktop-gb-has-no-icon xl-gb-has-no-icon lg-gb-has-no-icon md-gb-has-no-icon sm-gb-has-no-icon\">\n\t\t<div class=\"wrap-inner-content\">\n\t\t\t<div class=\"card-user-head\">\n\t\t\t\t<div class=\"card-user-avatar\">\n\t\t\t\t\t<div class=\"cover-avatar\" style=\"background-image: url(https:\/\/d2bw95mh2ee04s.cloudfront.net\/prod\/content\/wp-content\/uploads\/2020\/12\/23142721\/florian_wucherpfennig_raute.png);\"><\/div>\n\t\t\t\t<\/div>\n\t\t\t\t<div class=\"wrap-title\">\n\t\t\t\t\t<div class=\"card-user-name\">\n\t\t\t\t\t\t<div class=\"title\">\n\t\t\t\t\t\t\t<h3 class=\"heading-text\"><strong>Florian Wucherpfennig<\/strong><\/h3>\n\t\t\t\t\t\t<\/div>\n\t\t\t\t\t\t<div class=\"card-user-position\">\n\t\t\t\t\t\t\t<div class=\"card-text\"><strong>ReWu.eu CEO&#8217;su<\/strong><\/div>\n\t\t\t\t\t\t<\/div>\n\t\t\t\t\t<\/div>\n\t\t\t\t\t<div class=\"card-user-quote-icon\">\n\t\t\t\t\t<\/div>\n\t\t\t\t<\/div>\n\t\t\t<\/div>\n\t\t\t<div class=\"card-user-text\">\n\t\t\t\t<div class=\"card-text\"><p>\u201cSELLERLOGIC&#8217;\u0131n bize muazzam kaynaklar kazand\u0131rd\u0131\u011f\u0131n\u0131 d\u00fc\u015f\u00fcn\u00fcyorum. Art\u0131k zaman, i\u015f g\u00fcc\u00fc ve paray\u0131 m\u00fc\u015fteri deste\u011fine yat\u0131rabiliriz. Elbette, daha y\u00fcksek k\u00e2r da ayn\u0131 derecede \u00f6nemlidir ve Repricer bunu her seferinde sa\u011fl\u0131yor.\u201d<\/p><\/div>\n\t\t\t<\/div>\n\t\t<\/div>\n\t<\/div>\n\n<\/div><\/div><h3 class=\"theme-wp-block wp-block-heading gb-responsive-595368-identifier\">Successful Results with SELLERLOGIC:<\/h3><p class=\"theme-wp-block gb-responsive-295853-identifier desktop-gb-has-no-icon xl-gb-has-no-icon lg-gb-has-no-icon md-gb-has-no-icon sm-gb-has-no-icon\">M\u00fc\u015fteri hizmetleri ReWU.eu&#8217;da y\u00fcksek bir \u00f6neme sahiptir. Florian nedenini a\u00e7\u0131kl\u0131yor: \u201c\u0130yi m\u00fc\u015fteri hizmetinin enerji t\u00fcketti\u011fi iyi biliniyor ama sonunda iki kat\u0131 geri d\u00f6n\u00fcyor. Ayr\u0131ca, rekabetten s\u0131yr\u0131lman\u0131n kesin bir yoludur. Repricer&#8217;yi kullanmak, m\u00fc\u015fteri hizmetimize y\u00f6nlendirebilece\u011fimiz muazzam miktarda enerjiyi tasarruf etmemizi sa\u011fl\u0131yor ki bu da m\u00fc\u015fterilerimize fayda sa\u011fl\u0131yor. Elbette, Repricer&#8217;nin sa\u011flad\u0131\u011f\u0131 daha y\u00fcksek k\u00e2r da ayn\u0131 derecede \u00f6nemlidir ve her seferinde sa\u011flan\u0131yor.\u201d<\/p><p class=\"theme-wp-block gb-responsive-525743-identifier desktop-gb-has-no-icon xl-gb-has-no-icon lg-gb-has-no-icon md-gb-has-no-icon sm-gb-has-no-icon\">\u201cRekabet de\u011fi\u015fti\u011finde her \u00fcr\u00fcn\u00fc tekrar tekrar manuel olarak g\u00f6zden ge\u00e7irmenin zor oldu\u011funu hayal etmek bile zor. Bunun yerine, \u00fcr\u00fcnlerimize haftada bir bak\u0131yoruz, hangi \u00fcr\u00fcnlerin Buy Box&#8217;te olmad\u0131\u011f\u0131n\u0131 kontrol ediyoruz ve ayarlamalar yap\u0131yoruz. Repricer geri kalan\u0131yla ilgileniyor,\u201d diye devam ediyor Florian. \u201cAncak, bu arac\u0131 hen\u00fcz %100 kapasitesiyle kullanmad\u0131\u011f\u0131m\u0131za inan\u0131yorum ve hala faydal\u0131 ve e\u011flenceli olabilecek birka\u00e7 \u00f6zellik ve detay var.\u201d<\/p><div class=\"theme-wp-block wp-block-buttons gb-responsive-497426-identifier is-layout-flex wp-block-buttons-is-layout-flex\"><div class=\"theme-wp-block wp-block-button gb-responsive-38220-identifier is-style-theme-transparent-with-arrow\"><a class=\"wp-block-button__link wp-element-button\" href=\"https:\/\/d2bw95mh2ee04s.cloudfront.net\/prod\/content\/files\/SUCCESS-STORIES\/EN\/SELLERLOGIC_SN_Success-Story_ReWu_EN.pdf\" target=\"_blank\" rel=\"noreferrer noopener nofollow\">\u015eimdi indir!<\/a><\/div><\/div><\/div><div class=\"theme-wp-block wp-block-column gb-responsive-561369-identifier is-layout-flow wp-block-column-is-layout-flow\" style=\"flex-basis:25%\"><\/div><\/div>","protected":false},"excerpt":{"rendered":"<p>Kurulu\u015f:Temmuz 2017 Sekt\u00f6r:Temizlik, mobilya,oyuncaklar Amazon&#8217;daki \u00dcr\u00fcnler:\u00a0yakla\u015f\u0131k 900 G\u00f6nderimler:ayda yakla\u015f\u0131k 7.200 Background: Florian Wucherpfennig, aile i\u015fletmesi olan elektrik \u015firketindeki tam zamanl\u0131 i\u015fine ek olarak yeni deneyimler ar\u0131yordu. Bir arkada\u015f\u0131n\u0131n tavsiyesi \u00fczerine, Amazon&#8217;da sat\u0131\u015f yapmay\u0131 ara\u015ft\u0131rmaya ba\u015flad\u0131. \u00c7evrimi\u00e7i platformda ba\u015far\u0131l\u0131 olmak i\u00e7in bir sat\u0131c\u0131n\u0131n birka\u00e7 engeli a\u015fmas\u0131 ve harekete ge\u00e7mesi gerekiyor. M\u00fc\u015fteri hizmetleri ve fiyat optimizasyonu, pazardaki<\/p>\n","protected":false},"author":3,"featured_media":4796,"parent":105735,"menu_order":0,"comment_status":"closed","ping_status":"closed","template":"","meta":{"sidebar_recommended_resources":{"data":[]},"sidebar_header_settings":{"hide_buttons":{"register":false}},"_use_new_theme":false,"inline_featured_image":false,"footnotes":""},"class_list":["post-105681","page","type-page","status-publish","has-post-thumbnail","hentry"],"yoast_head":"<!-- This site is optimized with the Yoast SEO plugin v26.8 - https:\/\/yoast.com\/product\/yoast-seo-wordpress\/ -->\n<title>ReWu.eu&#039;nun Amazon Buy Box&#039;\u00fc nas\u0131l kazand\u0131\u011f\u0131 | SELLERLOGIC<\/title>\n<meta name=\"description\" content=\"Amazon&#039;da Buy Box&#039;\u00fc kazanmak \u00e7ok \u00f6nemlidir. ReWu.eu&#039;nun bu engeli SELLERLOGIC Repricer ile nas\u0131l a\u015ft\u0131\u011f\u0131n\u0131 \u015fimdi kontrol edin!\" \/>\n<meta name=\"robots\" content=\"index, follow, max-snippet:-1, max-image-preview:large, max-video-preview:-1\" \/>\n<link rel=\"canonical\" href=\"https:\/\/www.sellerlogic.com\/tr\/resources\/success-story-rewu-eu\/\" \/>\n<meta property=\"og:locale\" content=\"tr_TR\" \/>\n<meta property=\"og:type\" content=\"article\" \/>\n<meta property=\"og:title\" content=\"ReWu.eu&#039;nun Amazon Buy Box&#039;\u00fc nas\u0131l kazand\u0131\u011f\u0131 | SELLERLOGIC\" \/>\n<meta property=\"og:description\" content=\"Amazon&#039;da Buy Box&#039;\u00fc kazanmak \u00e7ok \u00f6nemlidir. ReWu.eu&#039;nun bu engeli SELLERLOGIC Repricer ile nas\u0131l a\u015ft\u0131\u011f\u0131n\u0131 \u015fimdi kontrol edin!\" \/>\n<meta property=\"og:url\" content=\"https:\/\/www.sellerlogic.com\/tr\/resources\/success-story-rewu-eu\/\" \/>\n<meta property=\"og:site_name\" content=\"SELLERLOGIC - Smarte Tools f\u00fcr Amazon-Seller\" \/>\n<meta property=\"article:publisher\" content=\"https:\/\/www.facebook.com\/SellerLogic\/\" \/>\n<meta property=\"og:image\" content=\"http:\/\/d2bw95mh2ee04s.cloudfront.net\/prod\/content\/wp-content\/uploads\/2020\/12\/23142724\/header-success-story-rewu.jpg\" \/>\n\t<meta property=\"og:image:width\" content=\"2500\" \/>\n\t<meta property=\"og:image:height\" content=\"1667\" \/>\n\t<meta property=\"og:image:type\" content=\"image\/jpeg\" \/>\n<meta name=\"twitter:card\" content=\"summary_large_image\" \/>\n<meta name=\"twitter:site\" content=\"@sellerlogic\" \/>\n<meta name=\"twitter:label1\" content=\"Est. reading time\" \/>\n\t<meta name=\"twitter:data1\" content=\"3 minutes\" \/>\n<script type=\"application\/ld+json\" class=\"yoast-schema-graph\">{\"@context\":\"https:\/\/schema.org\",\"@graph\":[{\"@type\":\"WebPage\",\"@id\":\"https:\/\/www.sellerlogic.com\/tr\/resources\/success-story-rewu-eu\/\",\"url\":\"https:\/\/www.sellerlogic.com\/tr\/resources\/success-story-rewu-eu\/\",\"name\":\"ReWu.eu'nun Amazon Buy Box'\u00fc nas\u0131l kazand\u0131\u011f\u0131 | SELLERLOGIC\",\"isPartOf\":{\"@id\":\"https:\/\/www.sellerlogic.com\/tr\/#website\"},\"primaryImageOfPage\":{\"@id\":\"https:\/\/www.sellerlogic.com\/tr\/resources\/success-story-rewu-eu\/#primaryimage\"},\"image\":{\"@id\":\"https:\/\/www.sellerlogic.com\/tr\/resources\/success-story-rewu-eu\/#primaryimage\"},\"thumbnailUrl\":\"https:\/\/d2bw95mh2ee04s.cloudfront.net\/prod\/content\/wp-content\/uploads\/2020\/12\/23142724\/header-success-story-rewu.jpg\",\"datePublished\":\"2020-12-17T16:17:58+00:00\",\"description\":\"Amazon'da Buy Box'\u00fc kazanmak \u00e7ok \u00f6nemlidir. ReWu.eu'nun bu engeli SELLERLOGIC Repricer ile nas\u0131l a\u015ft\u0131\u011f\u0131n\u0131 \u015fimdi kontrol edin!\",\"breadcrumb\":{\"@id\":\"https:\/\/www.sellerlogic.com\/tr\/resources\/success-story-rewu-eu\/#breadcrumb\"},\"inLanguage\":\"tr-TR\",\"potentialAction\":[{\"@type\":\"ReadAction\",\"target\":[\"https:\/\/www.sellerlogic.com\/tr\/resources\/success-story-rewu-eu\/\"]}]},{\"@type\":\"ImageObject\",\"inLanguage\":\"tr-TR\",\"@id\":\"https:\/\/www.sellerlogic.com\/tr\/resources\/success-story-rewu-eu\/#primaryimage\",\"url\":\"https:\/\/d2bw95mh2ee04s.cloudfront.net\/prod\/content\/wp-content\/uploads\/2020\/12\/23142724\/header-success-story-rewu.jpg\",\"contentUrl\":\"https:\/\/d2bw95mh2ee04s.cloudfront.net\/prod\/content\/wp-content\/uploads\/2020\/12\/23142724\/header-success-story-rewu.jpg\",\"width\":2500,\"height\":1667,\"caption\":\"Amazon seller software for professionals: SELLERLOGIC Repricer\"},{\"@type\":\"BreadcrumbList\",\"@id\":\"https:\/\/www.sellerlogic.com\/tr\/resources\/success-story-rewu-eu\/#breadcrumb\",\"itemListElement\":[{\"@type\":\"ListItem\",\"position\":1,\"name\":\"Home\",\"item\":\"https:\/\/www.sellerlogic.com\/tr\/\"},{\"@type\":\"ListItem\",\"position\":2,\"name\":\"Ressourcen EN\",\"item\":\"https:\/\/127.0.0.1\/de\/ressourcen\/\"},{\"@type\":\"ListItem\",\"position\":3,\"name\":\"Ba\u015far\u0131 Hikayesi: ReWu EN\"}]},{\"@type\":\"WebSite\",\"@id\":\"https:\/\/www.sellerlogic.com\/tr\/#website\",\"url\":\"https:\/\/www.sellerlogic.com\/tr\/\",\"name\":\"SELLERLOGIC - Smarte Tools f\u00fcr Amazon-Seller\",\"description\":\"Intelligente Prozessoptimierung und Gewinnmaximierung\",\"publisher\":{\"@id\":\"https:\/\/www.sellerlogic.com\/tr\/#organization\"},\"potentialAction\":[{\"@type\":\"SearchAction\",\"target\":{\"@type\":\"EntryPoint\",\"urlTemplate\":\"https:\/\/www.sellerlogic.com\/tr\/?s={search_term_string}\"},\"query-input\":{\"@type\":\"PropertyValueSpecification\",\"valueRequired\":true,\"valueName\":\"search_term_string\"}}],\"inLanguage\":\"tr-TR\"},{\"@type\":\"Organization\",\"@id\":\"https:\/\/www.sellerlogic.com\/tr\/#organization\",\"name\":\"SELLERLOGIC\",\"url\":\"https:\/\/www.sellerlogic.com\/tr\/\",\"logo\":{\"@type\":\"ImageObject\",\"inLanguage\":\"tr-TR\",\"@id\":\"https:\/\/www.sellerlogic.com\/tr\/#\/schema\/logo\/image\/\",\"url\":\"https:\/\/d2bw95mh2ee04s.cloudfront.net\/prod\/content\/wp-content\/uploads\/2025\/01\/02134814\/Property-Logo-Main.svg\",\"contentUrl\":\"https:\/\/d2bw95mh2ee04s.cloudfront.net\/prod\/content\/wp-content\/uploads\/2025\/01\/02134814\/Property-Logo-Main.svg\",\"width\":184,\"height\":40,\"caption\":\"SELLERLOGIC\"},\"image\":{\"@id\":\"https:\/\/www.sellerlogic.com\/tr\/#\/schema\/logo\/image\/\"},\"sameAs\":[\"https:\/\/www.facebook.com\/SellerLogic\/\",\"https:\/\/x.com\/sellerlogic\",\"https:\/\/www.instagram.com\/sellerlogic\/\",\"https:\/\/www.linkedin.com\/company\/18402037\/\",\"https:\/\/www.youtube.com\/channel\/UC-gULUur-fNj08sprantKsQ\"]}]}<\/script>\n<!-- \/ Yoast SEO plugin. -->","yoast_head_json":{"title":"ReWu.eu'nun Amazon Buy Box'\u00fc nas\u0131l kazand\u0131\u011f\u0131 | SELLERLOGIC","description":"Amazon'da Buy Box'\u00fc kazanmak \u00e7ok \u00f6nemlidir. ReWu.eu'nun bu engeli SELLERLOGIC Repricer ile nas\u0131l a\u015ft\u0131\u011f\u0131n\u0131 \u015fimdi kontrol edin!","robots":{"index":"index","follow":"follow","max-snippet":"max-snippet:-1","max-image-preview":"max-image-preview:large","max-video-preview":"max-video-preview:-1"},"canonical":"https:\/\/www.sellerlogic.com\/tr\/resources\/success-story-rewu-eu\/","og_locale":"tr_TR","og_type":"article","og_title":"ReWu.eu'nun Amazon Buy Box'\u00fc nas\u0131l kazand\u0131\u011f\u0131 | SELLERLOGIC","og_description":"Amazon'da Buy Box'\u00fc kazanmak \u00e7ok \u00f6nemlidir. ReWu.eu'nun bu engeli SELLERLOGIC Repricer ile nas\u0131l a\u015ft\u0131\u011f\u0131n\u0131 \u015fimdi kontrol edin!","og_url":"https:\/\/www.sellerlogic.com\/tr\/resources\/success-story-rewu-eu\/","og_site_name":"SELLERLOGIC - Smarte Tools f\u00fcr Amazon-Seller","article_publisher":"https:\/\/www.facebook.com\/SellerLogic\/","og_image":[{"width":2500,"height":1667,"url":"http:\/\/d2bw95mh2ee04s.cloudfront.net\/prod\/content\/wp-content\/uploads\/2020\/12\/23142724\/header-success-story-rewu.jpg","type":"image\/jpeg"}],"twitter_card":"summary_large_image","twitter_site":"@sellerlogic","twitter_misc":{"Est. reading time":"3 minutes"},"schema":{"@context":"https:\/\/schema.org","@graph":[{"@type":"WebPage","@id":"https:\/\/www.sellerlogic.com\/tr\/resources\/success-story-rewu-eu\/","url":"https:\/\/www.sellerlogic.com\/tr\/resources\/success-story-rewu-eu\/","name":"ReWu.eu'nun Amazon Buy Box'\u00fc nas\u0131l kazand\u0131\u011f\u0131 | SELLERLOGIC","isPartOf":{"@id":"https:\/\/www.sellerlogic.com\/tr\/#website"},"primaryImageOfPage":{"@id":"https:\/\/www.sellerlogic.com\/tr\/resources\/success-story-rewu-eu\/#primaryimage"},"image":{"@id":"https:\/\/www.sellerlogic.com\/tr\/resources\/success-story-rewu-eu\/#primaryimage"},"thumbnailUrl":"https:\/\/d2bw95mh2ee04s.cloudfront.net\/prod\/content\/wp-content\/uploads\/2020\/12\/23142724\/header-success-story-rewu.jpg","datePublished":"2020-12-17T16:17:58+00:00","description":"Amazon'da Buy Box'\u00fc kazanmak \u00e7ok \u00f6nemlidir. ReWu.eu'nun bu engeli SELLERLOGIC Repricer ile nas\u0131l a\u015ft\u0131\u011f\u0131n\u0131 \u015fimdi kontrol edin!","breadcrumb":{"@id":"https:\/\/www.sellerlogic.com\/tr\/resources\/success-story-rewu-eu\/#breadcrumb"},"inLanguage":"tr-TR","potentialAction":[{"@type":"ReadAction","target":["https:\/\/www.sellerlogic.com\/tr\/resources\/success-story-rewu-eu\/"]}]},{"@type":"ImageObject","inLanguage":"tr-TR","@id":"https:\/\/www.sellerlogic.com\/tr\/resources\/success-story-rewu-eu\/#primaryimage","url":"https:\/\/d2bw95mh2ee04s.cloudfront.net\/prod\/content\/wp-content\/uploads\/2020\/12\/23142724\/header-success-story-rewu.jpg","contentUrl":"https:\/\/d2bw95mh2ee04s.cloudfront.net\/prod\/content\/wp-content\/uploads\/2020\/12\/23142724\/header-success-story-rewu.jpg","width":2500,"height":1667,"caption":"Amazon seller software for professionals: SELLERLOGIC Repricer"},{"@type":"BreadcrumbList","@id":"https:\/\/www.sellerlogic.com\/tr\/resources\/success-story-rewu-eu\/#breadcrumb","itemListElement":[{"@type":"ListItem","position":1,"name":"Home","item":"https:\/\/www.sellerlogic.com\/tr\/"},{"@type":"ListItem","position":2,"name":"Ressourcen EN","item":"https:\/\/127.0.0.1\/de\/ressourcen\/"},{"@type":"ListItem","position":3,"name":"Ba\u015far\u0131 Hikayesi: ReWu EN"}]},{"@type":"WebSite","@id":"https:\/\/www.sellerlogic.com\/tr\/#website","url":"https:\/\/www.sellerlogic.com\/tr\/","name":"SELLERLOGIC - Smarte Tools f\u00fcr Amazon-Seller","description":"Intelligente Prozessoptimierung und Gewinnmaximierung","publisher":{"@id":"https:\/\/www.sellerlogic.com\/tr\/#organization"},"potentialAction":[{"@type":"SearchAction","target":{"@type":"EntryPoint","urlTemplate":"https:\/\/www.sellerlogic.com\/tr\/?s={search_term_string}"},"query-input":{"@type":"PropertyValueSpecification","valueRequired":true,"valueName":"search_term_string"}}],"inLanguage":"tr-TR"},{"@type":"Organization","@id":"https:\/\/www.sellerlogic.com\/tr\/#organization","name":"SELLERLOGIC","url":"https:\/\/www.sellerlogic.com\/tr\/","logo":{"@type":"ImageObject","inLanguage":"tr-TR","@id":"https:\/\/www.sellerlogic.com\/tr\/#\/schema\/logo\/image\/","url":"https:\/\/d2bw95mh2ee04s.cloudfront.net\/prod\/content\/wp-content\/uploads\/2025\/01\/02134814\/Property-Logo-Main.svg","contentUrl":"https:\/\/d2bw95mh2ee04s.cloudfront.net\/prod\/content\/wp-content\/uploads\/2025\/01\/02134814\/Property-Logo-Main.svg","width":184,"height":40,"caption":"SELLERLOGIC"},"image":{"@id":"https:\/\/www.sellerlogic.com\/tr\/#\/schema\/logo\/image\/"},"sameAs":["https:\/\/www.facebook.com\/SellerLogic\/","https:\/\/x.com\/sellerlogic","https:\/\/www.instagram.com\/sellerlogic\/","https:\/\/www.linkedin.com\/company\/18402037\/","https:\/\/www.youtube.com\/channel\/UC-gULUur-fNj08sprantKsQ"]}]}},"_links":{"self":[{"href":"https:\/\/www.sellerlogic.com\/tr\/wp-json\/wp\/v2\/pages\/105681","targetHints":{"allow":["GET"]}}],"collection":[{"href":"https:\/\/www.sellerlogic.com\/tr\/wp-json\/wp\/v2\/pages"}],"about":[{"href":"https:\/\/www.sellerlogic.com\/tr\/wp-json\/wp\/v2\/types\/page"}],"author":[{"embeddable":true,"href":"https:\/\/www.sellerlogic.com\/tr\/wp-json\/wp\/v2\/users\/3"}],"replies":[{"embeddable":true,"href":"https:\/\/www.sellerlogic.com\/tr\/wp-json\/wp\/v2\/comments?post=105681"}],"version-history":[{"count":0,"href":"https:\/\/www.sellerlogic.com\/tr\/wp-json\/wp\/v2\/pages\/105681\/revisions"}],"up":[{"embeddable":true,"href":"https:\/\/www.sellerlogic.com\/tr\/wp-json\/wp\/v2\/pages\/105735"}],"wp:featuredmedia":[{"embeddable":true,"href":"https:\/\/www.sellerlogic.com\/tr\/wp-json\/wp\/v2\/media\/4796"}],"wp:attachment":[{"href":"https:\/\/www.sellerlogic.com\/tr\/wp-json\/wp\/v2\/media?parent=105681"}],"curies":[{"name":"wp","href":"https:\/\/api.w.org\/{rel}","templated":true}]}}