
{"id":105687,"date":"2020-12-18T11:33:09","date_gmt":"2020-12-18T11:33:09","guid":{"rendered":"https:\/\/127.0.0.1\/resources\/success-story-outlet-sofa-direct\/"},"modified":"2020-12-18T11:33:09","modified_gmt":"2020-12-18T11:33:09","slug":"success-story-outlet-sofa-direct","status":"publish","type":"page","link":"https:\/\/www.sellerlogic.com\/tr\/resources\/success-story-outlet-sofa-direct\/","title":{"rendered":"Ba\u015far\u0131 Hikayesi: Outlet Sofa Direct EN"},"content":{"rendered":"\n\t<div  class=\"theme-wp-block theme-block-main-header is-style-full-height desktop-align-full xl-align-full lg-align-full md-align-full sm-align-full desktop-content-align-y-center desktop-content-align-x-center xl-content-align-y-center xl-content-align-x-center lg-content-align-y-center lg-content-align-x-center md-content-align-y-center md-content-align-x-center sm-content-align-y-center sm-content-align-x-center gb-responsive-52704-identifier theme-block-cover\">\n\t\t<div class=\"bg-cover theme-lazy-load-bg\"><\/div>\n\t\t<div class=\"wrap-content-main-header\">\n\t\t\t\t\t<div  class=\"theme-wp-block theme-block-text-and-text desktop-blockDirection-row xl-blockDirection-row lg-blockDirection-row md-blockDirection-row sm-blockDirection-row gb-responsive-903753-identifier desktop-align-full xl-align-full lg-align-full md-align-full sm-align-full alignfull\">\n\t\t<div class=\"tat-column-wrap-wrapper\">\n\t\t\t<div class=\"tat-column-wrapper\">\n\t\t\t\t\t<div  class=\"theme-wp-block theme-block-text-and-text-column gb-responsive-974454-identifier desktop-horizontal-center xl-horizontal-center lg-horizontal-center md-horizontal-center sm-horizontal-center\">\n\t\t<div class=\"inner-wrap-column-content\">\n\t\t\t<div class=\"inner-column-content\">\n\t\t\t\t\t\t<h1  class=\"theme-wp-block theme-block-heading is-style-default gb-responsive-560595-identifier desktop-align-wide xl-align-wide lg-align-wide md-align-wide sm-align-wide desktop-text-center xl-text-center lg-text-center md-text-center sm-text-center alignwide h1 has-text-align\">\n\t\t20k Telefon G\u00f6r\u00fc\u015fmesi\t<\/h1>\n\n\t\t<h2  class=\"theme-wp-block theme-block-heading is-style-default gb-responsive-64452-identifier desktop-text-center xl-text-center lg-text-center md-text-center sm-text-center h1\">\n\t\tOutlet-Sofa Direct&#8217;in nas\u0131l zaman, \u00e7aba ve binlerce euro tasarruf edebildi\u011fi\t<\/h2>\n\n<p class=\"theme-wp-block gb-responsive-93774-identifier\"><a href=\"https:\/\/www.sellerlogic.com\/en\/resources\/success-story-outlet-sofa-direct\/\" target=\"_blank\" rel=\"noreferrer noopener\"><\/a><\/p>\t\t\t<\/div>\n\t\t<\/div>\n\t<\/div>\n\t<div  class=\"theme-wp-block theme-block-text-and-text-column gb-responsive-681128-identifier\">\n\t\t<div class=\"inner-wrap-column-content\">\n\t\t\t<div class=\"inner-column-content\">\n\t\t\t\t\t\t\t<\/div>\n\t\t<\/div>\n\t<\/div>\n\t\t\t<\/div>\n\t\t<\/div>\n\t<\/div>\n\n\t\t<\/div>\n\t<\/div>\n\n<div style=\"height:50px\" aria-hidden=\"true\" class=\"theme-wp-block wp-block-spacer\"><\/div><div class=\"theme-wp-block wp-block-columns gb-responsive-608602-identifier is-layout-flex wp-container-core-columns-is-layout-9d6595d7 wp-block-columns-is-layout-flex\"><div class=\"theme-wp-block wp-block-column gb-responsive-696523-identifier is-layout-flow wp-block-column-is-layout-flow\" style=\"flex-basis:25%\"><figure class=\"theme-wp-block wp-block-image size-large is-resized gb-responsive-62921-identifier\"><img decoding=\"async\" src=\"https:\/\/d2bw95mh2ee04s.cloudfront.net\/prod\/content\/wp-content\/uploads\/2020\/12\/23142714\/outletsofadirect-logo.png\" alt=\"Ba\u015far\u0131 Hikayesi: Outlet Sofa Direct EN\" class=\"wp-image-5164\" width=\"250\" height=\"89\"><\/figure><p class=\"theme-wp-block gb-responsive-312552-identifier\"><strong><strong><strong>Kurulu\u015f<\/strong><\/strong>:<\/strong><br>2005<\/p><p class=\"theme-wp-block gb-responsive-353708-identifier\"><strong><strong><strong>Sekt\u00f6r<\/strong><\/strong>:<\/strong><br>Mobilya\/Oturma odas\u0131-Yatak malzemeleri<\/p><p class=\"theme-wp-block gb-responsive-741269-identifier\"><strong><strong><strong>Amazon&#8217;daki \u00dcr\u00fcnler:\u00a0<\/strong>\u00a0<\/strong><\/strong><br>yakla\u015f\u0131k 2,000 SKU<\/p><p class=\"theme-wp-block gb-responsive-218030-identifier\"><strong><strong><strong>G\u00f6nderimler<\/strong><\/strong>:\u00a0<\/strong><br>yakla\u015f\u0131k 8,000 \/ ay<\/p><\/div><div class=\"theme-wp-block wp-block-column gb-responsive-409151-identifier is-layout-flow wp-block-column-is-layout-flow\" style=\"flex-basis:50%\"><h3 class=\"theme-wp-block wp-block-heading gb-responsive-34353-identifier\" id=\"block-c06fce04-ef87-4ffc-a3d6-b768ba377d17\">Arka Plan:<\/h3><p class=\"theme-wp-block gb-responsive-710769-identifier\">Outlet-Sofa Direct&#8217;in fikri, yatak ve refah malzemeleri \u00fcretiminde uzmanla\u015fm\u0131\u015f birka\u00e7 \u00fcreticinin, fabrikadan ge\u00e7en ve stok d\u0131\u015f\u0131 kalan t\u00fcm bu \u00fcr\u00fcnlere do\u011frudan eri\u015fim imkan\u0131 sunmak i\u00e7in bir araya gelmesiyle do\u011fdu. B\u00f6ylece t\u00fcketiciye en iyi kaliteyi ideal fiyatla sa\u011flama imkan\u0131 sunuldu. 2005 y\u0131l\u0131nda, mobilya sekt\u00f6r\u00fcn\u00fcn ka\u00e7\u0131n\u0131lmaz dijital d\u00f6n\u00fc\u015f\u00fcm\u00fcn\u00fcn bir sonucu olarak, \u015firket online ticareti tercih etmekte teredd\u00fct etmedi.<\/p><h3 class=\"theme-wp-block wp-block-heading gb-responsive-182281-identifier\">Ba\u015flang\u0131\u00e7 Durumu:<\/h3><p class=\"theme-wp-block gb-responsive-548283-identifier\">E-ticaret devinin sa\u011flam ve tan\u0131nm\u0131\u015f itibar\u0131 nedeniyle, Outlet-Sofa-Direct 2015 y\u0131l\u0131nda \u00fcr\u00fcnlerini Amazon&#8217;da satmaya ba\u015flamaya karar verdi: &#8220;B\u00fcy\u00fck say\u0131da \u00e7evrimi\u00e7i sat\u0131\u015f yapmak istemek ve Amazon&#8217;da sat\u0131\u015f yapmamak g\u00fcn\u00fcm\u00fczde genellikle m\u00fcmk\u00fcn de\u011fil&#8221; diyor \u015firketin Pazar Yeri Y\u00f6neticisi Francesco.<\/p><p class=\"theme-wp-block gb-responsive-940523-identifier\">&#8220;\u015eu anda birka\u00e7 Pazar Yerinde sat\u0131\u015f yap\u0131yoruz: eBay, Cdiscount, ancak Amazon&#8217;da sat\u0131\u015f yapmak ve Amazon FBA hizmetlerini kullanmak sat\u0131\u015flar\u0131m\u0131z\u0131 \u00f6nemli \u00f6l\u00e7\u00fcde art\u0131rd\u0131&#8221; diyor Francesco. &#8220;A\u00e7\u0131k\u00e7a, her \u015feyin avantajlar\u0131 ve dezavantajlar\u0131 var ve Amazon FBA durumunda m\u00fc\u015fteri iadeleri \u00fczerindeki kontrol\u00fc kaybetmek, bir \u015feylerin yanl\u0131\u015f oldu\u011funu fark etmemi sa\u011flad\u0131. Amazon taraf\u0131ndan sa\u011flanan baz\u0131 veriler, bizim taraf\u0131m\u0131zda olanlarla uyu\u015fmuyordu, ancak \u00e7o\u011fu durumda, Amazon&#8217;un hatalar\u0131 do\u011fru bir \u015fekilde bildirece\u011fine g\u00fcveniyordum; ne yaz\u0131k ki, durum b\u00f6yle de\u011fildi&#8221; diye a\u00e7\u0131kl\u0131yor Francesco.<\/p><h3 class=\"theme-wp-block wp-block-heading gb-responsive-115756-identifier\">\u00c7\u00f6z\u00fcm:<\/h3><p class=\"theme-wp-block gb-responsive-49178-identifier\">&#8220;FBA i\u015flemlerinde hatalar oldu\u011funu hayal etsem de, bu bizim ekibimiz i\u00e7in muazzam zaman ve \u00e7aba gerektirdi\u011fi i\u00e7in bir kenara koydu\u011fumuz bir konuydu. Ancak, t\u00fcm bunlar SELLERLOGIC&#8217;dan bir ekip \u00fcyesi olan Monica&#8217;n\u0131n beklenmedik telefonu ile de\u011fi\u015fti. Onun nazikli\u011fi ve profesyonelli\u011fi, her \u015feyi zaman\u0131nda ve detayl\u0131 bir \u015fekilde a\u00e7\u0131klad\u0131\u011f\u0131 i\u00e7in beni en ba\u015f\u0131ndan ikna etti.&#8221;<\/p><div class=\"theme-block-group-wrap\"><div class=\"theme-wp-block wp-block-group gb-responsive-88118-identifier\">\t\t<div  class=\"theme-wp-block theme-block-user-card gb-responsive-799176-identifier is-style-full-width-line\">\n\t\t<div class=\"wrap-inner-content\">\n\t\t\t<div class=\"card-user-head\">\n\t\t\t\t<div class=\"card-user-avatar\">\n\t\t\t\t\t<div class=\"cover-avatar\" style=\"background-image: url(https:\/\/d2bw95mh2ee04s.cloudfront.net\/prod\/content\/wp-content\/uploads\/2020\/12\/23142714\/francesco_azzi-_raute.png);\"><\/div>\n\t\t\t\t<\/div>\n\t\t\t\t<div class=\"wrap-title\">\n\t\t\t\t\t<div class=\"card-user-name\">\n\t\t\t\t\t\t<div class=\"title\">\n\t\t\t\t\t\t\t<h3 class=\"heading-text\"><strong>Francesco Azzi<\/strong><\/h3>\n\t\t\t\t\t\t<\/div>\n\t\t\t\t\t\t<div class=\"card-user-position\">\n\t\t\t\t\t\t\t<div class=\"card-text\"><strong>Pazar Yeri Y\u00f6neticisi<\/strong><\/div>\n\t\t\t\t\t\t<\/div>\n\t\t\t\t\t<\/div>\n\t\t\t\t\t<div class=\"card-user-quote-icon\">\n\t\t\t\t\t<\/div>\n\t\t\t\t<\/div>\n\t\t\t<\/div>\n\t\t\t<div class=\"card-user-text\">\n\t\t\t\t<div class=\"card-text\"><p>\u00dcr\u00fcn\u00fcn esnekli\u011fi. Taahh\u00fct yok ve yaln\u0131zca geri \u00f6dendi\u011finiz miktar\u0131 \u00f6demek kazanan bir stratejidir.<\/p><\/div>\n\t\t\t<\/div>\n\t\t<\/div>\n\t<\/div>\n\n<\/div><\/div><h3 class=\"theme-wp-block wp-block-heading gb-responsive-595368-identifier\">Ba\u015far\u0131l\u0131 Sonu\u00e7lar ile SELLERLOGIC:<\/h3><p class=\"theme-wp-block gb-responsive-514579-identifier\">&#8220;FBA depolar\u0131ndaki \u00fcr\u00fcnlerimizle i\u00e7inde bulundu\u011fumuz durumu g\u00f6rd\u00fc\u011f\u00fcmde, hata hacminin y\u00fcksek olma olas\u0131l\u0131\u011f\u0131n\u0131n b\u00fcy\u00fck oldu\u011funu biliyordum, ama ba\u015fta bu kadar para tasarrufu yapaca\u011f\u0131m\u0131z\u0131 d\u00fc\u015f\u00fcnmemi\u015ftim. 3 ay boyunca Lost &#038; Found kullan\u0131m\u0131 bunun tersini kan\u0131tlad\u0131, zaten 20,000 Euro geri kazand\u0131k ve arac\u0131n \u00e7al\u0131\u015ft\u0131\u011f\u0131ndan tamamen eminiz&#8221; diyor Francesco.<\/p><p class=\"theme-wp-block gb-responsive-750322-identifier\">&#8220;Monica beni en ba\u015f\u0131ndan itibaren y\u00f6nlendirdi; kay\u0131t s\u00fcreci boyunca arac\u0131 ba\u015flatt\u0131ktan sonra izlemem gereken t\u00fcm ad\u0131mlar\u0131 bana bildirdi. Ayr\u0131ca, SELLERLOGIC ekibinin geri kalan\u0131n\u0131n her zaman son derece ula\u015f\u0131labilir ve mevcut oldu\u011funu belirtmekte fayda var. Son dakika sorunlar\u0131 bildirildi\u011finde bile. T\u00fcm ekibe ve arac\u0131n sezgisel kullan\u0131m\u0131na te\u015fekk\u00fcrler, sadece davalar\u0131n talep edilmesi bize \u00e7ok zaman kazand\u0131rmakla kalmad\u0131, ayn\u0131 zamanda hak etti\u011fimiz paray\u0131 geri kazanmam\u0131za da yard\u0131mc\u0131 oldu.&#8221;<\/p><div class=\"theme-wp-block wp-block-buttons gb-responsive-497426-identifier is-layout-flex wp-block-buttons-is-layout-flex\"><div class=\"theme-wp-block wp-block-button gb-responsive-38220-identifier is-style-theme-transparent-with-arrow\"><a class=\"wp-block-button__link wp-element-button\" href=\"https:\/\/d2bw95mh2ee04s.cloudfront.net\/prod\/content\/files\/SUCCESS-STORIES\/TR\/SELLERLOGIC_Success-Story_Outlet-Sofa-Direct_TR.pdf\" target=\"_blank\" rel=\"noreferrer noopener nofollow\">\u015eimdi indir!<\/a><\/div><\/div><\/div><div class=\"theme-wp-block wp-block-column gb-responsive-276018-identifier is-layout-flow wp-block-column-is-layout-flow\" style=\"flex-basis:25%\"><\/div><\/div><p class=\"theme-wp-block gb-responsive-437508-identifier\"><\/p>","protected":false},"excerpt":{"rendered":"<p>Kurulu\u015f:2005 Sekt\u00f6r:Mobilya\/Oturma odas\u0131-Yatak malzemeleri Amazon&#8217;daki \u00dcr\u00fcnler:\u00a0\u00a0yakla\u015f\u0131k 2,000 SKU G\u00f6nderimler:\u00a0yakla\u015f\u0131k 8,000 \/ ay Arka Plan: Outlet-Sofa Direct&#8217;in fikri, yatak ve refah malzemeleri \u00fcretiminde uzmanla\u015fm\u0131\u015f birka\u00e7 \u00fcreticinin, fabrikadan ge\u00e7en ve stok d\u0131\u015f\u0131 kalan t\u00fcm bu \u00fcr\u00fcnlere do\u011frudan eri\u015fim imkan\u0131 sunmak i\u00e7in bir araya gelmesiyle do\u011fdu. B\u00f6ylece t\u00fcketiciye en iyi kaliteyi ideal fiyatla sa\u011flama imkan\u0131 sunuldu. 2005 y\u0131l\u0131nda,<\/p>\n","protected":false},"author":8,"featured_media":0,"parent":105735,"menu_order":0,"comment_status":"closed","ping_status":"closed","template":"","meta":{"sidebar_recommended_resources":{"data":[]},"sidebar_header_settings":{"hide_buttons":{"register":false}},"_use_new_theme":false,"inline_featured_image":false,"footnotes":""},"class_list":["post-105687","page","type-page","status-publish","hentry"],"yoast_head":"<!-- This site is optimized with the Yoast SEO plugin v26.8 - https:\/\/yoast.com\/product\/yoast-seo-wordpress\/ -->\n<title>SELLERLOGIC - Ba\u015far\u0131 Hikayesi: Outlet-Sofa Direct<\/title>\n<meta name=\"description\" content=\"SELLERLOGIC Lost &amp; Found Outlet-Sofa Direct&#039;i tamamen ikna etti - 20,000 Euro de\u011ferinde bir \u00e7a\u011fr\u0131! \u015eimdi Ba\u015far\u0131 Hikayemizi okuyun!\" \/>\n<meta name=\"robots\" content=\"index, follow, max-snippet:-1, max-image-preview:large, max-video-preview:-1\" \/>\n<link rel=\"canonical\" href=\"https:\/\/www.sellerlogic.com\/tr\/resources\/success-story-outlet-sofa-direct\/\" \/>\n<meta property=\"og:locale\" content=\"tr_TR\" \/>\n<meta property=\"og:type\" content=\"article\" \/>\n<meta property=\"og:title\" content=\"SELLERLOGIC - Ba\u015far\u0131 Hikayesi: Outlet-Sofa Direct\" \/>\n<meta property=\"og:description\" content=\"SELLERLOGIC Lost &amp; Found Outlet-Sofa Direct&#039;i tamamen ikna etti - 20,000 Euro de\u011ferinde bir \u00e7a\u011fr\u0131! \u015eimdi Ba\u015far\u0131 Hikayemizi okuyun!\" \/>\n<meta property=\"og:url\" content=\"https:\/\/www.sellerlogic.com\/tr\/resources\/success-story-outlet-sofa-direct\/\" \/>\n<meta property=\"og:site_name\" content=\"SELLERLOGIC - Smarte Tools f\u00fcr Amazon-Seller\" \/>\n<meta property=\"article:publisher\" content=\"https:\/\/www.facebook.com\/SellerLogic\/\" \/>\n<meta property=\"og:image\" content=\"https:\/\/www.sellerlogic.com\/wp-content\/uploads\/2020\/12\/outletsofadirect-logo.png\" \/>\n<meta name=\"twitter:card\" content=\"summary_large_image\" \/>\n<meta name=\"twitter:site\" content=\"@sellerlogic\" \/>\n<meta name=\"twitter:label1\" content=\"Est. reading time\" \/>\n\t<meta name=\"twitter:data1\" content=\"3 minutes\" \/>\n<script type=\"application\/ld+json\" class=\"yoast-schema-graph\">{\"@context\":\"https:\/\/schema.org\",\"@graph\":[{\"@type\":\"WebPage\",\"@id\":\"https:\/\/www.sellerlogic.com\/tr\/resources\/success-story-outlet-sofa-direct\/\",\"url\":\"https:\/\/www.sellerlogic.com\/tr\/resources\/success-story-outlet-sofa-direct\/\",\"name\":\"SELLERLOGIC - Ba\u015far\u0131 Hikayesi: Outlet-Sofa Direct\",\"isPartOf\":{\"@id\":\"https:\/\/www.sellerlogic.com\/tr\/#website\"},\"primaryImageOfPage\":{\"@id\":\"https:\/\/www.sellerlogic.com\/tr\/resources\/success-story-outlet-sofa-direct\/#primaryimage\"},\"image\":{\"@id\":\"https:\/\/www.sellerlogic.com\/tr\/resources\/success-story-outlet-sofa-direct\/#primaryimage\"},\"thumbnailUrl\":\"https:\/\/www.sellerlogic.com\/wp-content\/uploads\/2020\/12\/outletsofadirect-logo.png\",\"datePublished\":\"2020-12-18T11:33:09+00:00\",\"description\":\"SELLERLOGIC Lost & Found Outlet-Sofa Direct'i tamamen ikna etti - 20,000 Euro de\u011ferinde bir \u00e7a\u011fr\u0131! \u015eimdi Ba\u015far\u0131 Hikayemizi okuyun!\",\"breadcrumb\":{\"@id\":\"https:\/\/www.sellerlogic.com\/tr\/resources\/success-story-outlet-sofa-direct\/#breadcrumb\"},\"inLanguage\":\"tr-TR\",\"potentialAction\":[{\"@type\":\"ReadAction\",\"target\":[\"https:\/\/www.sellerlogic.com\/tr\/resources\/success-story-outlet-sofa-direct\/\"]}]},{\"@type\":\"ImageObject\",\"inLanguage\":\"tr-TR\",\"@id\":\"https:\/\/www.sellerlogic.com\/tr\/resources\/success-story-outlet-sofa-direct\/#primaryimage\",\"url\":\"https:\/\/www.sellerlogic.com\/wp-content\/uploads\/2020\/12\/outletsofadirect-logo.png\",\"contentUrl\":\"https:\/\/www.sellerlogic.com\/wp-content\/uploads\/2020\/12\/outletsofadirect-logo.png\"},{\"@type\":\"BreadcrumbList\",\"@id\":\"https:\/\/www.sellerlogic.com\/tr\/resources\/success-story-outlet-sofa-direct\/#breadcrumb\",\"itemListElement\":[{\"@type\":\"ListItem\",\"position\":1,\"name\":\"Home\",\"item\":\"https:\/\/www.sellerlogic.com\/tr\/\"},{\"@type\":\"ListItem\",\"position\":2,\"name\":\"Ressourcen EN\",\"item\":\"https:\/\/www.sellerlogic.com\/tr\/resources\/\"},{\"@type\":\"ListItem\",\"position\":3,\"name\":\"Ba\u015far\u0131 Hikayesi: Outlet Sofa Direct EN\"}]},{\"@type\":\"WebSite\",\"@id\":\"https:\/\/www.sellerlogic.com\/tr\/#website\",\"url\":\"https:\/\/www.sellerlogic.com\/tr\/\",\"name\":\"SELLERLOGIC - Smarte Tools f\u00fcr Amazon-Seller\",\"description\":\"Intelligente Prozessoptimierung und Gewinnmaximierung\",\"publisher\":{\"@id\":\"https:\/\/www.sellerlogic.com\/tr\/#organization\"},\"potentialAction\":[{\"@type\":\"SearchAction\",\"target\":{\"@type\":\"EntryPoint\",\"urlTemplate\":\"https:\/\/www.sellerlogic.com\/tr\/?s={search_term_string}\"},\"query-input\":{\"@type\":\"PropertyValueSpecification\",\"valueRequired\":true,\"valueName\":\"search_term_string\"}}],\"inLanguage\":\"tr-TR\"},{\"@type\":\"Organization\",\"@id\":\"https:\/\/www.sellerlogic.com\/tr\/#organization\",\"name\":\"SELLERLOGIC\",\"url\":\"https:\/\/www.sellerlogic.com\/tr\/\",\"logo\":{\"@type\":\"ImageObject\",\"inLanguage\":\"tr-TR\",\"@id\":\"https:\/\/www.sellerlogic.com\/tr\/#\/schema\/logo\/image\/\",\"url\":\"https:\/\/d2bw95mh2ee04s.cloudfront.net\/prod\/content\/wp-content\/uploads\/2025\/01\/02134814\/Property-Logo-Main.svg\",\"contentUrl\":\"https:\/\/d2bw95mh2ee04s.cloudfront.net\/prod\/content\/wp-content\/uploads\/2025\/01\/02134814\/Property-Logo-Main.svg\",\"width\":184,\"height\":40,\"caption\":\"SELLERLOGIC\"},\"image\":{\"@id\":\"https:\/\/www.sellerlogic.com\/tr\/#\/schema\/logo\/image\/\"},\"sameAs\":[\"https:\/\/www.facebook.com\/SellerLogic\/\",\"https:\/\/x.com\/sellerlogic\",\"https:\/\/www.instagram.com\/sellerlogic\/\",\"https:\/\/www.linkedin.com\/company\/18402037\/\",\"https:\/\/www.youtube.com\/channel\/UC-gULUur-fNj08sprantKsQ\"]}]}<\/script>\n<!-- \/ Yoast SEO plugin. -->","yoast_head_json":{"title":"SELLERLOGIC - Ba\u015far\u0131 Hikayesi: Outlet-Sofa Direct","description":"SELLERLOGIC Lost & Found Outlet-Sofa Direct'i tamamen ikna etti - 20,000 Euro de\u011ferinde bir \u00e7a\u011fr\u0131! \u015eimdi Ba\u015far\u0131 Hikayemizi okuyun!","robots":{"index":"index","follow":"follow","max-snippet":"max-snippet:-1","max-image-preview":"max-image-preview:large","max-video-preview":"max-video-preview:-1"},"canonical":"https:\/\/www.sellerlogic.com\/tr\/resources\/success-story-outlet-sofa-direct\/","og_locale":"tr_TR","og_type":"article","og_title":"SELLERLOGIC - Ba\u015far\u0131 Hikayesi: Outlet-Sofa Direct","og_description":"SELLERLOGIC Lost & Found Outlet-Sofa Direct'i tamamen ikna etti - 20,000 Euro de\u011ferinde bir \u00e7a\u011fr\u0131! \u015eimdi Ba\u015far\u0131 Hikayemizi okuyun!","og_url":"https:\/\/www.sellerlogic.com\/tr\/resources\/success-story-outlet-sofa-direct\/","og_site_name":"SELLERLOGIC - Smarte Tools f\u00fcr Amazon-Seller","article_publisher":"https:\/\/www.facebook.com\/SellerLogic\/","og_image":[{"url":"https:\/\/www.sellerlogic.com\/wp-content\/uploads\/2020\/12\/outletsofadirect-logo.png","type":"","width":"","height":""}],"twitter_card":"summary_large_image","twitter_site":"@sellerlogic","twitter_misc":{"Est. reading time":"3 minutes"},"schema":{"@context":"https:\/\/schema.org","@graph":[{"@type":"WebPage","@id":"https:\/\/www.sellerlogic.com\/tr\/resources\/success-story-outlet-sofa-direct\/","url":"https:\/\/www.sellerlogic.com\/tr\/resources\/success-story-outlet-sofa-direct\/","name":"SELLERLOGIC - Ba\u015far\u0131 Hikayesi: Outlet-Sofa Direct","isPartOf":{"@id":"https:\/\/www.sellerlogic.com\/tr\/#website"},"primaryImageOfPage":{"@id":"https:\/\/www.sellerlogic.com\/tr\/resources\/success-story-outlet-sofa-direct\/#primaryimage"},"image":{"@id":"https:\/\/www.sellerlogic.com\/tr\/resources\/success-story-outlet-sofa-direct\/#primaryimage"},"thumbnailUrl":"https:\/\/www.sellerlogic.com\/wp-content\/uploads\/2020\/12\/outletsofadirect-logo.png","datePublished":"2020-12-18T11:33:09+00:00","description":"SELLERLOGIC Lost & Found Outlet-Sofa Direct'i tamamen ikna etti - 20,000 Euro de\u011ferinde bir \u00e7a\u011fr\u0131! \u015eimdi Ba\u015far\u0131 Hikayemizi okuyun!","breadcrumb":{"@id":"https:\/\/www.sellerlogic.com\/tr\/resources\/success-story-outlet-sofa-direct\/#breadcrumb"},"inLanguage":"tr-TR","potentialAction":[{"@type":"ReadAction","target":["https:\/\/www.sellerlogic.com\/tr\/resources\/success-story-outlet-sofa-direct\/"]}]},{"@type":"ImageObject","inLanguage":"tr-TR","@id":"https:\/\/www.sellerlogic.com\/tr\/resources\/success-story-outlet-sofa-direct\/#primaryimage","url":"https:\/\/www.sellerlogic.com\/wp-content\/uploads\/2020\/12\/outletsofadirect-logo.png","contentUrl":"https:\/\/www.sellerlogic.com\/wp-content\/uploads\/2020\/12\/outletsofadirect-logo.png"},{"@type":"BreadcrumbList","@id":"https:\/\/www.sellerlogic.com\/tr\/resources\/success-story-outlet-sofa-direct\/#breadcrumb","itemListElement":[{"@type":"ListItem","position":1,"name":"Home","item":"https:\/\/www.sellerlogic.com\/tr\/"},{"@type":"ListItem","position":2,"name":"Ressourcen EN","item":"https:\/\/www.sellerlogic.com\/tr\/resources\/"},{"@type":"ListItem","position":3,"name":"Ba\u015far\u0131 Hikayesi: Outlet Sofa Direct EN"}]},{"@type":"WebSite","@id":"https:\/\/www.sellerlogic.com\/tr\/#website","url":"https:\/\/www.sellerlogic.com\/tr\/","name":"SELLERLOGIC - Smarte Tools f\u00fcr Amazon-Seller","description":"Intelligente Prozessoptimierung und Gewinnmaximierung","publisher":{"@id":"https:\/\/www.sellerlogic.com\/tr\/#organization"},"potentialAction":[{"@type":"SearchAction","target":{"@type":"EntryPoint","urlTemplate":"https:\/\/www.sellerlogic.com\/tr\/?s={search_term_string}"},"query-input":{"@type":"PropertyValueSpecification","valueRequired":true,"valueName":"search_term_string"}}],"inLanguage":"tr-TR"},{"@type":"Organization","@id":"https:\/\/www.sellerlogic.com\/tr\/#organization","name":"SELLERLOGIC","url":"https:\/\/www.sellerlogic.com\/tr\/","logo":{"@type":"ImageObject","inLanguage":"tr-TR","@id":"https:\/\/www.sellerlogic.com\/tr\/#\/schema\/logo\/image\/","url":"https:\/\/d2bw95mh2ee04s.cloudfront.net\/prod\/content\/wp-content\/uploads\/2025\/01\/02134814\/Property-Logo-Main.svg","contentUrl":"https:\/\/d2bw95mh2ee04s.cloudfront.net\/prod\/content\/wp-content\/uploads\/2025\/01\/02134814\/Property-Logo-Main.svg","width":184,"height":40,"caption":"SELLERLOGIC"},"image":{"@id":"https:\/\/www.sellerlogic.com\/tr\/#\/schema\/logo\/image\/"},"sameAs":["https:\/\/www.facebook.com\/SellerLogic\/","https:\/\/x.com\/sellerlogic","https:\/\/www.instagram.com\/sellerlogic\/","https:\/\/www.linkedin.com\/company\/18402037\/","https:\/\/www.youtube.com\/channel\/UC-gULUur-fNj08sprantKsQ"]}]}},"_links":{"self":[{"href":"https:\/\/www.sellerlogic.com\/tr\/wp-json\/wp\/v2\/pages\/105687","targetHints":{"allow":["GET"]}}],"collection":[{"href":"https:\/\/www.sellerlogic.com\/tr\/wp-json\/wp\/v2\/pages"}],"about":[{"href":"https:\/\/www.sellerlogic.com\/tr\/wp-json\/wp\/v2\/types\/page"}],"author":[{"embeddable":true,"href":"https:\/\/www.sellerlogic.com\/tr\/wp-json\/wp\/v2\/users\/8"}],"replies":[{"embeddable":true,"href":"https:\/\/www.sellerlogic.com\/tr\/wp-json\/wp\/v2\/comments?post=105687"}],"version-history":[{"count":0,"href":"https:\/\/www.sellerlogic.com\/tr\/wp-json\/wp\/v2\/pages\/105687\/revisions"}],"up":[{"embeddable":true,"href":"https:\/\/www.sellerlogic.com\/tr\/wp-json\/wp\/v2\/pages\/105735"}],"wp:attachment":[{"href":"https:\/\/www.sellerlogic.com\/tr\/wp-json\/wp\/v2\/media?parent=105687"}],"curies":[{"name":"wp","href":"https:\/\/api.w.org\/{rel}","templated":true}]}}