
{"id":105690,"date":"2020-12-18T10:43:41","date_gmt":"2020-12-18T10:43:41","guid":{"rendered":"https:\/\/127.0.0.1\/resources\/success-story-samtige-haut\/"},"modified":"2020-12-18T10:43:41","modified_gmt":"2020-12-18T10:43:41","slug":"success-story-samtige-haut","status":"publish","type":"page","link":"https:\/\/www.sellerlogic.com\/tr\/resources\/success-story-samtige-haut\/","title":{"rendered":"Ba\u015far\u0131 Hikayesi: Samtige Haut EN"},"content":{"rendered":"\n\t<div  class=\"theme-wp-block theme-block-main-header is-style-full-height desktop-align-full xl-align-full lg-align-full md-align-full sm-align-full desktop-content-align-y-center desktop-content-align-x-center xl-content-align-y-center xl-content-align-x-center lg-content-align-y-center lg-content-align-x-center md-content-align-y-center md-content-align-x-center sm-content-align-y-center sm-content-align-x-center gb-responsive-911782-identifier theme-block-cover\">\n\t\t<div class=\"bg-cover theme-lazy-load-bg\"><\/div>\n\t\t<div class=\"wrap-content-main-header\">\n\t\t\t\t\t<div  class=\"theme-wp-block theme-block-text-and-text desktop-blockDirection-row xl-blockDirection-row lg-blockDirection-row md-blockDirection-row sm-blockDirection-row gb-responsive-289238-identifier desktop-align-full xl-align-full lg-align-full md-align-full sm-align-full alignfull\">\n\t\t<div class=\"tat-column-wrap-wrapper\">\n\t\t\t<div class=\"tat-column-wrapper\">\n\t\t\t\t\t<div  class=\"theme-wp-block theme-block-text-and-text-column gb-responsive-421034-identifier desktop-horizontal-center xl-horizontal-center lg-horizontal-center md-horizontal-center sm-horizontal-center\">\n\t\t<div class=\"inner-wrap-column-content\">\n\t\t\t<div class=\"inner-column-content\">\n\t\t\t\t\t\t<h1  class=\"theme-wp-block theme-block-heading is-style-default sm-text-center md-text-center desktop-text-center xl-text-center lg-text-center gb-responsive-292481-identifier desktop-align-full xl-align-full lg-align-full md-align-full sm-align-full alignfull h1 has-text-align\">\n\t\t\u0130ade i\u015flemleri bir t\u0131klama ile\t<\/h1>\n\n\t\t<h2  class=\"theme-wp-block theme-block-heading is-style-default sm-text-center md-text-center desktop-text-center xl-text-center lg-text-center gb-responsive-831018-identifier desktop-align-full xl-align-full lg-align-full md-align-full sm-align-full alignfull h1 has-text-align\">\n\t\t&#8220;Samtige Haut&#8221;, Amazon&#8217;dan Kay\u0131p &#038; Bulunan arac\u0131l\u0131\u011f\u0131yla geri \u00f6demeler al\u0131yor\t<\/h2>\n\n\t\t\t<\/div>\n\t\t<\/div>\n\t<\/div>\n\t<div  class=\"theme-wp-block theme-block-text-and-text-column gb-responsive-929552-identifier\">\n\t\t<div class=\"inner-wrap-column-content\">\n\t\t\t<div class=\"inner-column-content\">\n\t\t\t\t\t\t\t<\/div>\n\t\t<\/div>\n\t<\/div>\n\t\t\t<\/div>\n\t\t<\/div>\n\t<\/div>\n\n\t\t<\/div>\n\t<\/div>\n\n<div style=\"height:50px\" aria-hidden=\"true\" class=\"theme-wp-block wp-block-spacer\"><\/div><div class=\"theme-wp-block wp-block-columns gb-responsive-655645-identifier is-layout-flex wp-container-core-columns-is-layout-9d6595d7 wp-block-columns-is-layout-flex\"><div class=\"theme-wp-block wp-block-column gb-responsive-959393-identifier is-layout-flow wp-block-column-is-layout-flow\" style=\"flex-basis:25%\"><figure class=\"theme-wp-block wp-block-image size-large is-resized gb-responsive-62921-identifier\"><img decoding=\"async\" src=\"https:\/\/d2bw95mh2ee04s.cloudfront.net\/prod\/content\/wp-content\/uploads\/2020\/12\/23142732\/samtige-haut-logo.png\" alt=\"Ba\u015far\u0131 Hikayesi: Samtige Haut EN\" class=\"wp-image-4561\" width=\"300\" height=\"84\" srcset=\"https:\/\/d2bw95mh2ee04s.cloudfront.net\/prod\/content\/wp-content\/uploads\/2020\/12\/23142732\/samtige-haut-logo-407x113.png 407w, https:\/\/d2bw95mh2ee04s.cloudfront.net\/prod\/content\/wp-content\/uploads\/2020\/12\/23142732\/samtige-haut-logo.png 600w\" sizes=\"(max-width: 300px) 100vw, 300px\" \/><\/figure><p class=\"theme-wp-block gb-responsive-312552-identifier\"><strong><strong>Kurulu\u015f<\/strong>:<\/strong><br>Kas\u0131m 2016<\/p><p class=\"theme-wp-block gb-responsive-353708-identifier\"><strong><strong>Sekt\u00f6r<\/strong>:<\/strong><br>Kozmetik, besin takviyeleri, organik \u00fcr\u00fcnler<\/p><p class=\"theme-wp-block gb-responsive-164518-identifier\"><strong><strong>Amazon&#8217;daki \u00fcr\u00fcnler:<\/strong><\/strong><br>1,000<\/p><p class=\"theme-wp-block gb-responsive-888870-identifier\"><strong><strong>G\u00f6nderimler<\/strong>:\u00a0<\/strong><br>Ayl\u0131k yakla\u015f\u0131k 8,000<\/p><\/div><div class=\"theme-wp-block wp-block-column gb-responsive-252265-identifier is-layout-flow wp-block-column-is-layout-flow\" style=\"flex-basis:50%\"><h3 class=\"theme-wp-block wp-block-heading gb-responsive-34353-identifier\" id=\"block-c06fce04-ef87-4ffc-a3d6-b768ba377d17\">Background:<\/h3><p class=\"theme-wp-block gb-responsive-620393-identifier\">2018&#8217;de Amazon&#8217;un cirosu 232,9 milyar ABD dolar\u0131yd\u0131. Alman Amazon sat\u0131c\u0131lar\u0131n\u0131n yakla\u015f\u0131k %45&#8217;i \u00fcr\u00fcnlerini Amazon&#8217;un Fulfillment (FBA) hizmeti arac\u0131l\u0131\u011f\u0131yla g\u00f6nderiyor. \u201cSamtige Haut\u201d (Almanca&#8217;da \u201cEn P\u00fcr\u00fczs\u00fcz Cilt\u201d) adl\u0131 Amazon ma\u011fazas\u0131n\u0131n sahibi Sandra Schriewer bunlardan biridir. FBA program\u0131n\u0131n t\u00fcm avantajlar\u0131na ra\u011fmen, \u00e7evrimi\u00e7i sat\u0131c\u0131lar\u0131n sat\u0131\u015flar artt\u0131k\u00e7a FBA i\u015flemlerinin veri ak\u0131\u015f\u0131n\u0131 takip etmeleri art\u0131k m\u00fcmk\u00fcn de\u011fil. Bu nedenle, analiz hi\u00e7 yap\u0131lmamaktad\u0131r.<\/p><h3 class=\"theme-wp-block wp-block-heading gb-responsive-182281-identifier\">Challenge:<\/h3><p class=\"theme-wp-block gb-responsive-880667-identifier\">Sandra Schriewer aslen kozmetik end\u00fcstrisindendir. Berlin&#8217;deki E-ticaret sekt\u00f6r\u00fcndeki \u00e7al\u0131\u015fmalar\u0131 s\u0131ras\u0131nda \u00e7evrimi\u00e7i pazarlama ve E-ticaret alan\u0131nda e\u011fitimini tamamlad\u0131.<\/p><p class=\"theme-wp-block gb-responsive-3897-identifier\">Elde etti\u011fi bilgileri prati\u011fe d\u00f6kmek ve bunu kozmetik ve beslenme tutkusuyla birle\u015ftirmek istedi. B\u00f6ylece \u201cSamtige Haut\u201d adl\u0131 Amazon ma\u011fazas\u0131 kuruldu. FBA program\u0131 arac\u0131l\u0131\u011f\u0131yla ayda yakla\u015f\u0131k 1.000 \u00fcr\u00fcn ve 8.000 g\u00f6nderim ile Amazon&#8217;daki muazzam veri ak\u0131\u015f\u0131n\u0131 takip etmek neredeyse imkans\u0131z hale geldi. K\u0131sa s\u00fcre i\u00e7inde FBA program\u0131n\u0131n s\u00fcre\u00e7lerini kontrol etmesine yard\u0131mc\u0131 olabilecek bir hizmet sa\u011flay\u0131c\u0131s\u0131na ihtiyac\u0131 oldu\u011funu fark etti. \u201cBir \u00e7evrimi\u00e7i sat\u0131c\u0131 olarak, Amazon&#8217;un Fulfillment hizmetine g\u00fcveniyorsunuz, \u00e7\u00fcnk\u00fc bu program \u015firket i\u00e7indeki lojistik s\u00fcre\u00e7leri \u00e7ok daha kolay hale getiriyor. Ancak, kimse m\u00fckemmel de\u011fildir ve elbette Amazon gibi \u00f6nde gelen \u015firketler de hata yapabilir.<\/p><p class=\"theme-wp-block gb-responsive-135542-identifier\">Hatalar\u0131 s\u00fcrekli kontrol etmek s\u00f6z konusu olamazd\u0131. Sorun kaynaklar\u0131n\u0131n analizi \u00e7ok karma\u015f\u0131k ve muazzam bir zaman gerektiriyor. &#8220;Bu, herhangi bir ekonomik \u00e7er\u00e7eveyi a\u015far,&#8221; dedi Sandra. \u201cLost &#038; Found \u00e7\u00f6z\u00fcm\u00fcn\u00fc SELLERLOGIC&#8217;dan, zaten hizmet sa\u011flay\u0131c\u0131n\u0131n Repricer ile \u00e7al\u0131\u015fan ve \u00fcr\u00fcnden \u00e7ok memnun olan e\u015fim \u00f6nerdi. Amazon i\u015fletmelerinin kendi pazar yerlerinde ba\u015far\u0131l\u0131 olmalar\u0131 i\u00e7in ihtiya\u00e7 duydu\u011fu bir\u00e7ok \u00e7\u00f6z\u00fcm var. Lost &#038; Found&#8217;in FBA sat\u0131c\u0131lar\u0131 i\u00e7in benzersiz ve vazge\u00e7ilmez oldu\u011funa inan\u0131yorum.\u201d<\/p><h3 class=\"theme-wp-block wp-block-heading gb-responsive-115756-identifier\">Solution:<\/h3><p class=\"theme-wp-block gb-responsive-907939-identifier\">\u201cBu ara\u00e7 kullan\u0131m\u0131 zor de\u011fil ve h\u0131zl\u0131 ve kolay bir \u015fekilde entegre edilebilir. Ad\u0131m ad\u0131m talimatlar \u2013 ayr\u0131ca bilgi taban\u0131 \u2013 \u00e7ok yard\u0131mc\u0131d\u0131r ve SELLERLOGIC&#8217;dan herhangi bir destek gerektirmez. Lost &#038; Found her g\u00fcn yeni vakalar rapor ediyor ve Amazon Seller Central&#8217;a kolayca kopyalan\u0131p yap\u0131\u015ft\u0131r\u0131labilecek \u00f6nceden tan\u0131mlanm\u0131\u015f metin mod\u00fclleri sa\u011fl\u0131yor. Amazon&#8217;dan geri \u00f6deme almak i\u00e7in sadece \u00e7al\u0131\u015fmay\u0131 kopyalay\u0131p yap\u0131\u015ft\u0131rmam yeterli. G\u00f6nderilen vakalar genellikle daha fazla soru olmadan kabul edildi\u011finden, t\u00fcm s\u00fcre\u00e7 \u00e7ok basit tutuluyor!\u201d<\/p><div class=\"theme-block-group-wrap\"><div class=\"theme-wp-block wp-block-group gb-responsive-88118-identifier\">\t\t<div  class=\"theme-wp-block theme-block-user-card gb-responsive-799176-identifier is-style-full-width-line\">\n\t\t<div class=\"wrap-inner-content\">\n\t\t\t<div class=\"card-user-head\">\n\t\t\t\t<div class=\"card-user-avatar\">\n\t\t\t\t\t<div class=\"cover-avatar\" style=\"background-image: url(https:\/\/d2bw95mh2ee04s.cloudfront.net\/prod\/content\/wp-content\/uploads\/2020\/12\/23142733\/sandra-schriewer-raute.png);\"><\/div>\n\t\t\t\t<\/div>\n\t\t\t\t<div class=\"wrap-title\">\n\t\t\t\t\t<div class=\"card-user-name\">\n\t\t\t\t\t\t<div class=\"title\">\n\t\t\t\t\t\t\t<h3 class=\"heading-text\"><strong>Sandra Schriewer<\/strong><\/h3>\n\t\t\t\t\t\t<\/div>\n\t\t\t\t\t\t<div class=\"card-user-position\">\n\t\t\t\t\t\t\t<div class=\"card-text\"><strong>CEO \u201eSamtige Haut\u201c<\/strong><\/div>\n\t\t\t\t\t\t<\/div>\n\t\t\t\t\t<\/div>\n\t\t\t\t\t<div class=\"card-user-quote-icon\">\n\t\t\t\t\t<\/div>\n\t\t\t\t<\/div>\n\t\t\t<\/div>\n\t\t\t<div class=\"card-user-text\">\n\t\t\t\t<div class=\"card-text\"><p>&#8220;Pazar yerlerinde ba\u015far\u0131l\u0131 olmak i\u00e7in bir Amazon i\u015fletmesinin ihtiya\u00e7 duydu\u011fu bir\u00e7ok \u00e7\u00f6z\u00fcm var. Lost &amp; Found&#8217;in FBA sat\u0131c\u0131lar\u0131 i\u00e7in benzersiz ve vazge\u00e7ilmez oldu\u011funa inan\u0131yorum.\u201d<\/p><\/div>\n\t\t\t<\/div>\n\t\t<\/div>\n\t<\/div>\n\n<\/div><\/div><h3 class=\"theme-wp-block wp-block-heading gb-responsive-595368-identifier\">Successful Results with SELLERLOGIC:<\/h3><p class=\"theme-wp-block gb-responsive-414432-identifier\">\u201cLost &#038; Found bireysel i\u015flemleri 18 aya kadar geriye izledi\u011fi i\u00e7in, arac\u0131 entegre ettikten hemen sonra yakla\u015f\u0131k 1.300 EUR geri \u00f6deme ald\u0131m, bunu SELLERLOGIC olmadan asla fark etmezdim. Lost &#038; Found&#8217;in entegrasyonundan \u00f6nce, o s\u00fcre zarf\u0131nda ka\u00e7 paketin kayboldu\u011funun fark\u0131nda de\u011fildim. Verilerin miktar\u0131n\u0131 manuel olarak kontrol edemezsiniz ve genellikle Amazon kaybolan \u00fcr\u00fcnler hakk\u0131nda size herhangi bir geri bildirim vermez. Lost &#038; Found ile paran\u0131z\u0131 geri al\u0131yorsunuz ve otomatik ara\u015ft\u0131rma ve vakalar\u0131n Kopyala &#038; Yap\u0131\u015ft\u0131r \u00f6zelli\u011fi kullan\u0131larak g\u00f6nderilmesi sayesinde kendinize muazzam bir zaman kazand\u0131r\u0131yorsunuz.\u201d<\/p><p class=\"theme-wp-block gb-responsive-57813-identifier\">\u201cHerkese \u00e7\u00f6z\u00fcm\u00fc kendi sistemine entegre etmelerini tavsiye ediyorum. Kaybedecek hi\u00e7bir \u015feyiniz yok! SELLERLOGIC Lost &#038; Found i\u00e7in maliyetler benim a\u00e7\u0131mdan \u00e7ok adil \u00e7\u00fcnk\u00fc Amazon&#8217;dan al\u0131nan ger\u00e7ek geri \u00f6demeye orant\u0131l\u0131 olarak hesaplan\u0131yor. Hi\u00e7bir \u015fey bulunmazsa, herhangi bir \u00fccret al\u0131nmayacak. Lost &#038; Found olmadan ge\u00e7en her g\u00fcn sat\u0131c\u0131lara para kaybettiriyor. Ayr\u0131ca, taleplerinizi iletmek i\u00e7in en fazla 18 ay s\u00fcreniz var, baz\u0131 durumlarda daha az.\u201d Sandra bizim i\u00e7in b\u00f6yle sonland\u0131r\u0131yor.<a href=\"https:\/\/d2bw95mh2ee04s.cloudfront.net\/prod\/content\/files\/SUCCESS-STORIES\/EN\/NEU_SELLERLOGIC_SN_Success-Story_Samtige-Haut-EN.pdf\" target=\"_blank\" rel=\"noreferrer noopener nofollow\"><\/a><\/p><div class=\"theme-wp-block wp-block-buttons gb-responsive-497426-identifier is-layout-flex wp-block-buttons-is-layout-flex\"><div class=\"theme-wp-block wp-block-button gb-responsive-38220-identifier is-style-theme-transparent-with-arrow\"><a class=\"wp-block-button__link wp-element-button\" href=\"https:\/\/d2bw95mh2ee04s.cloudfront.net\/prod\/content\/files\/SUCCESS-STORIES\/EN\/SELLERLOGIC_SN_Success-Story_Samtige-Haut-EN.pdf\" target=\"_blank\" rel=\"noreferrer noopener nofollow\">Ba\u015far\u0131 Hikayesini \u0130ndir!  <\/a><\/div><\/div><\/div><div class=\"theme-wp-block wp-block-column gb-responsive-147753-identifier is-layout-flow wp-block-column-is-layout-flow\" style=\"flex-basis:25%\"><\/div><\/div><p class=\"theme-wp-block gb-responsive-527070-identifier\"><\/p>","protected":false},"excerpt":{"rendered":"<p>Kurulu\u015f:Kas\u0131m 2016 Sekt\u00f6r:Kozmetik, besin takviyeleri, organik \u00fcr\u00fcnler Amazon&#8217;daki \u00fcr\u00fcnler:1,000 G\u00f6nderimler:\u00a0Ayl\u0131k yakla\u015f\u0131k 8,000 Background: 2018&#8217;de Amazon&#8217;un cirosu 232,9 milyar ABD dolar\u0131yd\u0131. Alman Amazon sat\u0131c\u0131lar\u0131n\u0131n yakla\u015f\u0131k %45&#8217;i \u00fcr\u00fcnlerini Amazon&#8217;un Fulfillment (FBA) hizmeti arac\u0131l\u0131\u011f\u0131yla g\u00f6nderiyor. \u201cSamtige Haut\u201d (Almanca&#8217;da \u201cEn P\u00fcr\u00fczs\u00fcz Cilt\u201d) adl\u0131 Amazon ma\u011fazas\u0131n\u0131n sahibi Sandra Schriewer bunlardan biridir. FBA program\u0131n\u0131n t\u00fcm avantajlar\u0131na ra\u011fmen, \u00e7evrimi\u00e7i sat\u0131c\u0131lar\u0131n sat\u0131\u015flar artt\u0131k\u00e7a<\/p>\n","protected":false},"author":8,"featured_media":0,"parent":105735,"menu_order":0,"comment_status":"closed","ping_status":"closed","template":"","meta":{"sidebar_recommended_resources":{"data":[]},"sidebar_header_settings":{"hide_buttons":{"register":false}},"_use_new_theme":false,"inline_featured_image":false,"footnotes":""},"class_list":["post-105690","page","type-page","status-publish","hentry"],"yoast_head":"<!-- This site is optimized with the Yoast SEO plugin v26.8 - https:\/\/yoast.com\/product\/yoast-seo-wordpress\/ -->\n<title>&quot;Samtige Haut&quot; Amazon Geri \u00d6demesi Al\u0131yor SELLERLOGIC Lost &amp; Found Arac\u0131l\u0131\u011f\u0131yla<\/title>\n<meta name=\"description\" content=\"Bir T\u0131kla Geri \u00d6demeler: SELLERLOGIC m\u00fc\u015fterisi &quot;Samtige Haut&quot;, geri \u00f6demelerini Amazon&#039;dan Lost &amp; Found arac\u0131l\u0131\u011f\u0131yla al\u0131yor.\" \/>\n<meta name=\"robots\" content=\"index, follow, max-snippet:-1, max-image-preview:large, max-video-preview:-1\" \/>\n<link rel=\"canonical\" href=\"https:\/\/www.sellerlogic.com\/tr\/resources\/success-story-samtige-haut\/\" \/>\n<meta property=\"og:locale\" content=\"tr_TR\" \/>\n<meta property=\"og:type\" content=\"article\" \/>\n<meta property=\"og:title\" content=\"&quot;Samtige Haut&quot; Amazon Geri \u00d6demesi Al\u0131yor SELLERLOGIC Lost &amp; Found Arac\u0131l\u0131\u011f\u0131yla\" \/>\n<meta property=\"og:description\" content=\"Bir T\u0131kla Geri \u00d6demeler: SELLERLOGIC m\u00fc\u015fterisi &quot;Samtige Haut&quot;, geri \u00f6demelerini Amazon&#039;dan Lost &amp; Found arac\u0131l\u0131\u011f\u0131yla al\u0131yor.\" \/>\n<meta property=\"og:url\" content=\"https:\/\/www.sellerlogic.com\/tr\/resources\/success-story-samtige-haut\/\" \/>\n<meta property=\"og:site_name\" content=\"SELLERLOGIC - Smarte Tools f\u00fcr Amazon-Seller\" \/>\n<meta property=\"article:publisher\" content=\"https:\/\/www.facebook.com\/SellerLogic\/\" \/>\n<meta property=\"og:image\" content=\"https:\/\/www.sellerlogic.com\/wp-content\/uploads\/2020\/12\/samtige-haut-logo.png\" \/>\n<meta name=\"twitter:card\" content=\"summary_large_image\" \/>\n<meta name=\"twitter:site\" content=\"@sellerlogic\" \/>\n<meta name=\"twitter:label1\" content=\"Est. reading time\" \/>\n\t<meta name=\"twitter:data1\" content=\"3 minutes\" \/>\n<script type=\"application\/ld+json\" class=\"yoast-schema-graph\">{\"@context\":\"https:\/\/schema.org\",\"@graph\":[{\"@type\":\"WebPage\",\"@id\":\"https:\/\/www.sellerlogic.com\/tr\/resources\/success-story-samtige-haut\/\",\"url\":\"https:\/\/www.sellerlogic.com\/tr\/resources\/success-story-samtige-haut\/\",\"name\":\"\\\"Samtige Haut\\\" Amazon Geri \u00d6demesi Al\u0131yor SELLERLOGIC Lost & Found Arac\u0131l\u0131\u011f\u0131yla\",\"isPartOf\":{\"@id\":\"https:\/\/www.sellerlogic.com\/tr\/#website\"},\"primaryImageOfPage\":{\"@id\":\"https:\/\/www.sellerlogic.com\/tr\/resources\/success-story-samtige-haut\/#primaryimage\"},\"image\":{\"@id\":\"https:\/\/www.sellerlogic.com\/tr\/resources\/success-story-samtige-haut\/#primaryimage\"},\"thumbnailUrl\":\"https:\/\/www.sellerlogic.com\/wp-content\/uploads\/2020\/12\/samtige-haut-logo.png\",\"datePublished\":\"2020-12-18T10:43:41+00:00\",\"description\":\"Bir T\u0131kla Geri \u00d6demeler: SELLERLOGIC m\u00fc\u015fterisi \\\"Samtige Haut\\\", geri \u00f6demelerini Amazon'dan Lost & Found arac\u0131l\u0131\u011f\u0131yla al\u0131yor.\",\"breadcrumb\":{\"@id\":\"https:\/\/www.sellerlogic.com\/tr\/resources\/success-story-samtige-haut\/#breadcrumb\"},\"inLanguage\":\"tr-TR\",\"potentialAction\":[{\"@type\":\"ReadAction\",\"target\":[\"https:\/\/www.sellerlogic.com\/tr\/resources\/success-story-samtige-haut\/\"]}]},{\"@type\":\"ImageObject\",\"inLanguage\":\"tr-TR\",\"@id\":\"https:\/\/www.sellerlogic.com\/tr\/resources\/success-story-samtige-haut\/#primaryimage\",\"url\":\"https:\/\/www.sellerlogic.com\/wp-content\/uploads\/2020\/12\/samtige-haut-logo.png\",\"contentUrl\":\"https:\/\/www.sellerlogic.com\/wp-content\/uploads\/2020\/12\/samtige-haut-logo.png\"},{\"@type\":\"BreadcrumbList\",\"@id\":\"https:\/\/www.sellerlogic.com\/tr\/resources\/success-story-samtige-haut\/#breadcrumb\",\"itemListElement\":[{\"@type\":\"ListItem\",\"position\":1,\"name\":\"Home\",\"item\":\"https:\/\/www.sellerlogic.com\/tr\/\"},{\"@type\":\"ListItem\",\"position\":2,\"name\":\"Ressourcen EN\",\"item\":\"https:\/\/www.sellerlogic.com\/tr\/resources\/\"},{\"@type\":\"ListItem\",\"position\":3,\"name\":\"Ba\u015far\u0131 Hikayesi: Samtige Haut EN\"}]},{\"@type\":\"WebSite\",\"@id\":\"https:\/\/www.sellerlogic.com\/tr\/#website\",\"url\":\"https:\/\/www.sellerlogic.com\/tr\/\",\"name\":\"SELLERLOGIC - Smarte Tools f\u00fcr Amazon-Seller\",\"description\":\"Intelligente Prozessoptimierung und Gewinnmaximierung\",\"publisher\":{\"@id\":\"https:\/\/www.sellerlogic.com\/tr\/#organization\"},\"potentialAction\":[{\"@type\":\"SearchAction\",\"target\":{\"@type\":\"EntryPoint\",\"urlTemplate\":\"https:\/\/www.sellerlogic.com\/tr\/?s={search_term_string}\"},\"query-input\":{\"@type\":\"PropertyValueSpecification\",\"valueRequired\":true,\"valueName\":\"search_term_string\"}}],\"inLanguage\":\"tr-TR\"},{\"@type\":\"Organization\",\"@id\":\"https:\/\/www.sellerlogic.com\/tr\/#organization\",\"name\":\"SELLERLOGIC\",\"url\":\"https:\/\/www.sellerlogic.com\/tr\/\",\"logo\":{\"@type\":\"ImageObject\",\"inLanguage\":\"tr-TR\",\"@id\":\"https:\/\/www.sellerlogic.com\/tr\/#\/schema\/logo\/image\/\",\"url\":\"https:\/\/d2bw95mh2ee04s.cloudfront.net\/prod\/content\/wp-content\/uploads\/2025\/01\/02134814\/Property-Logo-Main.svg\",\"contentUrl\":\"https:\/\/d2bw95mh2ee04s.cloudfront.net\/prod\/content\/wp-content\/uploads\/2025\/01\/02134814\/Property-Logo-Main.svg\",\"width\":184,\"height\":40,\"caption\":\"SELLERLOGIC\"},\"image\":{\"@id\":\"https:\/\/www.sellerlogic.com\/tr\/#\/schema\/logo\/image\/\"},\"sameAs\":[\"https:\/\/www.facebook.com\/SellerLogic\/\",\"https:\/\/x.com\/sellerlogic\",\"https:\/\/www.instagram.com\/sellerlogic\/\",\"https:\/\/www.linkedin.com\/company\/18402037\/\",\"https:\/\/www.youtube.com\/channel\/UC-gULUur-fNj08sprantKsQ\"]}]}<\/script>\n<!-- \/ Yoast SEO plugin. -->","yoast_head_json":{"title":"\"Samtige Haut\" Amazon Geri \u00d6demesi Al\u0131yor SELLERLOGIC Lost & Found Arac\u0131l\u0131\u011f\u0131yla","description":"Bir T\u0131kla Geri \u00d6demeler: SELLERLOGIC m\u00fc\u015fterisi \"Samtige Haut\", geri \u00f6demelerini Amazon'dan Lost & Found arac\u0131l\u0131\u011f\u0131yla al\u0131yor.","robots":{"index":"index","follow":"follow","max-snippet":"max-snippet:-1","max-image-preview":"max-image-preview:large","max-video-preview":"max-video-preview:-1"},"canonical":"https:\/\/www.sellerlogic.com\/tr\/resources\/success-story-samtige-haut\/","og_locale":"tr_TR","og_type":"article","og_title":"\"Samtige Haut\" Amazon Geri \u00d6demesi Al\u0131yor SELLERLOGIC Lost & Found Arac\u0131l\u0131\u011f\u0131yla","og_description":"Bir T\u0131kla Geri \u00d6demeler: SELLERLOGIC m\u00fc\u015fterisi \"Samtige Haut\", geri \u00f6demelerini Amazon'dan Lost & Found arac\u0131l\u0131\u011f\u0131yla al\u0131yor.","og_url":"https:\/\/www.sellerlogic.com\/tr\/resources\/success-story-samtige-haut\/","og_site_name":"SELLERLOGIC - Smarte Tools f\u00fcr Amazon-Seller","article_publisher":"https:\/\/www.facebook.com\/SellerLogic\/","og_image":[{"url":"https:\/\/www.sellerlogic.com\/wp-content\/uploads\/2020\/12\/samtige-haut-logo.png","type":"","width":"","height":""}],"twitter_card":"summary_large_image","twitter_site":"@sellerlogic","twitter_misc":{"Est. reading time":"3 minutes"},"schema":{"@context":"https:\/\/schema.org","@graph":[{"@type":"WebPage","@id":"https:\/\/www.sellerlogic.com\/tr\/resources\/success-story-samtige-haut\/","url":"https:\/\/www.sellerlogic.com\/tr\/resources\/success-story-samtige-haut\/","name":"\"Samtige Haut\" Amazon Geri \u00d6demesi Al\u0131yor SELLERLOGIC Lost & Found Arac\u0131l\u0131\u011f\u0131yla","isPartOf":{"@id":"https:\/\/www.sellerlogic.com\/tr\/#website"},"primaryImageOfPage":{"@id":"https:\/\/www.sellerlogic.com\/tr\/resources\/success-story-samtige-haut\/#primaryimage"},"image":{"@id":"https:\/\/www.sellerlogic.com\/tr\/resources\/success-story-samtige-haut\/#primaryimage"},"thumbnailUrl":"https:\/\/www.sellerlogic.com\/wp-content\/uploads\/2020\/12\/samtige-haut-logo.png","datePublished":"2020-12-18T10:43:41+00:00","description":"Bir T\u0131kla Geri \u00d6demeler: SELLERLOGIC m\u00fc\u015fterisi \"Samtige Haut\", geri \u00f6demelerini Amazon'dan Lost & Found arac\u0131l\u0131\u011f\u0131yla al\u0131yor.","breadcrumb":{"@id":"https:\/\/www.sellerlogic.com\/tr\/resources\/success-story-samtige-haut\/#breadcrumb"},"inLanguage":"tr-TR","potentialAction":[{"@type":"ReadAction","target":["https:\/\/www.sellerlogic.com\/tr\/resources\/success-story-samtige-haut\/"]}]},{"@type":"ImageObject","inLanguage":"tr-TR","@id":"https:\/\/www.sellerlogic.com\/tr\/resources\/success-story-samtige-haut\/#primaryimage","url":"https:\/\/www.sellerlogic.com\/wp-content\/uploads\/2020\/12\/samtige-haut-logo.png","contentUrl":"https:\/\/www.sellerlogic.com\/wp-content\/uploads\/2020\/12\/samtige-haut-logo.png"},{"@type":"BreadcrumbList","@id":"https:\/\/www.sellerlogic.com\/tr\/resources\/success-story-samtige-haut\/#breadcrumb","itemListElement":[{"@type":"ListItem","position":1,"name":"Home","item":"https:\/\/www.sellerlogic.com\/tr\/"},{"@type":"ListItem","position":2,"name":"Ressourcen EN","item":"https:\/\/www.sellerlogic.com\/tr\/resources\/"},{"@type":"ListItem","position":3,"name":"Ba\u015far\u0131 Hikayesi: Samtige Haut EN"}]},{"@type":"WebSite","@id":"https:\/\/www.sellerlogic.com\/tr\/#website","url":"https:\/\/www.sellerlogic.com\/tr\/","name":"SELLERLOGIC - Smarte Tools f\u00fcr Amazon-Seller","description":"Intelligente Prozessoptimierung und Gewinnmaximierung","publisher":{"@id":"https:\/\/www.sellerlogic.com\/tr\/#organization"},"potentialAction":[{"@type":"SearchAction","target":{"@type":"EntryPoint","urlTemplate":"https:\/\/www.sellerlogic.com\/tr\/?s={search_term_string}"},"query-input":{"@type":"PropertyValueSpecification","valueRequired":true,"valueName":"search_term_string"}}],"inLanguage":"tr-TR"},{"@type":"Organization","@id":"https:\/\/www.sellerlogic.com\/tr\/#organization","name":"SELLERLOGIC","url":"https:\/\/www.sellerlogic.com\/tr\/","logo":{"@type":"ImageObject","inLanguage":"tr-TR","@id":"https:\/\/www.sellerlogic.com\/tr\/#\/schema\/logo\/image\/","url":"https:\/\/d2bw95mh2ee04s.cloudfront.net\/prod\/content\/wp-content\/uploads\/2025\/01\/02134814\/Property-Logo-Main.svg","contentUrl":"https:\/\/d2bw95mh2ee04s.cloudfront.net\/prod\/content\/wp-content\/uploads\/2025\/01\/02134814\/Property-Logo-Main.svg","width":184,"height":40,"caption":"SELLERLOGIC"},"image":{"@id":"https:\/\/www.sellerlogic.com\/tr\/#\/schema\/logo\/image\/"},"sameAs":["https:\/\/www.facebook.com\/SellerLogic\/","https:\/\/x.com\/sellerlogic","https:\/\/www.instagram.com\/sellerlogic\/","https:\/\/www.linkedin.com\/company\/18402037\/","https:\/\/www.youtube.com\/channel\/UC-gULUur-fNj08sprantKsQ"]}]}},"_links":{"self":[{"href":"https:\/\/www.sellerlogic.com\/tr\/wp-json\/wp\/v2\/pages\/105690","targetHints":{"allow":["GET"]}}],"collection":[{"href":"https:\/\/www.sellerlogic.com\/tr\/wp-json\/wp\/v2\/pages"}],"about":[{"href":"https:\/\/www.sellerlogic.com\/tr\/wp-json\/wp\/v2\/types\/page"}],"author":[{"embeddable":true,"href":"https:\/\/www.sellerlogic.com\/tr\/wp-json\/wp\/v2\/users\/8"}],"replies":[{"embeddable":true,"href":"https:\/\/www.sellerlogic.com\/tr\/wp-json\/wp\/v2\/comments?post=105690"}],"version-history":[{"count":0,"href":"https:\/\/www.sellerlogic.com\/tr\/wp-json\/wp\/v2\/pages\/105690\/revisions"}],"up":[{"embeddable":true,"href":"https:\/\/www.sellerlogic.com\/tr\/wp-json\/wp\/v2\/pages\/105735"}],"wp:attachment":[{"href":"https:\/\/www.sellerlogic.com\/tr\/wp-json\/wp\/v2\/media?parent=105690"}],"curies":[{"name":"wp","href":"https:\/\/api.w.org\/{rel}","templated":true}]}}