
{"id":105693,"date":"2021-01-07T11:00:45","date_gmt":"2021-01-07T11:00:45","guid":{"rendered":"https:\/\/127.0.0.1\/short-wb-en-202002\/"},"modified":"2021-01-07T11:00:45","modified_gmt":"2021-01-07T11:00:45","slug":"short-wb-en-202002","status":"publish","type":"page","link":"https:\/\/www.sellerlogic.com\/tr\/short-wb-en-202002\/","title":{"rendered":"WB202002: Buy Box&#8217;\u00fcn Kazan\u0131lmas\u0131 i\u00e7in 13 Ad\u0131m (LP) EN"},"content":{"rendered":"<div style=\"height:30px\" aria-hidden=\"true\" class=\"theme-wp-block wp-block-spacer\"><\/div><div class=\"wp-block-image gb-responsive-590212-identifier is-style-default desktop-align-center xl-align-center lg-align-center md-align-center sm-align-center\"><figure class=\"theme-wp-block aligncenter size-large is-resized\"><img decoding=\"async\" width=\"184\" height=\"40\" src=\"https:\/\/d2bw95mh2ee04s.cloudfront.net\/prod\/content\/wp-content\/uploads\/2024\/04\/30111140\/Property-Logo-Main-1.svg\" alt=\"WB202002: Buy Box'\u00fcn Kazan\u0131lmas\u0131 i\u00e7in 13 Ad\u0131m (LP) EN\" class=\"wp-image-52651\" style=\"width:170px\"><\/figure><\/div>\t\t<h1  class=\"theme-wp-block theme-block-heading gb-responsive-564749-identifier is-style-default desktop-text-center xl-text-center lg-text-center md-text-center sm-text-center h4\">\n\t\t<strong>\u00dccretsiz \u00c7al\u0131\u015fma Kitab\u0131<\/strong>\t<\/h1>\n\n\t\t<h2  class=\"theme-wp-block theme-block-heading gb-responsive-412520-identifier is-style-default desktop-text-center xl-text-center lg-text-center md-text-center sm-text-center h1\">\n\t\t<strong><strong>Amazon Buy Box&#8217;\u00fc Nas\u0131l Kazan\u0131rs\u0131n\u0131z!<\/strong><\/strong>\t<\/h2>\n\n<div style=\"height:50px\" aria-hidden=\"true\" class=\"theme-wp-block wp-block-spacer\"><\/div><div class=\"theme-wp-block wp-block-columns gb-responsive-506331-identifier is-layout-flex wp-container-core-columns-is-layout-9d6595d7 wp-block-columns-is-layout-flex\"><div class=\"theme-wp-block wp-block-column gb-responsive-414936-identifier is-layout-flow wp-block-column-is-layout-flow\"><div class=\"wp-block-image gb-responsive-19318-identifier\"><figure class=\"theme-wp-block alignright size-large is-resized\"><img decoding=\"async\" width=\"738\" height=\"804\" src=\"https:\/\/d2bw95mh2ee04s.cloudfront.net\/prod\/content\/wp-content\/uploads\/2021\/01\/23142706\/wb-13-steps-cover-en.png\" alt=\"WB202002: Buy Box'\u00fcn Kazan\u0131lmas\u0131 i\u00e7in 13 Ad\u0131m (LP) EN\" class=\"wp-image-6261\" style=\"width:456px\" srcset=\"https:\/\/d2bw95mh2ee04s.cloudfront.net\/prod\/content\/wp-content\/uploads\/2021\/01\/23142706\/wb-13-steps-cover-en-407x443.png 407w, https:\/\/d2bw95mh2ee04s.cloudfront.net\/prod\/content\/wp-content\/uploads\/2021\/01\/23142706\/wb-13-steps-cover-en.png 738w\" sizes=\"(max-width: 738px) 100vw, 738px\" \/><\/figure><\/div><div style=\"height:30px\" aria-hidden=\"true\" class=\"theme-wp-block wp-block-spacer\"><\/div><\/div><div class=\"theme-wp-block wp-block-column gb-responsive-883894-identifier is-layout-flow wp-block-column-is-layout-flow\">\t\t<h3  class=\"theme-wp-block theme-block-heading gb-responsive-531920-identifier is-style-default desktop-text-center xl-text-center lg-text-center md-text-center sm-text-center h3\">\n\t\t<br>\u015eimdi <strong>\u00fccretsiz \u00c7al\u0131\u015fma Kitab\u0131n\u0131<\/strong> talep edin ve \u00f6\u011frenin&#8230;\t<\/h3>\n\n<div class=\"theme-block-list\"><ul class=\"theme-wp-block desktop-bg-style-square xl-bg-style-square lg-bg-style-square md-bg-style-square sm-bg-style-square desktop-gb-has-no-icon xl-gb-has-no-icon lg-gb-has-no-icon md-gb-has-no-icon sm-gb-has-no-icon gb-responsive-513860-identifier wp-block-list\"><li class=\"theme-wp-block gb-responsive-754486-identifier desktop-bg-style-square xl-bg-style-square lg-bg-style-square md-bg-style-square sm-bg-style-square desktop-gb-has-no-icon xl-gb-has-no-icon lg-gb-has-no-icon md-gb-has-no-icon sm-gb-has-no-icon\">Amazon sat\u0131c\u0131lar\u0131 i\u00e7in hangi <strong>ana rakamlar<\/strong> belirleyicidir<\/li><li class=\"theme-wp-block gb-responsive-196900-identifier desktop-bg-style-square xl-bg-style-square lg-bg-style-square md-bg-style-square sm-bg-style-square desktop-gb-has-no-icon xl-gb-has-no-icon lg-gb-has-no-icon md-gb-has-no-icon sm-gb-has-no-icon\">Hangi <strong>asgari gereksinimler<\/strong> kar\u015f\u0131lanmal\u0131d\u0131r<\/li><li class=\"theme-wp-block gb-responsive-10119-identifier desktop-bg-style-square xl-bg-style-square lg-bg-style-square md-bg-style-square sm-bg-style-square desktop-gb-has-no-icon xl-gb-has-no-icon lg-gb-has-no-icon md-gb-has-no-icon sm-gb-has-no-icon\">Hangi<strong>\u00a0ideal de\u011ferler\u00a0<\/strong>i hedeflemelisiniz<\/li><\/ul><\/div><div id=\"wb-form\" class=\"theme-wp-block wb-form\"><form id=\"leadform\" action=\"#\" method=\"post\"><label>Ad ve soyad<sup style=\"color: rgb(255, 0, 0);\">*<\/sup><\/label><br> <input type=\"text\" placeholder=\"Ad ve soyad\" name=\"first-name\" id=\"first-name\" required=\"required\" style=\"padding: 10px; font-size: 18px; width: 100%; margin-bottom: 15px; color: rgb(88, 88, 88);\"><br> <label>Email adresi<sup style=\"color: rgb(255, 0, 0);\">*<\/sup><\/label><br> <input type=\"email\" required=\"required\" placeholder=\"Email adresi\" name=\"email\" id=\"email\" style=\"padding: 10px; font-size: 18px; width: 100%; margin-bottom: 15px; color: rgb(88, 88, 88);\"><br> <label>Telefon<sup style=\"color: rgb(255, 0, 0);\">*<\/sup> <span style=\"font-size: 12px;\">(L\u00fctfen \u00fclke kodunu ekleyin)<\/span><\/label><br> <input type=\"number\" required=\"required\" placeholder=\"Telefon\" name=\"telephone\" id=\"telephone\" style=\"padding: 10px; font-size: 18px; width: 100%; margin-bottom: 15px; color: rgb(88, 88, 88);\"><br> <label>Amazon Ma\u011faza URL&#8217;si<sup style=\"color: rgb(255, 0, 0);\">*<\/sup><\/label><br> <input type=\"text\" required=\"required\" placeholder=\"Web sitesi\" name=\"website\" id=\"website\" style=\"padding: 10px; font-size: 18px; width: 100%; margin-bottom: 15px; color: rgb(88, 88, 88);\"><br><label>SKU Say\u0131s\u0131<\/label><br> <input type=\"text\" placeholder=\"SKU Say\u0131s\u0131\" name=\"sku_count\" id=\"sku_count\" style=\"padding: 10px; font-size: 18px; width: 100%; margin-bottom: 15px; color: rgb(88, 88, 88);\"><br><input type=\"submit\" value=\"\u015eimdi \u00e7al\u0131\u015fma kitab\u0131n\u0131 sipari\u015f et!\" id=\"submit\" style=\"padding: 10px; font-size: 18px; width: 100%; margin-bottom: 15px; color: rgb(255, 255, 255); background-color: rgb(255, 170, 1); cursor: pointer;\"> <p style=\"margin-bottom: 10px; font-size: 12px;\">Verilerin i\u015flenmesi, <a href=\"https:\/\/www.sellerlogic.com\/en\/privacy-policy\/\" target=\"_blank\" draggable=\"false\" rel=\"noopener\">gizlilik politikam\u0131z<\/a>&#8216;a g\u00f6re ger\u00e7ekle\u015fmektedir.<\/p><\/form><\/div><\/div><\/div><div style=\"height:50px\" aria-hidden=\"true\" class=\"theme-wp-block wp-block-spacer\"><\/div><div class=\"theme-wp-block wp-block-columns gb-responsive-213182-identifier is-layout-flex wp-container-core-columns-is-layout-9d6595d7 wp-block-columns-is-layout-flex\"><div class=\"theme-wp-block wp-block-column gb-responsive-480343-identifier is-layout-flow wp-block-column-is-layout-flow\" style=\"flex-basis:25%\"><\/div><div class=\"theme-wp-block wp-block-column gb-responsive-361131-identifier is-layout-flow wp-block-column-is-layout-flow\" style=\"flex-basis:50%\"><div class=\"theme-wp-block wp-block-columns gb-responsive-608617-identifier is-layout-flex wp-container-core-columns-is-layout-9d6595d7 wp-block-columns-is-layout-flex\"><div class=\"theme-wp-block wp-block-column gb-responsive-796136-identifier is-layout-flow wp-block-column-is-layout-flow\"><p class=\"theme-wp-block has-text-align-center gb-responsive-144688-identifier desktop-text-center xl-text-center lg-text-center md-text-center sm-text-center\"><a href=\"https:\/\/www.sellerlogic.com\/en\/legal-notice\/\" rel=\"noreferrer noopener\" target=\"_blank\"><strong>Hukuki Bildirim<\/strong><\/a><\/p><\/div><div class=\"theme-wp-block wp-block-column gb-responsive-929256-identifier is-layout-flow wp-block-column-is-layout-flow\"><p class=\"theme-wp-block has-text-align-center gb-responsive-270263-identifier desktop-text-center xl-text-center lg-text-center md-text-center sm-text-center\"><a href=\"https:\/\/www.sellerlogic.com\/en\/privacy-policy\/\" rel=\"noreferrer noopener\" target=\"_blank\"><strong>Gizlilik Politikas\u0131<\/strong><\/a><\/p><\/div><div class=\"theme-wp-block wp-block-column gb-responsive-815314-identifier is-layout-flow wp-block-column-is-layout-flow\"><p class=\"theme-wp-block has-text-align-center gb-responsive-71756-identifier desktop-text-center xl-text-center lg-text-center md-text-center sm-text-center\"><a href=\"\" target=\"_blank\" rel=\"noreferrer noopener\"><strong>\u015eartlar ve Ko\u015fullar<\/strong><\/a><\/p><\/div><\/div><\/div><div class=\"theme-wp-block wp-block-column gb-responsive-825796-identifier is-layout-flow wp-block-column-is-layout-flow\" style=\"flex-basis:25%\"><\/div><\/div><p class=\"theme-wp-block gb-responsive-244500-identifier\"><\/p>","protected":false},"excerpt":{"rendered":"<p>Ad ve soyad* Email adresi* Telefon* (L\u00fctfen \u00fclke kodunu ekleyin) Amazon Ma\u011faza URL&#8217;si* SKU Say\u0131s\u0131 Verilerin i\u015flenmesi, gizlilik politikam\u0131z&#8216;a g\u00f6re ger\u00e7ekle\u015fmektedir. Hukuki Bildirim Gizlilik Politikas\u0131 \u015eartlar ve Ko\u015fullar<\/p>\n","protected":false},"author":8,"featured_media":0,"parent":0,"menu_order":0,"comment_status":"closed","ping_status":"closed","template":"","meta":{"sidebar_recommended_resources":{"data":[]},"sidebar_header_settings":{"hide_buttons":{"register":false}},"_use_new_theme":false,"inline_featured_image":false,"footnotes":""},"class_list":["post-105693","page","type-page","status-publish","hentry"],"yoast_head":"<!-- This site is optimized with the Yoast SEO plugin v26.8 - https:\/\/yoast.com\/product\/yoast-seo-wordpress\/ -->\n<title>SELLERLOGIC - \u00c7al\u0131\u015fma Kitab\u0131n\u0131 \u0130ndir Amazon&#039;da nas\u0131l kazan\u0131l\u0131r Buy Box!<\/title>\n<meta name=\"description\" content=\"Amazon algoritmas\u0131 hangi kriterleri kullan\u0131yor ve sat\u0131c\u0131lar\u0131n Amazon&#039;da Buy Box kazanmak i\u00e7in hangi metrikleri kar\u015f\u0131lamas\u0131 gerekiyor? \u015eimdi indir!\" \/>\n<meta name=\"robots\" content=\"index, follow, max-snippet:-1, max-image-preview:large, max-video-preview:-1\" \/>\n<link rel=\"canonical\" href=\"https:\/\/www.sellerlogic.com\/tr\/short-wb-en-202002\/\" \/>\n<meta property=\"og:locale\" content=\"tr_TR\" \/>\n<meta property=\"og:type\" content=\"article\" \/>\n<meta property=\"og:title\" content=\"SELLERLOGIC - \u00c7al\u0131\u015fma Kitab\u0131n\u0131 \u0130ndir Amazon&#039;da nas\u0131l kazan\u0131l\u0131r Buy Box!\" \/>\n<meta property=\"og:description\" content=\"Amazon algoritmas\u0131 hangi kriterleri kullan\u0131yor ve sat\u0131c\u0131lar\u0131n Amazon&#039;da Buy Box kazanmak i\u00e7in hangi metrikleri kar\u015f\u0131lamas\u0131 gerekiyor? \u015eimdi indir!\" \/>\n<meta property=\"og:url\" content=\"https:\/\/www.sellerlogic.com\/tr\/short-wb-en-202002\/\" \/>\n<meta property=\"og:site_name\" content=\"SELLERLOGIC - Smarte Tools f\u00fcr Amazon-Seller\" \/>\n<meta property=\"article:publisher\" content=\"https:\/\/www.facebook.com\/SellerLogic\/\" \/>\n<meta property=\"og:image\" content=\"https:\/\/www.sellerlogic.com\/wp-content\/uploads\/2024\/04\/Property-Logo-Main-1.svg\" \/>\n<meta name=\"twitter:card\" content=\"summary_large_image\" \/>\n<meta name=\"twitter:site\" content=\"@sellerlogic\" \/>\n<meta name=\"twitter:label1\" content=\"Est. reading time\" \/>\n\t<meta name=\"twitter:data1\" content=\"1 minute\" \/>\n<script type=\"application\/ld+json\" class=\"yoast-schema-graph\">{\"@context\":\"https:\/\/schema.org\",\"@graph\":[{\"@type\":\"WebPage\",\"@id\":\"https:\/\/www.sellerlogic.com\/tr\/short-wb-en-202002\/\",\"url\":\"https:\/\/www.sellerlogic.com\/tr\/short-wb-en-202002\/\",\"name\":\"SELLERLOGIC - \u00c7al\u0131\u015fma Kitab\u0131n\u0131 \u0130ndir Amazon'da nas\u0131l kazan\u0131l\u0131r Buy Box!\",\"isPartOf\":{\"@id\":\"https:\/\/www.sellerlogic.com\/tr\/#website\"},\"primaryImageOfPage\":{\"@id\":\"https:\/\/www.sellerlogic.com\/tr\/short-wb-en-202002\/#primaryimage\"},\"image\":{\"@id\":\"https:\/\/www.sellerlogic.com\/tr\/short-wb-en-202002\/#primaryimage\"},\"thumbnailUrl\":\"https:\/\/www.sellerlogic.com\/wp-content\/uploads\/2024\/04\/Property-Logo-Main-1.svg\",\"datePublished\":\"2021-01-07T11:00:45+00:00\",\"description\":\"Amazon algoritmas\u0131 hangi kriterleri kullan\u0131yor ve sat\u0131c\u0131lar\u0131n Amazon'da Buy Box kazanmak i\u00e7in hangi metrikleri kar\u015f\u0131lamas\u0131 gerekiyor? \u015eimdi indir!\",\"breadcrumb\":{\"@id\":\"https:\/\/www.sellerlogic.com\/tr\/short-wb-en-202002\/#breadcrumb\"},\"inLanguage\":\"tr-TR\",\"potentialAction\":[{\"@type\":\"ReadAction\",\"target\":[\"https:\/\/www.sellerlogic.com\/tr\/short-wb-en-202002\/\"]}]},{\"@type\":\"ImageObject\",\"inLanguage\":\"tr-TR\",\"@id\":\"https:\/\/www.sellerlogic.com\/tr\/short-wb-en-202002\/#primaryimage\",\"url\":\"https:\/\/www.sellerlogic.com\/wp-content\/uploads\/2024\/04\/Property-Logo-Main-1.svg\",\"contentUrl\":\"https:\/\/www.sellerlogic.com\/wp-content\/uploads\/2024\/04\/Property-Logo-Main-1.svg\"},{\"@type\":\"BreadcrumbList\",\"@id\":\"https:\/\/www.sellerlogic.com\/tr\/short-wb-en-202002\/#breadcrumb\",\"itemListElement\":[{\"@type\":\"ListItem\",\"position\":1,\"name\":\"Home\",\"item\":\"https:\/\/www.sellerlogic.com\/tr\/\"},{\"@type\":\"ListItem\",\"position\":2,\"name\":\"WB202002: Buy Box&#8217;\u00fcn Kazan\u0131lmas\u0131 i\u00e7in 13 Ad\u0131m (LP) EN\"}]},{\"@type\":\"WebSite\",\"@id\":\"https:\/\/www.sellerlogic.com\/tr\/#website\",\"url\":\"https:\/\/www.sellerlogic.com\/tr\/\",\"name\":\"SELLERLOGIC - Smarte Tools f\u00fcr Amazon-Seller\",\"description\":\"Intelligente Prozessoptimierung und Gewinnmaximierung\",\"publisher\":{\"@id\":\"https:\/\/www.sellerlogic.com\/tr\/#organization\"},\"potentialAction\":[{\"@type\":\"SearchAction\",\"target\":{\"@type\":\"EntryPoint\",\"urlTemplate\":\"https:\/\/www.sellerlogic.com\/tr\/?s={search_term_string}\"},\"query-input\":{\"@type\":\"PropertyValueSpecification\",\"valueRequired\":true,\"valueName\":\"search_term_string\"}}],\"inLanguage\":\"tr-TR\"},{\"@type\":\"Organization\",\"@id\":\"https:\/\/www.sellerlogic.com\/tr\/#organization\",\"name\":\"SELLERLOGIC\",\"url\":\"https:\/\/www.sellerlogic.com\/tr\/\",\"logo\":{\"@type\":\"ImageObject\",\"inLanguage\":\"tr-TR\",\"@id\":\"https:\/\/www.sellerlogic.com\/tr\/#\/schema\/logo\/image\/\",\"url\":\"https:\/\/d2bw95mh2ee04s.cloudfront.net\/prod\/content\/wp-content\/uploads\/2025\/01\/02134814\/Property-Logo-Main.svg\",\"contentUrl\":\"https:\/\/d2bw95mh2ee04s.cloudfront.net\/prod\/content\/wp-content\/uploads\/2025\/01\/02134814\/Property-Logo-Main.svg\",\"width\":184,\"height\":40,\"caption\":\"SELLERLOGIC\"},\"image\":{\"@id\":\"https:\/\/www.sellerlogic.com\/tr\/#\/schema\/logo\/image\/\"},\"sameAs\":[\"https:\/\/www.facebook.com\/SellerLogic\/\",\"https:\/\/x.com\/sellerlogic\",\"https:\/\/www.instagram.com\/sellerlogic\/\",\"https:\/\/www.linkedin.com\/company\/18402037\/\",\"https:\/\/www.youtube.com\/channel\/UC-gULUur-fNj08sprantKsQ\"]}]}<\/script>\n<!-- \/ Yoast SEO plugin. -->","yoast_head_json":{"title":"SELLERLOGIC - \u00c7al\u0131\u015fma Kitab\u0131n\u0131 \u0130ndir Amazon'da nas\u0131l kazan\u0131l\u0131r Buy Box!","description":"Amazon algoritmas\u0131 hangi kriterleri kullan\u0131yor ve sat\u0131c\u0131lar\u0131n Amazon'da Buy Box kazanmak i\u00e7in hangi metrikleri kar\u015f\u0131lamas\u0131 gerekiyor? \u015eimdi indir!","robots":{"index":"index","follow":"follow","max-snippet":"max-snippet:-1","max-image-preview":"max-image-preview:large","max-video-preview":"max-video-preview:-1"},"canonical":"https:\/\/www.sellerlogic.com\/tr\/short-wb-en-202002\/","og_locale":"tr_TR","og_type":"article","og_title":"SELLERLOGIC - \u00c7al\u0131\u015fma Kitab\u0131n\u0131 \u0130ndir Amazon'da nas\u0131l kazan\u0131l\u0131r Buy Box!","og_description":"Amazon algoritmas\u0131 hangi kriterleri kullan\u0131yor ve sat\u0131c\u0131lar\u0131n Amazon'da Buy Box kazanmak i\u00e7in hangi metrikleri kar\u015f\u0131lamas\u0131 gerekiyor? \u015eimdi indir!","og_url":"https:\/\/www.sellerlogic.com\/tr\/short-wb-en-202002\/","og_site_name":"SELLERLOGIC - Smarte Tools f\u00fcr Amazon-Seller","article_publisher":"https:\/\/www.facebook.com\/SellerLogic\/","og_image":[{"url":"https:\/\/www.sellerlogic.com\/wp-content\/uploads\/2024\/04\/Property-Logo-Main-1.svg","type":"","width":"","height":""}],"twitter_card":"summary_large_image","twitter_site":"@sellerlogic","twitter_misc":{"Est. reading time":"1 minute"},"schema":{"@context":"https:\/\/schema.org","@graph":[{"@type":"WebPage","@id":"https:\/\/www.sellerlogic.com\/tr\/short-wb-en-202002\/","url":"https:\/\/www.sellerlogic.com\/tr\/short-wb-en-202002\/","name":"SELLERLOGIC - \u00c7al\u0131\u015fma Kitab\u0131n\u0131 \u0130ndir Amazon'da nas\u0131l kazan\u0131l\u0131r Buy Box!","isPartOf":{"@id":"https:\/\/www.sellerlogic.com\/tr\/#website"},"primaryImageOfPage":{"@id":"https:\/\/www.sellerlogic.com\/tr\/short-wb-en-202002\/#primaryimage"},"image":{"@id":"https:\/\/www.sellerlogic.com\/tr\/short-wb-en-202002\/#primaryimage"},"thumbnailUrl":"https:\/\/www.sellerlogic.com\/wp-content\/uploads\/2024\/04\/Property-Logo-Main-1.svg","datePublished":"2021-01-07T11:00:45+00:00","description":"Amazon algoritmas\u0131 hangi kriterleri kullan\u0131yor ve sat\u0131c\u0131lar\u0131n Amazon'da Buy Box kazanmak i\u00e7in hangi metrikleri kar\u015f\u0131lamas\u0131 gerekiyor? \u015eimdi indir!","breadcrumb":{"@id":"https:\/\/www.sellerlogic.com\/tr\/short-wb-en-202002\/#breadcrumb"},"inLanguage":"tr-TR","potentialAction":[{"@type":"ReadAction","target":["https:\/\/www.sellerlogic.com\/tr\/short-wb-en-202002\/"]}]},{"@type":"ImageObject","inLanguage":"tr-TR","@id":"https:\/\/www.sellerlogic.com\/tr\/short-wb-en-202002\/#primaryimage","url":"https:\/\/www.sellerlogic.com\/wp-content\/uploads\/2024\/04\/Property-Logo-Main-1.svg","contentUrl":"https:\/\/www.sellerlogic.com\/wp-content\/uploads\/2024\/04\/Property-Logo-Main-1.svg"},{"@type":"BreadcrumbList","@id":"https:\/\/www.sellerlogic.com\/tr\/short-wb-en-202002\/#breadcrumb","itemListElement":[{"@type":"ListItem","position":1,"name":"Home","item":"https:\/\/www.sellerlogic.com\/tr\/"},{"@type":"ListItem","position":2,"name":"WB202002: Buy Box&#8217;\u00fcn Kazan\u0131lmas\u0131 i\u00e7in 13 Ad\u0131m (LP) EN"}]},{"@type":"WebSite","@id":"https:\/\/www.sellerlogic.com\/tr\/#website","url":"https:\/\/www.sellerlogic.com\/tr\/","name":"SELLERLOGIC - Smarte Tools f\u00fcr Amazon-Seller","description":"Intelligente Prozessoptimierung und Gewinnmaximierung","publisher":{"@id":"https:\/\/www.sellerlogic.com\/tr\/#organization"},"potentialAction":[{"@type":"SearchAction","target":{"@type":"EntryPoint","urlTemplate":"https:\/\/www.sellerlogic.com\/tr\/?s={search_term_string}"},"query-input":{"@type":"PropertyValueSpecification","valueRequired":true,"valueName":"search_term_string"}}],"inLanguage":"tr-TR"},{"@type":"Organization","@id":"https:\/\/www.sellerlogic.com\/tr\/#organization","name":"SELLERLOGIC","url":"https:\/\/www.sellerlogic.com\/tr\/","logo":{"@type":"ImageObject","inLanguage":"tr-TR","@id":"https:\/\/www.sellerlogic.com\/tr\/#\/schema\/logo\/image\/","url":"https:\/\/d2bw95mh2ee04s.cloudfront.net\/prod\/content\/wp-content\/uploads\/2025\/01\/02134814\/Property-Logo-Main.svg","contentUrl":"https:\/\/d2bw95mh2ee04s.cloudfront.net\/prod\/content\/wp-content\/uploads\/2025\/01\/02134814\/Property-Logo-Main.svg","width":184,"height":40,"caption":"SELLERLOGIC"},"image":{"@id":"https:\/\/www.sellerlogic.com\/tr\/#\/schema\/logo\/image\/"},"sameAs":["https:\/\/www.facebook.com\/SellerLogic\/","https:\/\/x.com\/sellerlogic","https:\/\/www.instagram.com\/sellerlogic\/","https:\/\/www.linkedin.com\/company\/18402037\/","https:\/\/www.youtube.com\/channel\/UC-gULUur-fNj08sprantKsQ"]}]}},"_links":{"self":[{"href":"https:\/\/www.sellerlogic.com\/tr\/wp-json\/wp\/v2\/pages\/105693","targetHints":{"allow":["GET"]}}],"collection":[{"href":"https:\/\/www.sellerlogic.com\/tr\/wp-json\/wp\/v2\/pages"}],"about":[{"href":"https:\/\/www.sellerlogic.com\/tr\/wp-json\/wp\/v2\/types\/page"}],"author":[{"embeddable":true,"href":"https:\/\/www.sellerlogic.com\/tr\/wp-json\/wp\/v2\/users\/8"}],"replies":[{"embeddable":true,"href":"https:\/\/www.sellerlogic.com\/tr\/wp-json\/wp\/v2\/comments?post=105693"}],"version-history":[{"count":0,"href":"https:\/\/www.sellerlogic.com\/tr\/wp-json\/wp\/v2\/pages\/105693\/revisions"}],"wp:attachment":[{"href":"https:\/\/www.sellerlogic.com\/tr\/wp-json\/wp\/v2\/media?parent=105693"}],"curies":[{"name":"wp","href":"https:\/\/api.w.org\/{rel}","templated":true}]}}