
{"id":105699,"date":"2020-12-10T10:06:43","date_gmt":"2020-12-10T10:06:43","guid":{"rendered":"https:\/\/127.0.0.1\/resources\/download-factsheet-lost-found\/"},"modified":"2020-12-10T10:06:43","modified_gmt":"2020-12-10T10:06:43","slug":"download-factsheet-lost-found","status":"publish","type":"page","link":"https:\/\/www.sellerlogic.com\/tr\/resources\/download-factsheet-lost-found\/","title":{"rendered":"Bilgi Sayfas\u0131n\u0131 \u0130ndir Lost &#038; Found"},"content":{"rendered":"\n\t<div  class=\"theme-wp-block theme-block-main-header is-style-default desktop-content-align-y-center desktop-content-align-x-center xl-content-align-y-center xl-content-align-x-center lg-content-align-y-center lg-content-align-x-center md-content-align-y-center md-content-align-x-center sm-content-align-y-center sm-content-align-x-center gb-responsive-383982-identifier desktop-align-full xl-align-full lg-align-full md-align-full sm-align-full theme-block-cover\">\n\t\t<div class=\"bg-cover theme-lazy-load-bg\"><\/div>\n\t\t<div class=\"wrap-content-main-header\">\n\t\t\t\t\t<div  class=\"theme-wp-block theme-block-text-and-text desktop-blockDirection-row xl-blockDirection-row lg-blockDirection-row md-blockDirection-row sm-blockDirection-row gb-responsive-232445-identifier desktop-align-wide xl-align-wide lg-align-wide md-align-wide sm-align-wide\">\n\t\t<div class=\"tat-column-wrap-wrapper\">\n\t\t\t<div class=\"tat-column-wrapper\">\n\t\t\t\t\t<div  class=\"theme-wp-block theme-block-text-and-text-column desktop-horizontal-center xl-horizontal-center lg-horizontal-center md-horizontal-center sm-horizontal-center gb-responsive-785708-identifier desktop-gb-has-no-icon xl-gb-has-no-icon lg-gb-has-no-icon md-gb-has-no-icon sm-gb-has-no-icon\">\n\t\t<div class=\"inner-wrap-column-content\">\n\t\t\t<div class=\"inner-column-content\">\n\t\t\t\t\t\t<h1  class=\"theme-wp-block theme-block-heading desktop-text-center xl-text-center lg-text-center md-text-center sm-text-center desktop-gb-has-no-icon xl-gb-has-no-icon lg-gb-has-no-icon md-gb-has-no-icon sm-gb-has-no-icon gb-responsive-959617-identifier h1\">\n\t\tSELLERLOGIC Lost &#038; Found\t<\/h1>\n\n\t\t<h2  class=\"theme-wp-block theme-block-heading desktop-text-center xl-text-center lg-text-center md-text-center sm-text-center desktop-gb-has-no-icon xl-gb-has-no-icon lg-gb-has-no-icon md-gb-has-no-icon sm-gb-has-no-icon gb-responsive-1488-identifier h2\">\n\t\tFBA hatalar\u0131ndan geri \u00f6demeleri bulun ve talep edin\t<\/h2>\n\n\t\t\t<\/div>\n\t\t<\/div>\n\t<\/div>\n\t<div  class=\"theme-wp-block theme-block-text-and-text-column gb-responsive-339643-identifier\">\n\t\t<div class=\"inner-wrap-column-content\">\n\t\t\t<div class=\"inner-column-content\">\n\t\t\t\t\t\t\t<\/div>\n\t\t<\/div>\n\t<\/div>\n\t\t\t<\/div>\n\t\t<\/div>\n\t<\/div>\n\n\t\t<\/div>\n\t<\/div>\n\n<div style=\"height:50px\" aria-hidden=\"true\" class=\"theme-wp-block wp-block-spacer\"><\/div>\t\t<div  class=\"theme-wp-block theme-block-text-and-text desktop-blockDirection-row xl-blockDirection-row lg-blockDirection-row md-blockDirection-row gb-responsive-91863-identifier sm-blockDirection-column\">\n\t\t<div class=\"tat-column-wrap-wrapper\">\n\t\t\t<div class=\"tat-column-wrapper\">\n\t\t\t\t\t<div  class=\"theme-wp-block theme-block-text-and-text-column gb-responsive-724792-identifier\">\n\t\t<div class=\"inner-wrap-column-content\">\n\t\t\t<div class=\"inner-column-content\">\n\t\t\t\t<h3 class=\"theme-wp-block desktop-gb-has-no-icon xl-gb-has-no-icon lg-gb-has-no-icon md-gb-has-no-icon sm-gb-has-no-icon gb-responsive-788987-identifier wp-block-heading\" id=\"block-c5e5408e-24af-4acd-9cc3-41b31520587f\">Amazon FBA &#8211; \u00fcr\u00fcnleriniz i\u00e7in Bermuda \u015eeytan \u00dc\u00e7geni<\/h3><p class=\"theme-wp-block desktop-gb-has-no-icon xl-gb-has-no-icon lg-gb-has-no-icon md-gb-has-no-icon sm-gb-has-no-icon gb-responsive-880758-identifier\" id=\"block-66b36300-2d3f-4a31-b2ce-fc46734a927c\">Amazon taraf\u0131ndan Yerine Getirme, ya da FBA, envanter y\u00f6netiminde temel yetkinliklerini g\u00f6rmeyen sat\u0131c\u0131lar i\u00e7in harika bir hizmettir. Bu hizmete bu kadar \u00e7ok sat\u0131c\u0131n\u0131n g\u00fcvenmesi de s\u00fcrpriz de\u011fil.<\/p><p class=\"theme-wp-block desktop-gb-has-no-icon xl-gb-has-no-icon lg-gb-has-no-icon md-gb-has-no-icon sm-gb-has-no-icon gb-responsive-73267-identifier\" id=\"block-399a36d4-86dd-4bef-94b6-982b577a6788\">E\u011fer birisiyle iyi ellerdeyseniz, bu Amazon ile olmal\u0131, baz\u0131lar\u0131 b\u00f6yle d\u00fc\u015f\u00fcnebilir. Ancak, aram\u0131zdaki en b\u00fcy\u00fck ve en iyi olanlar bile hata yapar. Amazon da bir istisna de\u011fildir.<\/p><h3 class=\"theme-wp-block desktop-gb-has-no-icon xl-gb-has-no-icon lg-gb-has-no-icon md-gb-has-no-icon sm-gb-has-no-icon gb-responsive-146360-identifier wp-block-heading\" id=\"block-4ef975f1-b7e7-4aaa-a7bd-6a20cdb1195f\">Hi\u00e7 kimse &#8220;paketleme&#8221; i\u015fini m\u00fckemmel yapmaz<\/h3><p class=\"theme-wp-block desktop-gb-has-no-icon xl-gb-has-no-icon lg-gb-has-no-icon md-gb-has-no-icon sm-gb-has-no-icon gb-responsive-905118-identifier\" id=\"block-07ccf850-79d1-458c-ad50-92d37c14a0a7\">Amazon&#8217;un depolar\u0131ndaki \u00e7al\u0131\u015fanlar y\u00fcksek verimlilik bask\u0131s\u0131 alt\u0131ndad\u0131r. Ayr\u0131ca, s\u00fcre\u00e7ler giderek daha karma\u015f\u0131k hale geliyor. Bu nedenle, i\u015flemler s\u0131ras\u0131nda hatalar\u0131n meydana gelmesi s\u00fcrpriz de\u011fil:<\/p><div class=\"theme-block-list\"><ul id=\"block-d7dbf32a-82c8-49fd-b9e5-8413a88662c2\" class=\"theme-wp-block desktop-gb-has-no-icon xl-gb-has-no-icon lg-gb-has-no-icon md-gb-has-no-icon sm-gb-has-no-icon gb-responsive-494230-identifier wp-block-list\"><li>\u00dcr\u00fcnler hasar g\u00f6r\u00fcr, kaybolur veya imha edilir<\/li><li>\u0130adeler bildirilir ve kaydedilir, ancak asla ula\u015fmaz<\/li><li>Yanl\u0131\u015f \u00f6l\u00e7\u00fcmler nedeniyle, yanl\u0131\u015f FBA \u00fccretleri tahsil edilir<\/li><\/ul><\/div><h3 class=\"theme-wp-block desktop-gb-has-no-icon xl-gb-has-no-icon lg-gb-has-no-icon md-gb-has-no-icon sm-gb-has-no-icon gb-responsive-65367-identifier wp-block-heading\" id=\"block-63c528e1-5393-4bb4-b313-a55e68236f30\">Hatalar olabilir, ancak g\u00f6zden ka\u00e7mamal\u0131d\u0131r!<\/h3><p class=\"theme-wp-block desktop-gb-has-no-icon xl-gb-has-no-icon lg-gb-has-no-icon md-gb-has-no-icon sm-gb-has-no-icon gb-responsive-885548-identifier\" id=\"block-b54d3c39-5f1a-4ca8-9594-324d8f0439fc\">\u00c7\u00fcnk\u00fc her ke\u015ffedilmemi\u015f hata, kaybedilen ger\u00e7ek paray\u0131 ifade eder.<\/p><p class=\"theme-wp-block desktop-gb-has-no-icon xl-gb-has-no-icon lg-gb-has-no-icon md-gb-has-no-icon sm-gb-has-no-icon gb-responsive-420889-identifier\" id=\"block-5ccaa6f0-b074-4cc5-a800-cc276fedeb3c\">Neden SELLERLOGIC Lost &#038; Found kullanmay\u0131 tercih etmeniz gerekti\u011fini, 10 raporu manuel olarak birle\u015ftirip de\u011ferlendirmek yerine, bilgi sayfam\u0131zda bulabilirsiniz.<\/p><div class=\"theme-wp-block wp-block-buttons desktop-gb-has-no-icon xl-gb-has-no-icon lg-gb-has-no-icon md-gb-has-no-icon sm-gb-has-no-icon gb-responsive-223395-identifier is-layout-flex wp-block-buttons-is-layout-flex\"><div class=\"theme-wp-block wp-block-button desktop-gb-has-no-icon xl-gb-has-no-icon lg-gb-has-no-icon md-gb-has-no-icon sm-gb-has-no-icon gb-responsive-847016-identifier is-style-theme-blue\"><a class=\"wp-block-button__link\" href=\"https:\/\/d2bw95mh2ee04s.cloudfront.net\/prod\/content\/files\/FACTSHEETS\/TR\/FactSheet_Lost-and-Found.pdf\" target=\"_blank\" rel=\"noreferrer noopener nofollow\"><strong>Bilgi sayfas\u0131n\u0131 \u015fimdi indir<\/strong>!<\/a><\/div><\/div>\t\t\t<\/div>\n\t\t<\/div>\n\t<\/div>\n\t<div  class=\"theme-wp-block theme-block-text-and-text-column gb-responsive-626207-identifier\">\n\t\t<div class=\"inner-wrap-column-content\">\n\t\t\t<div class=\"inner-column-content\">\n\t\t\t\t<figure class=\"theme-wp-block wp-block-image size-large gb-responsive-773053-identifier is-style-default desktop-gb-has-no-icon xl-gb-has-no-icon lg-gb-has-no-icon md-gb-has-no-icon sm-gb-has-no-icon\"><img decoding=\"async\" width=\"476\" height=\"674\" src=\"https:\/\/d2bw95mh2ee04s.cloudfront.net\/prod\/content\/wp-content\/uploads\/2020\/12\/23140628\/factSheet_lost_found.gif\" alt=\"Bilgi Sayfas\u0131n\u0131 \u0130ndir Lost &#038; Found\" class=\"wp-image-4569\"><\/figure>\t\t\t<\/div>\n\t\t<\/div>\n\t<\/div>\n\t\t\t<\/div>\n\t\t<\/div>\n\t<\/div>\n\n<div style=\"height:50px\" aria-hidden=\"true\" class=\"theme-wp-block wp-block-spacer\"><\/div>","protected":false},"excerpt":{"rendered":"","protected":false},"author":8,"featured_media":6408,"parent":105735,"menu_order":0,"comment_status":"closed","ping_status":"closed","template":"","meta":{"sidebar_recommended_resources":{"data":[]},"sidebar_header_settings":{"hide_buttons":{"register":false}},"_use_new_theme":false,"inline_featured_image":false,"footnotes":""},"class_list":["post-105699","page","type-page","status-publish","has-post-thumbnail","hentry"],"yoast_head":"<!-- This site is optimized with the Yoast SEO plugin v26.8 - https:\/\/yoast.com\/product\/yoast-seo-wordpress\/ -->\n<title>SELLERLOGIC - Bilgi Sayfas\u0131n\u0131 \u0130ndir: SELLERLOGIC Lost &amp; Found<\/title>\n<meta name=\"description\" content=\"SELLERLOGIC Lost &amp; Found ile FBA i\u015flemlerindeki hatalar\u0131 bulun ve geri \u00f6demeleri talep edin. \u015eimdi indirin!\" \/>\n<meta name=\"robots\" content=\"index, follow, max-snippet:-1, max-image-preview:large, max-video-preview:-1\" \/>\n<link rel=\"canonical\" href=\"https:\/\/www.sellerlogic.com\/tr\/resources\/download-factsheet-lost-found\/\" \/>\n<meta property=\"og:locale\" content=\"tr_TR\" \/>\n<meta property=\"og:type\" content=\"article\" \/>\n<meta property=\"og:title\" content=\"SELLERLOGIC - Bilgi Sayfas\u0131n\u0131 \u0130ndir: SELLERLOGIC Lost &amp; Found\" \/>\n<meta property=\"og:description\" content=\"SELLERLOGIC Lost &amp; Found ile FBA i\u015flemlerindeki hatalar\u0131 bulun ve geri \u00f6demeleri talep edin. \u015eimdi indirin!\" \/>\n<meta property=\"og:url\" content=\"https:\/\/www.sellerlogic.com\/tr\/resources\/download-factsheet-lost-found\/\" \/>\n<meta property=\"og:site_name\" content=\"SELLERLOGIC - Smarte Tools f\u00fcr Amazon-Seller\" \/>\n<meta property=\"article:publisher\" content=\"https:\/\/www.facebook.com\/SellerLogic\/\" \/>\n<meta property=\"og:image\" content=\"https:\/\/d2bw95mh2ee04s.cloudfront.net\/prod\/content\/wp-content\/uploads\/2021\/01\/23142704\/lost-found-amazon-professionell.jpg\" \/>\n\t<meta property=\"og:image:width\" content=\"1300\" \/>\n\t<meta property=\"og:image:height\" content=\"846\" \/>\n\t<meta property=\"og:image:type\" content=\"image\/jpeg\" \/>\n<meta name=\"twitter:card\" content=\"summary_large_image\" \/>\n<meta name=\"twitter:site\" content=\"@sellerlogic\" \/>\n<meta name=\"twitter:label1\" content=\"Est. reading time\" \/>\n\t<meta name=\"twitter:data1\" content=\"1 minute\" \/>\n<script type=\"application\/ld+json\" class=\"yoast-schema-graph\">{\"@context\":\"https:\/\/schema.org\",\"@graph\":[{\"@type\":\"WebPage\",\"@id\":\"https:\/\/www.sellerlogic.com\/tr\/resources\/download-factsheet-lost-found\/\",\"url\":\"https:\/\/www.sellerlogic.com\/tr\/resources\/download-factsheet-lost-found\/\",\"name\":\"SELLERLOGIC - Bilgi Sayfas\u0131n\u0131 \u0130ndir: SELLERLOGIC Lost & Found\",\"isPartOf\":{\"@id\":\"https:\/\/www.sellerlogic.com\/tr\/#website\"},\"primaryImageOfPage\":{\"@id\":\"https:\/\/www.sellerlogic.com\/tr\/resources\/download-factsheet-lost-found\/#primaryimage\"},\"image\":{\"@id\":\"https:\/\/www.sellerlogic.com\/tr\/resources\/download-factsheet-lost-found\/#primaryimage\"},\"thumbnailUrl\":\"https:\/\/d2bw95mh2ee04s.cloudfront.net\/prod\/content\/wp-content\/uploads\/2021\/01\/23142704\/lost-found-amazon-professionell.jpg\",\"datePublished\":\"2020-12-10T10:06:43+00:00\",\"description\":\"SELLERLOGIC Lost & Found ile FBA i\u015flemlerindeki hatalar\u0131 bulun ve geri \u00f6demeleri talep edin. \u015eimdi indirin!\",\"breadcrumb\":{\"@id\":\"https:\/\/www.sellerlogic.com\/tr\/resources\/download-factsheet-lost-found\/#breadcrumb\"},\"inLanguage\":\"tr-TR\",\"potentialAction\":[{\"@type\":\"ReadAction\",\"target\":[\"https:\/\/www.sellerlogic.com\/tr\/resources\/download-factsheet-lost-found\/\"]}]},{\"@type\":\"ImageObject\",\"inLanguage\":\"tr-TR\",\"@id\":\"https:\/\/www.sellerlogic.com\/tr\/resources\/download-factsheet-lost-found\/#primaryimage\",\"url\":\"https:\/\/d2bw95mh2ee04s.cloudfront.net\/prod\/content\/wp-content\/uploads\/2021\/01\/23142704\/lost-found-amazon-professionell.jpg\",\"contentUrl\":\"https:\/\/d2bw95mh2ee04s.cloudfront.net\/prod\/content\/wp-content\/uploads\/2021\/01\/23142704\/lost-found-amazon-professionell.jpg\",\"width\":1300,\"height\":846},{\"@type\":\"BreadcrumbList\",\"@id\":\"https:\/\/www.sellerlogic.com\/tr\/resources\/download-factsheet-lost-found\/#breadcrumb\",\"itemListElement\":[{\"@type\":\"ListItem\",\"position\":1,\"name\":\"Home\",\"item\":\"https:\/\/www.sellerlogic.com\/tr\/\"},{\"@type\":\"ListItem\",\"position\":2,\"name\":\"Ressourcen EN\",\"item\":\"https:\/\/127.0.0.1\/de\/ressourcen\/\"},{\"@type\":\"ListItem\",\"position\":3,\"name\":\"Bilgi Sayfas\u0131n\u0131 \u0130ndir Lost &#038; Found\"}]},{\"@type\":\"WebSite\",\"@id\":\"https:\/\/www.sellerlogic.com\/tr\/#website\",\"url\":\"https:\/\/www.sellerlogic.com\/tr\/\",\"name\":\"SELLERLOGIC - Smarte Tools f\u00fcr Amazon-Seller\",\"description\":\"Intelligente Prozessoptimierung und Gewinnmaximierung\",\"publisher\":{\"@id\":\"https:\/\/www.sellerlogic.com\/tr\/#organization\"},\"potentialAction\":[{\"@type\":\"SearchAction\",\"target\":{\"@type\":\"EntryPoint\",\"urlTemplate\":\"https:\/\/www.sellerlogic.com\/tr\/?s={search_term_string}\"},\"query-input\":{\"@type\":\"PropertyValueSpecification\",\"valueRequired\":true,\"valueName\":\"search_term_string\"}}],\"inLanguage\":\"tr-TR\"},{\"@type\":\"Organization\",\"@id\":\"https:\/\/www.sellerlogic.com\/tr\/#organization\",\"name\":\"SELLERLOGIC\",\"url\":\"https:\/\/www.sellerlogic.com\/tr\/\",\"logo\":{\"@type\":\"ImageObject\",\"inLanguage\":\"tr-TR\",\"@id\":\"https:\/\/www.sellerlogic.com\/tr\/#\/schema\/logo\/image\/\",\"url\":\"https:\/\/d2bw95mh2ee04s.cloudfront.net\/prod\/content\/wp-content\/uploads\/2025\/01\/02134814\/Property-Logo-Main.svg\",\"contentUrl\":\"https:\/\/d2bw95mh2ee04s.cloudfront.net\/prod\/content\/wp-content\/uploads\/2025\/01\/02134814\/Property-Logo-Main.svg\",\"width\":184,\"height\":40,\"caption\":\"SELLERLOGIC\"},\"image\":{\"@id\":\"https:\/\/www.sellerlogic.com\/tr\/#\/schema\/logo\/image\/\"},\"sameAs\":[\"https:\/\/www.facebook.com\/SellerLogic\/\",\"https:\/\/x.com\/sellerlogic\",\"https:\/\/www.instagram.com\/sellerlogic\/\",\"https:\/\/www.linkedin.com\/company\/18402037\/\",\"https:\/\/www.youtube.com\/channel\/UC-gULUur-fNj08sprantKsQ\"]}]}<\/script>\n<!-- \/ Yoast SEO plugin. -->","yoast_head_json":{"title":"SELLERLOGIC - Bilgi Sayfas\u0131n\u0131 \u0130ndir: SELLERLOGIC Lost & Found","description":"SELLERLOGIC Lost & Found ile FBA i\u015flemlerindeki hatalar\u0131 bulun ve geri \u00f6demeleri talep edin. \u015eimdi indirin!","robots":{"index":"index","follow":"follow","max-snippet":"max-snippet:-1","max-image-preview":"max-image-preview:large","max-video-preview":"max-video-preview:-1"},"canonical":"https:\/\/www.sellerlogic.com\/tr\/resources\/download-factsheet-lost-found\/","og_locale":"tr_TR","og_type":"article","og_title":"SELLERLOGIC - Bilgi Sayfas\u0131n\u0131 \u0130ndir: SELLERLOGIC Lost & Found","og_description":"SELLERLOGIC Lost & Found ile FBA i\u015flemlerindeki hatalar\u0131 bulun ve geri \u00f6demeleri talep edin. \u015eimdi indirin!","og_url":"https:\/\/www.sellerlogic.com\/tr\/resources\/download-factsheet-lost-found\/","og_site_name":"SELLERLOGIC - Smarte Tools f\u00fcr Amazon-Seller","article_publisher":"https:\/\/www.facebook.com\/SellerLogic\/","og_image":[{"width":1300,"height":846,"url":"https:\/\/d2bw95mh2ee04s.cloudfront.net\/prod\/content\/wp-content\/uploads\/2021\/01\/23142704\/lost-found-amazon-professionell.jpg","type":"image\/jpeg"}],"twitter_card":"summary_large_image","twitter_site":"@sellerlogic","twitter_misc":{"Est. reading time":"1 minute"},"schema":{"@context":"https:\/\/schema.org","@graph":[{"@type":"WebPage","@id":"https:\/\/www.sellerlogic.com\/tr\/resources\/download-factsheet-lost-found\/","url":"https:\/\/www.sellerlogic.com\/tr\/resources\/download-factsheet-lost-found\/","name":"SELLERLOGIC - Bilgi Sayfas\u0131n\u0131 \u0130ndir: SELLERLOGIC Lost & Found","isPartOf":{"@id":"https:\/\/www.sellerlogic.com\/tr\/#website"},"primaryImageOfPage":{"@id":"https:\/\/www.sellerlogic.com\/tr\/resources\/download-factsheet-lost-found\/#primaryimage"},"image":{"@id":"https:\/\/www.sellerlogic.com\/tr\/resources\/download-factsheet-lost-found\/#primaryimage"},"thumbnailUrl":"https:\/\/d2bw95mh2ee04s.cloudfront.net\/prod\/content\/wp-content\/uploads\/2021\/01\/23142704\/lost-found-amazon-professionell.jpg","datePublished":"2020-12-10T10:06:43+00:00","description":"SELLERLOGIC Lost & Found ile FBA i\u015flemlerindeki hatalar\u0131 bulun ve geri \u00f6demeleri talep edin. \u015eimdi indirin!","breadcrumb":{"@id":"https:\/\/www.sellerlogic.com\/tr\/resources\/download-factsheet-lost-found\/#breadcrumb"},"inLanguage":"tr-TR","potentialAction":[{"@type":"ReadAction","target":["https:\/\/www.sellerlogic.com\/tr\/resources\/download-factsheet-lost-found\/"]}]},{"@type":"ImageObject","inLanguage":"tr-TR","@id":"https:\/\/www.sellerlogic.com\/tr\/resources\/download-factsheet-lost-found\/#primaryimage","url":"https:\/\/d2bw95mh2ee04s.cloudfront.net\/prod\/content\/wp-content\/uploads\/2021\/01\/23142704\/lost-found-amazon-professionell.jpg","contentUrl":"https:\/\/d2bw95mh2ee04s.cloudfront.net\/prod\/content\/wp-content\/uploads\/2021\/01\/23142704\/lost-found-amazon-professionell.jpg","width":1300,"height":846},{"@type":"BreadcrumbList","@id":"https:\/\/www.sellerlogic.com\/tr\/resources\/download-factsheet-lost-found\/#breadcrumb","itemListElement":[{"@type":"ListItem","position":1,"name":"Home","item":"https:\/\/www.sellerlogic.com\/tr\/"},{"@type":"ListItem","position":2,"name":"Ressourcen EN","item":"https:\/\/127.0.0.1\/de\/ressourcen\/"},{"@type":"ListItem","position":3,"name":"Bilgi Sayfas\u0131n\u0131 \u0130ndir Lost &#038; Found"}]},{"@type":"WebSite","@id":"https:\/\/www.sellerlogic.com\/tr\/#website","url":"https:\/\/www.sellerlogic.com\/tr\/","name":"SELLERLOGIC - Smarte Tools f\u00fcr Amazon-Seller","description":"Intelligente Prozessoptimierung und Gewinnmaximierung","publisher":{"@id":"https:\/\/www.sellerlogic.com\/tr\/#organization"},"potentialAction":[{"@type":"SearchAction","target":{"@type":"EntryPoint","urlTemplate":"https:\/\/www.sellerlogic.com\/tr\/?s={search_term_string}"},"query-input":{"@type":"PropertyValueSpecification","valueRequired":true,"valueName":"search_term_string"}}],"inLanguage":"tr-TR"},{"@type":"Organization","@id":"https:\/\/www.sellerlogic.com\/tr\/#organization","name":"SELLERLOGIC","url":"https:\/\/www.sellerlogic.com\/tr\/","logo":{"@type":"ImageObject","inLanguage":"tr-TR","@id":"https:\/\/www.sellerlogic.com\/tr\/#\/schema\/logo\/image\/","url":"https:\/\/d2bw95mh2ee04s.cloudfront.net\/prod\/content\/wp-content\/uploads\/2025\/01\/02134814\/Property-Logo-Main.svg","contentUrl":"https:\/\/d2bw95mh2ee04s.cloudfront.net\/prod\/content\/wp-content\/uploads\/2025\/01\/02134814\/Property-Logo-Main.svg","width":184,"height":40,"caption":"SELLERLOGIC"},"image":{"@id":"https:\/\/www.sellerlogic.com\/tr\/#\/schema\/logo\/image\/"},"sameAs":["https:\/\/www.facebook.com\/SellerLogic\/","https:\/\/x.com\/sellerlogic","https:\/\/www.instagram.com\/sellerlogic\/","https:\/\/www.linkedin.com\/company\/18402037\/","https:\/\/www.youtube.com\/channel\/UC-gULUur-fNj08sprantKsQ"]}]}},"_links":{"self":[{"href":"https:\/\/www.sellerlogic.com\/tr\/wp-json\/wp\/v2\/pages\/105699","targetHints":{"allow":["GET"]}}],"collection":[{"href":"https:\/\/www.sellerlogic.com\/tr\/wp-json\/wp\/v2\/pages"}],"about":[{"href":"https:\/\/www.sellerlogic.com\/tr\/wp-json\/wp\/v2\/types\/page"}],"author":[{"embeddable":true,"href":"https:\/\/www.sellerlogic.com\/tr\/wp-json\/wp\/v2\/users\/8"}],"replies":[{"embeddable":true,"href":"https:\/\/www.sellerlogic.com\/tr\/wp-json\/wp\/v2\/comments?post=105699"}],"version-history":[{"count":0,"href":"https:\/\/www.sellerlogic.com\/tr\/wp-json\/wp\/v2\/pages\/105699\/revisions"}],"up":[{"embeddable":true,"href":"https:\/\/www.sellerlogic.com\/tr\/wp-json\/wp\/v2\/pages\/105735"}],"wp:featuredmedia":[{"embeddable":true,"href":"https:\/\/www.sellerlogic.com\/tr\/wp-json\/wp\/v2\/media\/6408"}],"wp:attachment":[{"href":"https:\/\/www.sellerlogic.com\/tr\/wp-json\/wp\/v2\/media?parent=105699"}],"curies":[{"name":"wp","href":"https:\/\/api.w.org\/{rel}","templated":true}]}}