
{"id":105702,"date":"2020-12-11T10:04:17","date_gmt":"2020-12-11T10:04:17","guid":{"rendered":"https:\/\/127.0.0.1\/resources\/workbook-shopping-cart-field\/"},"modified":"2020-12-11T10:04:17","modified_gmt":"2020-12-11T10:04:17","slug":"workbook-shopping-cart-field","status":"publish","type":"page","link":"https:\/\/www.sellerlogic.com\/tr\/resources\/workbook-shopping-cart-field\/","title":{"rendered":"Workbook Al\u0131\u015fveri\u015f Sepeti Alan\u0131"},"content":{"rendered":"\n\t<div  class=\"theme-wp-block theme-block-main-header is-style-default desktop-content-align-y-center desktop-content-align-x-center xl-content-align-y-center xl-content-align-x-center lg-content-align-y-center lg-content-align-x-center md-content-align-y-center md-content-align-x-center sm-content-align-y-center sm-content-align-x-center gb-responsive-50877-identifier desktop-align-full xl-align-full lg-align-full md-align-full sm-align-full theme-block-cover\">\n\t\t<div class=\"bg-cover theme-lazy-load-bg\"><\/div>\n\t\t<div class=\"wrap-content-main-header\">\n\t\t\t\t\t<div  class=\"theme-wp-block theme-block-text-and-text desktop-vertical-top xl-vertical-top lg-vertical-top md-vertical-top sm-vertical-top desktop-align-wide xl-align-wide lg-align-wide md-align-wide sm-align-wide desktop-blockDirection-row xl-blockDirection-row lg-blockDirection-row md-blockDirection-row sm-blockDirection-row gb-responsive-882765-identifier\">\n\t\t<div class=\"tat-column-wrap-wrapper\">\n\t\t\t<div class=\"tat-column-wrapper\">\n\t\t\t\t\t<div  class=\"theme-wp-block theme-block-text-and-text-column desktop-horizontal-center xl-horizontal-center lg-horizontal-center md-horizontal-center sm-horizontal-center gb-responsive-201010-identifier\">\n\t\t<div class=\"inner-wrap-column-content\">\n\t\t\t<div class=\"inner-column-content\">\n\t\t\t\t\t\t<h1  class=\"theme-wp-block theme-block-heading is-style-default desktop-text-center xl-text-center lg-text-center md-text-center sm-text-center gb-responsive-460412-identifier h1\">\n\t\tAl\u0131\u015fveri\u015f Sepeti Alan\u0131\t<\/h1>\n\n\t\t<h2  class=\"theme-wp-block theme-block-heading is-style-default desktop-text-center xl-text-center lg-text-center md-text-center sm-text-center gb-responsive-560947-identifier h2\">\n\t\tBuy Box&#8217;\u00fc kendinize nas\u0131l kazan\u0131rs\u0131n\u0131z!\t<\/h2>\n\n\t\t\t<\/div>\n\t\t<\/div>\n\t<\/div>\n\t<div  class=\"theme-wp-block theme-block-text-and-text-column gb-responsive-34770-identifier\">\n\t\t<div class=\"inner-wrap-column-content\">\n\t\t\t<div class=\"inner-column-content\">\n\t\t\t\t\t\t\t<\/div>\n\t\t<\/div>\n\t<\/div>\n\t\t\t<\/div>\n\t\t<\/div>\n\t<\/div>\n\n\t\t<\/div>\n\t<\/div>\n\n<div style=\"height:50px\" aria-hidden=\"true\" class=\"theme-wp-block wp-block-spacer\"><\/div><div class=\"theme-wp-block wp-block-columns gb-responsive-252501-identifier is-layout-flex wp-container-core-columns-is-layout-9d6595d7 wp-block-columns-is-layout-flex\"><div class=\"theme-wp-block wp-block-column gb-responsive-521804-identifier desktop-gb-has-no-icon xl-gb-has-no-icon lg-gb-has-no-icon md-gb-has-no-icon sm-gb-has-no-icon is-layout-flow wp-block-column-is-layout-flow\"><h3 class=\"theme-wp-block gb-responsive-613947-identifier wp-block-heading\">No Buy Box &#8211; no revenue<\/h3><div class=\"theme-wp-block wp-block-image gb-responsive-948511-identifier\"><figure class=\"alignright size-large is-resized\"><img decoding=\"async\" src=\"https:\/\/d2bw95mh2ee04s.cloudfront.net\/prod\/content\/wp-content\/uploads\/2020\/12\/23142720\/workbook-einkaufswagenfeld-cover.png\" alt=\"Workbook Einkaufswagenfeld\" class=\"wp-image-4954\" width=\"399\" height=\"435\" srcset=\"https:\/\/d2bw95mh2ee04s.cloudfront.net\/prod\/content\/wp-content\/uploads\/2020\/12\/23142720\/workbook-einkaufswagenfeld-cover-407x443.png 407w, https:\/\/d2bw95mh2ee04s.cloudfront.net\/prod\/content\/wp-content\/uploads\/2020\/12\/23142720\/workbook-einkaufswagenfeld-cover.png 738w\" sizes=\"(max-width: 399px) 100vw, 399px\" \/><\/figure><\/div><p class=\"theme-wp-block gb-responsive-342029-identifier\">90% t\u00fcm sat\u0131\u015flar\u0131n Amazon&#8217;da Buy Box ger\u00e7ekle\u015fmektedir. Bu, 100 sat\u0131\u015f\u0131n 90&#8217;\u0131nda, al\u0131\u015fveri\u015f sepeti alan\u0131nda bulunan sat\u0131c\u0131n\u0131n sat\u0131\u015f yapt\u0131\u011f\u0131 anlam\u0131na gelir. Di\u011ferlerinin \u00e7o\u011fu hi\u00e7bir \u015feyle sonu\u00e7lan\u0131r.<\/p><p class=\"theme-wp-block gb-responsive-957449-identifier\">Bu y\u00fczden, ayn\u0131 \u00fcr\u00fcnler i\u00e7in rakiplerle rekabet etmek zorunda olan bir sat\u0131c\u0131 olarak, Buy Box&#8217;\u00fc nas\u0131l kazanabilece\u011finizi anlamak sizin i\u00e7in varolu\u015fsal olarak \u00f6nemlidir.<\/p><p class=\"theme-wp-block gb-responsive-622057-identifier\"><strong>Bu tam olarak &#8220;Al\u0131\u015fveri\u015f Sepeti Alan\u0131 &#8211; Buy Box&#8217;\u00fc Kendinize Nas\u0131l Kazan\u0131rs\u0131n\u0131z!&#8221; \u00e7al\u0131\u015fma kitab\u0131m\u0131z\u0131n size yard\u0131mc\u0131 oldu\u011fu yerdir.<\/strong><\/p><div class=\"theme-wp-block wp-block-columns desktop-gb-has-no-icon xl-gb-has-no-icon lg-gb-has-no-icon md-gb-has-no-icon sm-gb-has-no-icon gb-responsive-450543-identifier is-layout-flex wp-container-core-columns-is-layout-9d6595d7 wp-block-columns-is-layout-flex\"><div class=\"theme-wp-block wp-block-column desktop-gb-has-no-icon xl-gb-has-no-icon lg-gb-has-no-icon md-gb-has-no-icon sm-gb-has-no-icon gb-responsive-84714-identifier is-layout-flow wp-block-column-is-layout-flow\" style=\"flex-basis:100%\"><p class=\"theme-wp-block desktop-gb-has-no-icon xl-gb-has-no-icon lg-gb-has-no-icon md-gb-has-no-icon sm-gb-has-no-icon gb-responsive-41815-identifier\"><em>\u00c7al\u0131\u015fma kitab\u0131n\u0131z\u0131 indirmek i\u00e7in, \u00f6nceden t\u00fcm \u00e7erezlere izin vermeniz gerekmektedir. Ayarlar\u0131n\u0131z\u0131 d\u00fczenlemek i\u00e7in l\u00fctfen a\u015fa\u011f\u0131daki d\u00fc\u011fmeye t\u0131klay\u0131n.<\/em><\/p><p class=\"theme-wp-block\"><span class=\"borlabs-cookie-open-dialog-preferences brlbs-cmpnt-container\" data-borlabs-cookie-title=\"\u00c7erez ayarlar\u0131n\u0131 a\u00e7\" data-borlabs-cookie-type=\"button\" ><\/span><\/p>\n<div class=\"theme-wp-block wp-block-columns gb-responsive-295103-identifier is-layout-flex wp-container-core-columns-is-layout-9d6595d7 wp-block-columns-is-layout-flex\"><div class=\"theme-wp-block wp-block-column gb-responsive-736519-identifier is-layout-flow wp-block-column-is-layout-flow\"><div id=\"wb-form\" class=\"theme-wp-block wb-form\"><p>\n\t\t\u00c7al\u0131\u015fma kitab\u0131n\u0131 talep etmek i\u00e7in ad\u0131n\u0131z\u0131 ve e-posta adresinizi girin. Daha sonra size g\u00f6nderilecektir.<br>\u00a0\n\t<\/p><form id=\"leadform\" action=\"#\" method=\"post\"><input type=\"text\" name=\"name\" id=\"name\" placeholder=\"Ad\u0131n\u0131z\" required=\"required\" style=\"padding: 10px; font-size: 18px; width: 100%; margin-bottom: 15px; color: rgb(88, 88, 88);\"><\/input><input type=\"email\" name=\"email\" id=\"email\" placeholder=\"E-posta adresiniz\" required=\"required\" data-com-onepassword-filled=\"light\" style=\"padding: 10px; font-size: 18px; width: 100%; margin-bottom: 15px; color: rgb(88, 88, 88);\"><\/input><input type=\"submit\" value=\"\u00dccretsiz \u00e7al\u0131\u015fma kitab\u0131n\u0131 \u015fimdi talep et\" id=\"submit\" style=\"padding: 10px; font-size: 18px; width: 100%; margin-bottom: 15px; color: rgb(255, 255, 255); background-color: rgb(255, 170, 1); cursor: pointer;\"><\/input><p style=\"margin-bottom: 10px; font-size: 12px;\">Verilerin i\u015flenmesi, <a href=\"https:\/\/www.sellerlogic.com\/en\/privacy-policy\/\" target=\"_blank\" draggable=\"false\" rel=\"noopener noreferrer\">gizlilik politikam\u0131z<\/a> ile uyumlu olarak ger\u00e7ekle\u015ftirilmektedir.<\/p><\/form><\/div><\/div><\/div><\/div><\/div><div class=\"theme-wp-block wp-block-columns gb-responsive-347256-identifier is-layout-flex wp-container-core-columns-is-layout-9d6595d7 wp-block-columns-is-layout-flex\"><div class=\"theme-wp-block wp-block-column gb-responsive-850623-identifier is-layout-flow wp-block-column-is-layout-flow\" style=\"flex-basis:100%\"><\/div><\/div><\/div><div class=\"theme-wp-block wp-block-column gb-responsive-343842-identifier desktop-gb-has-no-icon xl-gb-has-no-icon lg-gb-has-no-icon md-gb-has-no-icon sm-gb-has-no-icon is-layout-flow wp-block-column-is-layout-flow\" style=\"flex-basis:25%\"><\/div><\/div>\t\t<p  class=\"theme-wp-block theme-block-heading gb-responsive-150569-identifier is-style-default desktop-text-center xl-text-center lg-text-center md-text-center sm-text-center h3\">\n\t\tDaha ilgin\u00e7 i\u00e7erik\t<\/p>\n\n<div style=\"height:20px\" aria-hidden=\"true\" class=\"theme-wp-block wp-block-spacer\"><\/div>\t\t<div  class=\"theme-wp-block theme-block-card-posts gb-responsive-763167-identifier layout-horizontal-cards-content\">\n\t\t<div class=\"wrap-inner-blocks\">\n\t\t\t<div class=\"post-card \">\n\t<div class=\"inside-wrap-card\">\n\t\t<div class=\"cover-wrap\">\n\t\t\t\t\t\t\t<a class=\"background-thumbnail has-image\" href=\"https:\/\/www.sellerlogic.com\/tr\/resources\/wb-en-202002\/\">\n\t\t\t\t\t<img decoding=\"async\" width=\"405\" height=\"240\" src=\"https:\/\/d2bw95mh2ee04s.cloudfront.net\/prod\/content\/wp-content\/uploads\/2020\/12\/23142715\/workbook_metriken_optimieren-thumbnail.jpeg\" class=\"attachment-thumbnail size-thumbnail wp-post-image\" alt=\"In 13 Schritten in die Buy Box:  So optimieren Sie Ihre Metriken!\" \/>\t\t\t\t<\/a>\n\t\t\t\t\t<\/div>\n\n\t\t<div class=\"wrap-content\">\n\t\t\t<div class=\"title\">\n\t\t\t\t<a href=\"https:\/\/www.sellerlogic.com\/tr\/resources\/wb-en-202002\/\">\u00dccretsiz \u00c7al\u0131\u015fma Kitab\u0131: 13 Ad\u0131mda Buy Box&#8217;e<\/a>\n\t\t\t<\/div>\n\t\t\t<div class=\"wrap-excerpt\">Biliyor musunuz, Buy Box&#8217;\u00fc korumak veya elde etmek i\u00e7in hangi metrikleri optimize etmeniz gerekti\u011fini? Size en \u00f6nemli 13 tanesini g\u00f6sterece\u011fiz &#8211; minimum ve ideal de\u011ferler ile t\u00fcm hesaplama form\u00fcllerini de dahil!<\/div>\n\t\t<\/div>\n\t<\/div>\n<\/div><div class=\"post-card \">\n\t<div class=\"inside-wrap-card\">\n\t\t<div class=\"cover-wrap\">\n\t\t\t\t\t\t\t<a class=\"background-thumbnail has-image\" href=\"https:\/\/www.sellerlogic.com\/tr\/blog\/repricer-amazon-da-bir-calismaya-gore-bu-en-basarili-yontemler-buy-box-kazanmak-icin\/\">\n\t\t\t\t\t<img decoding=\"async\" width=\"405\" height=\"240\" src=\"https:\/\/d2bw95mh2ee04s.cloudfront.net\/prod\/content\/wp-content\/uploads\/2020\/12\/23142812\/studie-repricer-amazon-thumbnail.jpg\" class=\"attachment-thumbnail size-thumbnail wp-post-image\" alt=\"Studie \u00fcber Repricer auf Amazon\" \/>\t\t\t\t<\/a>\n\t\t\t\t\t<\/div>\n\n\t\t<div class=\"wrap-content\">\n\t\t\t<div class=\"title\">\n\t\t\t\t<a href=\"https:\/\/www.sellerlogic.com\/tr\/blog\/repricer-amazon-da-bir-calismaya-gore-bu-en-basarili-yontemler-buy-box-kazanmak-icin\/\">\u00c7al\u0131\u015fma: Repricer kullan\u0131m\u0131n\u0131n Buy Box kazanma \u015fans\u0131n\u0131 \u00f6nemli \u00f6l\u00e7\u00fcde art\u0131rd\u0131\u011f\u0131!<\/a>\n\t\t\t<\/div>\n\t\t\t<div class=\"wrap-excerpt\">M\u00fckemmel bir sat\u0131c\u0131 performans\u0131 \u00f6nemlidir, ancak her \u015fey de\u011fildir &#8211; bu \u00e7al\u0131\u015fma bunu a\u00e7\u0131k\u00e7a g\u00f6stermektedir. En \u00f6nemli bulgular\u0131 inceledik ve hangi y\u00f6ntemlerin ba\u015far\u0131ya g\u00f6t\u00fcrd\u00fc\u011f\u00fcn\u00fc size a\u00e7\u0131kl\u0131yoruz.<\/div>\n\t\t<\/div>\n\t<\/div>\n<\/div>\t\t<\/div>\n\t<\/div>\n","protected":false},"excerpt":{"rendered":"<p>No Buy Box &#8211; no revenue 90% t\u00fcm sat\u0131\u015flar\u0131n Amazon&#8217;da Buy Box ger\u00e7ekle\u015fmektedir. Bu, 100 sat\u0131\u015f\u0131n 90&#8217;\u0131nda, al\u0131\u015fveri\u015f sepeti alan\u0131nda bulunan sat\u0131c\u0131n\u0131n sat\u0131\u015f yapt\u0131\u011f\u0131 anlam\u0131na gelir. Di\u011ferlerinin \u00e7o\u011fu hi\u00e7bir \u015feyle sonu\u00e7lan\u0131r. Bu y\u00fczden, ayn\u0131 \u00fcr\u00fcnler i\u00e7in rakiplerle rekabet etmek zorunda olan bir sat\u0131c\u0131 olarak, Buy Box&#8217;\u00fc nas\u0131l kazanabilece\u011finizi anlamak sizin i\u00e7in varolu\u015fsal olarak \u00f6nemlidir. Bu<\/p>\n","protected":false},"author":3,"featured_media":0,"parent":105735,"menu_order":0,"comment_status":"closed","ping_status":"closed","template":"","meta":{"sidebar_recommended_resources":{"data":[]},"sidebar_header_settings":{"hide_buttons":{"register":false}},"_use_new_theme":false,"inline_featured_image":false,"footnotes":""},"class_list":["post-105702","page","type-page","status-publish","hentry"],"yoast_head":"<!-- This site is optimized with the Yoast SEO plugin v26.8 - https:\/\/yoast.com\/product\/yoast-seo-wordpress\/ -->\n<title>\u0130\u015fte al\u0131\u015fveri\u015f sepeti alan\u0131n\u0131 kendinize nas\u0131l garanti alt\u0131na alarak kazanabilece\u011finiz!<\/title>\n<meta name=\"description\" content=\"\u00dccretsiz ve ikram: &quot;Al\u0131\u015fveri\u015f Sepeti Alan\u0131 - Buy Box&#039;\u00fc Kendinize Nas\u0131l Kazan\u0131rs\u0131n\u0131z!&quot; \u00c7al\u0131\u015fma Kitab\u0131n\u0131 \u015fimdi indirin!\" \/>\n<meta name=\"robots\" content=\"index, follow, max-snippet:-1, max-image-preview:large, max-video-preview:-1\" \/>\n<link rel=\"canonical\" href=\"https:\/\/www.sellerlogic.com\/tr\/resources\/workbook-shopping-cart-field\/\" \/>\n<meta property=\"og:locale\" content=\"tr_TR\" \/>\n<meta property=\"og:type\" content=\"article\" \/>\n<meta property=\"og:title\" content=\"\u0130\u015fte al\u0131\u015fveri\u015f sepeti alan\u0131n\u0131 kendinize nas\u0131l garanti alt\u0131na alarak kazanabilece\u011finiz!\" \/>\n<meta property=\"og:description\" content=\"\u00dccretsiz ve ikram: &quot;Al\u0131\u015fveri\u015f Sepeti Alan\u0131 - Buy Box&#039;\u00fc Kendinize Nas\u0131l Kazan\u0131rs\u0131n\u0131z!&quot; \u00c7al\u0131\u015fma Kitab\u0131n\u0131 \u015fimdi indirin!\" \/>\n<meta property=\"og:url\" content=\"https:\/\/www.sellerlogic.com\/tr\/resources\/workbook-shopping-cart-field\/\" \/>\n<meta property=\"og:site_name\" content=\"SELLERLOGIC - Smarte Tools f\u00fcr Amazon-Seller\" \/>\n<meta property=\"article:publisher\" content=\"https:\/\/www.facebook.com\/SellerLogic\/\" \/>\n<meta property=\"og:image\" content=\"https:\/\/d2bw95mh2ee04s.cloudfront.net\/prod\/content\/wp-content\/uploads\/2020\/12\/23142720\/workbook-einkaufswagenfeld-cover.png\" \/>\n\t<meta property=\"og:image:width\" content=\"738\" \/>\n\t<meta property=\"og:image:height\" content=\"804\" \/>\n\t<meta property=\"og:image:type\" content=\"image\/png\" \/>\n<meta name=\"twitter:card\" content=\"summary_large_image\" \/>\n<meta name=\"twitter:site\" content=\"@sellerlogic\" \/>\n<meta name=\"twitter:label1\" content=\"Est. reading time\" \/>\n\t<meta name=\"twitter:data1\" content=\"1 minute\" \/>\n<script type=\"application\/ld+json\" class=\"yoast-schema-graph\">{\"@context\":\"https:\/\/schema.org\",\"@graph\":[{\"@type\":\"WebPage\",\"@id\":\"https:\/\/www.sellerlogic.com\/tr\/resources\/workbook-shopping-cart-field\/\",\"url\":\"https:\/\/www.sellerlogic.com\/tr\/resources\/workbook-shopping-cart-field\/\",\"name\":\"\u0130\u015fte al\u0131\u015fveri\u015f sepeti alan\u0131n\u0131 kendinize nas\u0131l garanti alt\u0131na alarak kazanabilece\u011finiz!\",\"isPartOf\":{\"@id\":\"https:\/\/www.sellerlogic.com\/tr\/#website\"},\"primaryImageOfPage\":{\"@id\":\"https:\/\/www.sellerlogic.com\/tr\/resources\/workbook-shopping-cart-field\/#primaryimage\"},\"image\":{\"@id\":\"https:\/\/www.sellerlogic.com\/tr\/resources\/workbook-shopping-cart-field\/#primaryimage\"},\"thumbnailUrl\":\"https:\/\/www.sellerlogic.com\/wp-content\/uploads\/2020\/12\/workbook-einkaufswagenfeld-cover.png\",\"datePublished\":\"2020-12-11T10:04:17+00:00\",\"description\":\"\u00dccretsiz ve ikram: \\\"Al\u0131\u015fveri\u015f Sepeti Alan\u0131 - Buy Box'\u00fc Kendinize Nas\u0131l Kazan\u0131rs\u0131n\u0131z!\\\" \u00c7al\u0131\u015fma Kitab\u0131n\u0131 \u015fimdi indirin!\",\"breadcrumb\":{\"@id\":\"https:\/\/www.sellerlogic.com\/tr\/resources\/workbook-shopping-cart-field\/#breadcrumb\"},\"inLanguage\":\"tr-TR\",\"potentialAction\":[{\"@type\":\"ReadAction\",\"target\":[\"https:\/\/www.sellerlogic.com\/tr\/resources\/workbook-shopping-cart-field\/\"]}]},{\"@type\":\"ImageObject\",\"inLanguage\":\"tr-TR\",\"@id\":\"https:\/\/www.sellerlogic.com\/tr\/resources\/workbook-shopping-cart-field\/#primaryimage\",\"url\":\"https:\/\/www.sellerlogic.com\/wp-content\/uploads\/2020\/12\/workbook-einkaufswagenfeld-cover.png\",\"contentUrl\":\"https:\/\/www.sellerlogic.com\/wp-content\/uploads\/2020\/12\/workbook-einkaufswagenfeld-cover.png\"},{\"@type\":\"BreadcrumbList\",\"@id\":\"https:\/\/www.sellerlogic.com\/tr\/resources\/workbook-shopping-cart-field\/#breadcrumb\",\"itemListElement\":[{\"@type\":\"ListItem\",\"position\":1,\"name\":\"Home\",\"item\":\"https:\/\/www.sellerlogic.com\/tr\/\"},{\"@type\":\"ListItem\",\"position\":2,\"name\":\"Ressourcen EN\",\"item\":\"https:\/\/127.0.0.1\/de\/ressourcen\/\"},{\"@type\":\"ListItem\",\"position\":3,\"name\":\"Workbook Al\u0131\u015fveri\u015f Sepeti Alan\u0131\"}]},{\"@type\":\"WebSite\",\"@id\":\"https:\/\/www.sellerlogic.com\/tr\/#website\",\"url\":\"https:\/\/www.sellerlogic.com\/tr\/\",\"name\":\"SELLERLOGIC - Smarte Tools f\u00fcr Amazon-Seller\",\"description\":\"Intelligente Prozessoptimierung und Gewinnmaximierung\",\"publisher\":{\"@id\":\"https:\/\/www.sellerlogic.com\/tr\/#organization\"},\"potentialAction\":[{\"@type\":\"SearchAction\",\"target\":{\"@type\":\"EntryPoint\",\"urlTemplate\":\"https:\/\/www.sellerlogic.com\/tr\/?s={search_term_string}\"},\"query-input\":{\"@type\":\"PropertyValueSpecification\",\"valueRequired\":true,\"valueName\":\"search_term_string\"}}],\"inLanguage\":\"tr-TR\"},{\"@type\":\"Organization\",\"@id\":\"https:\/\/www.sellerlogic.com\/tr\/#organization\",\"name\":\"SELLERLOGIC\",\"url\":\"https:\/\/www.sellerlogic.com\/tr\/\",\"logo\":{\"@type\":\"ImageObject\",\"inLanguage\":\"tr-TR\",\"@id\":\"https:\/\/www.sellerlogic.com\/tr\/#\/schema\/logo\/image\/\",\"url\":\"https:\/\/d2bw95mh2ee04s.cloudfront.net\/prod\/content\/wp-content\/uploads\/2025\/01\/02134814\/Property-Logo-Main.svg\",\"contentUrl\":\"https:\/\/d2bw95mh2ee04s.cloudfront.net\/prod\/content\/wp-content\/uploads\/2025\/01\/02134814\/Property-Logo-Main.svg\",\"width\":184,\"height\":40,\"caption\":\"SELLERLOGIC\"},\"image\":{\"@id\":\"https:\/\/www.sellerlogic.com\/tr\/#\/schema\/logo\/image\/\"},\"sameAs\":[\"https:\/\/www.facebook.com\/SellerLogic\/\",\"https:\/\/x.com\/sellerlogic\",\"https:\/\/www.instagram.com\/sellerlogic\/\",\"https:\/\/www.linkedin.com\/company\/18402037\/\",\"https:\/\/www.youtube.com\/channel\/UC-gULUur-fNj08sprantKsQ\"]}]}<\/script>\n<!-- \/ Yoast SEO plugin. -->","yoast_head_json":{"title":"\u0130\u015fte al\u0131\u015fveri\u015f sepeti alan\u0131n\u0131 kendinize nas\u0131l garanti alt\u0131na alarak kazanabilece\u011finiz!","description":"\u00dccretsiz ve ikram: \"Al\u0131\u015fveri\u015f Sepeti Alan\u0131 - Buy Box'\u00fc Kendinize Nas\u0131l Kazan\u0131rs\u0131n\u0131z!\" \u00c7al\u0131\u015fma Kitab\u0131n\u0131 \u015fimdi indirin!","robots":{"index":"index","follow":"follow","max-snippet":"max-snippet:-1","max-image-preview":"max-image-preview:large","max-video-preview":"max-video-preview:-1"},"canonical":"https:\/\/www.sellerlogic.com\/tr\/resources\/workbook-shopping-cart-field\/","og_locale":"tr_TR","og_type":"article","og_title":"\u0130\u015fte al\u0131\u015fveri\u015f sepeti alan\u0131n\u0131 kendinize nas\u0131l garanti alt\u0131na alarak kazanabilece\u011finiz!","og_description":"\u00dccretsiz ve ikram: \"Al\u0131\u015fveri\u015f Sepeti Alan\u0131 - Buy Box'\u00fc Kendinize Nas\u0131l Kazan\u0131rs\u0131n\u0131z!\" \u00c7al\u0131\u015fma Kitab\u0131n\u0131 \u015fimdi indirin!","og_url":"https:\/\/www.sellerlogic.com\/tr\/resources\/workbook-shopping-cart-field\/","og_site_name":"SELLERLOGIC - Smarte Tools f\u00fcr Amazon-Seller","article_publisher":"https:\/\/www.facebook.com\/SellerLogic\/","og_image":[{"width":738,"height":804,"url":"https:\/\/d2bw95mh2ee04s.cloudfront.net\/prod\/content\/wp-content\/uploads\/2020\/12\/23142720\/workbook-einkaufswagenfeld-cover.png","type":"image\/png"}],"twitter_card":"summary_large_image","twitter_site":"@sellerlogic","twitter_misc":{"Est. reading time":"1 minute"},"schema":{"@context":"https:\/\/schema.org","@graph":[{"@type":"WebPage","@id":"https:\/\/www.sellerlogic.com\/tr\/resources\/workbook-shopping-cart-field\/","url":"https:\/\/www.sellerlogic.com\/tr\/resources\/workbook-shopping-cart-field\/","name":"\u0130\u015fte al\u0131\u015fveri\u015f sepeti alan\u0131n\u0131 kendinize nas\u0131l garanti alt\u0131na alarak kazanabilece\u011finiz!","isPartOf":{"@id":"https:\/\/www.sellerlogic.com\/tr\/#website"},"primaryImageOfPage":{"@id":"https:\/\/www.sellerlogic.com\/tr\/resources\/workbook-shopping-cart-field\/#primaryimage"},"image":{"@id":"https:\/\/www.sellerlogic.com\/tr\/resources\/workbook-shopping-cart-field\/#primaryimage"},"thumbnailUrl":"https:\/\/www.sellerlogic.com\/wp-content\/uploads\/2020\/12\/workbook-einkaufswagenfeld-cover.png","datePublished":"2020-12-11T10:04:17+00:00","description":"\u00dccretsiz ve ikram: \"Al\u0131\u015fveri\u015f Sepeti Alan\u0131 - Buy Box'\u00fc Kendinize Nas\u0131l Kazan\u0131rs\u0131n\u0131z!\" \u00c7al\u0131\u015fma Kitab\u0131n\u0131 \u015fimdi indirin!","breadcrumb":{"@id":"https:\/\/www.sellerlogic.com\/tr\/resources\/workbook-shopping-cart-field\/#breadcrumb"},"inLanguage":"tr-TR","potentialAction":[{"@type":"ReadAction","target":["https:\/\/www.sellerlogic.com\/tr\/resources\/workbook-shopping-cart-field\/"]}]},{"@type":"ImageObject","inLanguage":"tr-TR","@id":"https:\/\/www.sellerlogic.com\/tr\/resources\/workbook-shopping-cart-field\/#primaryimage","url":"https:\/\/www.sellerlogic.com\/wp-content\/uploads\/2020\/12\/workbook-einkaufswagenfeld-cover.png","contentUrl":"https:\/\/www.sellerlogic.com\/wp-content\/uploads\/2020\/12\/workbook-einkaufswagenfeld-cover.png"},{"@type":"BreadcrumbList","@id":"https:\/\/www.sellerlogic.com\/tr\/resources\/workbook-shopping-cart-field\/#breadcrumb","itemListElement":[{"@type":"ListItem","position":1,"name":"Home","item":"https:\/\/www.sellerlogic.com\/tr\/"},{"@type":"ListItem","position":2,"name":"Ressourcen EN","item":"https:\/\/127.0.0.1\/de\/ressourcen\/"},{"@type":"ListItem","position":3,"name":"Workbook Al\u0131\u015fveri\u015f Sepeti Alan\u0131"}]},{"@type":"WebSite","@id":"https:\/\/www.sellerlogic.com\/tr\/#website","url":"https:\/\/www.sellerlogic.com\/tr\/","name":"SELLERLOGIC - Smarte Tools f\u00fcr Amazon-Seller","description":"Intelligente Prozessoptimierung und Gewinnmaximierung","publisher":{"@id":"https:\/\/www.sellerlogic.com\/tr\/#organization"},"potentialAction":[{"@type":"SearchAction","target":{"@type":"EntryPoint","urlTemplate":"https:\/\/www.sellerlogic.com\/tr\/?s={search_term_string}"},"query-input":{"@type":"PropertyValueSpecification","valueRequired":true,"valueName":"search_term_string"}}],"inLanguage":"tr-TR"},{"@type":"Organization","@id":"https:\/\/www.sellerlogic.com\/tr\/#organization","name":"SELLERLOGIC","url":"https:\/\/www.sellerlogic.com\/tr\/","logo":{"@type":"ImageObject","inLanguage":"tr-TR","@id":"https:\/\/www.sellerlogic.com\/tr\/#\/schema\/logo\/image\/","url":"https:\/\/d2bw95mh2ee04s.cloudfront.net\/prod\/content\/wp-content\/uploads\/2025\/01\/02134814\/Property-Logo-Main.svg","contentUrl":"https:\/\/d2bw95mh2ee04s.cloudfront.net\/prod\/content\/wp-content\/uploads\/2025\/01\/02134814\/Property-Logo-Main.svg","width":184,"height":40,"caption":"SELLERLOGIC"},"image":{"@id":"https:\/\/www.sellerlogic.com\/tr\/#\/schema\/logo\/image\/"},"sameAs":["https:\/\/www.facebook.com\/SellerLogic\/","https:\/\/x.com\/sellerlogic","https:\/\/www.instagram.com\/sellerlogic\/","https:\/\/www.linkedin.com\/company\/18402037\/","https:\/\/www.youtube.com\/channel\/UC-gULUur-fNj08sprantKsQ"]}]}},"_links":{"self":[{"href":"https:\/\/www.sellerlogic.com\/tr\/wp-json\/wp\/v2\/pages\/105702","targetHints":{"allow":["GET"]}}],"collection":[{"href":"https:\/\/www.sellerlogic.com\/tr\/wp-json\/wp\/v2\/pages"}],"about":[{"href":"https:\/\/www.sellerlogic.com\/tr\/wp-json\/wp\/v2\/types\/page"}],"author":[{"embeddable":true,"href":"https:\/\/www.sellerlogic.com\/tr\/wp-json\/wp\/v2\/users\/3"}],"replies":[{"embeddable":true,"href":"https:\/\/www.sellerlogic.com\/tr\/wp-json\/wp\/v2\/comments?post=105702"}],"version-history":[{"count":0,"href":"https:\/\/www.sellerlogic.com\/tr\/wp-json\/wp\/v2\/pages\/105702\/revisions"}],"up":[{"embeddable":true,"href":"https:\/\/www.sellerlogic.com\/tr\/wp-json\/wp\/v2\/pages\/105735"}],"wp:attachment":[{"href":"https:\/\/www.sellerlogic.com\/tr\/wp-json\/wp\/v2\/media?parent=105702"}],"curies":[{"name":"wp","href":"https:\/\/api.w.org\/{rel}","templated":true}]}}