
{"id":105708,"date":"2020-12-18T08:11:11","date_gmt":"2020-12-18T08:11:11","guid":{"rendered":"https:\/\/127.0.0.1\/resources\/success-story-meinemarkenmode\/"},"modified":"2020-12-18T08:11:11","modified_gmt":"2020-12-18T08:11:11","slug":"success-story-meinemarkenmode","status":"publish","type":"page","link":"https:\/\/www.sellerlogic.com\/tr\/resources\/success-story-meinemarkenmode\/","title":{"rendered":"Ba\u015far\u0131 Hikayesi: meinemarkenmode.de TR"},"content":{"rendered":"\n\t<div  class=\"theme-wp-block theme-block-main-header is-style-full-height desktop-align-full xl-align-full lg-align-full md-align-full sm-align-full desktop-content-align-y-center desktop-content-align-x-center xl-content-align-y-center xl-content-align-x-center lg-content-align-y-center lg-content-align-x-center md-content-align-y-center md-content-align-x-center sm-content-align-y-center sm-content-align-x-center gb-responsive-720212-identifier theme-block-cover\">\n\t\t<div class=\"bg-cover theme-lazy-load-bg\"><\/div>\n\t\t<div class=\"wrap-content-main-header\">\n\t\t\t\t\t<div  class=\"theme-wp-block theme-block-text-and-text desktop-align-wide xl-align-wide lg-align-wide md-align-wide sm-align-wide gb-responsive-366658-identifier desktop-blockDirection-column xl-blockDirection-column lg-blockDirection-column md-blockDirection-column sm-blockDirection-column\">\n\t\t<div class=\"tat-column-wrap-wrapper\">\n\t\t\t<div class=\"tat-column-wrapper\">\n\t\t\t\t\t<div  class=\"theme-wp-block theme-block-text-and-text-column gb-responsive-923660-identifier desktop-horizontal-center xl-horizontal-center lg-horizontal-center md-horizontal-center sm-horizontal-center\">\n\t\t<div class=\"inner-wrap-column-content\">\n\t\t\t<div class=\"inner-column-content\">\n\t\t\t\t\t\t<p  class=\"theme-wp-block theme-block-heading is-style-default desktop-text-center xl-text-center lg-text-center md-text-center sm-text-center gb-responsive-948994-identifier h2\">\n\t\tDaha Fazla Para, Daha Az Sorun\t<\/p>\n\n\t\t<h1  class=\"theme-wp-block theme-block-heading gb-responsive-522772-identifier is-style-default desktop-text-center xl-text-center lg-text-center md-text-center sm-text-center h1\">\n\t\tmeinemarkenmode&#8217;un Amazon&#8217;dan 6 Haneli Bir \u0130ade Nas\u0131l Ald\u0131\u011f\u0131\t<\/h1>\n\n\t\t\t<\/div>\n\t\t<\/div>\n\t<\/div>\n\t<div  class=\"theme-wp-block theme-block-text-and-text-column gb-responsive-441362-identifier\">\n\t\t<div class=\"inner-wrap-column-content\">\n\t\t\t<div class=\"inner-column-content\">\n\t\t\t\t\t\t\t<\/div>\n\t\t<\/div>\n\t<\/div>\n\t\t\t<\/div>\n\t\t<\/div>\n\t<\/div>\n\n\t\t<\/div>\n\t<\/div>\n\n<div style=\"height:50px\" aria-hidden=\"true\" class=\"theme-wp-block wp-block-spacer\"><\/div><div class=\"theme-wp-block wp-block-columns gb-responsive-34913-identifier is-layout-flex wp-container-core-columns-is-layout-9d6595d7 wp-block-columns-is-layout-flex\"><div class=\"theme-wp-block wp-block-column gb-responsive-118097-identifier is-layout-flow wp-block-column-is-layout-flow\" style=\"flex-basis:25%\"><figure class=\"theme-wp-block wp-block-image size-large is-resized gb-responsive-62921-identifier\"><img decoding=\"async\" src=\"https:\/\/d2bw95mh2ee04s.cloudfront.net\/prod\/content\/wp-content\/uploads\/2020\/12\/23142728\/MMM-Logo_2-844x154.png\" alt=\"Ba\u015far\u0131 Hikayesi: meinemarkenmode.de TR\" class=\"wp-image-4742\" width=\"300\" height=\"55\" srcset=\"https:\/\/d2bw95mh2ee04s.cloudfront.net\/prod\/content\/wp-content\/uploads\/2020\/12\/23142728\/MMM-Logo_2-407x74.png 407w, https:\/\/d2bw95mh2ee04s.cloudfront.net\/prod\/content\/wp-content\/uploads\/2020\/12\/23142728\/MMM-Logo_2-768x141.png 768w, https:\/\/d2bw95mh2ee04s.cloudfront.net\/prod\/content\/wp-content\/uploads\/2020\/12\/23142728\/MMM-Logo_2-844x154.png 844w, https:\/\/d2bw95mh2ee04s.cloudfront.net\/prod\/content\/wp-content\/uploads\/2020\/12\/23142728\/MMM-Logo_2.png 1000w\" sizes=\"(max-width: 300px) 100vw, 300px\" \/><\/figure><p class=\"theme-wp-block gb-responsive-595107-identifier\"><strong>Kurulu\u015f:<\/strong><br>2009<\/p><p class=\"theme-wp-block gb-responsive-627172-identifier\"><strong>Sekt\u00f6r:<\/strong><br>Moda<\/p><p class=\"theme-wp-block gb-responsive-331586-identifier\"><strong>Amazon&#8217;daki \u00dcr\u00fcnler:\u00a0<\/strong><br>30.000<\/p><p class=\"theme-wp-block gb-responsive-485766-identifier\"><strong>G\u00f6nderimler:<\/strong><br>ayda yakla\u015f\u0131k 150.000<\/p><\/div><div class=\"theme-wp-block wp-block-column gb-responsive-36942-identifier is-layout-flow wp-block-column-is-layout-flow\" style=\"flex-basis:50%\"><h3 class=\"theme-wp-block wp-block-heading gb-responsive-34353-identifier\" id=\"block-c06fce04-ef87-4ffc-a3d6-b768ba377d17\">Arka Plan:<\/h3><p class=\"theme-wp-block gb-responsive-767855-identifier desktop-gb-has-no-icon xl-gb-has-no-icon lg-gb-has-no-icon md-gb-has-no-icon sm-gb-has-no-icon\">Depolar\u0131na girip \u00e7\u0131kan t\u00fcm envanterle, Alexander Charatzoglou hatalar\u0131n meydana gelece\u011finin fark\u0131ndayd\u0131. \u015eu ana kadar, mail order \u015firketinin meydana gelen her bir hatay\u0131 tan\u0131mlamaya olanak tan\u0131yan bir s\u00fcreci yoktu, ta ki Alexander bir \u00e7\u00f6z\u00fcm sunan bir Amazon sat\u0131c\u0131 at\u00f6lyesine kat\u0131lana kadar.<\/p><p class=\"theme-wp-block desktop-gb-has-no-icon xl-gb-has-no-icon lg-gb-has-no-icon md-gb-has-no-icon sm-gb-has-no-icon gb-responsive-7132-identifier\">meinmarkenmode.de&#8217;nin hikayesi, Amerikan R\u00fcyas\u0131&#8217;n\u0131n prototipi gibi g\u00f6r\u00fcn\u00fcyor.<\/p><p class=\"theme-wp-block desktop-gb-has-no-icon xl-gb-has-no-icon lg-gb-has-no-icon md-gb-has-no-icon sm-gb-has-no-icon gb-responsive-663910-identifier\">E\u011fitimini finanse etmek i\u00e7in, mevcut genel m\u00fcd\u00fcr Eugen Allerborn 2009&#8217;da eBay&#8217;de ticarete ba\u015flad\u0131. \u015eirket b\u00fcy\u00fcd\u00fck\u00e7e, e\u011fitimini tamamlay\u0131p tamamlamama ya da \u00fcniversiteden ayr\u0131l\u0131p t\u00fcm zaman\u0131n\u0131 i\u015fine adama karar\u0131yla y\u00fczle\u015fmek zorunda kald\u0131. \u0130kincisini se\u00e7ti: bu karar, \u00e7ok \u00e7al\u0131\u015fmaya yol a\u00e7t\u0131 ama daha da fazla ba\u015far\u0131 getirdi. Bug\u00fcn, i\u015f orta\u011f\u0131 ve arkada\u015f\u0131 Timo Bethlehem ile birlikte, iki lokasyonda 50 \u00e7al\u0131\u015fan\u0131 olan ba\u015far\u0131l\u0131 bir \u00e7evrimi\u00e7i i\u015fletmeyi y\u00f6netiyor.<\/p><h3 class=\"theme-wp-block wp-block-heading gb-responsive-182281-identifier desktop-gb-has-no-icon xl-gb-has-no-icon lg-gb-has-no-icon md-gb-has-no-icon sm-gb-has-no-icon\">Ba\u015flang\u0131\u00e7:<\/h3><p class=\"theme-wp-block gb-responsive-262664-identifier desktop-gb-has-no-icon xl-gb-has-no-icon lg-gb-has-no-icon md-gb-has-no-icon sm-gb-has-no-icon\">\u201cFBA depolar\u0131nda stok kaybetti\u011fimiz a\u00e7\u0131kt\u0131. 20 depoda 30.000&#8217;den fazla \u00fcr\u00fcn ve bunun sonucunda olu\u015fan stok hareketleriyle, bu ka\u00e7\u0131n\u0131lmaz\u201d, 2012&#8217;den beri meinemarkenmode.de&#8217;de Sat\u0131\u015f Y\u00f6netimi M\u00fcd\u00fcr\u00fc olarak \u00e7al\u0131\u015fan Alexander a\u00e7\u0131kl\u0131yor. \u201cAma s\u0131k\u00e7a oldu\u011fu gibi, daha y\u00fcksek \u00f6ncelik verilen \u00e7ok fazla ba\u015fka g\u00f6rev vard\u0131. Ayr\u0131ca, s\u00fcre\u00e7leri manuel olarak kontrol edecek kapasitemiz yoktu.\u201d<\/p><p class=\"theme-wp-block gb-responsive-587817-identifier desktop-gb-has-no-icon xl-gb-has-no-icon lg-gb-has-no-icon md-gb-has-no-icon sm-gb-has-no-icon\">Bu durum, Alexander&#8217;\u0131n bir Amazon at\u00f6lyesinde bir meslekta\u015f\u0131yla bu konu hakk\u0131nda bir konu\u015fma yapana kadar de\u011fi\u015fmedi. \u201cMeslekta\u015f\u0131m, SELLERLOGIC Lost &#038; Found&#8217;in pilot m\u00fc\u015fterilerinden biriydi. K\u00fc\u00e7\u00fck bir araba de\u011ferinde ilk bir iade hakk\u0131nda bana anlatt\u0131\u011f\u0131nda, bu arac\u0131 denemek \u00f6ncelik listemin en \u00fcst\u00fcnde yer ald\u0131,\u201d diye hat\u0131rl\u0131yor Alexander.<\/p><h3 class=\"theme-wp-block wp-block-heading gb-responsive-115756-identifier\">\u00c7\u00f6z\u00fcm:<\/h3><p class=\"theme-wp-block gb-responsive-231780-identifier\">Meslekta\u015f\u0131n\u0131n olumlu deneyimine dayanarak, meinmarkenmode.de i\u00e7in Lost &#038; Found d\u0131\u015f\u0131nda ba\u015fka bir \u00e7\u00f6z\u00fcm asla d\u00fc\u015f\u00fcn\u00fclmedi.<\/p><p class=\"theme-wp-block gb-responsive-392728-identifier desktop-gb-has-no-icon xl-gb-has-no-icon lg-gb-has-no-icon md-gb-has-no-icon sm-gb-has-no-icon\"><br>Alexander, SELLERLOGIC&#8217;\u0131n yaz\u0131l\u0131m\u0131yla ilk deneyimlerini hat\u0131rl\u0131yor: \u201cSELLERLOGIC ile onboarding son derece kolay ve keyifliydi. \u00c7\u00f6z\u00fcm sezgisel ve k\u0131sa bir e\u011fitim s\u00fcresinden sonra herkes taraf\u0131ndan kullan\u0131labilir. Ba\u015flatt\u0131\u011f\u0131m\u0131zdan beri, herhangi bir deste\u011fe ihtiya\u00e7 duymad\u0131k. Yeni \u00e7al\u0131\u015fanlara vaka y\u00f6netimini devretti\u011fimizde bile \u2013 bu olduk\u00e7a dikkat \u00e7ekici!\u201d. Bir an sonra ekliyor: \u201cAra\u00e7 ayr\u0131ca inan\u0131lmaz derecede verimli. Sezgisel kullan\u0131m\u0131n\u0131n arkas\u0131nda, vaka i\u015fleme s\u00fcrecini b\u00fcy\u00fck \u00f6l\u00e7\u00fcde basitle\u015ftiren \u00e7ok sofistike bir sistem yat\u0131yor.\u201d<\/p><div class=\"theme-block-group-wrap\"><div class=\"theme-wp-block wp-block-group gb-responsive-88118-identifier\">\t\t<div  class=\"theme-wp-block theme-block-user-card gb-responsive-799176-identifier is-style-full-width-line desktop-gb-has-no-icon xl-gb-has-no-icon lg-gb-has-no-icon md-gb-has-no-icon sm-gb-has-no-icon\">\n\t\t<div class=\"wrap-inner-content\">\n\t\t\t<div class=\"card-user-head\">\n\t\t\t\t<div class=\"card-user-avatar\">\n\t\t\t\t\t<div class=\"cover-avatar\" style=\"background-image: url(https:\/\/d2bw95mh2ee04s.cloudfront.net\/prod\/content\/wp-content\/uploads\/2020\/12\/23142728\/alexander_charatzoglou_raute.png);\"><\/div>\n\t\t\t\t<\/div>\n\t\t\t\t<div class=\"wrap-title\">\n\t\t\t\t\t<div class=\"card-user-name\">\n\t\t\t\t\t\t<div class=\"title\">\n\t\t\t\t\t\t\t<h3 class=\"heading-text\"><strong>Alexander Charatzoglou<\/strong><\/h3>\n\t\t\t\t\t\t<\/div>\n\t\t\t\t\t\t<div class=\"card-user-position\">\n\t\t\t\t\t\t\t<div class=\"card-text\"><strong>meinemarkenmode.de&#8217;deki sat\u0131\u015f y\u00f6netimi m\u00fcd\u00fcr\u00fc<\/strong><\/div>\n\t\t\t\t\t\t<\/div>\n\t\t\t\t\t<\/div>\n\t\t\t\t\t<div class=\"card-user-quote-icon\">\n\t\t\t\t\t<\/div>\n\t\t\t\t<\/div>\n\t\t\t<\/div>\n\t\t\t<div class=\"card-user-text\">\n\t\t\t\t<div class=\"card-text\"><p>&#8220;SELLERLOGIC Kay\u0131p &amp; Bulunan ger\u00e7ekten d\u00fc\u015f\u00fcnmeden yap\u0131lacak bir \u015fey. Ve sadece ekonomik anlamda de\u011fil. D\u00fc\u015f\u00fck maliyetler, ara\u00e7, arkas\u0131ndaki teknoloji, hizmetler ve arkas\u0131ndaki ekip \u2013 basit\u00e7e her \u015fey \u2013 tam memnuniyetimize katk\u0131da bulunuyor.&#8221;<\/p><p><\/p><\/div>\n\t\t\t<\/div>\n\t\t<\/div>\n\t<\/div>\n\n<\/div><\/div><h3 class=\"theme-wp-block wp-block-heading gb-responsive-595368-identifier\">SELLERLOGIC ile Ba\u015far\u0131l\u0131 Sonu\u00e7lar:<\/h3><p class=\"theme-wp-block gb-responsive-905876-identifier desktop-gb-has-no-icon xl-gb-has-no-icon lg-gb-has-no-icon md-gb-has-no-icon sm-gb-has-no-icon\">SELLERLOGIC Lost &#038; Found ile lansmanlar\u0131ndan bu yana, meinmarkenmode.de yakla\u015f\u0131k 200.000 Euro de\u011ferinde geri \u00f6demeleri talep edebilmi\u015ftir. \u201cBu art\u0131k k\u00fc\u00e7\u00fck bir araba de\u011fil, tam bir ev,\u201d diye g\u00fcl\u00fcyor Alexander.<\/p><p class=\"theme-wp-block gb-responsive-208143-identifier desktop-gb-has-no-icon xl-gb-has-no-icon lg-gb-has-no-icon md-gb-has-no-icon sm-gb-has-no-icon\">FBA depolar\u0131ndaki ger\u00e7ek stok kayb\u0131, \u015firketin beklentilerini a\u00e7\u0131k\u00e7a a\u015ft\u0131. Ayn\u0131 zamanda, meinmarkenmode.de, manuel olarak arand\u0131\u011f\u0131nda muhtemelen tespit edilemeyecek hatalar\u0131 da bulan sofistike sistemden faydalan\u0131yor. Alexander i\u00e7in, SELLERLOGIC ile insan temas\u0131 da ayn\u0131 derecede \u00f6nemli. Onun i\u00e7in, SELLERLOGIC sadece \u015firketinin kulland\u0131\u011f\u0131 bir ara\u00e7 de\u011fil, ayn\u0131 zamanda t\u00fcm ekibi ve hizmetini de takdir ediyor.<\/p><p class=\"theme-wp-block gb-responsive-355671-identifier desktop-gb-has-no-icon xl-gb-has-no-icon lg-gb-has-no-icon md-gb-has-no-icon sm-gb-has-no-icon\">Sonu\u00e7 olarak, a\u00e7\u0131k bir \u00f6vg\u00fcde bulunuyor: \u201cSELLERLOGIC Lost &#038; Found ger\u00e7ekten d\u00fc\u015f\u00fcnmeden yap\u0131lacak bir \u015fey. Ve sadece ekonomik anlamda de\u011fil. D\u00fc\u015f\u00fck maliyetler, ara\u00e7, arkas\u0131ndaki teknoloji, hizmetler ve arkas\u0131ndaki ekip \u2013 basit\u00e7e her \u015fey \u2013 tam memnuniyetimize katk\u0131da bulunuyor\u201c.<\/p><div class=\"theme-wp-block wp-block-buttons gb-responsive-497426-identifier is-layout-flex wp-block-buttons-is-layout-flex\"><div class=\"theme-wp-block wp-block-button gb-responsive-38220-identifier is-style-theme-transparent-with-arrow\"><a class=\"wp-block-button__link wp-element-button\" href=\"https:\/\/d2bw95mh2ee04s.cloudfront.net\/prod\/content\/files\/SUCCESS-STORIES\/EN\/NEU_SELLERLOGIC_Success-Story_meinemarkenmode_EN.pdf\" target=\"_blank\" rel=\"noreferrer noopener nofollow\">\u015eimdi indir!<\/a><\/div><\/div><\/div><div class=\"theme-wp-block wp-block-column gb-responsive-638649-identifier is-layout-flow wp-block-column-is-layout-flow\" style=\"flex-basis:25%\"><\/div><\/div><p class=\"theme-wp-block gb-responsive-554668-identifier\"><\/p>","protected":false},"excerpt":{"rendered":"<p>Kurulu\u015f:2009 Sekt\u00f6r:Moda Amazon&#8217;daki \u00dcr\u00fcnler:\u00a030.000 G\u00f6nderimler:ayda yakla\u015f\u0131k 150.000 Arka Plan: Depolar\u0131na girip \u00e7\u0131kan t\u00fcm envanterle, Alexander Charatzoglou hatalar\u0131n meydana gelece\u011finin fark\u0131ndayd\u0131. \u015eu ana kadar, mail order \u015firketinin meydana gelen her bir hatay\u0131 tan\u0131mlamaya olanak tan\u0131yan bir s\u00fcreci yoktu, ta ki Alexander bir \u00e7\u00f6z\u00fcm sunan bir Amazon sat\u0131c\u0131 at\u00f6lyesine kat\u0131lana kadar. meinmarkenmode.de&#8217;nin hikayesi, Amerikan R\u00fcyas\u0131&#8217;n\u0131n prototipi gibi<\/p>\n","protected":false},"author":3,"featured_media":0,"parent":105735,"menu_order":0,"comment_status":"closed","ping_status":"closed","template":"","meta":{"sidebar_recommended_resources":{"data":[]},"sidebar_header_settings":{"hide_buttons":{"register":false}},"_use_new_theme":false,"inline_featured_image":false,"footnotes":""},"class_list":["post-105708","page","type-page","status-publish","hentry"],"yoast_head":"<!-- This site is optimized with the Yoast SEO plugin v26.8 - https:\/\/yoast.com\/product\/yoast-seo-wordpress\/ -->\n<title>Amazon&#039;dan 6 haneli geri \u00f6deme nas\u0131l al\u0131n\u0131r | SELLERLOGIC<\/title>\n<meta name=\"description\" content=\"SELLERLOGIC Lost &amp; Found t\u00fcm FBA hatalar\u0131n\u0131 analiz ediyor. meinmarkenmode.de&#039;nin bir tek aile evinin de\u011ferinde geri \u00f6demeler nas\u0131l ald\u0131\u011f\u0131n\u0131 buradan okuyun!\" \/>\n<meta name=\"robots\" content=\"index, follow, max-snippet:-1, max-image-preview:large, max-video-preview:-1\" \/>\n<link rel=\"canonical\" href=\"https:\/\/www.sellerlogic.com\/tr\/resources\/success-story-meinemarkenmode\/\" \/>\n<meta property=\"og:locale\" content=\"tr_TR\" \/>\n<meta property=\"og:type\" content=\"article\" \/>\n<meta property=\"og:title\" content=\"Amazon&#039;dan 6 haneli geri \u00f6deme nas\u0131l al\u0131n\u0131r | SELLERLOGIC\" \/>\n<meta property=\"og:description\" content=\"SELLERLOGIC Lost &amp; Found t\u00fcm FBA hatalar\u0131n\u0131 analiz ediyor. meinmarkenmode.de&#039;nin bir tek aile evinin de\u011ferinde geri \u00f6demeler nas\u0131l ald\u0131\u011f\u0131n\u0131 buradan okuyun!\" \/>\n<meta property=\"og:url\" content=\"https:\/\/www.sellerlogic.com\/tr\/resources\/success-story-meinemarkenmode\/\" \/>\n<meta property=\"og:site_name\" content=\"SELLERLOGIC - Smarte Tools f\u00fcr Amazon-Seller\" \/>\n<meta property=\"article:publisher\" content=\"https:\/\/www.facebook.com\/SellerLogic\/\" \/>\n<meta property=\"og:image\" content=\"https:\/\/www.sellerlogic.com\/wp-content\/uploads\/2020\/12\/MMM-Logo_2-844x154.png\" \/>\n<meta name=\"twitter:card\" content=\"summary_large_image\" \/>\n<meta name=\"twitter:site\" content=\"@sellerlogic\" \/>\n<meta name=\"twitter:label1\" content=\"Est. reading time\" \/>\n\t<meta name=\"twitter:data1\" content=\"3 minutes\" \/>\n<script type=\"application\/ld+json\" class=\"yoast-schema-graph\">{\"@context\":\"https:\/\/schema.org\",\"@graph\":[{\"@type\":\"WebPage\",\"@id\":\"https:\/\/www.sellerlogic.com\/tr\/resources\/success-story-meinemarkenmode\/\",\"url\":\"https:\/\/www.sellerlogic.com\/tr\/resources\/success-story-meinemarkenmode\/\",\"name\":\"Amazon'dan 6 haneli geri \u00f6deme nas\u0131l al\u0131n\u0131r | SELLERLOGIC\",\"isPartOf\":{\"@id\":\"https:\/\/www.sellerlogic.com\/tr\/#website\"},\"primaryImageOfPage\":{\"@id\":\"https:\/\/www.sellerlogic.com\/tr\/resources\/success-story-meinemarkenmode\/#primaryimage\"},\"image\":{\"@id\":\"https:\/\/www.sellerlogic.com\/tr\/resources\/success-story-meinemarkenmode\/#primaryimage\"},\"thumbnailUrl\":\"https:\/\/www.sellerlogic.com\/wp-content\/uploads\/2020\/12\/MMM-Logo_2-844x154.png\",\"datePublished\":\"2020-12-18T08:11:11+00:00\",\"description\":\"SELLERLOGIC Lost & Found t\u00fcm FBA hatalar\u0131n\u0131 analiz ediyor. meinmarkenmode.de'nin bir tek aile evinin de\u011ferinde geri \u00f6demeler nas\u0131l ald\u0131\u011f\u0131n\u0131 buradan okuyun!\",\"breadcrumb\":{\"@id\":\"https:\/\/www.sellerlogic.com\/tr\/resources\/success-story-meinemarkenmode\/#breadcrumb\"},\"inLanguage\":\"tr-TR\",\"potentialAction\":[{\"@type\":\"ReadAction\",\"target\":[\"https:\/\/www.sellerlogic.com\/tr\/resources\/success-story-meinemarkenmode\/\"]}]},{\"@type\":\"ImageObject\",\"inLanguage\":\"tr-TR\",\"@id\":\"https:\/\/www.sellerlogic.com\/tr\/resources\/success-story-meinemarkenmode\/#primaryimage\",\"url\":\"https:\/\/www.sellerlogic.com\/wp-content\/uploads\/2020\/12\/MMM-Logo_2-844x154.png\",\"contentUrl\":\"https:\/\/www.sellerlogic.com\/wp-content\/uploads\/2020\/12\/MMM-Logo_2-844x154.png\"},{\"@type\":\"BreadcrumbList\",\"@id\":\"https:\/\/www.sellerlogic.com\/tr\/resources\/success-story-meinemarkenmode\/#breadcrumb\",\"itemListElement\":[{\"@type\":\"ListItem\",\"position\":1,\"name\":\"Home\",\"item\":\"https:\/\/www.sellerlogic.com\/tr\/\"},{\"@type\":\"ListItem\",\"position\":2,\"name\":\"Ressourcen EN\",\"item\":\"https:\/\/www.sellerlogic.com\/tr\/resources\/\"},{\"@type\":\"ListItem\",\"position\":3,\"name\":\"Ba\u015far\u0131 Hikayesi: meinemarkenmode.de TR\"}]},{\"@type\":\"WebSite\",\"@id\":\"https:\/\/www.sellerlogic.com\/tr\/#website\",\"url\":\"https:\/\/www.sellerlogic.com\/tr\/\",\"name\":\"SELLERLOGIC - Smarte Tools f\u00fcr Amazon-Seller\",\"description\":\"Intelligente Prozessoptimierung und Gewinnmaximierung\",\"publisher\":{\"@id\":\"https:\/\/www.sellerlogic.com\/tr\/#organization\"},\"potentialAction\":[{\"@type\":\"SearchAction\",\"target\":{\"@type\":\"EntryPoint\",\"urlTemplate\":\"https:\/\/www.sellerlogic.com\/tr\/?s={search_term_string}\"},\"query-input\":{\"@type\":\"PropertyValueSpecification\",\"valueRequired\":true,\"valueName\":\"search_term_string\"}}],\"inLanguage\":\"tr-TR\"},{\"@type\":\"Organization\",\"@id\":\"https:\/\/www.sellerlogic.com\/tr\/#organization\",\"name\":\"SELLERLOGIC\",\"url\":\"https:\/\/www.sellerlogic.com\/tr\/\",\"logo\":{\"@type\":\"ImageObject\",\"inLanguage\":\"tr-TR\",\"@id\":\"https:\/\/www.sellerlogic.com\/tr\/#\/schema\/logo\/image\/\",\"url\":\"https:\/\/d2bw95mh2ee04s.cloudfront.net\/prod\/content\/wp-content\/uploads\/2025\/01\/02134814\/Property-Logo-Main.svg\",\"contentUrl\":\"https:\/\/d2bw95mh2ee04s.cloudfront.net\/prod\/content\/wp-content\/uploads\/2025\/01\/02134814\/Property-Logo-Main.svg\",\"width\":184,\"height\":40,\"caption\":\"SELLERLOGIC\"},\"image\":{\"@id\":\"https:\/\/www.sellerlogic.com\/tr\/#\/schema\/logo\/image\/\"},\"sameAs\":[\"https:\/\/www.facebook.com\/SellerLogic\/\",\"https:\/\/x.com\/sellerlogic\",\"https:\/\/www.instagram.com\/sellerlogic\/\",\"https:\/\/www.linkedin.com\/company\/18402037\/\",\"https:\/\/www.youtube.com\/channel\/UC-gULUur-fNj08sprantKsQ\"]}]}<\/script>\n<!-- \/ Yoast SEO plugin. -->","yoast_head_json":{"title":"Amazon'dan 6 haneli geri \u00f6deme nas\u0131l al\u0131n\u0131r | SELLERLOGIC","description":"SELLERLOGIC Lost & Found t\u00fcm FBA hatalar\u0131n\u0131 analiz ediyor. meinmarkenmode.de'nin bir tek aile evinin de\u011ferinde geri \u00f6demeler nas\u0131l ald\u0131\u011f\u0131n\u0131 buradan okuyun!","robots":{"index":"index","follow":"follow","max-snippet":"max-snippet:-1","max-image-preview":"max-image-preview:large","max-video-preview":"max-video-preview:-1"},"canonical":"https:\/\/www.sellerlogic.com\/tr\/resources\/success-story-meinemarkenmode\/","og_locale":"tr_TR","og_type":"article","og_title":"Amazon'dan 6 haneli geri \u00f6deme nas\u0131l al\u0131n\u0131r | SELLERLOGIC","og_description":"SELLERLOGIC Lost & Found t\u00fcm FBA hatalar\u0131n\u0131 analiz ediyor. meinmarkenmode.de'nin bir tek aile evinin de\u011ferinde geri \u00f6demeler nas\u0131l ald\u0131\u011f\u0131n\u0131 buradan okuyun!","og_url":"https:\/\/www.sellerlogic.com\/tr\/resources\/success-story-meinemarkenmode\/","og_site_name":"SELLERLOGIC - Smarte Tools f\u00fcr Amazon-Seller","article_publisher":"https:\/\/www.facebook.com\/SellerLogic\/","og_image":[{"url":"https:\/\/www.sellerlogic.com\/wp-content\/uploads\/2020\/12\/MMM-Logo_2-844x154.png","type":"","width":"","height":""}],"twitter_card":"summary_large_image","twitter_site":"@sellerlogic","twitter_misc":{"Est. reading time":"3 minutes"},"schema":{"@context":"https:\/\/schema.org","@graph":[{"@type":"WebPage","@id":"https:\/\/www.sellerlogic.com\/tr\/resources\/success-story-meinemarkenmode\/","url":"https:\/\/www.sellerlogic.com\/tr\/resources\/success-story-meinemarkenmode\/","name":"Amazon'dan 6 haneli geri \u00f6deme nas\u0131l al\u0131n\u0131r | SELLERLOGIC","isPartOf":{"@id":"https:\/\/www.sellerlogic.com\/tr\/#website"},"primaryImageOfPage":{"@id":"https:\/\/www.sellerlogic.com\/tr\/resources\/success-story-meinemarkenmode\/#primaryimage"},"image":{"@id":"https:\/\/www.sellerlogic.com\/tr\/resources\/success-story-meinemarkenmode\/#primaryimage"},"thumbnailUrl":"https:\/\/www.sellerlogic.com\/wp-content\/uploads\/2020\/12\/MMM-Logo_2-844x154.png","datePublished":"2020-12-18T08:11:11+00:00","description":"SELLERLOGIC Lost & Found t\u00fcm FBA hatalar\u0131n\u0131 analiz ediyor. meinmarkenmode.de'nin bir tek aile evinin de\u011ferinde geri \u00f6demeler nas\u0131l ald\u0131\u011f\u0131n\u0131 buradan okuyun!","breadcrumb":{"@id":"https:\/\/www.sellerlogic.com\/tr\/resources\/success-story-meinemarkenmode\/#breadcrumb"},"inLanguage":"tr-TR","potentialAction":[{"@type":"ReadAction","target":["https:\/\/www.sellerlogic.com\/tr\/resources\/success-story-meinemarkenmode\/"]}]},{"@type":"ImageObject","inLanguage":"tr-TR","@id":"https:\/\/www.sellerlogic.com\/tr\/resources\/success-story-meinemarkenmode\/#primaryimage","url":"https:\/\/www.sellerlogic.com\/wp-content\/uploads\/2020\/12\/MMM-Logo_2-844x154.png","contentUrl":"https:\/\/www.sellerlogic.com\/wp-content\/uploads\/2020\/12\/MMM-Logo_2-844x154.png"},{"@type":"BreadcrumbList","@id":"https:\/\/www.sellerlogic.com\/tr\/resources\/success-story-meinemarkenmode\/#breadcrumb","itemListElement":[{"@type":"ListItem","position":1,"name":"Home","item":"https:\/\/www.sellerlogic.com\/tr\/"},{"@type":"ListItem","position":2,"name":"Ressourcen EN","item":"https:\/\/www.sellerlogic.com\/tr\/resources\/"},{"@type":"ListItem","position":3,"name":"Ba\u015far\u0131 Hikayesi: meinemarkenmode.de TR"}]},{"@type":"WebSite","@id":"https:\/\/www.sellerlogic.com\/tr\/#website","url":"https:\/\/www.sellerlogic.com\/tr\/","name":"SELLERLOGIC - Smarte Tools f\u00fcr Amazon-Seller","description":"Intelligente Prozessoptimierung und Gewinnmaximierung","publisher":{"@id":"https:\/\/www.sellerlogic.com\/tr\/#organization"},"potentialAction":[{"@type":"SearchAction","target":{"@type":"EntryPoint","urlTemplate":"https:\/\/www.sellerlogic.com\/tr\/?s={search_term_string}"},"query-input":{"@type":"PropertyValueSpecification","valueRequired":true,"valueName":"search_term_string"}}],"inLanguage":"tr-TR"},{"@type":"Organization","@id":"https:\/\/www.sellerlogic.com\/tr\/#organization","name":"SELLERLOGIC","url":"https:\/\/www.sellerlogic.com\/tr\/","logo":{"@type":"ImageObject","inLanguage":"tr-TR","@id":"https:\/\/www.sellerlogic.com\/tr\/#\/schema\/logo\/image\/","url":"https:\/\/d2bw95mh2ee04s.cloudfront.net\/prod\/content\/wp-content\/uploads\/2025\/01\/02134814\/Property-Logo-Main.svg","contentUrl":"https:\/\/d2bw95mh2ee04s.cloudfront.net\/prod\/content\/wp-content\/uploads\/2025\/01\/02134814\/Property-Logo-Main.svg","width":184,"height":40,"caption":"SELLERLOGIC"},"image":{"@id":"https:\/\/www.sellerlogic.com\/tr\/#\/schema\/logo\/image\/"},"sameAs":["https:\/\/www.facebook.com\/SellerLogic\/","https:\/\/x.com\/sellerlogic","https:\/\/www.instagram.com\/sellerlogic\/","https:\/\/www.linkedin.com\/company\/18402037\/","https:\/\/www.youtube.com\/channel\/UC-gULUur-fNj08sprantKsQ"]}]}},"_links":{"self":[{"href":"https:\/\/www.sellerlogic.com\/tr\/wp-json\/wp\/v2\/pages\/105708","targetHints":{"allow":["GET"]}}],"collection":[{"href":"https:\/\/www.sellerlogic.com\/tr\/wp-json\/wp\/v2\/pages"}],"about":[{"href":"https:\/\/www.sellerlogic.com\/tr\/wp-json\/wp\/v2\/types\/page"}],"author":[{"embeddable":true,"href":"https:\/\/www.sellerlogic.com\/tr\/wp-json\/wp\/v2\/users\/3"}],"replies":[{"embeddable":true,"href":"https:\/\/www.sellerlogic.com\/tr\/wp-json\/wp\/v2\/comments?post=105708"}],"version-history":[{"count":0,"href":"https:\/\/www.sellerlogic.com\/tr\/wp-json\/wp\/v2\/pages\/105708\/revisions"}],"up":[{"embeddable":true,"href":"https:\/\/www.sellerlogic.com\/tr\/wp-json\/wp\/v2\/pages\/105735"}],"wp:attachment":[{"href":"https:\/\/www.sellerlogic.com\/tr\/wp-json\/wp\/v2\/media?parent=105708"}],"curies":[{"name":"wp","href":"https:\/\/api.w.org\/{rel}","templated":true}]}}