
{"id":105717,"date":"2020-12-09T14:09:30","date_gmt":"2020-12-09T14:09:30","guid":{"rendered":"https:\/\/127.0.0.1\/resources\/download-factsheet-repricer\/"},"modified":"2020-12-09T14:09:30","modified_gmt":"2020-12-09T14:09:30","slug":"download-factsheet-repricer","status":"publish","type":"page","link":"https:\/\/www.sellerlogic.com\/tr\/resources\/download-factsheet-repricer\/","title":{"rendered":"Bilgi Sayfas\u0131n\u0131 \u0130ndir Repricer"},"content":{"rendered":"\n\t<div  class=\"theme-wp-block theme-block-main-header desktop-align-full xl-align-full lg-align-full md-align-full sm-align-full desktop-content-align-y-center desktop-content-align-x-center xl-content-align-y-center xl-content-align-x-center lg-content-align-y-center lg-content-align-x-center md-content-align-y-center md-content-align-x-center sm-content-align-y-center sm-content-align-x-center desktop-gb-has-no-icon xl-gb-has-no-icon lg-gb-has-no-icon md-gb-has-no-icon sm-gb-has-no-icon gb-responsive-537623-identifier is-style-default theme-block-cover\">\n\t\t<div class=\"bg-cover theme-lazy-load-bg\"><\/div>\n\t\t<div class=\"wrap-content-main-header\">\n\t\t\t\t\t<div  class=\"theme-wp-block theme-block-text-and-text desktop-align-wide xl-align-wide lg-align-wide md-align-wide sm-align-wide desktop-gb-has-no-icon xl-gb-has-no-icon lg-gb-has-no-icon md-gb-has-no-icon sm-gb-has-no-icon desktop-blockDirection-row xl-blockDirection-row lg-blockDirection-row md-blockDirection-row sm-blockDirection-row gb-responsive-557074-identifier alignwide\">\n\t\t<div class=\"tat-column-wrap-wrapper\">\n\t\t\t<div class=\"tat-column-wrapper\">\n\t\t\t\t\t<div  class=\"theme-wp-block theme-block-text-and-text-column desktop-gb-has-no-icon xl-gb-has-no-icon lg-gb-has-no-icon md-gb-has-no-icon sm-gb-has-no-icon gb-responsive-901442-identifier desktop-horizontal-center xl-horizontal-center lg-horizontal-center md-horizontal-center sm-horizontal-center\">\n\t\t<div class=\"inner-wrap-column-content\">\n\t\t\t<div class=\"inner-column-content\">\n\t\t\t\t\t\t<h1 id=\"block-12e198b5-f8eb-4a3c-9e0c-18467e9637af\" class=\"theme-wp-block theme-block-heading desktop-gb-has-no-icon xl-gb-has-no-icon lg-gb-has-no-icon md-gb-has-no-icon sm-gb-has-no-icon desktop-text-center xl-text-center lg-text-center md-text-center sm-text-center gb-responsive-378554-identifier h1\">\n\t\tSELLERLOGIC Repricer i\u00e7in Amazon\t<\/h1>\n\n\t\t<h2 id=\"block-12e198b5-f8eb-4a3c-9e0c-18467e9637af\" class=\"theme-wp-block theme-block-heading desktop-text-center xl-text-center lg-text-center md-text-center sm-text-center gb-responsive-844401-identifier h2\">\n\t\tDinamik, kendini \u00f6\u011frenen fiyat belirleme\t<\/h2>\n\n\t\t\t<\/div>\n\t\t<\/div>\n\t<\/div>\n\t<div  class=\"theme-wp-block theme-block-text-and-text-column desktop-gb-has-no-icon xl-gb-has-no-icon lg-gb-has-no-icon md-gb-has-no-icon sm-gb-has-no-icon gb-responsive-971381-identifier\">\n\t\t<div class=\"inner-wrap-column-content\">\n\t\t\t<div class=\"inner-column-content\">\n\t\t\t\t\t\t\t<\/div>\n\t\t<\/div>\n\t<\/div>\n\t\t\t<\/div>\n\t\t<\/div>\n\t<\/div>\n\n\t\t<\/div>\n\t<\/div>\n\n<div style=\"height:50px\" aria-hidden=\"true\" class=\"theme-wp-block wp-block-spacer\"><\/div>\t\t<div  class=\"theme-wp-block theme-block-text-and-text desktop-blockDirection-row xl-blockDirection-row lg-blockDirection-row md-blockDirection-row gb-responsive-91863-identifier sm-blockDirection-column\">\n\t\t<div class=\"tat-column-wrap-wrapper\">\n\t\t\t<div class=\"tat-column-wrapper\">\n\t\t\t\t\t<div  class=\"theme-wp-block theme-block-text-and-text-column gb-responsive-724792-identifier\">\n\t\t<div class=\"inner-wrap-column-content\">\n\t\t\t<div class=\"inner-column-content\">\n\t\t\t\t\t\t<h2  class=\"theme-wp-block theme-block-heading gb-responsive-276790-identifier is-style-default h3\">\n\t\tAmazon sat\u0131c\u0131lar\u0131 i\u00e7in ba\u015far\u0131 tarifi: Buy Box&#8217;deki en iyi fiyat\t<\/h2>\n\n<p class=\"theme-wp-block is-style-default gb-responsive-488408-identifier\">Amazon&#8217;da, 100.000 sat\u0131c\u0131, arzulanan al\u0131\u015fveri\u015f sepeti alan\u0131 (\u0130ngilizce: Buy Box) i\u00e7in rekabet ediyor. Bu sava\u015f, Amazon&#8217;un Buy Box&#8217;\u00fc belirlemek i\u00e7in kullan\u0131lan fakt\u00f6rleri a\u00e7\u0131klamad\u0131\u011f\u0131 g\u00f6z \u00f6n\u00fcne al\u0131nd\u0131\u011f\u0131nda, \u00f6zellikle \u015fiddetli bir \u015fekilde s\u00fcrd\u00fcr\u00fcl\u00fcyor.<\/p><p class=\"theme-wp-block is-style-default gb-responsive-712622-identifier\">Bir\u00e7ok fakt\u00f6r sat\u0131c\u0131n\u0131n do\u011frudan kontrol\u00fc alt\u0131nda de\u011fildir. Ancak, bir tanesi kesinlikle kontrol alt\u0131ndad\u0131r: F\u0130YAT.<\/p>\t\t<h3  class=\"theme-wp-block theme-block-heading gb-responsive-764810-identifier is-style-default h3\">\n\t\tEn d\u00fc\u015f\u00fck fiyatla de\u011fil, en optimal fiyatla\t<\/h3>\n\n<p class=\"theme-wp-block is-style-default gb-responsive-924998-identifier\">Performans durumuna ba\u011fl\u0131 olarak, SELLERLOGIC Repricer i\u00e7in Amazon \u00f6nce, Amazon sat\u0131c\u0131s\u0131n\u0131n Buy Box&#8217;\u00fc kazand\u0131\u011f\u0131 fiyat\u0131 belirler. Bu sa\u011fland\u0131ktan sonra, fiyat daha da optimize edilir. Bu \u015fekilde, Buy Box en d\u00fc\u015f\u00fck fiyatla de\u011fil, m\u00fcmk\u00fcn olan en y\u00fcksek fiyatla kazan\u0131l\u0131r.<\/p><p class=\"theme-wp-block is-style-default gb-responsive-79005-identifier\">SELLERLOGIC Repricer&#8217;yi di\u011fer fiyatland\u0131rma ara\u00e7lar\u0131ndan ay\u0131ran \u00f6zellikler ve Buy Box&#8217;\u00fc kendinize kazanman\u0131za yard\u0131mc\u0131 olabilecek stratejiler bilgi sayfam\u0131zda bulunabilir.<\/p><div class=\"theme-wp-block wp-block-buttons gb-responsive-998044-identifier is-layout-flex wp-block-buttons-is-layout-flex\"><div class=\"theme-wp-block wp-block-button gb-responsive-547103-identifier is-style-theme-blue\"><a class=\"wp-block-button__link wp-element-button\" href=\"https:\/\/d2bw95mh2ee04s.cloudfront.net\/prod\/content\/files\/FACTSHEETS\/DE\/FactSheet_Repricer.pdf\" target=\"_blank\" rel=\"noreferrer noopener nofollow\"><strong>Bilgi sayfas\u0131n\u0131 \u015fimdi indir<\/strong>!<\/a><\/div><\/div>\t\t\t<\/div>\n\t\t<\/div>\n\t<\/div>\n\t<div  class=\"theme-wp-block theme-block-text-and-text-column gb-responsive-626207-identifier\">\n\t\t<div class=\"inner-wrap-column-content\">\n\t\t\t<div class=\"inner-column-content\">\n\t\t\t\t<figure class=\"theme-wp-block wp-block-image size-large is-resized gb-responsive-773053-identifier is-style-default\"><img decoding=\"async\" width=\"476\" height=\"674\" src=\"https:\/\/d2bw95mh2ee04s.cloudfront.net\/prod\/content\/wp-content\/uploads\/2020\/12\/23140627\/factsheet_repricer.gif\" alt=\"Bilgi Sayfas\u0131n\u0131 \u0130ndir Repricer\" class=\"wp-image-4477\" style=\"width:407px;height:576px\"><\/figure>\t\t\t<\/div>\n\t\t<\/div>\n\t<\/div>\n\t\t\t<\/div>\n\t\t<\/div>\n\t<\/div>\n\n<div style=\"height:50px\" aria-hidden=\"true\" class=\"theme-wp-block wp-block-spacer\"><\/div>","protected":false},"excerpt":{"rendered":"","protected":false},"author":8,"featured_media":4489,"parent":105735,"menu_order":0,"comment_status":"closed","ping_status":"closed","template":"","meta":{"sidebar_recommended_resources":{"data":[]},"sidebar_header_settings":{"hide_buttons":{"register":false}},"_use_new_theme":false,"inline_featured_image":false,"footnotes":""},"class_list":["post-105717","page","type-page","status-publish","has-post-thumbnail","hentry"],"yoast_head":"<!-- This site is optimized with the Yoast SEO plugin v26.8 - https:\/\/yoast.com\/product\/yoast-seo-wordpress\/ -->\n<title>SELLERLOGIC - \u0130ndir Bilgi Sayfas\u0131: SELLERLOGIC Repricer i\u00e7in Amazon<\/title>\n<meta name=\"description\" content=\"K\u0131sa ve \u00f6z her \u015fey SELLERLOGIC Repricer i\u00e7in Amazon \u2013 Dinamik, kendini \u00f6\u011frenen fiyat belirleme ile Buy Box&#039;\u00fc kazanmak.\" \/>\n<meta name=\"robots\" content=\"index, follow, max-snippet:-1, max-image-preview:large, max-video-preview:-1\" \/>\n<link rel=\"canonical\" href=\"https:\/\/www.sellerlogic.com\/tr\/resources\/download-factsheet-repricer\/\" \/>\n<meta property=\"og:locale\" content=\"tr_TR\" \/>\n<meta property=\"og:type\" content=\"article\" \/>\n<meta property=\"og:title\" content=\"SELLERLOGIC - \u0130ndir Bilgi Sayfas\u0131: SELLERLOGIC Repricer i\u00e7in Amazon\" \/>\n<meta property=\"og:description\" content=\"K\u0131sa ve \u00f6z her \u015fey SELLERLOGIC Repricer i\u00e7in Amazon \u2013 Dinamik, kendini \u00f6\u011frenen fiyat belirleme ile Buy Box&#039;\u00fc kazanmak.\" \/>\n<meta property=\"og:url\" content=\"https:\/\/www.sellerlogic.com\/tr\/resources\/download-factsheet-repricer\/\" \/>\n<meta property=\"og:site_name\" content=\"SELLERLOGIC - Smarte Tools f\u00fcr Amazon-Seller\" \/>\n<meta property=\"article:publisher\" content=\"https:\/\/www.facebook.com\/SellerLogic\/\" \/>\n<meta property=\"og:image\" content=\"https:\/\/d2bw95mh2ee04s.cloudfront.net\/prod\/content\/wp-content\/uploads\/2020\/12\/23140626\/blog-min.jpg\" \/>\n\t<meta property=\"og:image:width\" content=\"844\" \/>\n\t<meta property=\"og:image:height\" content=\"302\" \/>\n\t<meta property=\"og:image:type\" content=\"image\/jpeg\" \/>\n<meta name=\"twitter:card\" content=\"summary_large_image\" \/>\n<meta name=\"twitter:site\" content=\"@sellerlogic\" \/>\n<meta name=\"twitter:label1\" content=\"Est. reading time\" \/>\n\t<meta name=\"twitter:data1\" content=\"1 minute\" \/>\n<script type=\"application\/ld+json\" class=\"yoast-schema-graph\">{\"@context\":\"https:\/\/schema.org\",\"@graph\":[{\"@type\":\"WebPage\",\"@id\":\"https:\/\/www.sellerlogic.com\/tr\/resources\/download-factsheet-repricer\/\",\"url\":\"https:\/\/www.sellerlogic.com\/tr\/resources\/download-factsheet-repricer\/\",\"name\":\"SELLERLOGIC - \u0130ndir Bilgi Sayfas\u0131: SELLERLOGIC Repricer i\u00e7in Amazon\",\"isPartOf\":{\"@id\":\"https:\/\/www.sellerlogic.com\/tr\/#website\"},\"primaryImageOfPage\":{\"@id\":\"https:\/\/www.sellerlogic.com\/tr\/resources\/download-factsheet-repricer\/#primaryimage\"},\"image\":{\"@id\":\"https:\/\/www.sellerlogic.com\/tr\/resources\/download-factsheet-repricer\/#primaryimage\"},\"thumbnailUrl\":\"https:\/\/d2bw95mh2ee04s.cloudfront.net\/prod\/content\/wp-content\/uploads\/2020\/12\/23140626\/blog-min.jpg\",\"datePublished\":\"2020-12-09T14:09:30+00:00\",\"description\":\"K\u0131sa ve \u00f6z her \u015fey SELLERLOGIC Repricer i\u00e7in Amazon \u2013 Dinamik, kendini \u00f6\u011frenen fiyat belirleme ile Buy Box'\u00fc kazanmak.\",\"breadcrumb\":{\"@id\":\"https:\/\/www.sellerlogic.com\/tr\/resources\/download-factsheet-repricer\/#breadcrumb\"},\"inLanguage\":\"tr-TR\",\"potentialAction\":[{\"@type\":\"ReadAction\",\"target\":[\"https:\/\/www.sellerlogic.com\/tr\/resources\/download-factsheet-repricer\/\"]}]},{\"@type\":\"ImageObject\",\"inLanguage\":\"tr-TR\",\"@id\":\"https:\/\/www.sellerlogic.com\/tr\/resources\/download-factsheet-repricer\/#primaryimage\",\"url\":\"https:\/\/d2bw95mh2ee04s.cloudfront.net\/prod\/content\/wp-content\/uploads\/2020\/12\/23140626\/blog-min.jpg\",\"contentUrl\":\"https:\/\/d2bw95mh2ee04s.cloudfront.net\/prod\/content\/wp-content\/uploads\/2020\/12\/23140626\/blog-min.jpg\",\"width\":844,\"height\":302},{\"@type\":\"BreadcrumbList\",\"@id\":\"https:\/\/www.sellerlogic.com\/tr\/resources\/download-factsheet-repricer\/#breadcrumb\",\"itemListElement\":[{\"@type\":\"ListItem\",\"position\":1,\"name\":\"Home\",\"item\":\"https:\/\/www.sellerlogic.com\/tr\/\"},{\"@type\":\"ListItem\",\"position\":2,\"name\":\"Ressourcen EN\",\"item\":\"https:\/\/www.sellerlogic.com\/tr\/resources\/\"},{\"@type\":\"ListItem\",\"position\":3,\"name\":\"Bilgi Sayfas\u0131n\u0131 \u0130ndir Repricer\"}]},{\"@type\":\"WebSite\",\"@id\":\"https:\/\/www.sellerlogic.com\/tr\/#website\",\"url\":\"https:\/\/www.sellerlogic.com\/tr\/\",\"name\":\"SELLERLOGIC - Smarte Tools f\u00fcr Amazon-Seller\",\"description\":\"Intelligente Prozessoptimierung und Gewinnmaximierung\",\"publisher\":{\"@id\":\"https:\/\/www.sellerlogic.com\/tr\/#organization\"},\"potentialAction\":[{\"@type\":\"SearchAction\",\"target\":{\"@type\":\"EntryPoint\",\"urlTemplate\":\"https:\/\/www.sellerlogic.com\/tr\/?s={search_term_string}\"},\"query-input\":{\"@type\":\"PropertyValueSpecification\",\"valueRequired\":true,\"valueName\":\"search_term_string\"}}],\"inLanguage\":\"tr-TR\"},{\"@type\":\"Organization\",\"@id\":\"https:\/\/www.sellerlogic.com\/tr\/#organization\",\"name\":\"SELLERLOGIC\",\"url\":\"https:\/\/www.sellerlogic.com\/tr\/\",\"logo\":{\"@type\":\"ImageObject\",\"inLanguage\":\"tr-TR\",\"@id\":\"https:\/\/www.sellerlogic.com\/tr\/#\/schema\/logo\/image\/\",\"url\":\"https:\/\/d2bw95mh2ee04s.cloudfront.net\/prod\/content\/wp-content\/uploads\/2025\/01\/02134814\/Property-Logo-Main.svg\",\"contentUrl\":\"https:\/\/d2bw95mh2ee04s.cloudfront.net\/prod\/content\/wp-content\/uploads\/2025\/01\/02134814\/Property-Logo-Main.svg\",\"width\":184,\"height\":40,\"caption\":\"SELLERLOGIC\"},\"image\":{\"@id\":\"https:\/\/www.sellerlogic.com\/tr\/#\/schema\/logo\/image\/\"},\"sameAs\":[\"https:\/\/www.facebook.com\/SellerLogic\/\",\"https:\/\/x.com\/sellerlogic\",\"https:\/\/www.instagram.com\/sellerlogic\/\",\"https:\/\/www.linkedin.com\/company\/18402037\/\",\"https:\/\/www.youtube.com\/channel\/UC-gULUur-fNj08sprantKsQ\"]}]}<\/script>\n<!-- \/ Yoast SEO plugin. -->","yoast_head_json":{"title":"SELLERLOGIC - \u0130ndir Bilgi Sayfas\u0131: SELLERLOGIC Repricer i\u00e7in Amazon","description":"K\u0131sa ve \u00f6z her \u015fey SELLERLOGIC Repricer i\u00e7in Amazon \u2013 Dinamik, kendini \u00f6\u011frenen fiyat belirleme ile Buy Box'\u00fc kazanmak.","robots":{"index":"index","follow":"follow","max-snippet":"max-snippet:-1","max-image-preview":"max-image-preview:large","max-video-preview":"max-video-preview:-1"},"canonical":"https:\/\/www.sellerlogic.com\/tr\/resources\/download-factsheet-repricer\/","og_locale":"tr_TR","og_type":"article","og_title":"SELLERLOGIC - \u0130ndir Bilgi Sayfas\u0131: SELLERLOGIC Repricer i\u00e7in Amazon","og_description":"K\u0131sa ve \u00f6z her \u015fey SELLERLOGIC Repricer i\u00e7in Amazon \u2013 Dinamik, kendini \u00f6\u011frenen fiyat belirleme ile Buy Box'\u00fc kazanmak.","og_url":"https:\/\/www.sellerlogic.com\/tr\/resources\/download-factsheet-repricer\/","og_site_name":"SELLERLOGIC - Smarte Tools f\u00fcr Amazon-Seller","article_publisher":"https:\/\/www.facebook.com\/SellerLogic\/","og_image":[{"width":844,"height":302,"url":"https:\/\/d2bw95mh2ee04s.cloudfront.net\/prod\/content\/wp-content\/uploads\/2020\/12\/23140626\/blog-min.jpg","type":"image\/jpeg"}],"twitter_card":"summary_large_image","twitter_site":"@sellerlogic","twitter_misc":{"Est. reading time":"1 minute"},"schema":{"@context":"https:\/\/schema.org","@graph":[{"@type":"WebPage","@id":"https:\/\/www.sellerlogic.com\/tr\/resources\/download-factsheet-repricer\/","url":"https:\/\/www.sellerlogic.com\/tr\/resources\/download-factsheet-repricer\/","name":"SELLERLOGIC - \u0130ndir Bilgi Sayfas\u0131: SELLERLOGIC Repricer i\u00e7in Amazon","isPartOf":{"@id":"https:\/\/www.sellerlogic.com\/tr\/#website"},"primaryImageOfPage":{"@id":"https:\/\/www.sellerlogic.com\/tr\/resources\/download-factsheet-repricer\/#primaryimage"},"image":{"@id":"https:\/\/www.sellerlogic.com\/tr\/resources\/download-factsheet-repricer\/#primaryimage"},"thumbnailUrl":"https:\/\/d2bw95mh2ee04s.cloudfront.net\/prod\/content\/wp-content\/uploads\/2020\/12\/23140626\/blog-min.jpg","datePublished":"2020-12-09T14:09:30+00:00","description":"K\u0131sa ve \u00f6z her \u015fey SELLERLOGIC Repricer i\u00e7in Amazon \u2013 Dinamik, kendini \u00f6\u011frenen fiyat belirleme ile Buy Box'\u00fc kazanmak.","breadcrumb":{"@id":"https:\/\/www.sellerlogic.com\/tr\/resources\/download-factsheet-repricer\/#breadcrumb"},"inLanguage":"tr-TR","potentialAction":[{"@type":"ReadAction","target":["https:\/\/www.sellerlogic.com\/tr\/resources\/download-factsheet-repricer\/"]}]},{"@type":"ImageObject","inLanguage":"tr-TR","@id":"https:\/\/www.sellerlogic.com\/tr\/resources\/download-factsheet-repricer\/#primaryimage","url":"https:\/\/d2bw95mh2ee04s.cloudfront.net\/prod\/content\/wp-content\/uploads\/2020\/12\/23140626\/blog-min.jpg","contentUrl":"https:\/\/d2bw95mh2ee04s.cloudfront.net\/prod\/content\/wp-content\/uploads\/2020\/12\/23140626\/blog-min.jpg","width":844,"height":302},{"@type":"BreadcrumbList","@id":"https:\/\/www.sellerlogic.com\/tr\/resources\/download-factsheet-repricer\/#breadcrumb","itemListElement":[{"@type":"ListItem","position":1,"name":"Home","item":"https:\/\/www.sellerlogic.com\/tr\/"},{"@type":"ListItem","position":2,"name":"Ressourcen EN","item":"https:\/\/www.sellerlogic.com\/tr\/resources\/"},{"@type":"ListItem","position":3,"name":"Bilgi Sayfas\u0131n\u0131 \u0130ndir Repricer"}]},{"@type":"WebSite","@id":"https:\/\/www.sellerlogic.com\/tr\/#website","url":"https:\/\/www.sellerlogic.com\/tr\/","name":"SELLERLOGIC - Smarte Tools f\u00fcr Amazon-Seller","description":"Intelligente Prozessoptimierung und Gewinnmaximierung","publisher":{"@id":"https:\/\/www.sellerlogic.com\/tr\/#organization"},"potentialAction":[{"@type":"SearchAction","target":{"@type":"EntryPoint","urlTemplate":"https:\/\/www.sellerlogic.com\/tr\/?s={search_term_string}"},"query-input":{"@type":"PropertyValueSpecification","valueRequired":true,"valueName":"search_term_string"}}],"inLanguage":"tr-TR"},{"@type":"Organization","@id":"https:\/\/www.sellerlogic.com\/tr\/#organization","name":"SELLERLOGIC","url":"https:\/\/www.sellerlogic.com\/tr\/","logo":{"@type":"ImageObject","inLanguage":"tr-TR","@id":"https:\/\/www.sellerlogic.com\/tr\/#\/schema\/logo\/image\/","url":"https:\/\/d2bw95mh2ee04s.cloudfront.net\/prod\/content\/wp-content\/uploads\/2025\/01\/02134814\/Property-Logo-Main.svg","contentUrl":"https:\/\/d2bw95mh2ee04s.cloudfront.net\/prod\/content\/wp-content\/uploads\/2025\/01\/02134814\/Property-Logo-Main.svg","width":184,"height":40,"caption":"SELLERLOGIC"},"image":{"@id":"https:\/\/www.sellerlogic.com\/tr\/#\/schema\/logo\/image\/"},"sameAs":["https:\/\/www.facebook.com\/SellerLogic\/","https:\/\/x.com\/sellerlogic","https:\/\/www.instagram.com\/sellerlogic\/","https:\/\/www.linkedin.com\/company\/18402037\/","https:\/\/www.youtube.com\/channel\/UC-gULUur-fNj08sprantKsQ"]}]}},"_links":{"self":[{"href":"https:\/\/www.sellerlogic.com\/tr\/wp-json\/wp\/v2\/pages\/105717","targetHints":{"allow":["GET"]}}],"collection":[{"href":"https:\/\/www.sellerlogic.com\/tr\/wp-json\/wp\/v2\/pages"}],"about":[{"href":"https:\/\/www.sellerlogic.com\/tr\/wp-json\/wp\/v2\/types\/page"}],"author":[{"embeddable":true,"href":"https:\/\/www.sellerlogic.com\/tr\/wp-json\/wp\/v2\/users\/8"}],"replies":[{"embeddable":true,"href":"https:\/\/www.sellerlogic.com\/tr\/wp-json\/wp\/v2\/comments?post=105717"}],"version-history":[{"count":0,"href":"https:\/\/www.sellerlogic.com\/tr\/wp-json\/wp\/v2\/pages\/105717\/revisions"}],"up":[{"embeddable":true,"href":"https:\/\/www.sellerlogic.com\/tr\/wp-json\/wp\/v2\/pages\/105735"}],"wp:featuredmedia":[{"embeddable":true,"href":"https:\/\/www.sellerlogic.com\/tr\/wp-json\/wp\/v2\/media\/4489"}],"wp:attachment":[{"href":"https:\/\/www.sellerlogic.com\/tr\/wp-json\/wp\/v2\/media?parent=105717"}],"curies":[{"name":"wp","href":"https:\/\/api.w.org\/{rel}","templated":true}]}}