
{"id":105738,"date":"2020-12-21T22:08:33","date_gmt":"2020-12-21T22:08:33","guid":{"rendered":"https:\/\/127.0.0.1\/resources\/success-story-fj-trading\/"},"modified":"2020-12-21T22:08:33","modified_gmt":"2020-12-21T22:08:33","slug":"success-story-fj-trading","status":"publish","type":"page","link":"https:\/\/www.sellerlogic.com\/tr\/resources\/success-story-fj-trading\/","title":{"rendered":"Ba\u015far\u0131 Hikayesi: FJ Trading TR"},"content":{"rendered":"\n\t<div  class=\"theme-wp-block theme-block-main-header is-style-full-height desktop-content-align-y-center desktop-content-align-x-center xl-content-align-y-center xl-content-align-x-center lg-content-align-y-center lg-content-align-x-center md-content-align-y-center md-content-align-x-center sm-content-align-y-center sm-content-align-x-center gb-responsive-853195-identifier desktop-align-full xl-align-full lg-align-full md-align-full sm-align-full theme-block-cover\">\n\t\t<div class=\"bg-cover theme-lazy-load-bg\"><\/div>\n\t\t<div class=\"wrap-content-main-header\">\n\t\t\t\t\t<div  class=\"theme-wp-block theme-block-text-and-text gb-responsive-170032-identifier desktop-vertical-center xl-vertical-center lg-vertical-center md-vertical-center sm-vertical-center md-blockDirection-column sm-blockDirection-column desktop-blockDirection-column xl-blockDirection-column lg-blockDirection-column alignfull\">\n\t\t<div class=\"tat-column-wrap-wrapper\">\n\t\t\t<div class=\"tat-column-wrapper\">\n\t\t\t\t\t<div  class=\"theme-wp-block theme-block-text-and-text-column gb-responsive-644092-identifier md-horizontal-center desktop-horizontal-right sm-horizontal-center xl-horizontal-center lg-horizontal-center\">\n\t\t<div class=\"inner-wrap-column-content\">\n\t\t\t<div class=\"inner-column-content\">\n\t\t\t\t\t\t<h1  class=\"theme-wp-block theme-block-heading gb-responsive-482560-identifier desktop-text-center xl-text-center lg-text-center md-text-center sm-text-center h1\">\n\t\tDaha fazla Buy Box, daha fazla ciro!\t<\/h1>\n\n\t\t<h2  class=\"theme-wp-block theme-block-heading gb-responsive-539815-identifier desktop-text-center xl-text-center lg-text-center md-text-center sm-text-center desktop-gb-has-no-icon xl-gb-has-no-icon lg-gb-has-no-icon md-gb-has-no-icon sm-gb-has-no-icon h1\">\n\t\tFJ Trading, Buy Box y\u00fczdesini ve ciroyu SELLERLOGIC ile nas\u0131l art\u0131r\u0131yor!\t<\/h2>\n\n\t\t\t<\/div>\n\t\t<\/div>\n\t<\/div>\n\t<div  class=\"theme-wp-block theme-block-text-and-text-column gb-responsive-840598-identifier desktop-horizontal-center xl-horizontal-center lg-horizontal-center md-horizontal-center sm-horizontal-center\">\n\t\t<div class=\"inner-wrap-column-content\">\n\t\t\t<div class=\"inner-column-content\">\n\t\t\t\t\t\t\t<\/div>\n\t\t<\/div>\n\t<\/div>\n\t\t\t<\/div>\n\t\t<\/div>\n\t<\/div>\n\n\t\t<\/div>\n\t<\/div>\n\n<div style=\"height:50px\" aria-hidden=\"true\" class=\"theme-wp-block wp-block-spacer\"><\/div><div class=\"theme-wp-block wp-block-columns gb-responsive-492868-identifier is-layout-flex wp-container-core-columns-is-layout-9d6595d7 wp-block-columns-is-layout-flex\"><div class=\"theme-wp-block wp-block-column gb-responsive-633979-identifier is-layout-flow wp-block-column-is-layout-flow\" style=\"flex-basis:25%\"><figure class=\"theme-wp-block wp-block-image size-large is-resized gb-responsive-62921-identifier\"><img decoding=\"async\" src=\"https:\/\/d2bw95mh2ee04s.cloudfront.net\/prod\/content\/wp-content\/uploads\/2020\/12\/23142716\/fj-trading-logo.jpg\" alt=\"Ba\u015far\u0131 Hikayesi: FJ Trading TR\" class=\"wp-image-5127\" width=\"300\" height=\"167\"><\/figure><p class=\"theme-wp-block gb-responsive-312552-identifier\"><strong><strong>Kurulu\u015f<\/strong>:<\/strong><br>2013<\/p><p class=\"theme-wp-block gb-responsive-353708-identifier\"><strong><strong>Sekt\u00f6r<\/strong>:<\/strong><br>Ayakkab\u0131lar<\/p><p class=\"theme-wp-block gb-responsive-741269-identifier\"><strong><strong>Amazon&#8217;daki \u00dcr\u00fcnler:\u00a0<\/strong><\/strong><br>yakla\u015f\u0131k 100.000 SKU<\/p><p class=\"theme-wp-block gb-responsive-218030-identifier\"><strong><strong>G\u00f6nderimler<\/strong>:\u00a0<\/strong><br>ayda yakla\u015f\u0131k 50.000<\/p><\/div><div class=\"theme-wp-block wp-block-column gb-responsive-243785-identifier is-layout-flow wp-block-column-is-layout-flow\" style=\"flex-basis:50%\"><h3 class=\"theme-wp-block wp-block-heading gb-responsive-34353-identifier\" id=\"block-c06fce04-ef87-4ffc-a3d6-b768ba377d17\">Arka plan:<\/h3><p class=\"theme-wp-block gb-responsive-710769-identifier desktop-gb-has-no-icon xl-gb-has-no-icon lg-gb-has-no-icon md-gb-has-no-icon sm-gb-has-no-icon\">Frank Jemetz, 2004 y\u0131l\u0131ndan beri \u00e7evrimi\u00e7i pazarlar d\u00fcnyas\u0131nda aktif olarak sat\u0131\u015f yapmaktad\u0131r. Ba\u015flang\u0131\u00e7ta bu, esasen eBay arac\u0131l\u0131\u011f\u0131yla yap\u0131lm\u0131\u015ft\u0131, ancak \u015fimdi Amazon&#8217;a kayd\u0131rd\u0131. &#8220;Bir\u00e7ok \u00fcr\u00fcnle denemeler yapt\u0131k,&#8221; diyor CEO bug\u00fcn. &#8220;\u015ei\u015fme botlardan s\u00fct k\u00f6p\u00fcrt\u00fcc\u00fclerine kadar.&#8221; Frank daha sonra Adidas spor ayakkab\u0131lar\u0131n\u0131 portf\u00f6y\u00fcne eklemeye karar verdi. &#8220;Ve bir \u015fekilde bu ger\u00e7ekten iyi tuttu.&#8221; Bug\u00fcn, FJ Trading esasen \u00e7evrimi\u00e7i pazarlar arac\u0131l\u0131\u011f\u0131yla ayakkab\u0131 satmakta ve bunu giderek artan bir ba\u015far\u0131yla yapmaktad\u0131r.<\/p><h3 class=\"theme-wp-block wp-block-heading gb-responsive-182281-identifier desktop-gb-has-no-icon xl-gb-has-no-icon lg-gb-has-no-icon md-gb-has-no-icon sm-gb-has-no-icon\">Starting Out:<\/h3><p class=\"theme-wp-block gb-responsive-318425-identifier desktop-gb-has-no-icon xl-gb-has-no-icon lg-gb-has-no-icon md-gb-has-no-icon sm-gb-has-no-icon\">Frank&#8217;a g\u00f6re, FJ Trading bug\u00fcn Amazon olmadan ve her ay \u00e7evrimi\u00e7i pazar\u0131 ziyaret eden imkans\u0131z derecede y\u00fcksek al\u0131c\u0131 say\u0131s\u0131 olmadan var olamazd\u0131. &#8220;Ancak perakendede rekabet bask\u0131s\u0131 \u00f6zellikle \u015fiddetli. Fiyatlar\u0131n sat\u0131n alma fiyat\u0131n\u0131n alt\u0131na d\u00fc\u015fmesi al\u0131\u015f\u0131lmad\u0131k bir durum de\u011fil.&#8221;<\/p><p class=\"theme-wp-block gb-responsive-730648-identifier desktop-gb-has-no-icon xl-gb-has-no-icon lg-gb-has-no-icon md-gb-has-no-icon sm-gb-has-no-icon\">Ancak, \u015firketin para kaybetti\u011fi bir anla\u015fma yapmak Frank i\u00e7in s\u00f6z konusu de\u011fil. &#8220;Ayn\u0131 zamanda, Amazon&#8217;da kalmam\u0131z gerekti\u011fini biliyorduk, \u00e7\u00fcnk\u00fc bu \u2013 ve hala \u2013 en \u00f6nemli sat\u0131\u015f platformumuzdu.&#8221; Farkl\u0131 bir stratejinin gerekli oldu\u011fu a\u00e7\u0131kt\u0131. &#8220;\u0130yi bir marj elde etmeyi kapatman\u0131n \u00f6nceli\u011fi haline getirirseniz, uzun vadede ayakta kalamazs\u0131n\u0131z.&#8221; FJ Trading, fiyatlar\u0131n\u0131 dinamik olarak ve do\u011frudan rekabetlerine yan\u0131t olarak optimize etmenin bir yoluna ihtiya\u00e7 duyuyordu. Ancak yakla\u015f\u0131k 100.000 SKU ile manuel i\u015flemenin art\u0131k bir se\u00e7enek olmad\u0131\u011f\u0131 h\u0131zla ortaya \u00e7\u0131kt\u0131. Bu noktada, otomatik bir araca ihtiya\u00e7 vard\u0131.<\/p><h3 class=\"theme-wp-block wp-block-heading gb-responsive-115756-identifier\">Solution:<\/h3><p class=\"theme-wp-block gb-responsive-49178-identifier desktop-gb-has-no-icon xl-gb-has-no-icon lg-gb-has-no-icon md-gb-has-no-icon sm-gb-has-no-icon\">&#8220;Bir yeniden fiyatland\u0131rma arac\u0131 olmadan hi\u00e7bir \u015fey yapamazs\u0131n\u0131z,&#8221; diye ilan ediyor Frank. &#8220;_SELLERLOGIC_ _Repricer_ kullanmaya ba\u015flad\u0131\u011f\u0131m\u0131zdan beri, _Buy Box_ \u00fcr\u00fcnlerimizin pay\u0131 \u00f6nemli \u00f6l\u00e7\u00fcde artt\u0131.&#8221; \u00d6zellikle _Buy Box_ stratejisinin entegrasyonu, FJ Trading&#8217;in karar\u0131nda \u00f6nemli bir fakt\u00f6rd\u00fc: &#8220;Daha \u00f6nce ba\u015fka bir sa\u011flay\u0131c\u0131 ile \u00e7al\u0131\u015ft\u0131k, ancak ara\u00e7 _Buy Box_ i\u00e7in \u00f6zel olarak optimize etmedi.&#8221; Programlanm\u0131\u015f bir yeniden fiyatland\u0131r\u0131c\u0131 bile istenen sonu\u00e7lar\u0131 elde edemedi \u00e7\u00fcnk\u00fc gerekli \u00e7aba \u00e7ok y\u00fcksekti.<\/p><div class=\"theme-block-group-wrap\"><div class=\"theme-wp-block wp-block-group gb-responsive-88118-identifier\">\t\t<div  class=\"theme-wp-block theme-block-user-card gb-responsive-799176-identifier is-style-full-width-line desktop-gb-has-no-icon xl-gb-has-no-icon lg-gb-has-no-icon md-gb-has-no-icon sm-gb-has-no-icon\">\n\t\t<div class=\"wrap-inner-content\">\n\t\t\t<div class=\"card-user-head\">\n\t\t\t\t<div class=\"card-user-avatar\">\n\t\t\t\t\t<div class=\"cover-avatar\" style=\"background-image: url(https:\/\/d2bw95mh2ee04s.cloudfront.net\/prod\/content\/wp-content\/uploads\/2020\/12\/23142717\/frank-jemetz.png);\"><\/div>\n\t\t\t\t<\/div>\n\t\t\t\t<div class=\"wrap-title\">\n\t\t\t\t\t<div class=\"card-user-name\">\n\t\t\t\t\t\t<div class=\"title\">\n\t\t\t\t\t\t\t<h3 class=\"heading-text\"><strong>Frank Jemetz<\/strong><\/h3>\n\t\t\t\t\t\t<\/div>\n\t\t\t\t\t\t<div class=\"card-user-position\">\n\t\t\t\t\t\t\t<div class=\"card-text\"><strong>CEO FJ Trading<\/strong><\/div>\n\t\t\t\t\t\t<\/div>\n\t\t\t\t\t<\/div>\n\t\t\t\t\t<div class=\"card-user-quote-icon\">\n\t\t\t\t\t<\/div>\n\t\t\t\t<\/div>\n\t\t\t<\/div>\n\t\t\t<div class=\"card-user-text\">\n\t\t\t\t<div class=\"card-text\"><p>_Buy Box_ stratejisi, minimum manuel \u00e7aba gerektirmesi, d\u00fc\u015f\u00fck hata oran\u0131 ve _Repricer_&#8217;nin m\u00fckemmel \u00e7al\u0131\u015fmas\u0131, _SELLERLOGIC_ \u00fcr\u00fcnleri i\u00e7in konu\u015fuyor!<\/p><\/div>\n\t\t\t<\/div>\n\t\t<\/div>\n\t<\/div>\n\n<\/div><\/div><h3 class=\"theme-wp-block wp-block-heading gb-responsive-595368-identifier desktop-gb-has-no-icon xl-gb-has-no-icon lg-gb-has-no-icon md-gb-has-no-icon sm-gb-has-no-icon\">Successful Results with SELLERLOGIC:<\/h3><p class=\"theme-wp-block gb-responsive-439964-identifier desktop-gb-has-no-icon xl-gb-has-no-icon lg-gb-has-no-icon md-gb-has-no-icon sm-gb-has-no-icon\">SELLERLOGIC&#8217;n\u0131n Repricer&#8217;si farkl\u0131 \u00e7al\u0131\u015f\u0131yor: &#8220;Kurallar\u0131 tan\u0131mlad\u0131ktan sonra, sonras\u0131nda hi\u00e7bir \u015fey i\u00e7in endi\u015felenmeme gerek yok.&#8221; Otomatik ithalatlar sayesinde, kurulum \u00e7ok kolayd\u0131 ve Repricer&#8217;nin sonu\u00e7lar\u0131 da ikna ediciydi: &#8220;_Buy Box_ kotas\u0131 \u00e7ok iyi. Ayr\u0131ca, m\u00fc\u015fteri hizmetleri m\u00fckemmel ve ara\u00e7 s\u00fcrekli olarak geli\u015ftiriliyor.&#8221;<\/p><p class=\"theme-wp-block gb-responsive-668364-identifier\">&#8221; Ayr\u0131ca, SELLERLOGIC Repricer y\u00fcksek eri\u015filebilirli\u011fe sahip. Hatalar \u00e7ok nadirdir ve h\u0131zl\u0131 bir \u015fekilde \u00e7\u00f6z\u00fcl\u00fcr,&#8221; diyor Frank Jemetz. &#8220;Sistemin belirlenen bir minimum fiyat\u0131n alt\u0131na d\u00fc\u015fmemesi de \u00f6nemlidir. &#8220;Amazon&#8217;daki fiyat sava\u015f\u0131n\u0131 k\u00f6r\u00fcklemek istemiyoruz. SELLERLOGIC ile buna g\u00fcvenebiliriz!&#8221;<\/p><p class=\"theme-wp-block gb-responsive-697003-identifier desktop-gb-has-no-icon xl-gb-has-no-icon lg-gb-has-no-icon md-gb-has-no-icon sm-gb-has-no-icon\">Frank, SELLERLOGIC&#8217;n\u0131n Repricer&#8217;sinden tamamen memnun: &#8220;Sadece minimum manuel \u00e7aba gerektiren _Buy Box_ stratejisi ve d\u00fc\u015f\u00fck hata oran\u0131 zaten SELLERLOGIC i\u00e7in konu\u015fuyor. Ama en \u00f6nemlisi: Repricer tam anlam\u0131yla bir r\u00fcya gibi \u00e7al\u0131\u015f\u0131yor!&#8221;<\/p><div class=\"theme-wp-block wp-block-buttons gb-responsive-497426-identifier is-layout-flex wp-block-buttons-is-layout-flex\"><div class=\"theme-wp-block wp-block-button gb-responsive-38220-identifier is-style-theme-transparent-with-arrow\"><a class=\"wp-block-button__link wp-element-button\" href=\"https:\/\/d2bw95mh2ee04s.cloudfront.net\/prod\/content\/files\/SUCCESS-STORIES\/EN\/SELLERLOGIC_SN_Success-Story_FJ-Trading_EN.pdf\" target=\"_blank\" rel=\"noreferrer noopener nofollow\">\u015eimdi indir!<\/a><\/div><\/div><\/div><div class=\"theme-wp-block wp-block-column gb-responsive-252189-identifier is-layout-flow wp-block-column-is-layout-flow\" style=\"flex-basis:25%\"><\/div><\/div><p class=\"theme-wp-block gb-responsive-527070-identifier\"><\/p>","protected":false},"excerpt":{"rendered":"<p>Kurulu\u015f:2013 Sekt\u00f6r:Ayakkab\u0131lar Amazon&#8217;daki \u00dcr\u00fcnler:\u00a0yakla\u015f\u0131k 100.000 SKU G\u00f6nderimler:\u00a0ayda yakla\u015f\u0131k 50.000 Arka plan: Frank Jemetz, 2004 y\u0131l\u0131ndan beri \u00e7evrimi\u00e7i pazarlar d\u00fcnyas\u0131nda aktif olarak sat\u0131\u015f yapmaktad\u0131r. Ba\u015flang\u0131\u00e7ta bu, esasen eBay arac\u0131l\u0131\u011f\u0131yla yap\u0131lm\u0131\u015ft\u0131, ancak \u015fimdi Amazon&#8217;a kayd\u0131rd\u0131. &#8220;Bir\u00e7ok \u00fcr\u00fcnle denemeler yapt\u0131k,&#8221; diyor CEO bug\u00fcn. &#8220;\u015ei\u015fme botlardan s\u00fct k\u00f6p\u00fcrt\u00fcc\u00fclerine kadar.&#8221; Frank daha sonra Adidas spor ayakkab\u0131lar\u0131n\u0131 portf\u00f6y\u00fcne eklemeye karar verdi.<\/p>\n","protected":false},"author":8,"featured_media":5113,"parent":105735,"menu_order":0,"comment_status":"closed","ping_status":"closed","template":"","meta":{"sidebar_recommended_resources":{"data":[]},"sidebar_header_settings":{"hide_buttons":{"register":false}},"_use_new_theme":false,"inline_featured_image":false,"footnotes":""},"class_list":["post-105738","page","type-page","status-publish","has-post-thumbnail","hentry"],"yoast_head":"<!-- This site is optimized with the Yoast SEO plugin v26.8 - https:\/\/yoast.com\/product\/yoast-seo-wordpress\/ -->\n<title>More _Buy Box_, more Turnover \u2013 with the SELLERLOGIC Repricer<\/title>\n<meta name=\"description\" content=\"Amazon i\u00e7in SELLERLOGIC Repricer _Buy Box_&#039;\u00fc kazan\u0131r ve sat\u0131\u015flar\u0131n\u0131z\u0131 art\u0131r\u0131r. M\u00fc\u015fterimiz FJ Trading bunu do\u011frulayabilir. \u015eimdi daha fazla bilgi edinin!\" \/>\n<meta name=\"robots\" content=\"index, follow, max-snippet:-1, max-image-preview:large, max-video-preview:-1\" \/>\n<link rel=\"canonical\" href=\"https:\/\/www.sellerlogic.com\/tr\/resources\/success-story-fj-trading\/\" \/>\n<meta property=\"og:locale\" content=\"tr_TR\" \/>\n<meta property=\"og:type\" content=\"article\" \/>\n<meta property=\"og:title\" content=\"More _Buy Box_, more Turnover \u2013 with the SELLERLOGIC Repricer\" \/>\n<meta property=\"og:description\" content=\"Amazon i\u00e7in SELLERLOGIC Repricer _Buy Box_&#039;\u00fc kazan\u0131r ve sat\u0131\u015flar\u0131n\u0131z\u0131 art\u0131r\u0131r. M\u00fc\u015fterimiz FJ Trading bunu do\u011frulayabilir. \u015eimdi daha fazla bilgi edinin!\" \/>\n<meta property=\"og:url\" content=\"https:\/\/www.sellerlogic.com\/tr\/resources\/success-story-fj-trading\/\" \/>\n<meta property=\"og:site_name\" content=\"SELLERLOGIC - Smarte Tools f\u00fcr Amazon-Seller\" \/>\n<meta property=\"article:publisher\" content=\"https:\/\/www.facebook.com\/SellerLogic\/\" \/>\n<meta property=\"og:image\" content=\"http:\/\/d2bw95mh2ee04s.cloudfront.net\/prod\/content\/wp-content\/uploads\/2020\/12\/23142717\/header-success-story-fj-trading.jpg\" \/>\n\t<meta property=\"og:image:width\" content=\"2500\" \/>\n\t<meta property=\"og:image:height\" content=\"1667\" \/>\n\t<meta property=\"og:image:type\" content=\"image\/jpeg\" \/>\n<meta name=\"twitter:card\" content=\"summary_large_image\" \/>\n<meta name=\"twitter:site\" content=\"@sellerlogic\" \/>\n<meta name=\"twitter:label1\" content=\"Est. reading time\" \/>\n\t<meta name=\"twitter:data1\" content=\"3 minutes\" \/>\n<script type=\"application\/ld+json\" class=\"yoast-schema-graph\">{\"@context\":\"https:\/\/schema.org\",\"@graph\":[{\"@type\":\"WebPage\",\"@id\":\"https:\/\/www.sellerlogic.com\/tr\/resources\/success-story-fj-trading\/\",\"url\":\"https:\/\/www.sellerlogic.com\/tr\/resources\/success-story-fj-trading\/\",\"name\":\"More _Buy Box_, more Turnover \u2013 with the SELLERLOGIC Repricer\",\"isPartOf\":{\"@id\":\"https:\/\/www.sellerlogic.com\/tr\/#website\"},\"primaryImageOfPage\":{\"@id\":\"https:\/\/www.sellerlogic.com\/tr\/resources\/success-story-fj-trading\/#primaryimage\"},\"image\":{\"@id\":\"https:\/\/www.sellerlogic.com\/tr\/resources\/success-story-fj-trading\/#primaryimage\"},\"thumbnailUrl\":\"https:\/\/d2bw95mh2ee04s.cloudfront.net\/prod\/content\/wp-content\/uploads\/2020\/12\/23142717\/header-success-story-fj-trading.jpg\",\"datePublished\":\"2020-12-21T22:08:33+00:00\",\"description\":\"Amazon i\u00e7in SELLERLOGIC Repricer _Buy Box_'\u00fc kazan\u0131r ve sat\u0131\u015flar\u0131n\u0131z\u0131 art\u0131r\u0131r. M\u00fc\u015fterimiz FJ Trading bunu do\u011frulayabilir. \u015eimdi daha fazla bilgi edinin!\",\"breadcrumb\":{\"@id\":\"https:\/\/www.sellerlogic.com\/tr\/resources\/success-story-fj-trading\/#breadcrumb\"},\"inLanguage\":\"tr-TR\",\"potentialAction\":[{\"@type\":\"ReadAction\",\"target\":[\"https:\/\/www.sellerlogic.com\/tr\/resources\/success-story-fj-trading\/\"]}]},{\"@type\":\"ImageObject\",\"inLanguage\":\"tr-TR\",\"@id\":\"https:\/\/www.sellerlogic.com\/tr\/resources\/success-story-fj-trading\/#primaryimage\",\"url\":\"https:\/\/d2bw95mh2ee04s.cloudfront.net\/prod\/content\/wp-content\/uploads\/2020\/12\/23142717\/header-success-story-fj-trading.jpg\",\"contentUrl\":\"https:\/\/d2bw95mh2ee04s.cloudfront.net\/prod\/content\/wp-content\/uploads\/2020\/12\/23142717\/header-success-story-fj-trading.jpg\",\"width\":2500,\"height\":1667},{\"@type\":\"BreadcrumbList\",\"@id\":\"https:\/\/www.sellerlogic.com\/tr\/resources\/success-story-fj-trading\/#breadcrumb\",\"itemListElement\":[{\"@type\":\"ListItem\",\"position\":1,\"name\":\"Home\",\"item\":\"https:\/\/www.sellerlogic.com\/tr\/\"},{\"@type\":\"ListItem\",\"position\":2,\"name\":\"Ressourcen EN\",\"item\":\"https:\/\/127.0.0.1\/de\/ressourcen\/\"},{\"@type\":\"ListItem\",\"position\":3,\"name\":\"Ba\u015far\u0131 Hikayesi: FJ Trading TR\"}]},{\"@type\":\"WebSite\",\"@id\":\"https:\/\/www.sellerlogic.com\/tr\/#website\",\"url\":\"https:\/\/www.sellerlogic.com\/tr\/\",\"name\":\"SELLERLOGIC - Smarte Tools f\u00fcr Amazon-Seller\",\"description\":\"Intelligente Prozessoptimierung und Gewinnmaximierung\",\"publisher\":{\"@id\":\"https:\/\/www.sellerlogic.com\/tr\/#organization\"},\"potentialAction\":[{\"@type\":\"SearchAction\",\"target\":{\"@type\":\"EntryPoint\",\"urlTemplate\":\"https:\/\/www.sellerlogic.com\/tr\/?s={search_term_string}\"},\"query-input\":{\"@type\":\"PropertyValueSpecification\",\"valueRequired\":true,\"valueName\":\"search_term_string\"}}],\"inLanguage\":\"tr-TR\"},{\"@type\":\"Organization\",\"@id\":\"https:\/\/www.sellerlogic.com\/tr\/#organization\",\"name\":\"SELLERLOGIC\",\"url\":\"https:\/\/www.sellerlogic.com\/tr\/\",\"logo\":{\"@type\":\"ImageObject\",\"inLanguage\":\"tr-TR\",\"@id\":\"https:\/\/www.sellerlogic.com\/tr\/#\/schema\/logo\/image\/\",\"url\":\"https:\/\/d2bw95mh2ee04s.cloudfront.net\/prod\/content\/wp-content\/uploads\/2025\/01\/02134814\/Property-Logo-Main.svg\",\"contentUrl\":\"https:\/\/d2bw95mh2ee04s.cloudfront.net\/prod\/content\/wp-content\/uploads\/2025\/01\/02134814\/Property-Logo-Main.svg\",\"width\":184,\"height\":40,\"caption\":\"SELLERLOGIC\"},\"image\":{\"@id\":\"https:\/\/www.sellerlogic.com\/tr\/#\/schema\/logo\/image\/\"},\"sameAs\":[\"https:\/\/www.facebook.com\/SellerLogic\/\",\"https:\/\/x.com\/sellerlogic\",\"https:\/\/www.instagram.com\/sellerlogic\/\",\"https:\/\/www.linkedin.com\/company\/18402037\/\",\"https:\/\/www.youtube.com\/channel\/UC-gULUur-fNj08sprantKsQ\"]}]}<\/script>\n<!-- \/ Yoast SEO plugin. -->","yoast_head_json":{"title":"More _Buy Box_, more Turnover \u2013 with the SELLERLOGIC Repricer","description":"Amazon i\u00e7in SELLERLOGIC Repricer _Buy Box_'\u00fc kazan\u0131r ve sat\u0131\u015flar\u0131n\u0131z\u0131 art\u0131r\u0131r. M\u00fc\u015fterimiz FJ Trading bunu do\u011frulayabilir. \u015eimdi daha fazla bilgi edinin!","robots":{"index":"index","follow":"follow","max-snippet":"max-snippet:-1","max-image-preview":"max-image-preview:large","max-video-preview":"max-video-preview:-1"},"canonical":"https:\/\/www.sellerlogic.com\/tr\/resources\/success-story-fj-trading\/","og_locale":"tr_TR","og_type":"article","og_title":"More _Buy Box_, more Turnover \u2013 with the SELLERLOGIC Repricer","og_description":"Amazon i\u00e7in SELLERLOGIC Repricer _Buy Box_'\u00fc kazan\u0131r ve sat\u0131\u015flar\u0131n\u0131z\u0131 art\u0131r\u0131r. M\u00fc\u015fterimiz FJ Trading bunu do\u011frulayabilir. \u015eimdi daha fazla bilgi edinin!","og_url":"https:\/\/www.sellerlogic.com\/tr\/resources\/success-story-fj-trading\/","og_site_name":"SELLERLOGIC - Smarte Tools f\u00fcr Amazon-Seller","article_publisher":"https:\/\/www.facebook.com\/SellerLogic\/","og_image":[{"width":2500,"height":1667,"url":"http:\/\/d2bw95mh2ee04s.cloudfront.net\/prod\/content\/wp-content\/uploads\/2020\/12\/23142717\/header-success-story-fj-trading.jpg","type":"image\/jpeg"}],"twitter_card":"summary_large_image","twitter_site":"@sellerlogic","twitter_misc":{"Est. reading time":"3 minutes"},"schema":{"@context":"https:\/\/schema.org","@graph":[{"@type":"WebPage","@id":"https:\/\/www.sellerlogic.com\/tr\/resources\/success-story-fj-trading\/","url":"https:\/\/www.sellerlogic.com\/tr\/resources\/success-story-fj-trading\/","name":"More _Buy Box_, more Turnover \u2013 with the SELLERLOGIC Repricer","isPartOf":{"@id":"https:\/\/www.sellerlogic.com\/tr\/#website"},"primaryImageOfPage":{"@id":"https:\/\/www.sellerlogic.com\/tr\/resources\/success-story-fj-trading\/#primaryimage"},"image":{"@id":"https:\/\/www.sellerlogic.com\/tr\/resources\/success-story-fj-trading\/#primaryimage"},"thumbnailUrl":"https:\/\/d2bw95mh2ee04s.cloudfront.net\/prod\/content\/wp-content\/uploads\/2020\/12\/23142717\/header-success-story-fj-trading.jpg","datePublished":"2020-12-21T22:08:33+00:00","description":"Amazon i\u00e7in SELLERLOGIC Repricer _Buy Box_'\u00fc kazan\u0131r ve sat\u0131\u015flar\u0131n\u0131z\u0131 art\u0131r\u0131r. M\u00fc\u015fterimiz FJ Trading bunu do\u011frulayabilir. \u015eimdi daha fazla bilgi edinin!","breadcrumb":{"@id":"https:\/\/www.sellerlogic.com\/tr\/resources\/success-story-fj-trading\/#breadcrumb"},"inLanguage":"tr-TR","potentialAction":[{"@type":"ReadAction","target":["https:\/\/www.sellerlogic.com\/tr\/resources\/success-story-fj-trading\/"]}]},{"@type":"ImageObject","inLanguage":"tr-TR","@id":"https:\/\/www.sellerlogic.com\/tr\/resources\/success-story-fj-trading\/#primaryimage","url":"https:\/\/d2bw95mh2ee04s.cloudfront.net\/prod\/content\/wp-content\/uploads\/2020\/12\/23142717\/header-success-story-fj-trading.jpg","contentUrl":"https:\/\/d2bw95mh2ee04s.cloudfront.net\/prod\/content\/wp-content\/uploads\/2020\/12\/23142717\/header-success-story-fj-trading.jpg","width":2500,"height":1667},{"@type":"BreadcrumbList","@id":"https:\/\/www.sellerlogic.com\/tr\/resources\/success-story-fj-trading\/#breadcrumb","itemListElement":[{"@type":"ListItem","position":1,"name":"Home","item":"https:\/\/www.sellerlogic.com\/tr\/"},{"@type":"ListItem","position":2,"name":"Ressourcen EN","item":"https:\/\/127.0.0.1\/de\/ressourcen\/"},{"@type":"ListItem","position":3,"name":"Ba\u015far\u0131 Hikayesi: FJ Trading TR"}]},{"@type":"WebSite","@id":"https:\/\/www.sellerlogic.com\/tr\/#website","url":"https:\/\/www.sellerlogic.com\/tr\/","name":"SELLERLOGIC - Smarte Tools f\u00fcr Amazon-Seller","description":"Intelligente Prozessoptimierung und Gewinnmaximierung","publisher":{"@id":"https:\/\/www.sellerlogic.com\/tr\/#organization"},"potentialAction":[{"@type":"SearchAction","target":{"@type":"EntryPoint","urlTemplate":"https:\/\/www.sellerlogic.com\/tr\/?s={search_term_string}"},"query-input":{"@type":"PropertyValueSpecification","valueRequired":true,"valueName":"search_term_string"}}],"inLanguage":"tr-TR"},{"@type":"Organization","@id":"https:\/\/www.sellerlogic.com\/tr\/#organization","name":"SELLERLOGIC","url":"https:\/\/www.sellerlogic.com\/tr\/","logo":{"@type":"ImageObject","inLanguage":"tr-TR","@id":"https:\/\/www.sellerlogic.com\/tr\/#\/schema\/logo\/image\/","url":"https:\/\/d2bw95mh2ee04s.cloudfront.net\/prod\/content\/wp-content\/uploads\/2025\/01\/02134814\/Property-Logo-Main.svg","contentUrl":"https:\/\/d2bw95mh2ee04s.cloudfront.net\/prod\/content\/wp-content\/uploads\/2025\/01\/02134814\/Property-Logo-Main.svg","width":184,"height":40,"caption":"SELLERLOGIC"},"image":{"@id":"https:\/\/www.sellerlogic.com\/tr\/#\/schema\/logo\/image\/"},"sameAs":["https:\/\/www.facebook.com\/SellerLogic\/","https:\/\/x.com\/sellerlogic","https:\/\/www.instagram.com\/sellerlogic\/","https:\/\/www.linkedin.com\/company\/18402037\/","https:\/\/www.youtube.com\/channel\/UC-gULUur-fNj08sprantKsQ"]}]}},"_links":{"self":[{"href":"https:\/\/www.sellerlogic.com\/tr\/wp-json\/wp\/v2\/pages\/105738","targetHints":{"allow":["GET"]}}],"collection":[{"href":"https:\/\/www.sellerlogic.com\/tr\/wp-json\/wp\/v2\/pages"}],"about":[{"href":"https:\/\/www.sellerlogic.com\/tr\/wp-json\/wp\/v2\/types\/page"}],"author":[{"embeddable":true,"href":"https:\/\/www.sellerlogic.com\/tr\/wp-json\/wp\/v2\/users\/8"}],"replies":[{"embeddable":true,"href":"https:\/\/www.sellerlogic.com\/tr\/wp-json\/wp\/v2\/comments?post=105738"}],"version-history":[{"count":0,"href":"https:\/\/www.sellerlogic.com\/tr\/wp-json\/wp\/v2\/pages\/105738\/revisions"}],"up":[{"embeddable":true,"href":"https:\/\/www.sellerlogic.com\/tr\/wp-json\/wp\/v2\/pages\/105735"}],"wp:featuredmedia":[{"embeddable":true,"href":"https:\/\/www.sellerlogic.com\/tr\/wp-json\/wp\/v2\/media\/5113"}],"wp:attachment":[{"href":"https:\/\/www.sellerlogic.com\/tr\/wp-json\/wp\/v2\/media?parent=105738"}],"curies":[{"name":"wp","href":"https:\/\/api.w.org\/{rel}","templated":true}]}}