
{"id":105744,"date":"2020-12-22T10:05:12","date_gmt":"2020-12-22T10:05:12","guid":{"rendered":"https:\/\/127.0.0.1\/resources\/success-story-dadaro\/"},"modified":"2020-12-22T10:05:12","modified_gmt":"2020-12-22T10:05:12","slug":"success-story-dadaro","status":"publish","type":"page","link":"https:\/\/www.sellerlogic.com\/tr\/resources\/success-story-dadaro\/","title":{"rendered":"Ba\u015far\u0131 Hikayesi: Dadaro EN"},"content":{"rendered":"\n\t<div  class=\"theme-wp-block theme-block-main-header is-style-full-height desktop-align-full xl-align-full lg-align-full md-align-full sm-align-full desktop-content-align-y-center desktop-content-align-x-center xl-content-align-y-center xl-content-align-x-center lg-content-align-y-center lg-content-align-x-center md-content-align-y-center md-content-align-x-center sm-content-align-y-center sm-content-align-x-center gb-responsive-439567-identifier theme-block-cover\">\n\t\t<div class=\"bg-cover theme-lazy-load-bg\"><\/div>\n\t\t<div class=\"wrap-content-main-header\">\n\t\t\t\t\t<div  class=\"theme-wp-block theme-block-text-and-text desktop-align-wide xl-align-wide lg-align-wide md-align-wide sm-align-wide gb-responsive-511761-identifier desktop-blockDirection-column xl-blockDirection-column lg-blockDirection-column md-blockDirection-column sm-blockDirection-column\">\n\t\t<div class=\"tat-column-wrap-wrapper\">\n\t\t\t<div class=\"tat-column-wrapper\">\n\t\t\t\t\t<div  class=\"theme-wp-block theme-block-text-and-text-column gb-responsive-24925-identifier desktop-horizontal-center xl-horizontal-center lg-horizontal-center md-horizontal-center sm-horizontal-center\">\n\t\t<div class=\"inner-wrap-column-content\">\n\t\t\t<div class=\"inner-column-content\">\n\t\t\t\t\t\t<h1  class=\"theme-wp-block theme-block-heading gb-responsive-62496-identifier desktop-text-center xl-text-center lg-text-center md-text-center sm-text-center desktop-gb-has-no-icon xl-gb-has-no-icon lg-gb-has-no-icon md-gb-has-no-icon sm-gb-has-no-icon\">\n\t\tNeden K\u00fcresel Bir Pandemi Dadaro&#8217;yu Etkilemez\t<\/h1>\n\n\t\t\t<\/div>\n\t\t<\/div>\n\t<\/div>\n\t<div  class=\"theme-wp-block theme-block-text-and-text-column gb-responsive-195365-identifier\">\n\t\t<div class=\"inner-wrap-column-content\">\n\t\t\t<div class=\"inner-column-content\">\n\t\t\t\t\t\t\t<\/div>\n\t\t<\/div>\n\t<\/div>\n\t\t\t<\/div>\n\t\t<\/div>\n\t<\/div>\n\n\t\t<\/div>\n\t<\/div>\n\n<div style=\"height:50px\" aria-hidden=\"true\" class=\"theme-wp-block wp-block-spacer\"><\/div><div class=\"theme-wp-block wp-block-columns gb-responsive-586014-identifier is-layout-flex wp-container-core-columns-is-layout-9d6595d7 wp-block-columns-is-layout-flex\"><div class=\"theme-wp-block wp-block-column gb-responsive-33587-identifier is-layout-flow wp-block-column-is-layout-flow\" style=\"flex-basis:25%\"><figure class=\"theme-wp-block wp-block-image size-large is-resized gb-responsive-62921-identifier\"><img decoding=\"async\" src=\"https:\/\/d2bw95mh2ee04s.cloudfront.net\/prod\/content\/wp-content\/uploads\/2020\/12\/23142718\/logo-monde-petit.png\" alt=\"Ba\u015far\u0131 Hikayesi: Dadaro EN\" class=\"wp-image-5012\" width=\"300\" height=\"264\" srcset=\"https:\/\/d2bw95mh2ee04s.cloudfront.net\/prod\/content\/wp-content\/uploads\/2020\/12\/23142718\/logo-monde-petit-407x358.png 407w, https:\/\/d2bw95mh2ee04s.cloudfront.net\/prod\/content\/wp-content\/uploads\/2020\/12\/23142718\/logo-monde-petit.png 600w\" sizes=\"(max-width: 300px) 100vw, 300px\" \/><\/figure><p class=\"theme-wp-block gb-responsive-263243-identifier\"><strong>Kurulu\u015f:<\/strong><br>2004<\/p><p class=\"theme-wp-block gb-responsive-412647-identifier\"><strong>Sekt\u00f6r:<\/strong><br>Tak\u0131 &#038; De\u011ferli metaller<\/p><p class=\"theme-wp-block gb-responsive-679138-identifier\"><strong>Amazon&#8217;daki \u00dcr\u00fcnler:\u00a0<\/strong><br>yakla\u015f\u0131k 1.600 SKU<\/p><p class=\"theme-wp-block gb-responsive-236096-identifier\"><strong>G\u00f6nderimler:<\/strong><br>ayda yakla\u015f\u0131k 700<\/p><\/div><div class=\"theme-wp-block wp-block-column gb-responsive-980941-identifier is-layout-flow wp-block-column-is-layout-flow\" style=\"flex-basis:50%\"><h3 class=\"theme-wp-block wp-block-heading gb-responsive-34353-identifier\" id=\"block-c06fce04-ef87-4ffc-a3d6-b768ba377d17\">Background:<\/h3><p class=\"theme-wp-block gb-responsive-414178-identifier desktop-gb-has-no-icon xl-gb-has-no-icon lg-gb-has-no-icon md-gb-has-no-icon sm-gb-has-no-icon\">2008&#8217;de, 2004&#8217;te kurulan ve tak\u0131 \u00fcretimi, sat\u0131n al\u0131m\u0131 ve sat\u0131\u015f\u0131 konusunda uzmanla\u015fm\u0131\u015f aile \u015firketi, geleneksel toptan sat\u0131\u015f kanal\u0131n\u0131n yava\u015f yava\u015f sona erdi\u011fini g\u00f6rd\u00fc. Ekonomik kriz ve alt\u0131n fiyatlar\u0131ndaki art\u0131\u015f nedeniyle, tak\u0131 sat\u0131n alma talebinde bir d\u00fc\u015f\u00fc\u015f ya\u015fand\u0131 ve bu da sat\u0131\u015flar\u0131n\u0131 olumsuz etkiledi. Bu noktada, Dadaro&#8217;nun CEO&#8217;su Luis G\u00f3mez, aile i\u015fini kurtarmak i\u00e7in \u00e7evrimi\u00e7i sat\u0131\u015fa ge\u00e7mesi gerekti\u011finden hi\u00e7 \u015f\u00fcphe duymad\u0131.<\/p><h3 class=\"theme-wp-block wp-block-heading gb-responsive-846776-identifier desktop-gb-has-no-icon xl-gb-has-no-icon lg-gb-has-no-icon md-gb-has-no-icon sm-gb-has-no-icon\">Starting Out:<\/h3><p class=\"theme-wp-block gb-responsive-166194-identifier desktop-gb-has-no-icon xl-gb-has-no-icon lg-gb-has-no-icon md-gb-has-no-icon sm-gb-has-no-icon\">Tak\u0131 e-ticaret ma\u011fazas\u0131 MondePetit&#8217;i kurduktan sonra, Luis 2015&#8217;te bir Amazon sat\u0131c\u0131s\u0131 olmaya karar verdi. Dadaro i\u00e7in, \u0130spanya&#8217;daki aktif Amazon ma\u011fazas\u0131n\u0131 hemen uluslararas\u0131 \u00fcr\u00fcn sat\u0131\u015f\u0131nda Marketplace&#8217;in sundu\u011fu olanaklar\u0131 fark etti. 2017&#8217;de Amazon FBA hizmetleriyle \u00e7al\u0131\u015fmaya ba\u015flad\u0131 ve b\u00f6ylece aile i\u015fini uluslararas\u0131 bir seviyeye ta\u015f\u0131yarak \u0130talya, Almanya, Fransa ve Birle\u015fik Krall\u0131k gibi pazarlarda sat\u0131\u015f yapmaya ba\u015flad\u0131.<\/p><p class=\"theme-wp-block gb-responsive-6809-identifier\">&#8220;Amazon&#8217;un FBA hizmetlerini ve web sitemiz arac\u0131l\u0131\u011f\u0131yla \u00e7ok kanall\u0131 lojisti\u011fi kullanmak i\u015fimiz \u00fczerinde b\u00fcy\u00fck bir etki yaratt\u0131,&#8221; diyor Luis. &#8220;M\u00fc\u015fteri hizmetleri a\u00e7\u0131s\u0131ndan, bize \u00e7ok yard\u0131mc\u0131 oldu, \u00e7\u00fcnk\u00fc Amazon m\u00fc\u015fteri taleplerini do\u011frudan y\u00f6netiyor. Ancak, di\u011fer yandan, i\u015fledi\u011fimiz i\u015flem say\u0131s\u0131yla birlikte, lojistik merkezlerinde kaybolacak \u00fcr\u00fcnlerin oldu\u011funu biliyordum.&#8221;<\/p><h3 class=\"theme-wp-block wp-block-heading gb-responsive-826598-identifier\">Solution:<\/h3><p class=\"theme-wp-block gb-responsive-981559-identifier desktop-gb-has-no-icon xl-gb-has-no-icon lg-gb-has-no-icon md-gb-has-no-icon sm-gb-has-no-icon\">\u0130spanya&#8217;daki s\u0131k\u0131 kapanma \u00f6nlemleri s\u0131ras\u0131nda, Luis gelen kutusundaki tekliflere dikkatle g\u00f6z att\u0131. Bu \u015fekilde, Amazon konusunda uzmanla\u015fm\u0131\u015f \u0130spanya&#8217;n\u0131n ilk pazar dan\u0131\u015fmanl\u0131k ajans\u0131 VGAMZ&#8217;den ald\u0131\u011f\u0131 bir e-postaya rastlad\u0131: &#8220;E-posta dikkatimi \u00e7ekti ve elimde biraz zaman oldu\u011fu i\u00e7in VGAMZ podcast&#8217;ini dinlemeye karar verdim. B\u00f6ylece Lost &#038; Found arac\u0131 hakk\u0131nda video e\u011fitimlerini izledi\u011fim Youtube kanallar\u0131n\u0131 buldum ve burada SELLERLOGIC&#8217;\u0131 ke\u015ffettim!&#8221; diyor Luis. &#8220;Hemen kendime dedim ki, bu tam da \u015fu anda ihtiyac\u0131m olan \u015fey. Not ald\u0131m ve birka\u00e7 g\u00fcn i\u00e7inde SELLERLOGIC&#8217;da hesab\u0131m\u0131 olu\u015fturdum.&#8221;<\/p><div class=\"theme-block-group-wrap\"><div class=\"theme-wp-block wp-block-group gb-responsive-88118-identifier\">\t\t<div  class=\"theme-wp-block theme-block-user-card gb-responsive-799176-identifier is-style-full-width-line\">\n\t\t<div class=\"wrap-inner-content\">\n\t\t\t<div class=\"card-user-head\">\n\t\t\t\t<div class=\"card-user-avatar\">\n\t\t\t\t\t<div class=\"cover-avatar\" style=\"background-image: url(https:\/\/d2bw95mh2ee04s.cloudfront.net\/prod\/content\/wp-content\/uploads\/2020\/12\/23142718\/luis-gomez_raute.png);\"><\/div>\n\t\t\t\t<\/div>\n\t\t\t\t<div class=\"wrap-title\">\n\t\t\t\t\t<div class=\"card-user-name\">\n\t\t\t\t\t\t<div class=\"title\">\n\t\t\t\t\t\t\t<h3 class=\"heading-text\"><strong>Luis G\u00f3mez<\/strong><\/h3>\n\t\t\t\t\t\t<\/div>\n\t\t\t\t\t\t<div class=\"card-user-position\">\n\t\t\t\t\t\t\t<div class=\"card-text\"><strong>Dadaro CEO&#8217;su<\/strong><\/div>\n\t\t\t\t\t\t<\/div>\n\t\t\t\t\t<\/div>\n\t\t\t\t\t<div class=\"card-user-quote-icon\">\n\t\t\t\t\t<\/div>\n\t\t\t\t<\/div>\n\t\t\t<\/div>\n\t\t\t<div class=\"card-user-text\">\n\t\t\t\t<div class=\"card-text\"><p>\u201c\u015eirketlerin bu arac\u0131 kullanarak kaybedecekleri hi\u00e7bir \u015fey yok, bunu her t\u00fcrl\u00fc Amazon sat\u0131c\u0131s\u0131na tavsiye ediyorum.\u201d<\/p><p><\/p><\/div>\n\t\t\t<\/div>\n\t\t<\/div>\n\t<\/div>\n\n<\/div><\/div><h3 class=\"theme-wp-block wp-block-heading gb-responsive-727373-identifier desktop-gb-has-no-icon xl-gb-has-no-icon lg-gb-has-no-icon md-gb-has-no-icon sm-gb-has-no-icon\">Successful Results With SELLERLOGIC:<\/h3><p class=\"theme-wp-block gb-responsive-306957-identifier\">Her \u015fey ba\u015f\u0131ndan itibaren h\u0131zl\u0131 ve kolayd\u0131, SELLERLOGIC m\u00fc\u015fteri hizmetleri ekibinden yard\u0131m istemek zorunda kalmadan, diyor Luis. &#8220;Kay\u0131t s\u00fcreci kolayd\u0131 ve arac\u0131n uygulanmas\u0131 \u00e7ok basit. \u00c7ok k\u0131sa bir s\u00fcre i\u00e7inde, ilk geri \u00f6deme vakalar\u0131 g\u00f6r\u00fcnmeye ba\u015flad\u0131. 117 vaka oldu\u011funu g\u00f6rd\u00fc\u011f\u00fcmde buna inanamad\u0131m.&#8221;<\/p><p class=\"theme-wp-block gb-responsive-412864-identifier\">&#8220;FBA i\u015flemlerini takip etme ve raporlama s\u00fcrecini otomatikle\u015ftirmi\u015f olmam, \u00f6zellikle \u015fu anda ya\u015fad\u0131\u011f\u0131m\u0131z zamanlarda \u00e7ok i\u015fe yarad\u0131. \u0130ddia vakalar\u0131m\u0131 Amazon&#8217;a raporlamak i\u00e7in bilgileri kopyalay\u0131p yap\u0131\u015ft\u0131rmak hi\u00e7 bu kadar kolay olmam\u0131\u015ft\u0131!&#8221;<\/p><p class=\"theme-wp-block gb-responsive-741970-identifier\">&#8220;SELLERLOGIC olmadan bu 3886,91 \u20ac geri \u00f6demeyi alamazd\u0131m. \u015eu anda, mevcut durum nedeniyle, i\u015f y\u00fck\u00fc ve Amazon&#8217;da s\u00fcrekli olarak meydana gelen t\u00fcm de\u011fi\u015fikliklerle birlikte, bu konuyla ilgilenmem imkans\u0131z olurdu,&#8221; diyor Luis. &#8220;Bu Koronavir\u00fcs zamanlar\u0131nda, SELLERLOGIC ger\u00e7ekten bir hediye oldu, umar\u0131m uzun s\u00fcre kullanmaya devam edebilirim.&#8221;<\/p><div class=\"theme-wp-block wp-block-buttons gb-responsive-497426-identifier is-layout-flex wp-block-buttons-is-layout-flex\"><div class=\"theme-wp-block wp-block-button gb-responsive-38220-identifier is-style-theme-transparent-with-arrow\"><a class=\"wp-block-button__link wp-element-button\" href=\"https:\/\/d2bw95mh2ee04s.cloudfront.net\/prod\/content\/files\/SUCCESS-STORIES\/EN\/SELLERLOGIC_SN_Success-Story_Dadaro_EN.pdf\" target=\"_blank\" rel=\"noreferrer noopener nofollow\">\u015eimdi indir!<\/a><\/div><\/div><\/div><div class=\"theme-wp-block wp-block-column gb-responsive-405774-identifier is-layout-flow wp-block-column-is-layout-flow\" style=\"flex-basis:25%\"><\/div><\/div><p class=\"theme-wp-block gb-responsive-527070-identifier\"><\/p>","protected":false},"excerpt":{"rendered":"<p>Kurulu\u015f:2004 Sekt\u00f6r:Tak\u0131 &#038; De\u011ferli metaller Amazon&#8217;daki \u00dcr\u00fcnler:\u00a0yakla\u015f\u0131k 1.600 SKU G\u00f6nderimler:ayda yakla\u015f\u0131k 700 Background: 2008&#8217;de, 2004&#8217;te kurulan ve tak\u0131 \u00fcretimi, sat\u0131n al\u0131m\u0131 ve sat\u0131\u015f\u0131 konusunda uzmanla\u015fm\u0131\u015f aile \u015firketi, geleneksel toptan sat\u0131\u015f kanal\u0131n\u0131n yava\u015f yava\u015f sona erdi\u011fini g\u00f6rd\u00fc. Ekonomik kriz ve alt\u0131n fiyatlar\u0131ndaki art\u0131\u015f nedeniyle, tak\u0131 sat\u0131n alma talebinde bir d\u00fc\u015f\u00fc\u015f ya\u015fand\u0131 ve bu da sat\u0131\u015flar\u0131n\u0131 olumsuz<\/p>\n","protected":false},"author":3,"featured_media":0,"parent":105735,"menu_order":0,"comment_status":"closed","ping_status":"closed","template":"","meta":{"sidebar_recommended_resources":{"data":[]},"sidebar_header_settings":{"hide_buttons":{"register":false}},"_use_new_theme":false,"inline_featured_image":false,"footnotes":""},"class_list":["post-105744","page","type-page","status-publish","hentry"],"yoast_head":"<!-- This site is optimized with the Yoast SEO plugin v26.8 - https:\/\/yoast.com\/product\/yoast-seo-wordpress\/ -->\n<title>Lost &amp; Found&#039;in Dadaro&#039;ya Korona krizinde nas\u0131l yard\u0131mc\u0131 oldu\u011fu | SELLERLOGIC<\/title>\n<meta name=\"description\" content=\"Bir\u00e7ok sat\u0131c\u0131 i\u00e7in 2020 zor bir y\u0131l oldu. Dadaro&#039;nun krizi y\u00f6netmek i\u00e7in Lost &amp; Found arac\u0131n\u0131 nas\u0131l kulland\u0131\u011f\u0131n\u0131 \u00f6\u011frenin. \u015eimdi okuyun!\" \/>\n<meta name=\"robots\" content=\"index, follow, max-snippet:-1, max-image-preview:large, max-video-preview:-1\" \/>\n<link rel=\"canonical\" href=\"https:\/\/www.sellerlogic.com\/tr\/resources\/success-story-dadaro\/\" \/>\n<meta property=\"og:locale\" content=\"tr_TR\" \/>\n<meta property=\"og:type\" content=\"article\" \/>\n<meta property=\"og:title\" content=\"Lost &amp; Found&#039;in Dadaro&#039;ya Korona krizinde nas\u0131l yard\u0131mc\u0131 oldu\u011fu | SELLERLOGIC\" \/>\n<meta property=\"og:description\" content=\"Bir\u00e7ok sat\u0131c\u0131 i\u00e7in 2020 zor bir y\u0131l oldu. Dadaro&#039;nun krizi y\u00f6netmek i\u00e7in Lost &amp; Found arac\u0131n\u0131 nas\u0131l kulland\u0131\u011f\u0131n\u0131 \u00f6\u011frenin. \u015eimdi okuyun!\" \/>\n<meta property=\"og:url\" content=\"https:\/\/www.sellerlogic.com\/tr\/resources\/success-story-dadaro\/\" \/>\n<meta property=\"og:site_name\" content=\"SELLERLOGIC - Smarte Tools f\u00fcr Amazon-Seller\" \/>\n<meta property=\"article:publisher\" content=\"https:\/\/www.facebook.com\/SellerLogic\/\" \/>\n<meta property=\"og:image\" content=\"https:\/\/www.sellerlogic.com\/wp-content\/uploads\/2020\/12\/logo-monde-petit.png\" \/>\n<meta name=\"twitter:card\" content=\"summary_large_image\" \/>\n<meta name=\"twitter:site\" content=\"@sellerlogic\" \/>\n<meta name=\"twitter:label1\" content=\"Est. reading time\" \/>\n\t<meta name=\"twitter:data1\" content=\"3 minutes\" \/>\n<script type=\"application\/ld+json\" class=\"yoast-schema-graph\">{\"@context\":\"https:\/\/schema.org\",\"@graph\":[{\"@type\":\"WebPage\",\"@id\":\"https:\/\/www.sellerlogic.com\/tr\/resources\/success-story-dadaro\/\",\"url\":\"https:\/\/www.sellerlogic.com\/tr\/resources\/success-story-dadaro\/\",\"name\":\"Lost & Found'in Dadaro'ya Korona krizinde nas\u0131l yard\u0131mc\u0131 oldu\u011fu | SELLERLOGIC\",\"isPartOf\":{\"@id\":\"https:\/\/www.sellerlogic.com\/tr\/#website\"},\"primaryImageOfPage\":{\"@id\":\"https:\/\/www.sellerlogic.com\/tr\/resources\/success-story-dadaro\/#primaryimage\"},\"image\":{\"@id\":\"https:\/\/www.sellerlogic.com\/tr\/resources\/success-story-dadaro\/#primaryimage\"},\"thumbnailUrl\":\"https:\/\/www.sellerlogic.com\/wp-content\/uploads\/2020\/12\/logo-monde-petit.png\",\"datePublished\":\"2020-12-22T10:05:12+00:00\",\"description\":\"Bir\u00e7ok sat\u0131c\u0131 i\u00e7in 2020 zor bir y\u0131l oldu. Dadaro'nun krizi y\u00f6netmek i\u00e7in Lost & Found arac\u0131n\u0131 nas\u0131l kulland\u0131\u011f\u0131n\u0131 \u00f6\u011frenin. \u015eimdi okuyun!\",\"breadcrumb\":{\"@id\":\"https:\/\/www.sellerlogic.com\/tr\/resources\/success-story-dadaro\/#breadcrumb\"},\"inLanguage\":\"tr-TR\",\"potentialAction\":[{\"@type\":\"ReadAction\",\"target\":[\"https:\/\/www.sellerlogic.com\/tr\/resources\/success-story-dadaro\/\"]}]},{\"@type\":\"ImageObject\",\"inLanguage\":\"tr-TR\",\"@id\":\"https:\/\/www.sellerlogic.com\/tr\/resources\/success-story-dadaro\/#primaryimage\",\"url\":\"https:\/\/www.sellerlogic.com\/wp-content\/uploads\/2020\/12\/logo-monde-petit.png\",\"contentUrl\":\"https:\/\/www.sellerlogic.com\/wp-content\/uploads\/2020\/12\/logo-monde-petit.png\"},{\"@type\":\"BreadcrumbList\",\"@id\":\"https:\/\/www.sellerlogic.com\/tr\/resources\/success-story-dadaro\/#breadcrumb\",\"itemListElement\":[{\"@type\":\"ListItem\",\"position\":1,\"name\":\"Home\",\"item\":\"https:\/\/www.sellerlogic.com\/tr\/\"},{\"@type\":\"ListItem\",\"position\":2,\"name\":\"Ressourcen EN\",\"item\":\"https:\/\/127.0.0.1\/de\/ressourcen\/\"},{\"@type\":\"ListItem\",\"position\":3,\"name\":\"Ba\u015far\u0131 Hikayesi: Dadaro EN\"}]},{\"@type\":\"WebSite\",\"@id\":\"https:\/\/www.sellerlogic.com\/tr\/#website\",\"url\":\"https:\/\/www.sellerlogic.com\/tr\/\",\"name\":\"SELLERLOGIC - Smarte Tools f\u00fcr Amazon-Seller\",\"description\":\"Intelligente Prozessoptimierung und Gewinnmaximierung\",\"publisher\":{\"@id\":\"https:\/\/www.sellerlogic.com\/tr\/#organization\"},\"potentialAction\":[{\"@type\":\"SearchAction\",\"target\":{\"@type\":\"EntryPoint\",\"urlTemplate\":\"https:\/\/www.sellerlogic.com\/tr\/?s={search_term_string}\"},\"query-input\":{\"@type\":\"PropertyValueSpecification\",\"valueRequired\":true,\"valueName\":\"search_term_string\"}}],\"inLanguage\":\"tr-TR\"},{\"@type\":\"Organization\",\"@id\":\"https:\/\/www.sellerlogic.com\/tr\/#organization\",\"name\":\"SELLERLOGIC\",\"url\":\"https:\/\/www.sellerlogic.com\/tr\/\",\"logo\":{\"@type\":\"ImageObject\",\"inLanguage\":\"tr-TR\",\"@id\":\"https:\/\/www.sellerlogic.com\/tr\/#\/schema\/logo\/image\/\",\"url\":\"https:\/\/d2bw95mh2ee04s.cloudfront.net\/prod\/content\/wp-content\/uploads\/2025\/01\/02134814\/Property-Logo-Main.svg\",\"contentUrl\":\"https:\/\/d2bw95mh2ee04s.cloudfront.net\/prod\/content\/wp-content\/uploads\/2025\/01\/02134814\/Property-Logo-Main.svg\",\"width\":184,\"height\":40,\"caption\":\"SELLERLOGIC\"},\"image\":{\"@id\":\"https:\/\/www.sellerlogic.com\/tr\/#\/schema\/logo\/image\/\"},\"sameAs\":[\"https:\/\/www.facebook.com\/SellerLogic\/\",\"https:\/\/x.com\/sellerlogic\",\"https:\/\/www.instagram.com\/sellerlogic\/\",\"https:\/\/www.linkedin.com\/company\/18402037\/\",\"https:\/\/www.youtube.com\/channel\/UC-gULUur-fNj08sprantKsQ\"]}]}<\/script>\n<!-- \/ Yoast SEO plugin. -->","yoast_head_json":{"title":"Lost & Found'in Dadaro'ya Korona krizinde nas\u0131l yard\u0131mc\u0131 oldu\u011fu | SELLERLOGIC","description":"Bir\u00e7ok sat\u0131c\u0131 i\u00e7in 2020 zor bir y\u0131l oldu. Dadaro'nun krizi y\u00f6netmek i\u00e7in Lost & Found arac\u0131n\u0131 nas\u0131l kulland\u0131\u011f\u0131n\u0131 \u00f6\u011frenin. \u015eimdi okuyun!","robots":{"index":"index","follow":"follow","max-snippet":"max-snippet:-1","max-image-preview":"max-image-preview:large","max-video-preview":"max-video-preview:-1"},"canonical":"https:\/\/www.sellerlogic.com\/tr\/resources\/success-story-dadaro\/","og_locale":"tr_TR","og_type":"article","og_title":"Lost & Found'in Dadaro'ya Korona krizinde nas\u0131l yard\u0131mc\u0131 oldu\u011fu | SELLERLOGIC","og_description":"Bir\u00e7ok sat\u0131c\u0131 i\u00e7in 2020 zor bir y\u0131l oldu. Dadaro'nun krizi y\u00f6netmek i\u00e7in Lost & Found arac\u0131n\u0131 nas\u0131l kulland\u0131\u011f\u0131n\u0131 \u00f6\u011frenin. \u015eimdi okuyun!","og_url":"https:\/\/www.sellerlogic.com\/tr\/resources\/success-story-dadaro\/","og_site_name":"SELLERLOGIC - Smarte Tools f\u00fcr Amazon-Seller","article_publisher":"https:\/\/www.facebook.com\/SellerLogic\/","og_image":[{"url":"https:\/\/www.sellerlogic.com\/wp-content\/uploads\/2020\/12\/logo-monde-petit.png","type":"","width":"","height":""}],"twitter_card":"summary_large_image","twitter_site":"@sellerlogic","twitter_misc":{"Est. reading time":"3 minutes"},"schema":{"@context":"https:\/\/schema.org","@graph":[{"@type":"WebPage","@id":"https:\/\/www.sellerlogic.com\/tr\/resources\/success-story-dadaro\/","url":"https:\/\/www.sellerlogic.com\/tr\/resources\/success-story-dadaro\/","name":"Lost & Found'in Dadaro'ya Korona krizinde nas\u0131l yard\u0131mc\u0131 oldu\u011fu | SELLERLOGIC","isPartOf":{"@id":"https:\/\/www.sellerlogic.com\/tr\/#website"},"primaryImageOfPage":{"@id":"https:\/\/www.sellerlogic.com\/tr\/resources\/success-story-dadaro\/#primaryimage"},"image":{"@id":"https:\/\/www.sellerlogic.com\/tr\/resources\/success-story-dadaro\/#primaryimage"},"thumbnailUrl":"https:\/\/www.sellerlogic.com\/wp-content\/uploads\/2020\/12\/logo-monde-petit.png","datePublished":"2020-12-22T10:05:12+00:00","description":"Bir\u00e7ok sat\u0131c\u0131 i\u00e7in 2020 zor bir y\u0131l oldu. Dadaro'nun krizi y\u00f6netmek i\u00e7in Lost & Found arac\u0131n\u0131 nas\u0131l kulland\u0131\u011f\u0131n\u0131 \u00f6\u011frenin. \u015eimdi okuyun!","breadcrumb":{"@id":"https:\/\/www.sellerlogic.com\/tr\/resources\/success-story-dadaro\/#breadcrumb"},"inLanguage":"tr-TR","potentialAction":[{"@type":"ReadAction","target":["https:\/\/www.sellerlogic.com\/tr\/resources\/success-story-dadaro\/"]}]},{"@type":"ImageObject","inLanguage":"tr-TR","@id":"https:\/\/www.sellerlogic.com\/tr\/resources\/success-story-dadaro\/#primaryimage","url":"https:\/\/www.sellerlogic.com\/wp-content\/uploads\/2020\/12\/logo-monde-petit.png","contentUrl":"https:\/\/www.sellerlogic.com\/wp-content\/uploads\/2020\/12\/logo-monde-petit.png"},{"@type":"BreadcrumbList","@id":"https:\/\/www.sellerlogic.com\/tr\/resources\/success-story-dadaro\/#breadcrumb","itemListElement":[{"@type":"ListItem","position":1,"name":"Home","item":"https:\/\/www.sellerlogic.com\/tr\/"},{"@type":"ListItem","position":2,"name":"Ressourcen EN","item":"https:\/\/127.0.0.1\/de\/ressourcen\/"},{"@type":"ListItem","position":3,"name":"Ba\u015far\u0131 Hikayesi: Dadaro EN"}]},{"@type":"WebSite","@id":"https:\/\/www.sellerlogic.com\/tr\/#website","url":"https:\/\/www.sellerlogic.com\/tr\/","name":"SELLERLOGIC - Smarte Tools f\u00fcr Amazon-Seller","description":"Intelligente Prozessoptimierung und Gewinnmaximierung","publisher":{"@id":"https:\/\/www.sellerlogic.com\/tr\/#organization"},"potentialAction":[{"@type":"SearchAction","target":{"@type":"EntryPoint","urlTemplate":"https:\/\/www.sellerlogic.com\/tr\/?s={search_term_string}"},"query-input":{"@type":"PropertyValueSpecification","valueRequired":true,"valueName":"search_term_string"}}],"inLanguage":"tr-TR"},{"@type":"Organization","@id":"https:\/\/www.sellerlogic.com\/tr\/#organization","name":"SELLERLOGIC","url":"https:\/\/www.sellerlogic.com\/tr\/","logo":{"@type":"ImageObject","inLanguage":"tr-TR","@id":"https:\/\/www.sellerlogic.com\/tr\/#\/schema\/logo\/image\/","url":"https:\/\/d2bw95mh2ee04s.cloudfront.net\/prod\/content\/wp-content\/uploads\/2025\/01\/02134814\/Property-Logo-Main.svg","contentUrl":"https:\/\/d2bw95mh2ee04s.cloudfront.net\/prod\/content\/wp-content\/uploads\/2025\/01\/02134814\/Property-Logo-Main.svg","width":184,"height":40,"caption":"SELLERLOGIC"},"image":{"@id":"https:\/\/www.sellerlogic.com\/tr\/#\/schema\/logo\/image\/"},"sameAs":["https:\/\/www.facebook.com\/SellerLogic\/","https:\/\/x.com\/sellerlogic","https:\/\/www.instagram.com\/sellerlogic\/","https:\/\/www.linkedin.com\/company\/18402037\/","https:\/\/www.youtube.com\/channel\/UC-gULUur-fNj08sprantKsQ"]}]}},"_links":{"self":[{"href":"https:\/\/www.sellerlogic.com\/tr\/wp-json\/wp\/v2\/pages\/105744","targetHints":{"allow":["GET"]}}],"collection":[{"href":"https:\/\/www.sellerlogic.com\/tr\/wp-json\/wp\/v2\/pages"}],"about":[{"href":"https:\/\/www.sellerlogic.com\/tr\/wp-json\/wp\/v2\/types\/page"}],"author":[{"embeddable":true,"href":"https:\/\/www.sellerlogic.com\/tr\/wp-json\/wp\/v2\/users\/3"}],"replies":[{"embeddable":true,"href":"https:\/\/www.sellerlogic.com\/tr\/wp-json\/wp\/v2\/comments?post=105744"}],"version-history":[{"count":0,"href":"https:\/\/www.sellerlogic.com\/tr\/wp-json\/wp\/v2\/pages\/105744\/revisions"}],"up":[{"embeddable":true,"href":"https:\/\/www.sellerlogic.com\/tr\/wp-json\/wp\/v2\/pages\/105735"}],"wp:attachment":[{"href":"https:\/\/www.sellerlogic.com\/tr\/wp-json\/wp\/v2\/media?parent=105744"}],"curies":[{"name":"wp","href":"https:\/\/api.w.org\/{rel}","templated":true}]}}