
{"id":105750,"date":"2020-12-18T10:57:32","date_gmt":"2020-12-18T10:57:32","guid":{"rendered":"https:\/\/127.0.0.1\/resources\/success-story-sport-hesse\/"},"modified":"2020-12-18T10:57:32","modified_gmt":"2020-12-18T10:57:32","slug":"success-story-sport-hesse","status":"publish","type":"page","link":"https:\/\/www.sellerlogic.com\/tr\/resources\/success-story-sport-hesse\/","title":{"rendered":"Ba\u015far\u0131 Hikayesi: Sport Hesse EN"},"content":{"rendered":"\n\t<div  class=\"theme-wp-block theme-block-main-header is-style-full-height desktop-align-full xl-align-full lg-align-full md-align-full sm-align-full desktop-content-align-y-center desktop-content-align-x-center xl-content-align-y-center xl-content-align-x-center lg-content-align-y-center lg-content-align-x-center md-content-align-y-center md-content-align-x-center sm-content-align-y-center sm-content-align-x-center gb-responsive-131969-identifier theme-block-cover\">\n\t\t<div class=\"bg-cover theme-lazy-load-bg\"><\/div>\n\t\t<div class=\"wrap-content-main-header\">\n\t\t\t\t\t<div  class=\"theme-wp-block theme-block-text-and-text desktop-blockDirection-row xl-blockDirection-row lg-blockDirection-row md-blockDirection-row sm-blockDirection-row gb-responsive-2306-identifier desktop-align-full xl-align-full lg-align-full md-align-full sm-align-full desktop-vertical-top xl-vertical-top lg-vertical-top md-vertical-top sm-vertical-top alignfull\">\n\t\t<div class=\"tat-column-wrap-wrapper\">\n\t\t\t<div class=\"tat-column-wrapper\">\n\t\t\t\t\t<div  class=\"theme-wp-block theme-block-text-and-text-column gb-responsive-708373-identifier\">\n\t\t<div class=\"inner-wrap-column-content\">\n\t\t\t<div class=\"inner-column-content\">\n\t\t\t\t\t\t<h1  class=\"theme-wp-block theme-block-heading is-style-default desktop-text-center xl-text-center lg-text-center md-text-center sm-text-center desktop-align-wide xl-align-wide lg-align-wide md-align-wide sm-align-wide gb-responsive-599464-identifier alignwide h1 has-text-align\">\n\t\tKi\u015fiselle\u015ftirilmi\u015f Uzmanl\u0131kla Kazanmak\t<\/h1>\n\n\t\t<h2  class=\"theme-wp-block theme-block-heading is-style-default desktop-text-center xl-text-center lg-text-center md-text-center sm-text-center desktop-align-wide xl-align-wide lg-align-wide md-align-wide sm-align-wide gb-responsive-17576-identifier alignwide h2 has-text-align\">\n\t\tSport-Hesse &#038; SELLERLOGIC\t<\/h2>\n\n\t\t\t<\/div>\n\t\t<\/div>\n\t<\/div>\n\t<div  class=\"theme-wp-block theme-block-text-and-text-column gb-responsive-976923-identifier\">\n\t\t<div class=\"inner-wrap-column-content\">\n\t\t\t<div class=\"inner-column-content\">\n\t\t\t\t\t\t\t<\/div>\n\t\t<\/div>\n\t<\/div>\n\t\t\t<\/div>\n\t\t<\/div>\n\t<\/div>\n\n\t\t<\/div>\n\t<\/div>\n\n<div style=\"height:50px\" aria-hidden=\"true\" class=\"theme-wp-block wp-block-spacer\"><\/div><div class=\"theme-wp-block wp-block-columns gb-responsive-759712-identifier is-layout-flex wp-container-core-columns-is-layout-9d6595d7 wp-block-columns-is-layout-flex\"><div class=\"theme-wp-block wp-block-column gb-responsive-24590-identifier is-layout-flow wp-block-column-is-layout-flow\" style=\"flex-basis:25%\"><figure class=\"theme-wp-block wp-block-image size-large is-resized gb-responsive-62921-identifier\"><img decoding=\"async\" width=\"500\" height=\"357\" src=\"https:\/\/d2bw95mh2ee04s.cloudfront.net\/prod\/content\/wp-content\/uploads\/2020\/12\/23142723\/logo-sport-hesse.png\" alt=\"Ba\u015far\u0131 Hikayesi: Sport Hesse EN\" class=\"wp-image-4836\" style=\"width:176px;height:125px\" srcset=\"https:\/\/d2bw95mh2ee04s.cloudfront.net\/prod\/content\/wp-content\/uploads\/2020\/12\/23142723\/logo-sport-hesse-407x291.png 407w, https:\/\/d2bw95mh2ee04s.cloudfront.net\/prod\/content\/wp-content\/uploads\/2020\/12\/23142723\/logo-sport-hesse.png 500w\" sizes=\"(max-width: 500px) 100vw, 500px\" \/><\/figure><p class=\"theme-wp-block gb-responsive-160011-identifier\"><strong>Kurulu\u015f:<\/strong><br>1984<\/p><p class=\"theme-wp-block gb-responsive-297884-identifier\"><strong>Sekt\u00f6r:<\/strong><br>Sportif ekipman, Tak\u0131m sporlar\u0131, Spor markalar\u0131<\/p><p class=\"theme-wp-block gb-responsive-938889-identifier\"><strong>Amazon&#8217;daki \u00dcr\u00fcnler: <\/strong><br>yakla\u015f\u0131k 6.000 SKU<\/p><p class=\"theme-wp-block gb-responsive-337749-identifier\"><strong>G\u00f6nderimler:<\/strong><br>ayda yakla\u015f\u0131k 30.000<\/p><\/div><div class=\"theme-wp-block wp-block-column gb-responsive-542944-identifier is-layout-flow wp-block-column-is-layout-flow\" style=\"flex-basis:50%\"><h3 class=\"theme-wp-block wp-block-heading gb-responsive-34353-identifier\" id=\"block-c06fce04-ef87-4ffc-a3d6-b768ba377d17\">Arka Plan:<\/h3><p class=\"theme-wp-block gb-responsive-772271-identifier desktop-gb-has-no-icon xl-gb-has-no-icon lg-gb-has-no-icon md-gb-has-no-icon sm-gb-has-no-icon\">Christoph J. Hesse, i\u015f ekonomisi okurken oyunlardan sonra spor ekipmanlar\u0131n\u0131 do\u011frudan sahada satmaya ba\u015flad\u0131. \u015eirketini kurma fikri b\u00f6yle do\u011fdu. 1984 y\u0131l\u0131nda Christoph, 45 metrekarelik bir perakende alan\u0131yla ilk spor malzemeleri ma\u011fazas\u0131n\u0131 a\u00e7t\u0131. Sadece birka\u00e7 y\u0131l sonra, \u00f6nce 100 metrekareye, ard\u0131ndan 500 metrekareye geni\u015flemek zorunda kald\u0131lar. Bug\u00fcn, Sport-Hesse yakla\u015f\u0131k 1000 metrekarelik bir alanda sat\u0131\u015f yap\u0131yor ve d\u00fcnya genelinde m\u00fc\u015fteriler taraf\u0131ndan kullan\u0131lan tak\u0131m sporlar\u0131 ekipmanlar\u0131n\u0131n son derece ba\u015far\u0131l\u0131 bir tedarik\u00e7isi.<\/p><h3 class=\"theme-wp-block wp-block-heading gb-responsive-530046-identifier desktop-gb-has-no-icon xl-gb-has-no-icon lg-gb-has-no-icon md-gb-has-no-icon sm-gb-has-no-icon\">Ba\u015flang\u0131\u00e7:<\/h3><p class=\"theme-wp-block gb-responsive-657993-identifier\">2014&#8217;ten beri, \u015firket \u00fcr\u00fcnlerini Amazon&#8217;da da satmaktad\u0131r. Birka\u00e7 futbolun g\u00f6nderimiyle ba\u015flayan bu s\u00fcre\u00e7, sonunda Avrupa genelinde bir PAN AB sat\u0131\u015f\u0131na d\u00f6n\u00fc\u015fm\u00fc\u015ft\u00fcr. Yakla\u015f\u0131k 6.000 \u00fcr\u00fcnle, Christoph Hesse Amazon&#8217;un depolar\u0131nda hatalar\u0131n meydana gelece\u011finin fark\u0131ndayd\u0131.<\/p><p class=\"theme-wp-block gb-responsive-780031-identifier\">\u201cAmazon&#8217;da geni\u015f bir \u00fcr\u00fcn yelpazemiz var ve bu kadar \u00e7ok uluslararas\u0131 pazar\u0131 kar\u015f\u0131la\u015ft\u0131rmak karma\u015f\u0131k ve zaman al\u0131c\u0131,\u201d diye a\u00e7\u0131kl\u0131yor Christoph. \u201cTemel sorunun fark\u0131nda oldu\u011fumuz i\u00e7in teslimat raporlar\u0131n\u0131 manuel olarak analiz ediyorduk, ancak bunun gerektirdi\u011fi b\u00fcy\u00fck zaman miktar\u0131 nedeniyle, yaln\u0131zca k\u00fc\u00e7\u00fck \u00f6l\u00e7ekli izleme yapabiliyorduk.\u201d<\/p><h3 class=\"theme-wp-block wp-block-heading gb-responsive-749842-identifier\">\u00c7\u00f6z\u00fcm:<\/h3><p class=\"theme-wp-block gb-responsive-642257-identifier desktop-gb-has-no-icon xl-gb-has-no-icon lg-gb-has-no-icon md-gb-has-no-icon sm-gb-has-no-icon\">Sonra Christoph, Amazon sat\u0131c\u0131lar\u0131 i\u00e7in bir konferansa kat\u0131ld\u0131. SELLERLOGIC&#8217;dan Lost &#038; Found \u00e7\u00f6z\u00fcm\u00fc ile ilgili bir davetiye alm\u0131\u015f oldu\u011fu i\u00e7in, bizi arad\u0131 ve konferans sunumlar\u0131m\u0131zdan birini dinledi. \u201cAt\u00f6lye \u00e7al\u0131\u015fmas\u0131 beni zaten Lost &#038; Found konusunda ikna etmi\u015fti. Ancak sonras\u0131nda konu\u015fmac\u0131yla yap\u0131lan yap\u0131c\u0131 tart\u0131\u015fma, i\u015fin en g\u00fczel k\u0131sm\u0131yd\u0131 ve ilk izlenimimi tamamen do\u011frulad\u0131,\u201d diye hat\u0131rl\u0131yor Christoph. \u201cEve d\u00f6ner d\u00f6nmez, hemen kaydoldum.\u201d<\/p><div class=\"theme-block-group-wrap\"><div class=\"theme-wp-block wp-block-group gb-responsive-88118-identifier\">\t\t<div  class=\"theme-wp-block theme-block-user-card gb-responsive-799176-identifier is-style-full-width-line\">\n\t\t<div class=\"wrap-inner-content\">\n\t\t\t<div class=\"card-user-head\">\n\t\t\t\t<div class=\"card-user-avatar\">\n\t\t\t\t\t<div class=\"cover-avatar\" style=\"background-image: url(https:\/\/d2bw95mh2ee04s.cloudfront.net\/prod\/content\/wp-content\/uploads\/2020\/12\/23142724\/sport-hesse-raute.png);\"><\/div>\n\t\t\t\t<\/div>\n\t\t\t\t<div class=\"wrap-title\">\n\t\t\t\t\t<div class=\"card-user-name\">\n\t\t\t\t\t\t<div class=\"title\">\n\t\t\t\t\t\t\t<h3 class=\"heading-text\"><strong>Christoph Hesse<\/strong><\/h3>\n\t\t\t\t\t\t<\/div>\n\t\t\t\t\t\t<div class=\"card-user-position\">\n\t\t\t\t\t\t\t<div class=\"card-text\"><strong>Sport-Hesse&#8217;de CEO<\/strong><\/div>\n\t\t\t\t\t\t<\/div>\n\t\t\t\t\t<\/div>\n\t\t\t\t\t<div class=\"card-user-quote-icon\">\n\t\t\t\t\t<\/div>\n\t\t\t\t<\/div>\n\t\t\t<\/div>\n\t\t\t<div class=\"card-user-text\">\n\t\t\t\t<div class=\"card-text\"><p>&#8220;SELLERLOGIC Kay\u0131p &amp; Bulunan, ger\u00e7ekten harika bir ara\u00e7, her \u015fey m\u00fckemmel bir \u015fekilde uyuyor, operasyon, geri \u00f6demeler, i\u015fe al\u0131m ve hizmet! Kesinlikle olas\u0131 geri \u00f6deme taleplerini manuel olarak hesaplamaya geri d\u00f6nmek istemiyoruz.&#8221;<\/p><\/div>\n\t\t\t<\/div>\n\t\t<\/div>\n\t<\/div>\n\n<\/div><\/div><h3 class=\"theme-wp-block wp-block-heading gb-responsive-260858-identifier\">SELLERLOGIC ile Ba\u015far\u0131l\u0131 Sonu\u00e7lar:<\/h3><p class=\"theme-wp-block gb-responsive-536715-identifier desktop-gb-has-no-icon xl-gb-has-no-icon lg-gb-has-no-icon md-gb-has-no-icon sm-gb-has-no-icon\">\u00c7\u00f6z\u00fcm\u00fcn uygulanmas\u0131 bile beklentilerini a\u015ft\u0131. Christoph&#8217;un konferanstaki SELLERLOGIC&#8217;nin CSO&#8217;su ile olan ki\u015fisel deneyimi, karar vermek i\u00e7in ihtiya\u00e7 duydu\u011fu her \u015feydi, \u201cilk geri \u00f6deme beni yine de \u015fa\u015f\u0131rtt\u0131: Sport-Hesse Amazon&#8217;dan 15.000 Euro geri ald\u0131!\u201d<\/p><p class=\"theme-wp-block gb-responsive-557617-identifier desktop-gb-has-no-icon xl-gb-has-no-icon lg-gb-has-no-icon md-gb-has-no-icon sm-gb-has-no-icon\">SELLERLOGIC&#8217;n\u0131n zaman tasarrufu ve kolay kullan\u0131m vaadi de do\u011fru \u00e7\u0131kt\u0131. \u201cAyr\u0131ca kusursuz bir hizmet sunuyorlar &#8211; hatta Cumartesi g\u00fcn\u00fc m\u00fc\u015fteri destek ekibinden bir yan\u0131t ald\u0131m!\u201d diye a\u00e7\u0131kl\u0131yor Christoph. \u201cGenel olarak, m\u00fc\u015fteri destek ekibiyle ileti\u015fim kurmak \u00e7ok keyifliydi. Sorunlar\u0131ma her zaman do\u011fru yan\u0131tlar\u0131 var.\u201d<\/p><p class=\"theme-wp-block gb-responsive-570460-identifier desktop-gb-has-no-icon xl-gb-has-no-icon lg-gb-has-no-icon md-gb-has-no-icon sm-gb-has-no-icon\">\u201cArac\u0131n kendisi \u00e7ok iyi \u00e7al\u0131\u015f\u0131yor, \u00e7\u00fcnk\u00fc operasyonel bile\u015fen net ve kendi g\u00fcnl\u00fck rutininize kolayca entegre edilebilir. Ayr\u0131ca, m\u00fc\u015fteri destek ekibinin yan\u0131 s\u0131ra \u015f\u00fcphelerimiz veya sorular\u0131m\u0131z oldu\u011funda bize \u00e7ok yard\u0131mc\u0131 olan bir bilgi veritaban\u0131 var.\u201d<\/p><p class=\"theme-wp-block gb-responsive-270774-identifier desktop-gb-has-no-icon xl-gb-has-no-icon lg-gb-has-no-icon md-gb-has-no-icon sm-gb-has-no-icon\">\u201cArac\u0131n performans\u0131 ger\u00e7ekten ikna edici ve fiyat\u0131n\u0131 tamamen hak ediyor!\u201d diyor Christoph. \u201cHer durumda, manuel kontrol art\u0131k Sport-Hesse&#8217;de bir sorun de\u011fil.\u201d<\/p><div class=\"theme-wp-block wp-block-buttons gb-responsive-497426-identifier is-layout-flex wp-block-buttons-is-layout-flex\"><div class=\"theme-wp-block wp-block-button gb-responsive-38220-identifier is-style-theme-transparent-with-arrow\"><a class=\"wp-block-button__link wp-element-button\" href=\"https:\/\/d2bw95mh2ee04s.cloudfront.net\/prod\/content\/files\/SUCCESS-STORIES\/EN\/SELLERLOGIC_SN_Success-Story_Sport-Hesse_EN.pdf\" target=\"_blank\" rel=\"noreferrer noopener nofollow\">\u015eimdi indir!<\/a><\/div><\/div><\/div><div class=\"theme-wp-block wp-block-column gb-responsive-271329-identifier is-layout-flow wp-block-column-is-layout-flow\" style=\"flex-basis:25%\"><\/div><\/div>","protected":false},"excerpt":{"rendered":"<p>Kurulu\u015f:1984 Sekt\u00f6r:Sportif ekipman, Tak\u0131m sporlar\u0131, Spor markalar\u0131 Amazon&#8217;daki \u00dcr\u00fcnler: yakla\u015f\u0131k 6.000 SKU G\u00f6nderimler:ayda yakla\u015f\u0131k 30.000 Arka Plan: Christoph J. Hesse, i\u015f ekonomisi okurken oyunlardan sonra spor ekipmanlar\u0131n\u0131 do\u011frudan sahada satmaya ba\u015flad\u0131. \u015eirketini kurma fikri b\u00f6yle do\u011fdu. 1984 y\u0131l\u0131nda Christoph, 45 metrekarelik bir perakende alan\u0131yla ilk spor malzemeleri ma\u011fazas\u0131n\u0131 a\u00e7t\u0131. Sadece birka\u00e7 y\u0131l sonra, \u00f6nce 100<\/p>\n","protected":false},"author":3,"featured_media":4855,"parent":105735,"menu_order":0,"comment_status":"closed","ping_status":"closed","template":"","meta":{"sidebar_recommended_resources":{"data":[]},"sidebar_header_settings":{"hide_buttons":{"register":false}},"_use_new_theme":false,"inline_featured_image":false,"footnotes":""},"class_list":["post-105750","page","type-page","status-publish","has-post-thumbnail","hentry"],"yoast_head":"<!-- This site is optimized with the Yoast SEO plugin v26.8 - https:\/\/yoast.com\/product\/yoast-seo-wordpress\/ -->\n<title>Neden Lost &amp; Found Sport-Hesse&#039;yi ikna etti | SELLERLOGIC<\/title>\n<meta name=\"description\" content=\"\u201cHer zaman sorunlar\u0131ma do\u011fru yan\u0131tlar\u0131 var\u201d - Sport-Hesse&#039;nin Lost &amp; Found sayesinde Amazon&#039;dan 5 haneli bir geri \u00f6deme almas\u0131.\" \/>\n<meta name=\"robots\" content=\"index, follow, max-snippet:-1, max-image-preview:large, max-video-preview:-1\" \/>\n<link rel=\"canonical\" href=\"https:\/\/www.sellerlogic.com\/tr\/resources\/success-story-sport-hesse\/\" \/>\n<meta property=\"og:locale\" content=\"tr_TR\" \/>\n<meta property=\"og:type\" content=\"article\" \/>\n<meta property=\"og:title\" content=\"Neden Lost &amp; Found Sport-Hesse&#039;yi ikna etti | SELLERLOGIC\" \/>\n<meta property=\"og:description\" content=\"\u201cHer zaman sorunlar\u0131ma do\u011fru yan\u0131tlar\u0131 var\u201d - Sport-Hesse&#039;nin Lost &amp; Found sayesinde Amazon&#039;dan 5 haneli bir geri \u00f6deme almas\u0131.\" \/>\n<meta property=\"og:url\" content=\"https:\/\/www.sellerlogic.com\/tr\/resources\/success-story-sport-hesse\/\" \/>\n<meta property=\"og:site_name\" content=\"SELLERLOGIC - Smarte Tools f\u00fcr Amazon-Seller\" \/>\n<meta property=\"article:publisher\" content=\"https:\/\/www.facebook.com\/SellerLogic\/\" \/>\n<meta property=\"og:image\" content=\"https:\/\/d2bw95mh2ee04s.cloudfront.net\/prod\/content\/wp-content\/uploads\/2020\/12\/23142722\/sport-hesse-header-neu.jpeg\" \/>\n\t<meta property=\"og:image:width\" content=\"2500\" \/>\n\t<meta property=\"og:image:height\" content=\"1667\" \/>\n\t<meta property=\"og:image:type\" content=\"image\/jpeg\" \/>\n<meta name=\"twitter:card\" content=\"summary_large_image\" \/>\n<meta name=\"twitter:site\" content=\"@sellerlogic\" \/>\n<meta name=\"twitter:label1\" content=\"Est. reading time\" \/>\n\t<meta name=\"twitter:data1\" content=\"3 minutes\" \/>\n<script type=\"application\/ld+json\" class=\"yoast-schema-graph\">{\"@context\":\"https:\/\/schema.org\",\"@graph\":[{\"@type\":\"WebPage\",\"@id\":\"https:\/\/www.sellerlogic.com\/tr\/resources\/success-story-sport-hesse\/\",\"url\":\"https:\/\/www.sellerlogic.com\/tr\/resources\/success-story-sport-hesse\/\",\"name\":\"Neden Lost & Found Sport-Hesse'yi ikna etti | SELLERLOGIC\",\"isPartOf\":{\"@id\":\"https:\/\/www.sellerlogic.com\/tr\/#website\"},\"primaryImageOfPage\":{\"@id\":\"https:\/\/www.sellerlogic.com\/tr\/resources\/success-story-sport-hesse\/#primaryimage\"},\"image\":{\"@id\":\"https:\/\/www.sellerlogic.com\/tr\/resources\/success-story-sport-hesse\/#primaryimage\"},\"thumbnailUrl\":\"https:\/\/d2bw95mh2ee04s.cloudfront.net\/prod\/content\/wp-content\/uploads\/2020\/12\/23142722\/sport-hesse-header-neu.jpeg\",\"datePublished\":\"2020-12-18T10:57:32+00:00\",\"description\":\"\u201cHer zaman sorunlar\u0131ma do\u011fru yan\u0131tlar\u0131 var\u201d - Sport-Hesse'nin Lost & Found sayesinde Amazon'dan 5 haneli bir geri \u00f6deme almas\u0131.\",\"breadcrumb\":{\"@id\":\"https:\/\/www.sellerlogic.com\/tr\/resources\/success-story-sport-hesse\/#breadcrumb\"},\"inLanguage\":\"tr-TR\",\"potentialAction\":[{\"@type\":\"ReadAction\",\"target\":[\"https:\/\/www.sellerlogic.com\/tr\/resources\/success-story-sport-hesse\/\"]}]},{\"@type\":\"ImageObject\",\"inLanguage\":\"tr-TR\",\"@id\":\"https:\/\/www.sellerlogic.com\/tr\/resources\/success-story-sport-hesse\/#primaryimage\",\"url\":\"https:\/\/d2bw95mh2ee04s.cloudfront.net\/prod\/content\/wp-content\/uploads\/2020\/12\/23142722\/sport-hesse-header-neu.jpeg\",\"contentUrl\":\"https:\/\/d2bw95mh2ee04s.cloudfront.net\/prod\/content\/wp-content\/uploads\/2020\/12\/23142722\/sport-hesse-header-neu.jpeg\",\"width\":2500,\"height\":1667,\"caption\":\"Sport-Hesse: Header\"},{\"@type\":\"BreadcrumbList\",\"@id\":\"https:\/\/www.sellerlogic.com\/tr\/resources\/success-story-sport-hesse\/#breadcrumb\",\"itemListElement\":[{\"@type\":\"ListItem\",\"position\":1,\"name\":\"Home\",\"item\":\"https:\/\/www.sellerlogic.com\/tr\/\"},{\"@type\":\"ListItem\",\"position\":2,\"name\":\"Ressourcen EN\",\"item\":\"https:\/\/www.sellerlogic.com\/tr\/resources\/\"},{\"@type\":\"ListItem\",\"position\":3,\"name\":\"Ba\u015far\u0131 Hikayesi: Sport Hesse EN\"}]},{\"@type\":\"WebSite\",\"@id\":\"https:\/\/www.sellerlogic.com\/tr\/#website\",\"url\":\"https:\/\/www.sellerlogic.com\/tr\/\",\"name\":\"SELLERLOGIC - Smarte Tools f\u00fcr Amazon-Seller\",\"description\":\"Intelligente Prozessoptimierung und Gewinnmaximierung\",\"publisher\":{\"@id\":\"https:\/\/www.sellerlogic.com\/tr\/#organization\"},\"potentialAction\":[{\"@type\":\"SearchAction\",\"target\":{\"@type\":\"EntryPoint\",\"urlTemplate\":\"https:\/\/www.sellerlogic.com\/tr\/?s={search_term_string}\"},\"query-input\":{\"@type\":\"PropertyValueSpecification\",\"valueRequired\":true,\"valueName\":\"search_term_string\"}}],\"inLanguage\":\"tr-TR\"},{\"@type\":\"Organization\",\"@id\":\"https:\/\/www.sellerlogic.com\/tr\/#organization\",\"name\":\"SELLERLOGIC\",\"url\":\"https:\/\/www.sellerlogic.com\/tr\/\",\"logo\":{\"@type\":\"ImageObject\",\"inLanguage\":\"tr-TR\",\"@id\":\"https:\/\/www.sellerlogic.com\/tr\/#\/schema\/logo\/image\/\",\"url\":\"https:\/\/d2bw95mh2ee04s.cloudfront.net\/prod\/content\/wp-content\/uploads\/2025\/01\/02134814\/Property-Logo-Main.svg\",\"contentUrl\":\"https:\/\/d2bw95mh2ee04s.cloudfront.net\/prod\/content\/wp-content\/uploads\/2025\/01\/02134814\/Property-Logo-Main.svg\",\"width\":184,\"height\":40,\"caption\":\"SELLERLOGIC\"},\"image\":{\"@id\":\"https:\/\/www.sellerlogic.com\/tr\/#\/schema\/logo\/image\/\"},\"sameAs\":[\"https:\/\/www.facebook.com\/SellerLogic\/\",\"https:\/\/x.com\/sellerlogic\",\"https:\/\/www.instagram.com\/sellerlogic\/\",\"https:\/\/www.linkedin.com\/company\/18402037\/\",\"https:\/\/www.youtube.com\/channel\/UC-gULUur-fNj08sprantKsQ\"]}]}<\/script>\n<!-- \/ Yoast SEO plugin. -->","yoast_head_json":{"title":"Neden Lost & Found Sport-Hesse'yi ikna etti | SELLERLOGIC","description":"\u201cHer zaman sorunlar\u0131ma do\u011fru yan\u0131tlar\u0131 var\u201d - Sport-Hesse'nin Lost & Found sayesinde Amazon'dan 5 haneli bir geri \u00f6deme almas\u0131.","robots":{"index":"index","follow":"follow","max-snippet":"max-snippet:-1","max-image-preview":"max-image-preview:large","max-video-preview":"max-video-preview:-1"},"canonical":"https:\/\/www.sellerlogic.com\/tr\/resources\/success-story-sport-hesse\/","og_locale":"tr_TR","og_type":"article","og_title":"Neden Lost & Found Sport-Hesse'yi ikna etti | SELLERLOGIC","og_description":"\u201cHer zaman sorunlar\u0131ma do\u011fru yan\u0131tlar\u0131 var\u201d - Sport-Hesse'nin Lost & Found sayesinde Amazon'dan 5 haneli bir geri \u00f6deme almas\u0131.","og_url":"https:\/\/www.sellerlogic.com\/tr\/resources\/success-story-sport-hesse\/","og_site_name":"SELLERLOGIC - Smarte Tools f\u00fcr Amazon-Seller","article_publisher":"https:\/\/www.facebook.com\/SellerLogic\/","og_image":[{"width":2500,"height":1667,"url":"https:\/\/d2bw95mh2ee04s.cloudfront.net\/prod\/content\/wp-content\/uploads\/2020\/12\/23142722\/sport-hesse-header-neu.jpeg","type":"image\/jpeg"}],"twitter_card":"summary_large_image","twitter_site":"@sellerlogic","twitter_misc":{"Est. reading time":"3 minutes"},"schema":{"@context":"https:\/\/schema.org","@graph":[{"@type":"WebPage","@id":"https:\/\/www.sellerlogic.com\/tr\/resources\/success-story-sport-hesse\/","url":"https:\/\/www.sellerlogic.com\/tr\/resources\/success-story-sport-hesse\/","name":"Neden Lost & Found Sport-Hesse'yi ikna etti | SELLERLOGIC","isPartOf":{"@id":"https:\/\/www.sellerlogic.com\/tr\/#website"},"primaryImageOfPage":{"@id":"https:\/\/www.sellerlogic.com\/tr\/resources\/success-story-sport-hesse\/#primaryimage"},"image":{"@id":"https:\/\/www.sellerlogic.com\/tr\/resources\/success-story-sport-hesse\/#primaryimage"},"thumbnailUrl":"https:\/\/d2bw95mh2ee04s.cloudfront.net\/prod\/content\/wp-content\/uploads\/2020\/12\/23142722\/sport-hesse-header-neu.jpeg","datePublished":"2020-12-18T10:57:32+00:00","description":"\u201cHer zaman sorunlar\u0131ma do\u011fru yan\u0131tlar\u0131 var\u201d - Sport-Hesse'nin Lost & Found sayesinde Amazon'dan 5 haneli bir geri \u00f6deme almas\u0131.","breadcrumb":{"@id":"https:\/\/www.sellerlogic.com\/tr\/resources\/success-story-sport-hesse\/#breadcrumb"},"inLanguage":"tr-TR","potentialAction":[{"@type":"ReadAction","target":["https:\/\/www.sellerlogic.com\/tr\/resources\/success-story-sport-hesse\/"]}]},{"@type":"ImageObject","inLanguage":"tr-TR","@id":"https:\/\/www.sellerlogic.com\/tr\/resources\/success-story-sport-hesse\/#primaryimage","url":"https:\/\/d2bw95mh2ee04s.cloudfront.net\/prod\/content\/wp-content\/uploads\/2020\/12\/23142722\/sport-hesse-header-neu.jpeg","contentUrl":"https:\/\/d2bw95mh2ee04s.cloudfront.net\/prod\/content\/wp-content\/uploads\/2020\/12\/23142722\/sport-hesse-header-neu.jpeg","width":2500,"height":1667,"caption":"Sport-Hesse: Header"},{"@type":"BreadcrumbList","@id":"https:\/\/www.sellerlogic.com\/tr\/resources\/success-story-sport-hesse\/#breadcrumb","itemListElement":[{"@type":"ListItem","position":1,"name":"Home","item":"https:\/\/www.sellerlogic.com\/tr\/"},{"@type":"ListItem","position":2,"name":"Ressourcen EN","item":"https:\/\/www.sellerlogic.com\/tr\/resources\/"},{"@type":"ListItem","position":3,"name":"Ba\u015far\u0131 Hikayesi: Sport Hesse EN"}]},{"@type":"WebSite","@id":"https:\/\/www.sellerlogic.com\/tr\/#website","url":"https:\/\/www.sellerlogic.com\/tr\/","name":"SELLERLOGIC - Smarte Tools f\u00fcr Amazon-Seller","description":"Intelligente Prozessoptimierung und Gewinnmaximierung","publisher":{"@id":"https:\/\/www.sellerlogic.com\/tr\/#organization"},"potentialAction":[{"@type":"SearchAction","target":{"@type":"EntryPoint","urlTemplate":"https:\/\/www.sellerlogic.com\/tr\/?s={search_term_string}"},"query-input":{"@type":"PropertyValueSpecification","valueRequired":true,"valueName":"search_term_string"}}],"inLanguage":"tr-TR"},{"@type":"Organization","@id":"https:\/\/www.sellerlogic.com\/tr\/#organization","name":"SELLERLOGIC","url":"https:\/\/www.sellerlogic.com\/tr\/","logo":{"@type":"ImageObject","inLanguage":"tr-TR","@id":"https:\/\/www.sellerlogic.com\/tr\/#\/schema\/logo\/image\/","url":"https:\/\/d2bw95mh2ee04s.cloudfront.net\/prod\/content\/wp-content\/uploads\/2025\/01\/02134814\/Property-Logo-Main.svg","contentUrl":"https:\/\/d2bw95mh2ee04s.cloudfront.net\/prod\/content\/wp-content\/uploads\/2025\/01\/02134814\/Property-Logo-Main.svg","width":184,"height":40,"caption":"SELLERLOGIC"},"image":{"@id":"https:\/\/www.sellerlogic.com\/tr\/#\/schema\/logo\/image\/"},"sameAs":["https:\/\/www.facebook.com\/SellerLogic\/","https:\/\/x.com\/sellerlogic","https:\/\/www.instagram.com\/sellerlogic\/","https:\/\/www.linkedin.com\/company\/18402037\/","https:\/\/www.youtube.com\/channel\/UC-gULUur-fNj08sprantKsQ"]}]}},"_links":{"self":[{"href":"https:\/\/www.sellerlogic.com\/tr\/wp-json\/wp\/v2\/pages\/105750","targetHints":{"allow":["GET"]}}],"collection":[{"href":"https:\/\/www.sellerlogic.com\/tr\/wp-json\/wp\/v2\/pages"}],"about":[{"href":"https:\/\/www.sellerlogic.com\/tr\/wp-json\/wp\/v2\/types\/page"}],"author":[{"embeddable":true,"href":"https:\/\/www.sellerlogic.com\/tr\/wp-json\/wp\/v2\/users\/3"}],"replies":[{"embeddable":true,"href":"https:\/\/www.sellerlogic.com\/tr\/wp-json\/wp\/v2\/comments?post=105750"}],"version-history":[{"count":0,"href":"https:\/\/www.sellerlogic.com\/tr\/wp-json\/wp\/v2\/pages\/105750\/revisions"}],"up":[{"embeddable":true,"href":"https:\/\/www.sellerlogic.com\/tr\/wp-json\/wp\/v2\/pages\/105735"}],"wp:featuredmedia":[{"embeddable":true,"href":"https:\/\/www.sellerlogic.com\/tr\/wp-json\/wp\/v2\/media\/4855"}],"wp:attachment":[{"href":"https:\/\/www.sellerlogic.com\/tr\/wp-json\/wp\/v2\/media?parent=105750"}],"curies":[{"name":"wp","href":"https:\/\/api.w.org\/{rel}","templated":true}]}}