
{"id":105852,"date":"2020-12-21T10:32:03","date_gmt":"2020-12-21T10:32:03","guid":{"rendered":"https:\/\/127.0.0.1\/resources\/success-story-univers-cake\/"},"modified":"2020-12-21T10:32:03","modified_gmt":"2020-12-21T10:32:03","slug":"success-story-univers-cake","status":"publish","type":"page","link":"https:\/\/www.sellerlogic.com\/tr\/resources\/success-story-univers-cake\/","title":{"rendered":"Ba\u015far\u0131 Hikayesi: Univers Cake EN"},"content":{"rendered":"\n\t<div  class=\"theme-wp-block theme-block-main-header is-style-full-height desktop-align-full xl-align-full lg-align-full md-align-full sm-align-full desktop-content-align-y-center desktop-content-align-x-center xl-content-align-y-center xl-content-align-x-center lg-content-align-y-center lg-content-align-x-center md-content-align-y-center md-content-align-x-center sm-content-align-y-center sm-content-align-x-center gb-responsive-131969-identifier theme-block-cover\">\n\t\t<div class=\"bg-cover theme-lazy-load-bg\"><\/div>\n\t\t<div class=\"wrap-content-main-header\">\n\t\t\t\t\t<div  class=\"theme-wp-block theme-block-text-and-text desktop-blockDirection-row xl-blockDirection-row lg-blockDirection-row md-blockDirection-row sm-blockDirection-row gb-responsive-2306-identifier desktop-vertical-top xl-vertical-top lg-vertical-top md-vertical-top sm-vertical-top desktop-align-wide xl-align-wide lg-align-wide md-align-wide sm-align-wide\">\n\t\t<div class=\"tat-column-wrap-wrapper\">\n\t\t\t<div class=\"tat-column-wrapper\">\n\t\t\t\t\t<div  class=\"theme-wp-block theme-block-text-and-text-column gb-responsive-708373-identifier desktop-horizontal-center xl-horizontal-center lg-horizontal-center md-horizontal-center sm-horizontal-center\">\n\t\t<div class=\"inner-wrap-column-content\">\n\t\t\t<div class=\"inner-column-content\">\n\t\t\t\t\t\t<h1  class=\"theme-wp-block theme-block-heading is-style-default desktop-text-center xl-text-center lg-text-center md-text-center sm-text-center gb-responsive-813454-identifier desktop-align-wide xl-align-wide lg-align-wide md-align-wide sm-align-wide alignwide h1 has-text-align\">\n\t\t&#8220;Repricer i\u00e7in kay\u0131p &amp; bulunan geri \u00f6demeleriyle \u00f6deme yap\u0131yoruz!&#8221;\t<\/h1>\n\n\t\t\t<\/div>\n\t\t<\/div>\n\t<\/div>\n\t<div  class=\"theme-wp-block theme-block-text-and-text-column gb-responsive-976923-identifier\">\n\t\t<div class=\"inner-wrap-column-content\">\n\t\t\t<div class=\"inner-column-content\">\n\t\t\t\t\t\t\t<\/div>\n\t\t<\/div>\n\t<\/div>\n\t\t\t<\/div>\n\t\t<\/div>\n\t<\/div>\n\n\t\t<\/div>\n\t<\/div>\n\n<div style=\"height:50px\" aria-hidden=\"true\" class=\"theme-wp-block wp-block-spacer\"><\/div><div class=\"theme-wp-block wp-block-columns gb-responsive-990644-identifier is-layout-flex wp-container-core-columns-is-layout-9d6595d7 wp-block-columns-is-layout-flex\"><div class=\"theme-wp-block wp-block-column gb-responsive-865237-identifier is-layout-flow wp-block-column-is-layout-flow\" style=\"flex-basis:25%\"><figure class=\"theme-wp-block wp-block-image size-large is-resized gb-responsive-62921-identifier\"><img decoding=\"async\" src=\"https:\/\/d2bw95mh2ee04s.cloudfront.net\/prod\/content\/wp-content\/uploads\/2020\/12\/23142710\/logo_univers-cake-neu.png\" alt=\"Ba\u015far\u0131 Hikayesi: Univers Cake EN\" class=\"wp-image-5630\" width=\"301\" height=\"54\" srcset=\"https:\/\/d2bw95mh2ee04s.cloudfront.net\/prod\/content\/wp-content\/uploads\/2020\/12\/23142710\/logo_univers-cake-neu-407x72.png 407w, https:\/\/d2bw95mh2ee04s.cloudfront.net\/prod\/content\/wp-content\/uploads\/2020\/12\/23142710\/logo_univers-cake-neu.png 576w\" sizes=\"(max-width: 301px) 100vw, 301px\" \/><\/figure><p class=\"theme-wp-block gb-responsive-904737-identifier\"><strong>Kurulu\u015f Y\u0131l\u0131:<\/strong><br>2016<\/p><p class=\"theme-wp-block gb-responsive-263844-identifier\"><strong>Sekt\u00f6r:<\/strong><br>F\u0131r\u0131nc\u0131l\u0131k ve \u015fekerleme<\/p><p class=\"theme-wp-block gb-responsive-644265-identifier\"><strong>Amazon&#8217;da mevcut \u00fcr\u00fcnler:<\/strong><br>yakla\u015f\u0131k 3,000 SKU<\/p><p class=\"theme-wp-block gb-responsive-788481-identifier\"><strong>G\u00f6nderimler:<\/strong><br>yakla\u015f\u0131k 850 \/ ay<\/p><\/div><div class=\"theme-wp-block wp-block-column gb-responsive-41122-identifier is-layout-flow wp-block-column-is-layout-flow\" style=\"flex-basis:50%\"><h3 class=\"theme-wp-block wp-block-heading gb-responsive-34353-identifier\" id=\"block-c06fce04-ef87-4ffc-a3d6-b768ba377d17\">Arka Plan:<\/h3><p class=\"theme-wp-block gb-responsive-772271-identifier\">Web ajans\u0131 UP\u2018NBOOST, kendi markas\u0131 &#8220;Univers Cake&#8221; ile f\u0131r\u0131nc\u0131l\u0131k ve \u015fekerleme pazar\u0131na ba\u015far\u0131yla girdi. UP\u2018NBOOST, ba\u015flang\u0131\u00e7ta Univers Cake konseptini bir m\u00fc\u015fteri i\u00e7in tasarlam\u0131\u015ft\u0131, ancak m\u00fc\u015fteri zaman eksikli\u011fi nedeniyle fikri hayata ge\u00e7iremedi. Olu\u015fturduklar\u0131 konsepte g\u00fc\u00e7l\u00fc bir \u015fekilde inanan ajans, Univers Cake&#8217;i kendileri hayata ge\u00e7irmeye karar verdi. Markan\u0131n \u00f6zellikle Amazon&#8217;da b\u00fcy\u00fck bir potansiyele sahip oldu\u011fu k\u0131sa s\u00fcrede belli oldu. Online pazarda sat\u0131\u015flar h\u0131zla artmaya ba\u015flad\u0131.<\/p><h3 class=\"theme-wp-block wp-block-heading gb-responsive-530046-identifier\">Her \u015fey nas\u0131l ba\u015flad\u0131:<\/h3><p class=\"theme-wp-block gb-responsive-266688-identifier\">UP\u2018NBOOST&#8217;ta Ko-Direkt\u00f6r olan Jean-Bernard Freymann i\u00e7in en ba\u015f\u0131ndan itibaren en b\u00fcy\u00fck zorlu\u011fun m\u00fcmk\u00fcn oldu\u011funca fazla zaman kazanmak olaca\u011f\u0131 a\u00e7\u0131kt\u0131. \u00d6zellikle bir marka olmadan son derece rekabet\u00e7i bir ortamda 1,500&#8217;den fazla \u00fcr\u00fcn satt\u0131\u011f\u0131n\u0131zda. &#8220;Ko\u015fullara ra\u011fmen marjlar\u0131m\u0131z\u0131 korumak zorundayd\u0131k,&#8221; diyor Freymann. &#8220;Amazon&#8217;da tam olarak ayn\u0131 \u00fcr\u00fcn\u00fc satan \u00e7ok say\u0131da rakibimiz var. Bu nedenle, ana fakt\u00f6r fiyat. B\u00f6yle bir durumda rekabeti manuel olarak takip etmek neredeyse imkans\u0131z.&#8221;<\/p><p class=\"theme-wp-block gb-responsive-243429-identifier\">Bu ko\u015fullar alt\u0131nda, bir sonraki mant\u0131kl\u0131 ad\u0131m sadece Amazon&#8217;un Lojistik Hizmeti&#8217;ni (FBA) kullanmak de\u011fil, ayn\u0131 zamanda rekabet\u00e7i kalmak ve Buy Box pay\u0131n\u0131 y\u00fcksek seviyede tutmak i\u00e7in bir fiyatland\u0131r\u0131c\u0131 kullanmakt\u0131. UP\u2018NBOOST, SELLERLOGIC&#8217;\u0131 ke\u015ffetmeden \u00f6nce, ajans daha \u00f6nce teknik veya ekonomik olarak onlar\u0131 ikna edemeyen di\u011fer fiyatland\u0131r\u0131c\u0131lar\u0131 kullanm\u0131\u015ft\u0131.<\/p><h3 class=\"theme-wp-block wp-block-heading gb-responsive-749842-identifier\">\u00c7\u00f6z\u00fcm:<\/h3><p class=\"theme-wp-block gb-responsive-190699-identifier\">&#8220;Marjlar\u0131n genellikle d\u00fc\u015f\u00fck oldu\u011fu bir sekt\u00f6rde, Repricer&#8217;n\u0131n faydalar\u0131n\u0131 de\u011fil, ayn\u0131 zamanda maliyetlerini de ba\u015far\u0131 i\u00e7in bir anahtar olarak dikkate ald\u0131k,&#8221; diye a\u00e7\u0131kl\u0131yor Freymann. &#8220;\u00c7e\u015fitli \u00e7\u00f6z\u00fcmleri inceledikten sonra, SELLERLOGIC sadece fiyatlar\u0131yla de\u011fil, ayn\u0131 zamanda belirli \u00fcr\u00fcn gruplar\u0131na farkl\u0131 fiyat ayarlama stratejileri uygulama yetene\u011fi gibi \u00f6zel \u00f6zellikleriyle de bizi ikna etti.&#8221;<\/p><p class=\"theme-wp-block gb-responsive-680671-identifier\">UP\u2018NBOOST ayr\u0131ca ikinci SELLERLOGIC arac\u0131n\u0131 da uygulad\u0131: Lost &#038; Found art\u0131k t\u00fcm FBA s\u00fcre\u00e7lerini izliyor ve Amazon lojistik merkezlerinde bulunan herhangi bir d\u00fczensizli\u011fi g\u00fcvenilir bir \u015fekilde rapor ediyor, bu da h\u0131zl\u0131 ve basit geri \u00f6deme ba\u015fvurular\u0131na olanak tan\u0131yor.<\/p><div class=\"theme-block-group-wrap\"><div class=\"theme-wp-block wp-block-group gb-responsive-88118-identifier\">\t\t<div  class=\"theme-wp-block theme-block-user-card gb-responsive-799176-identifier is-style-full-width-line\">\n\t\t<div class=\"wrap-inner-content\">\n\t\t\t<div class=\"card-user-head\">\n\t\t\t\t<div class=\"card-user-avatar\">\n\t\t\t\t\t<div class=\"cover-avatar\" style=\"background-image: url(https:\/\/d2bw95mh2ee04s.cloudfront.net\/prod\/content\/wp-content\/uploads\/2020\/12\/23142710\/portrait_univers-cake_raute.png);\"><\/div>\n\t\t\t\t<\/div>\n\t\t\t\t<div class=\"wrap-title\">\n\t\t\t\t\t<div class=\"card-user-name\">\n\t\t\t\t\t\t<div class=\"title\">\n\t\t\t\t\t\t\t<h3 class=\"heading-text\"><strong>Jean-Bernard Freymann<\/strong><\/h3>\n\t\t\t\t\t\t<\/div>\n\t\t\t\t\t\t<div class=\"card-user-position\">\n\t\t\t\t\t\t\t<div class=\"card-text\"><strong>Ko-Direkt\u00f6r UP&#8217;NBOOST<\/strong><\/div>\n\t\t\t\t\t\t<\/div>\n\t\t\t\t\t<\/div>\n\t\t\t\t\t<div class=\"card-user-quote-icon\">\n\t\t\t\t\t<\/div>\n\t\t\t\t<\/div>\n\t\t\t<\/div>\n\t\t\t<div class=\"card-user-text\">\n\t\t\t\t<div class=\"card-text\"><p>\u201c\u0130kinci SELLERLOGIC arac\u0131 sayesinde ald\u0131\u011f\u0131m\u0131z FBA geri \u00f6demesiyle, Repricer&#8217;yi finanse edebiliriz!\u201d<\/p><\/div>\n\t\t\t<\/div>\n\t\t<\/div>\n\t<\/div>\n\n<\/div><\/div><h3 class=\"theme-wp-block wp-block-heading gb-responsive-260858-identifier\">Success with SELLERLOGIC:<\/h3><p class=\"theme-wp-block gb-responsive-566423-identifier\">\u201cKurulum olduk\u00e7a basitti: sadece t\u00fcm \u00fcr\u00fcnlerimizi ve ilgili minimum ve maksimum fiyatlar\u0131 i\u00e7eren bir dosyay\u0131 i\u00e7e aktarmam\u0131z gerekiyordu. \u0130\u00e7e aktarma h\u0131zl\u0131 ve kolayd\u0131. Birka\u00e7 saat i\u00e7inde, SELLERLOGIC Repricer \u00e7al\u0131\u015fmaya ba\u015flad\u0131,\u201d diyor Freymann. \u201cHer iki ara\u00e7 da bize muazzam bir zaman kazand\u0131r\u0131yor.\u201d<\/p><p class=\"theme-wp-block gb-responsive-468554-identifier desktop-gb-has-no-icon xl-gb-has-no-icon lg-gb-has-no-icon md-gb-has-no-icon sm-gb-has-no-icon\">Ayr\u0131ca, UP\u2018NBOOST, Repricer kullan\u0131m maliyetini azaltmay\u0131 ba\u015fard\u0131 ve ayn\u0131 zamanda Univers Cake \u00fcr\u00fcnlerinin sat\u0131\u015flar\u0131n\u0131 art\u0131rd\u0131, bu da artan Buy Box paylar\u0131 ve SELLERLOGIC Repricer&#8217;nin \u00e7e\u015fitli stratejileri sayesinde oldu. \u201cAma en iyi \u015fey, Lost &#038; Found&#8217;in yeniden fiyatland\u0131rma maliyetlerini dengelememizi sa\u011flamas\u0131,\u201d diyor Freymann mutlu bir \u015fekilde.<\/p><p class=\"theme-wp-block gb-responsive-469189-identifier\">\u201cAyr\u0131ca, SELLERLOGIC m\u00fc\u015fteri hizmetleri ekibi yetkin ve sorgulara h\u0131zl\u0131 bir \u015fekilde yan\u0131t veriyor. \u0130yi yap\u0131land\u0131r\u0131lm\u0131\u015f ve m\u00fc\u015fteri odakl\u0131 bir Alman \u015firketi ile i\u015fbirli\u011fi yapmak bizim i\u00e7in \u00e7ok rahatlat\u0131c\u0131,\u201d diyor Freymann.<\/p><div class=\"theme-wp-block wp-block-buttons gb-responsive-497426-identifier is-layout-flex wp-block-buttons-is-layout-flex\"><div class=\"theme-wp-block wp-block-button gb-responsive-38220-identifier is-style-theme-transparent-with-arrow\"><a class=\"wp-block-button__link wp-element-button\" href=\"https:\/\/d2bw95mh2ee04s.cloudfront.net\/prod\/content\/files\/SUCCESS-STORIES\/EN\/SELLERLOGIC_SN_Success-Story_Univers-Cake_EN.pdf\" target=\"_blank\" rel=\"noreferrer noopener nofollow\">\u015eimdi indir!<\/a><\/div><\/div><\/div><div class=\"theme-wp-block wp-block-column gb-responsive-472466-identifier is-layout-flow wp-block-column-is-layout-flow\" style=\"flex-basis:25%\"><\/div><\/div>","protected":false},"excerpt":{"rendered":"<p>Kurulu\u015f Y\u0131l\u0131:2016 Sekt\u00f6r:F\u0131r\u0131nc\u0131l\u0131k ve \u015fekerleme Amazon&#8217;da mevcut \u00fcr\u00fcnler:yakla\u015f\u0131k 3,000 SKU G\u00f6nderimler:yakla\u015f\u0131k 850 \/ ay Arka Plan: Web ajans\u0131 UP\u2018NBOOST, kendi markas\u0131 &#8220;Univers Cake&#8221; ile f\u0131r\u0131nc\u0131l\u0131k ve \u015fekerleme pazar\u0131na ba\u015far\u0131yla girdi. UP\u2018NBOOST, ba\u015flang\u0131\u00e7ta Univers Cake konseptini bir m\u00fc\u015fteri i\u00e7in tasarlam\u0131\u015ft\u0131, ancak m\u00fc\u015fteri zaman eksikli\u011fi nedeniyle fikri hayata ge\u00e7iremedi. Olu\u015fturduklar\u0131 konsepte g\u00fc\u00e7l\u00fc bir \u015fekilde inanan ajans, Univers<\/p>\n","protected":false},"author":3,"featured_media":5625,"parent":105735,"menu_order":0,"comment_status":"closed","ping_status":"closed","template":"","meta":{"sidebar_recommended_resources":{"data":[]},"sidebar_header_settings":{"hide_buttons":{"register":false}},"_use_new_theme":false,"inline_featured_image":false,"footnotes":""},"class_list":["post-105852","page","type-page","status-publish","has-post-thumbnail","hentry"],"yoast_head":"<!-- This site is optimized with the Yoast SEO plugin v26.8 - https:\/\/yoast.com\/product\/yoast-seo-wordpress\/ -->\n<title>Bu \u015fekilde Repricer ve Lost &amp; Found birlikte \u00e7al\u0131\u015f\u0131yor! | SELLERLOGIC<\/title>\n<meta name=\"description\" content=\"Lost &amp; Found sayesinde, UP&#039;NBOOST Repricer&#039;yi ald\u0131klar\u0131 FBA iadeleri ile \u00f6d\u00fcyor. \u00d6zel bir ba\u015far\u0131 hikayesi!\" \/>\n<meta name=\"robots\" content=\"index, follow, max-snippet:-1, max-image-preview:large, max-video-preview:-1\" \/>\n<link rel=\"canonical\" href=\"https:\/\/www.sellerlogic.com\/tr\/resources\/success-story-univers-cake\/\" \/>\n<meta property=\"og:locale\" content=\"tr_TR\" \/>\n<meta property=\"og:type\" content=\"article\" \/>\n<meta property=\"og:title\" content=\"Bu \u015fekilde Repricer ve Lost &amp; Found birlikte \u00e7al\u0131\u015f\u0131yor! | SELLERLOGIC\" \/>\n<meta property=\"og:description\" content=\"Lost &amp; Found sayesinde, UP&#039;NBOOST Repricer&#039;yi ald\u0131klar\u0131 FBA iadeleri ile \u00f6d\u00fcyor. \u00d6zel bir ba\u015far\u0131 hikayesi!\" \/>\n<meta property=\"og:url\" content=\"https:\/\/www.sellerlogic.com\/tr\/resources\/success-story-univers-cake\/\" \/>\n<meta property=\"og:site_name\" content=\"SELLERLOGIC - Smarte Tools f\u00fcr Amazon-Seller\" \/>\n<meta property=\"article:publisher\" content=\"https:\/\/www.facebook.com\/SellerLogic\/\" \/>\n<meta property=\"og:image\" content=\"https:\/\/d2bw95mh2ee04s.cloudfront.net\/prod\/content\/wp-content\/uploads\/2020\/12\/23142710\/success-story-univers-cake-header-scaled.jpeg\" \/>\n\t<meta property=\"og:image:width\" content=\"2560\" \/>\n\t<meta property=\"og:image:height\" content=\"1107\" \/>\n\t<meta property=\"og:image:type\" content=\"image\/jpeg\" \/>\n<meta name=\"twitter:card\" content=\"summary_large_image\" \/>\n<meta name=\"twitter:site\" content=\"@sellerlogic\" \/>\n<meta name=\"twitter:label1\" content=\"Est. reading time\" \/>\n\t<meta name=\"twitter:data1\" content=\"3 minutes\" \/>\n<script type=\"application\/ld+json\" class=\"yoast-schema-graph\">{\"@context\":\"https:\/\/schema.org\",\"@graph\":[{\"@type\":\"WebPage\",\"@id\":\"https:\/\/www.sellerlogic.com\/tr\/resources\/success-story-univers-cake\/\",\"url\":\"https:\/\/www.sellerlogic.com\/tr\/resources\/success-story-univers-cake\/\",\"name\":\"Bu \u015fekilde Repricer ve Lost & Found birlikte \u00e7al\u0131\u015f\u0131yor! | SELLERLOGIC\",\"isPartOf\":{\"@id\":\"https:\/\/www.sellerlogic.com\/tr\/#website\"},\"primaryImageOfPage\":{\"@id\":\"https:\/\/www.sellerlogic.com\/tr\/resources\/success-story-univers-cake\/#primaryimage\"},\"image\":{\"@id\":\"https:\/\/www.sellerlogic.com\/tr\/resources\/success-story-univers-cake\/#primaryimage\"},\"thumbnailUrl\":\"https:\/\/d2bw95mh2ee04s.cloudfront.net\/prod\/content\/wp-content\/uploads\/2020\/12\/23142710\/success-story-univers-cake-header-scaled.jpeg\",\"datePublished\":\"2020-12-21T10:32:03+00:00\",\"description\":\"Lost & Found sayesinde, UP'NBOOST Repricer'yi ald\u0131klar\u0131 FBA iadeleri ile \u00f6d\u00fcyor. \u00d6zel bir ba\u015far\u0131 hikayesi!\",\"breadcrumb\":{\"@id\":\"https:\/\/www.sellerlogic.com\/tr\/resources\/success-story-univers-cake\/#breadcrumb\"},\"inLanguage\":\"tr-TR\",\"potentialAction\":[{\"@type\":\"ReadAction\",\"target\":[\"https:\/\/www.sellerlogic.com\/tr\/resources\/success-story-univers-cake\/\"]}]},{\"@type\":\"ImageObject\",\"inLanguage\":\"tr-TR\",\"@id\":\"https:\/\/www.sellerlogic.com\/tr\/resources\/success-story-univers-cake\/#primaryimage\",\"url\":\"https:\/\/d2bw95mh2ee04s.cloudfront.net\/prod\/content\/wp-content\/uploads\/2020\/12\/23142710\/success-story-univers-cake-header-scaled.jpeg\",\"contentUrl\":\"https:\/\/d2bw95mh2ee04s.cloudfront.net\/prod\/content\/wp-content\/uploads\/2020\/12\/23142710\/success-story-univers-cake-header-scaled.jpeg\",\"width\":2560,\"height\":1107,\"caption\":\"Success Story: Univers Cake\"},{\"@type\":\"BreadcrumbList\",\"@id\":\"https:\/\/www.sellerlogic.com\/tr\/resources\/success-story-univers-cake\/#breadcrumb\",\"itemListElement\":[{\"@type\":\"ListItem\",\"position\":1,\"name\":\"Home\",\"item\":\"https:\/\/www.sellerlogic.com\/tr\/\"},{\"@type\":\"ListItem\",\"position\":2,\"name\":\"Ressourcen EN\",\"item\":\"https:\/\/www.sellerlogic.com\/tr\/resources\/\"},{\"@type\":\"ListItem\",\"position\":3,\"name\":\"Ba\u015far\u0131 Hikayesi: Univers Cake EN\"}]},{\"@type\":\"WebSite\",\"@id\":\"https:\/\/www.sellerlogic.com\/tr\/#website\",\"url\":\"https:\/\/www.sellerlogic.com\/tr\/\",\"name\":\"SELLERLOGIC - Smarte Tools f\u00fcr Amazon-Seller\",\"description\":\"Intelligente Prozessoptimierung und Gewinnmaximierung\",\"publisher\":{\"@id\":\"https:\/\/www.sellerlogic.com\/tr\/#organization\"},\"potentialAction\":[{\"@type\":\"SearchAction\",\"target\":{\"@type\":\"EntryPoint\",\"urlTemplate\":\"https:\/\/www.sellerlogic.com\/tr\/?s={search_term_string}\"},\"query-input\":{\"@type\":\"PropertyValueSpecification\",\"valueRequired\":true,\"valueName\":\"search_term_string\"}}],\"inLanguage\":\"tr-TR\"},{\"@type\":\"Organization\",\"@id\":\"https:\/\/www.sellerlogic.com\/tr\/#organization\",\"name\":\"SELLERLOGIC\",\"url\":\"https:\/\/www.sellerlogic.com\/tr\/\",\"logo\":{\"@type\":\"ImageObject\",\"inLanguage\":\"tr-TR\",\"@id\":\"https:\/\/www.sellerlogic.com\/tr\/#\/schema\/logo\/image\/\",\"url\":\"https:\/\/d2bw95mh2ee04s.cloudfront.net\/prod\/content\/wp-content\/uploads\/2025\/01\/02134814\/Property-Logo-Main.svg\",\"contentUrl\":\"https:\/\/d2bw95mh2ee04s.cloudfront.net\/prod\/content\/wp-content\/uploads\/2025\/01\/02134814\/Property-Logo-Main.svg\",\"width\":184,\"height\":40,\"caption\":\"SELLERLOGIC\"},\"image\":{\"@id\":\"https:\/\/www.sellerlogic.com\/tr\/#\/schema\/logo\/image\/\"},\"sameAs\":[\"https:\/\/www.facebook.com\/SellerLogic\/\",\"https:\/\/x.com\/sellerlogic\",\"https:\/\/www.instagram.com\/sellerlogic\/\",\"https:\/\/www.linkedin.com\/company\/18402037\/\",\"https:\/\/www.youtube.com\/channel\/UC-gULUur-fNj08sprantKsQ\"]}]}<\/script>\n<!-- \/ Yoast SEO plugin. -->","yoast_head_json":{"title":"Bu \u015fekilde Repricer ve Lost & Found birlikte \u00e7al\u0131\u015f\u0131yor! | SELLERLOGIC","description":"Lost & Found sayesinde, UP'NBOOST Repricer'yi ald\u0131klar\u0131 FBA iadeleri ile \u00f6d\u00fcyor. \u00d6zel bir ba\u015far\u0131 hikayesi!","robots":{"index":"index","follow":"follow","max-snippet":"max-snippet:-1","max-image-preview":"max-image-preview:large","max-video-preview":"max-video-preview:-1"},"canonical":"https:\/\/www.sellerlogic.com\/tr\/resources\/success-story-univers-cake\/","og_locale":"tr_TR","og_type":"article","og_title":"Bu \u015fekilde Repricer ve Lost & Found birlikte \u00e7al\u0131\u015f\u0131yor! | SELLERLOGIC","og_description":"Lost & Found sayesinde, UP'NBOOST Repricer'yi ald\u0131klar\u0131 FBA iadeleri ile \u00f6d\u00fcyor. \u00d6zel bir ba\u015far\u0131 hikayesi!","og_url":"https:\/\/www.sellerlogic.com\/tr\/resources\/success-story-univers-cake\/","og_site_name":"SELLERLOGIC - Smarte Tools f\u00fcr Amazon-Seller","article_publisher":"https:\/\/www.facebook.com\/SellerLogic\/","og_image":[{"width":2560,"height":1107,"url":"https:\/\/d2bw95mh2ee04s.cloudfront.net\/prod\/content\/wp-content\/uploads\/2020\/12\/23142710\/success-story-univers-cake-header-scaled.jpeg","type":"image\/jpeg"}],"twitter_card":"summary_large_image","twitter_site":"@sellerlogic","twitter_misc":{"Est. reading time":"3 minutes"},"schema":{"@context":"https:\/\/schema.org","@graph":[{"@type":"WebPage","@id":"https:\/\/www.sellerlogic.com\/tr\/resources\/success-story-univers-cake\/","url":"https:\/\/www.sellerlogic.com\/tr\/resources\/success-story-univers-cake\/","name":"Bu \u015fekilde Repricer ve Lost & Found birlikte \u00e7al\u0131\u015f\u0131yor! | SELLERLOGIC","isPartOf":{"@id":"https:\/\/www.sellerlogic.com\/tr\/#website"},"primaryImageOfPage":{"@id":"https:\/\/www.sellerlogic.com\/tr\/resources\/success-story-univers-cake\/#primaryimage"},"image":{"@id":"https:\/\/www.sellerlogic.com\/tr\/resources\/success-story-univers-cake\/#primaryimage"},"thumbnailUrl":"https:\/\/d2bw95mh2ee04s.cloudfront.net\/prod\/content\/wp-content\/uploads\/2020\/12\/23142710\/success-story-univers-cake-header-scaled.jpeg","datePublished":"2020-12-21T10:32:03+00:00","description":"Lost & Found sayesinde, UP'NBOOST Repricer'yi ald\u0131klar\u0131 FBA iadeleri ile \u00f6d\u00fcyor. \u00d6zel bir ba\u015far\u0131 hikayesi!","breadcrumb":{"@id":"https:\/\/www.sellerlogic.com\/tr\/resources\/success-story-univers-cake\/#breadcrumb"},"inLanguage":"tr-TR","potentialAction":[{"@type":"ReadAction","target":["https:\/\/www.sellerlogic.com\/tr\/resources\/success-story-univers-cake\/"]}]},{"@type":"ImageObject","inLanguage":"tr-TR","@id":"https:\/\/www.sellerlogic.com\/tr\/resources\/success-story-univers-cake\/#primaryimage","url":"https:\/\/d2bw95mh2ee04s.cloudfront.net\/prod\/content\/wp-content\/uploads\/2020\/12\/23142710\/success-story-univers-cake-header-scaled.jpeg","contentUrl":"https:\/\/d2bw95mh2ee04s.cloudfront.net\/prod\/content\/wp-content\/uploads\/2020\/12\/23142710\/success-story-univers-cake-header-scaled.jpeg","width":2560,"height":1107,"caption":"Success Story: Univers Cake"},{"@type":"BreadcrumbList","@id":"https:\/\/www.sellerlogic.com\/tr\/resources\/success-story-univers-cake\/#breadcrumb","itemListElement":[{"@type":"ListItem","position":1,"name":"Home","item":"https:\/\/www.sellerlogic.com\/tr\/"},{"@type":"ListItem","position":2,"name":"Ressourcen EN","item":"https:\/\/www.sellerlogic.com\/tr\/resources\/"},{"@type":"ListItem","position":3,"name":"Ba\u015far\u0131 Hikayesi: Univers Cake EN"}]},{"@type":"WebSite","@id":"https:\/\/www.sellerlogic.com\/tr\/#website","url":"https:\/\/www.sellerlogic.com\/tr\/","name":"SELLERLOGIC - Smarte Tools f\u00fcr Amazon-Seller","description":"Intelligente Prozessoptimierung und Gewinnmaximierung","publisher":{"@id":"https:\/\/www.sellerlogic.com\/tr\/#organization"},"potentialAction":[{"@type":"SearchAction","target":{"@type":"EntryPoint","urlTemplate":"https:\/\/www.sellerlogic.com\/tr\/?s={search_term_string}"},"query-input":{"@type":"PropertyValueSpecification","valueRequired":true,"valueName":"search_term_string"}}],"inLanguage":"tr-TR"},{"@type":"Organization","@id":"https:\/\/www.sellerlogic.com\/tr\/#organization","name":"SELLERLOGIC","url":"https:\/\/www.sellerlogic.com\/tr\/","logo":{"@type":"ImageObject","inLanguage":"tr-TR","@id":"https:\/\/www.sellerlogic.com\/tr\/#\/schema\/logo\/image\/","url":"https:\/\/d2bw95mh2ee04s.cloudfront.net\/prod\/content\/wp-content\/uploads\/2025\/01\/02134814\/Property-Logo-Main.svg","contentUrl":"https:\/\/d2bw95mh2ee04s.cloudfront.net\/prod\/content\/wp-content\/uploads\/2025\/01\/02134814\/Property-Logo-Main.svg","width":184,"height":40,"caption":"SELLERLOGIC"},"image":{"@id":"https:\/\/www.sellerlogic.com\/tr\/#\/schema\/logo\/image\/"},"sameAs":["https:\/\/www.facebook.com\/SellerLogic\/","https:\/\/x.com\/sellerlogic","https:\/\/www.instagram.com\/sellerlogic\/","https:\/\/www.linkedin.com\/company\/18402037\/","https:\/\/www.youtube.com\/channel\/UC-gULUur-fNj08sprantKsQ"]}]}},"_links":{"self":[{"href":"https:\/\/www.sellerlogic.com\/tr\/wp-json\/wp\/v2\/pages\/105852","targetHints":{"allow":["GET"]}}],"collection":[{"href":"https:\/\/www.sellerlogic.com\/tr\/wp-json\/wp\/v2\/pages"}],"about":[{"href":"https:\/\/www.sellerlogic.com\/tr\/wp-json\/wp\/v2\/types\/page"}],"author":[{"embeddable":true,"href":"https:\/\/www.sellerlogic.com\/tr\/wp-json\/wp\/v2\/users\/3"}],"replies":[{"embeddable":true,"href":"https:\/\/www.sellerlogic.com\/tr\/wp-json\/wp\/v2\/comments?post=105852"}],"version-history":[{"count":0,"href":"https:\/\/www.sellerlogic.com\/tr\/wp-json\/wp\/v2\/pages\/105852\/revisions"}],"up":[{"embeddable":true,"href":"https:\/\/www.sellerlogic.com\/tr\/wp-json\/wp\/v2\/pages\/105735"}],"wp:featuredmedia":[{"embeddable":true,"href":"https:\/\/www.sellerlogic.com\/tr\/wp-json\/wp\/v2\/media\/5625"}],"wp:attachment":[{"href":"https:\/\/www.sellerlogic.com\/tr\/wp-json\/wp\/v2\/media?parent=105852"}],"curies":[{"name":"wp","href":"https:\/\/api.w.org\/{rel}","templated":true}]}}