
{"id":105855,"date":"2022-03-17T08:40:47","date_gmt":"2022-03-17T08:40:47","guid":{"rendered":"https:\/\/127.0.0.1\/registration-for-the-webinar\/"},"modified":"2022-03-17T08:40:47","modified_gmt":"2022-03-17T08:40:47","slug":"registration-for-the-webinar","status":"publish","type":"page","link":"https:\/\/www.sellerlogic.com\/tr\/registration-for-the-webinar\/","title":{"rendered":"Webinar i\u00e7in kay\u0131t"},"content":{"rendered":"\n\t<div  class=\"theme-wp-block theme-block-main-header desktop-content-align-y-center desktop-content-align-x-center xl-content-align-y-center xl-content-align-x-center lg-content-align-y-center lg-content-align-x-center md-content-align-y-center md-content-align-x-center sm-content-align-y-center sm-content-align-x-center gb-responsive-349165-identifier desktop-align-full xl-align-full lg-align-full md-align-full sm-align-full is-style-default theme-block-cover\">\n\t\t<div class=\"bg-cover theme-lazy-load-bg\"><\/div>\n\t\t<div class=\"wrap-content-main-header\">\n\t\t\t\t\t<div  class=\"theme-wp-block theme-block-text-and-text desktop-align-wide xl-align-wide lg-align-wide md-align-wide sm-align-wide desktop-blockDirection-row xl-blockDirection-row lg-blockDirection-row md-blockDirection-row sm-blockDirection-row gb-responsive-473561-identifier desktop-vertical-center xl-vertical-center lg-vertical-center md-vertical-center sm-vertical-center\">\n\t\t<div class=\"tat-column-wrap-wrapper\">\n\t\t\t<div class=\"tat-column-wrapper\">\n\t\t\t\t\t<div  class=\"theme-wp-block theme-block-text-and-text-column gb-responsive-667797-identifier desktop-horizontal-center xl-horizontal-center lg-horizontal-center md-horizontal-center sm-horizontal-center\">\n\t\t<div class=\"inner-wrap-column-content\">\n\t\t\t<div class=\"inner-column-content\">\n\t\t\t\t<div class=\"theme-wp-block wp-block-columns are-vertically-aligned-center gb-responsive-685022-identifier is-layout-flex wp-container-core-columns-is-layout-9d6595d7 wp-block-columns-is-layout-flex\"><div class=\"theme-wp-block wp-block-column is-vertically-aligned-center gb-responsive-821359-identifier is-layout-flow wp-block-column-is-layout-flow\"><div class=\"theme-block-group-wrap\"><div class=\"theme-wp-block wp-block-group gb-responsive-395462-identifier has-white-color has-text-color\"><h1 class=\"theme-wp-block has-text-align-center gb-responsive-181751-identifier desktop-text-center xl-text-center lg-text-center md-text-center sm-text-center wp-block-heading\">Amazon ufkunun \u00f6tesine bakmak ister misiniz?<\/h1><h2 class=\"theme-wp-block has-text-align-center gb-responsive-42443-identifier desktop-text-center xl-text-center lg-text-center md-text-center sm-text-center wp-block-heading\">O zaman webinar\u0131m\u0131za kaydolun!<\/h2><hr class=\"theme-wp-block wp-block-separator has-css-opacity\"><\/hr><\/div><\/div><\/div><div class=\"theme-wp-block wp-block-column is-vertically-aligned-center gb-responsive-247885-identifier is-layout-flow wp-block-column-is-layout-flow\"><div class=\"theme-block-group-wrap\"><div class=\"theme-wp-block wp-block-group gb-responsive-539307-identifier has-theme-light-gray-background-color has-background\"><h3 class=\"theme-wp-block has-text-align-center gb-responsive-488462-identifier desktop-text-center xl-text-center lg-text-center md-text-center sm-text-center wp-block-heading\">En ba\u015f\u0131ndan itibaren orada olun!<\/h3><div id=\"webinar-form\" class=\"theme-wp-block webinar-form\" style=\"position: relative;\"><p>Webinar\u0131m\u0131za kaydolmak i\u00e7in ad\u0131n\u0131z\u0131 ve e-posta adresinizi girin.<br><\/p><form id=\"leadform\" action=\"#\" method=\"post\"><input type=\"text\" name=\"name\" id=\"name\" placeholder=\"Ad\u0131n\u0131z\" required=\"required\" style=\"padding: 10px; font-size: 18px; width: 100%; margin-bottom: 15px; color: rgb(88, 88, 88);\"><\/input><input type=\"email\" name=\"email\" id=\"email\" placeholder=\"E-posta adresiniz\" required=\"required\" data-com-onepassword-filled=\"light\" style=\"padding: 10px; font-size: 18px; width: 100%; margin-bottom: 15px; color: rgb(88, 88, 88);\"><\/input><input type=\"submit\" value=\"\u015eimdi \u00fccretsiz kaydolun\" id=\"submit\" style=\"padding: 10px; font-size: 18px; width: 100%; margin-bottom: 15px; color: rgb(255, 255, 255); background-color: rgb(255, 170, 1); cursor: pointer;\"><\/input><p style=\"margin-bottom: 10px; font-size: 12px;\">Verilerin i\u015flenmesi, bizim <a href=\"https:\/\/www.sellerlogic.com\/en\/privacy-policy\/\" target=\"_blank\" draggable=\"false\" rel=\"noopener noreferrer\">gizlilik politikam\u0131z<\/a> ile uyumlu olarak ger\u00e7ekle\u015ftirilmektedir. A\u015fa\u011f\u0131da kay\u0131t olarak, SELLERLOGIC GmbH&#8217;n\u0131n ki\u015fisel verilerinizi pazarlama ama\u00e7lar\u0131 i\u00e7in kullanabilece\u011fini ve payla\u015fabilece\u011fini kabul edersiniz. Ayr\u0131ca, SELLERLOGIC GmbH&#8217;n\u0131n sa\u011flad\u0131\u011f\u0131n\u0131z bilgileri, verileri gizlilik politikalar\u0131na uygun olarak saklayacak olan kat\u0131l\u0131mc\u0131 webinar ortaklar\u0131m\u0131za iletebilece\u011fini ve bu verileri GDPR kapsam\u0131ndaki ge\u00e7erli yasal gereklere uygun olarak pazarlama materyali sa\u011flamak amac\u0131yla i\u015fleyebilece\u011fini kabul edersiniz.<\/p><\/form><\/div><hr class=\"theme-wp-block wp-block-separator has-css-opacity\"><\/hr><p class=\"theme-wp-block gb-responsive-658111-identifier\">Webinar i\u00e7in kaydolmak amac\u0131yla, \u00f6nceden t\u00fcm \u00e7erezlere izin vermeniz gerekmektedir. Ayarlar\u0131n\u0131z\u0131 d\u00fczenlemek i\u00e7in l\u00fctfen a\u015fa\u011f\u0131daki butona t\u0131klay\u0131n.<\/p><p class=\"theme-wp-block\"><span class=\"borlabs-cookie-open-dialog-preferences brlbs-cmpnt-container\" data-borlabs-cookie-title=\"\u00c7erez ayarlar\u0131n\u0131 a\u00e7\" data-borlabs-cookie-type=\"button\" ><\/span><\/p><\/div><\/div><\/div><\/div>\t\t\t<\/div>\n\t\t<\/div>\n\t<\/div>\n\t<div  class=\"theme-wp-block theme-block-text-and-text-column gb-responsive-761697-identifier\">\n\t\t<div class=\"inner-wrap-column-content\">\n\t\t\t<div class=\"inner-column-content\">\n\t\t\t\t\t\t\t<\/div>\n\t\t<\/div>\n\t<\/div>\n\t\t\t<\/div>\n\t\t<\/div>\n\t<\/div>\n\n\t\t<\/div>\n\t<\/div>\n\n<div class=\"theme-wp-block wp-block-columns alignfull are-vertically-aligned-center desktop-align-full xl-align-full lg-align-full md-align-full sm-align-full gb-responsive-162396-identifier has-theme-light-gray-background-color has-background is-layout-flex wp-container-core-columns-is-layout-9d6595d7 wp-block-columns-is-layout-flex\"><div class=\"theme-wp-block wp-block-column is-vertically-aligned-center gb-responsive-969772-identifier is-layout-flow wp-block-column-is-layout-flow\" style=\"flex-basis:25%\"><\/div><div class=\"theme-wp-block wp-block-column is-vertically-aligned-center gb-responsive-872757-identifier is-layout-flow wp-block-column-is-layout-flow\" style=\"flex-basis:50%\"><div style=\"height:20px\" aria-hidden=\"true\" class=\"theme-wp-block wp-block-spacer\"><\/div><h2 class=\"theme-wp-block gb-responsive-995743-identifier wp-block-heading\">\u00c7ok Kanall\u0131: Amazon&#8217;dan Ba\u011f\u0131ms\u0131zl\u0131k m\u0131? <br> Yoksa saf bir \u00fctopya m\u0131?<\/h2><h3 class=\"theme-wp-block gb-responsive-330077-identifier wp-block-heading\">Annemarie Raluca Schuster ile podcast format\u0131nda webinar<\/h3><p class=\"theme-wp-block gb-responsive-312004-identifier\">Amazon, Almanya&#8217;n\u0131n \u00e7evrimi\u00e7i perakende pazar\u0131nda %53&#8217;l\u00fck bir gelir pay\u0131 ile hakimdir. Alman \u00e7evrimi\u00e7i al\u0131\u015fveri\u015f yapanlar\u0131n yakla\u015f\u0131k %94&#8217;\u00fc bir noktada Amazon&#8217;dan al\u0131\u015fveri\u015f yapm\u0131\u015ft\u0131r. Sadece Almanya&#8217;da Amazon&#8217;un yakla\u015f\u0131k 46.2 milyon m\u00fc\u015fterisi bulunmaktad\u0131r. Bu, Amazon&#8217;un \u015fu anda \u00e7evrimi\u00e7i i\u015fte ba\u015far\u0131l\u0131 olman\u0131n tek yolu olup olmad\u0131\u011f\u0131 sorusunu g\u00fcndeme getiriyor. Ayn\u0131 zamanda, \u00e7evrimi\u00e7i sat\u0131c\u0131lar Amazon&#8217;a olan ba\u011f\u0131ml\u0131l\u0131klar\u0131n\u0131 \u00f6nemli \u00f6l\u00e7\u00fcde azaltmak istiyorlar. Ancak sat\u0131c\u0131lar, Amazon gibi b\u00fcy\u00fck pazar yerlerinden ba\u011f\u0131ms\u0131zl\u0131k yolunda hangi engellerle kar\u015f\u0131la\u015f\u0131yorlar?<\/p><p class=\"theme-wp-block gb-responsive-541245-identifier\">Annemarie Raluca Schuster, &#8220;\u00c7ok Kanall\u0131: Amazon&#8217;dan Ba\u011f\u0131ms\u0131zl\u0131k m\u0131? Yoksa saf bir \u00fctopya m\u0131?&#8221; ba\u015fl\u0131kl\u0131 podcast format\u0131ndaki webinar\u0131m\u0131zda, &#8220;SiAura Materials&#8221; markas\u0131n\u0131 birden fazla pazar yerinde nas\u0131l konumland\u0131rd\u0131\u011f\u0131n\u0131 ve ba\u015far\u0131l\u0131 bir \u015fekilde sat\u0131\u015f yapabilmek i\u00e7in de\u011fi\u015fen zorluklar ve yeniliklerle nas\u0131l ba\u015fa \u00e7\u0131kt\u0131\u011f\u0131n\u0131 a\u00e7\u0131kl\u0131yor.<\/p>\t\t<div  class=\"theme-wp-block theme-block-guest-author gb-responsive-122623-identifier\">\n\t\t<div class=\"wrap-inner-content\">\n\t\t\t<div class=\"guest-author-avatar\">\n\t\t\t\t<div class=\"cover-avatar\" style=\"background-image: url(https:\/\/d2bw95mh2ee04s.cloudfront.net\/prod\/content\/wp-content\/uploads\/2022\/02\/23140433\/annemarie-raluca-schuster-siaura-material.png);\"><\/div>\n\t\t\t<\/div>\n\t\t\t<div class=\"guest-author-sign\">\n\t\t\t\t<div class=\"author-sign\">SiAura Materials &#038; Annythinks<\/div>\n\t\t\t<\/div>\n\t\t\t<div class=\"wrap-title\">\n\t\t\t\t<div class=\"guest-author-name\">\n\t\t\t\t\t<div class=\"title\">\n\t\t\t\t\t\t<div class=\"heading-text\">Annemarie Raluca Schuster<\/div>\n\t\t\t\t\t<\/div>\n\t\t\t\t<\/div>\n\t\t\t<\/div>\n\t\t\t<div class=\"guest-author-description\">\n\t\t\t\t<div class=\"description\"><p>&#8220;SiAura Materials&#8221; ve E-ticaret ajans\u0131 &#8220;Annythinks&#8221;\u0131n CEO&#8217;su ve kurucusu olarak, 2013 y\u0131l\u0131ndan beri Amazon, Etsy ve eBay gibi \u00e7e\u015fitli pazar yerlerinde markas\u0131yla \u00e7evrimi\u00e7i sat\u0131c\u0131 olarak ba\u015far\u0131l\u0131 bir \u015fekilde faaliyet g\u00f6stermektedir. Markas\u0131yla, el yap\u0131m\u0131 \u00fcr\u00fcnler ve zanaat ile ilgili 3,000&#8217;den fazla \u00fcr\u00fcn\u00fc y\u00f6netmektedir. 2018 y\u0131l\u0131nda kendi E-ticaret ajans\u0131 &#8220;Annythinks&#8221;\u0131 kurmu\u015f ve \u00e7evrimi\u00e7i sat\u0131c\u0131lara \u00e7evrimi\u00e7i sat\u0131\u015f konusunda dan\u0131\u015fmanl\u0131k yapmaktad\u0131r. E\u011fitimli bir bilgisayar bilimci olarak, dinamik ve ak\u0131ll\u0131 ara\u00e7lar\u0131n kullan\u0131m\u0131n\u0131 b\u00fcy\u00fck \u00f6l\u00e7\u00fcde takdir etmekte ve s\u00fcre\u00e7lerin otomasyonuna odaklanmaktad\u0131r.<\/p><\/div>\n\t\t\t<\/div>\n\t\t<\/div>\n\t<\/div>\n\n<\/div><div class=\"theme-wp-block wp-block-column is-vertically-aligned-center gb-responsive-678736-identifier is-layout-flow wp-block-column-is-layout-flow\" style=\"flex-basis:25%\"><\/div><\/div><div class=\"theme-block-group-wrap  desktop-align-full xl-align-full lg-align-full md-align-full sm-align-full\"><div class=\"theme-wp-block wp-block-group alignfull questions desktop-align-full xl-align-full lg-align-full md-align-full sm-align-full gb-responsive-identifier-981778 desktop-gb-has-no-icon xl-gb-has-no-icon lg-gb-has-no-icon md-gb-has-no-icon sm-gb-has-no-icon\">\t\t<h2  class=\"theme-wp-block theme-block-heading  desktop-align-center xl-align-center lg-align-center md-align-center sm-align-center desktop-text-center only-editor-has-text-align-center xl-text-center lg-text-center md-text-center sm-text-center gb-responsive-identifier-408021 aligncenter has-text-align\">\n\t\tSoru var m\u0131?\t<\/h2>\n\n<p class=\"theme-wp-block has-text-align-center gb-responsive-identifier-361793 desktop-text-center xl-text-center lg-text-center md-text-center sm-text-center\">Destek ekibimiz size yard\u0131mc\u0131 olmaktan mutluluk duyar.<\/p>\t\t<div  class=\"theme-wp-block theme-block-contact-phone gb-responsive-499055-identifier desktop-text-center xl-text-center lg-text-center md-text-center sm-text-center desktop-gb-has-no-icon xl-gb-has-no-icon lg-gb-has-no-icon md-gb-has-no-icon sm-gb-has-no-icon\">\n\t\t\t\t\t<svg class=\"icon\" width=\"24px\" height=\"24px\" viewBox=\"0 0 24 24\" version=\"1.1\" xmlns=\"http:\/\/www.w3.org\/2000\/svg\">\n\t\t\t\t\t\t<g id=\"global--menu-collapsed\" stroke=\"none\" stroke-width=\"1\" fill=\"none\" fill-rule=\"evenodd\" transform=\"translate(-24.000000, -8.000000)\">\n\t\t\t\t\t\t\t<g id=\"menu--2nd-level\">\n\t\t\t\t\t\t\t\t<g id=\"icn--phone-24px--blue\" transform=\"translate(24.000000, 8.000000)\">\n\t\t\t\t\t\t\t\t\t<polygon id=\"Shape\" points=\"0 0 24 0 24 24 0 24\"><\/polygon>\n\t\t\t\t\t\t\t\t\t<path d=\"M7,6 L7,18.6666667 L16.3333333,18.6666667 L16.3333333,6 L7,6 Z M5,4 L18.3333333,4 L18.3333333,20.6666667 L5,20.6666667 L5,4 Z M11.6666667,18.1666667 C12.126904,18.1666667 12.5,17.7935706 12.5,17.3333333 C12.5,16.873096 12.126904,16.5 11.6666667,16.5 C11.2064294,16.5 10.8333333,16.873096 10.8333333,17.3333333 C10.8333333,17.7935706 11.2064294,18.1666667 11.6666667,18.1666667 Z M6.66666667,15.8333333 L6.66666667,13.8333333 L16.6651355,13.8333333 L16.6651355,15.8333333 L6.66666667,15.8333333 Z\" id=\"Rectangle-20\" fill=\"#0055CC\" fill-rule=\"nonzero\"><\/path>\n\t\t\t\t\t\t\t\t<\/g>\n\t\t\t\t\t\t\t<\/g>\n\t\t\t\t\t\t<\/g>\n\t\t\t\t\t<\/svg>\n\t\t<span class=\"phone\">+49 211 900 64 120<\/span>\n\t<\/div>\n\n<\/div><\/div>","protected":false},"excerpt":{"rendered":"<p>\u00c7ok Kanall\u0131: Amazon&#8217;dan Ba\u011f\u0131ms\u0131zl\u0131k m\u0131? Yoksa saf bir \u00fctopya m\u0131? Annemarie Raluca Schuster ile podcast format\u0131nda webinar Amazon, Almanya&#8217;n\u0131n \u00e7evrimi\u00e7i perakende pazar\u0131nda %53&#8217;l\u00fck bir gelir pay\u0131 ile hakimdir. Alman \u00e7evrimi\u00e7i al\u0131\u015fveri\u015f yapanlar\u0131n yakla\u015f\u0131k %94&#8217;\u00fc bir noktada Amazon&#8217;dan al\u0131\u015fveri\u015f yapm\u0131\u015ft\u0131r. Sadece Almanya&#8217;da Amazon&#8217;un yakla\u015f\u0131k 46.2 milyon m\u00fc\u015fterisi bulunmaktad\u0131r. Bu, Amazon&#8217;un \u015fu anda \u00e7evrimi\u00e7i i\u015fte ba\u015far\u0131l\u0131 olman\u0131n<\/p>\n","protected":false},"author":8,"featured_media":0,"parent":0,"menu_order":0,"comment_status":"closed","ping_status":"closed","template":"","meta":{"sidebar_recommended_resources":{"data":[]},"sidebar_header_settings":{"hide_buttons":{"register":false}},"_use_new_theme":false,"inline_featured_image":false,"footnotes":""},"class_list":["post-105855","page","type-page","status-publish","hentry"],"yoast_head":"<!-- This site is optimized with the Yoast SEO plugin v26.8 - https:\/\/yoast.com\/product\/yoast-seo-wordpress\/ -->\n<title>Webinar i\u00e7in kay\u0131t | SELLERLOGIC - Smarte Tools f\u00fcr Amazon-Seller<\/title>\n<meta name=\"robots\" content=\"noindex, follow\" \/>\n<meta property=\"og:locale\" content=\"tr_TR\" \/>\n<meta property=\"og:type\" content=\"article\" \/>\n<meta property=\"og:title\" content=\"Webinar i\u00e7in kay\u0131t | SELLERLOGIC - Smarte Tools f\u00fcr Amazon-Seller\" \/>\n<meta property=\"og:description\" content=\"\u00c7ok Kanall\u0131: Amazon&#8217;dan Ba\u011f\u0131ms\u0131zl\u0131k m\u0131? Yoksa saf bir \u00fctopya m\u0131? Annemarie Raluca Schuster ile podcast format\u0131nda webinar Amazon, Almanya&#8217;n\u0131n \u00e7evrimi\u00e7i perakende pazar\u0131nda %53&#8217;l\u00fck bir gelir pay\u0131 ile hakimdir. Alman \u00e7evrimi\u00e7i al\u0131\u015fveri\u015f yapanlar\u0131n yakla\u015f\u0131k %94&#8217;\u00fc bir noktada Amazon&#8217;dan al\u0131\u015fveri\u015f yapm\u0131\u015ft\u0131r. Sadece Almanya&#8217;da Amazon&#8217;un yakla\u015f\u0131k 46.2 milyon m\u00fc\u015fterisi bulunmaktad\u0131r. Bu, Amazon&#8217;un \u015fu anda \u00e7evrimi\u00e7i i\u015fte ba\u015far\u0131l\u0131 olman\u0131n\" \/>\n<meta property=\"og:url\" content=\"https:\/\/www.sellerlogic.com\/tr\/registration-for-the-webinar\/\" \/>\n<meta property=\"og:site_name\" content=\"SELLERLOGIC - Smarte Tools f\u00fcr Amazon-Seller\" \/>\n<meta property=\"article:publisher\" content=\"https:\/\/www.facebook.com\/SellerLogic\/\" \/>\n<meta property=\"og:image\" content=\"https:\/\/d2bw95mh2ee04s.cloudfront.net\/prod\/content\/wp-content\/uploads\/2025\/06\/09094621\/Social-OG-Image-Link.jpg\" \/>\n\t<meta property=\"og:image:width\" content=\"2400\" \/>\n\t<meta property=\"og:image:height\" content=\"1270\" \/>\n\t<meta property=\"og:image:type\" content=\"image\/jpeg\" \/>\n<meta name=\"twitter:card\" content=\"summary_large_image\" \/>\n<meta name=\"twitter:site\" content=\"@sellerlogic\" \/>\n<meta name=\"twitter:label1\" content=\"Est. reading time\" \/>\n\t<meta name=\"twitter:data1\" content=\"2 minutes\" \/>\n<script type=\"application\/ld+json\" class=\"yoast-schema-graph\">{\"@context\":\"https:\/\/schema.org\",\"@graph\":[{\"@type\":\"WebPage\",\"@id\":\"https:\/\/www.sellerlogic.com\/tr\/registration-for-the-webinar\/\",\"url\":\"https:\/\/www.sellerlogic.com\/tr\/registration-for-the-webinar\/\",\"name\":\"Webinar i\u00e7in kay\u0131t | SELLERLOGIC - Smarte Tools f\u00fcr Amazon-Seller\",\"isPartOf\":{\"@id\":\"https:\/\/www.sellerlogic.com\/tr\/#website\"},\"datePublished\":\"2022-03-17T08:40:47+00:00\",\"breadcrumb\":{\"@id\":\"https:\/\/www.sellerlogic.com\/tr\/registration-for-the-webinar\/#breadcrumb\"},\"inLanguage\":\"tr-TR\",\"potentialAction\":[{\"@type\":\"ReadAction\",\"target\":[\"https:\/\/www.sellerlogic.com\/tr\/registration-for-the-webinar\/\"]}]},{\"@type\":\"BreadcrumbList\",\"@id\":\"https:\/\/www.sellerlogic.com\/tr\/registration-for-the-webinar\/#breadcrumb\",\"itemListElement\":[{\"@type\":\"ListItem\",\"position\":1,\"name\":\"Home\",\"item\":\"https:\/\/www.sellerlogic.com\/tr\/\"},{\"@type\":\"ListItem\",\"position\":2,\"name\":\"Webinar i\u00e7in kay\u0131t\"}]},{\"@type\":\"WebSite\",\"@id\":\"https:\/\/www.sellerlogic.com\/tr\/#website\",\"url\":\"https:\/\/www.sellerlogic.com\/tr\/\",\"name\":\"SELLERLOGIC - Smarte Tools f\u00fcr Amazon-Seller\",\"description\":\"Intelligente Prozessoptimierung und Gewinnmaximierung\",\"publisher\":{\"@id\":\"https:\/\/www.sellerlogic.com\/tr\/#organization\"},\"potentialAction\":[{\"@type\":\"SearchAction\",\"target\":{\"@type\":\"EntryPoint\",\"urlTemplate\":\"https:\/\/www.sellerlogic.com\/tr\/?s={search_term_string}\"},\"query-input\":{\"@type\":\"PropertyValueSpecification\",\"valueRequired\":true,\"valueName\":\"search_term_string\"}}],\"inLanguage\":\"tr-TR\"},{\"@type\":\"Organization\",\"@id\":\"https:\/\/www.sellerlogic.com\/tr\/#organization\",\"name\":\"SELLERLOGIC\",\"url\":\"https:\/\/www.sellerlogic.com\/tr\/\",\"logo\":{\"@type\":\"ImageObject\",\"inLanguage\":\"tr-TR\",\"@id\":\"https:\/\/www.sellerlogic.com\/tr\/#\/schema\/logo\/image\/\",\"url\":\"https:\/\/d2bw95mh2ee04s.cloudfront.net\/prod\/content\/wp-content\/uploads\/2025\/01\/02134814\/Property-Logo-Main.svg\",\"contentUrl\":\"https:\/\/d2bw95mh2ee04s.cloudfront.net\/prod\/content\/wp-content\/uploads\/2025\/01\/02134814\/Property-Logo-Main.svg\",\"width\":184,\"height\":40,\"caption\":\"SELLERLOGIC\"},\"image\":{\"@id\":\"https:\/\/www.sellerlogic.com\/tr\/#\/schema\/logo\/image\/\"},\"sameAs\":[\"https:\/\/www.facebook.com\/SellerLogic\/\",\"https:\/\/x.com\/sellerlogic\",\"https:\/\/www.instagram.com\/sellerlogic\/\",\"https:\/\/www.linkedin.com\/company\/18402037\/\",\"https:\/\/www.youtube.com\/channel\/UC-gULUur-fNj08sprantKsQ\"]}]}<\/script>\n<!-- \/ Yoast SEO plugin. -->","yoast_head_json":{"title":"Webinar i\u00e7in kay\u0131t | SELLERLOGIC - Smarte Tools f\u00fcr Amazon-Seller","robots":{"index":"noindex","follow":"follow"},"og_locale":"tr_TR","og_type":"article","og_title":"Webinar i\u00e7in kay\u0131t | SELLERLOGIC - Smarte Tools f\u00fcr Amazon-Seller","og_description":"\u00c7ok Kanall\u0131: Amazon&#8217;dan Ba\u011f\u0131ms\u0131zl\u0131k m\u0131? Yoksa saf bir \u00fctopya m\u0131? Annemarie Raluca Schuster ile podcast format\u0131nda webinar Amazon, Almanya&#8217;n\u0131n \u00e7evrimi\u00e7i perakende pazar\u0131nda %53&#8217;l\u00fck bir gelir pay\u0131 ile hakimdir. Alman \u00e7evrimi\u00e7i al\u0131\u015fveri\u015f yapanlar\u0131n yakla\u015f\u0131k %94&#8217;\u00fc bir noktada Amazon&#8217;dan al\u0131\u015fveri\u015f yapm\u0131\u015ft\u0131r. Sadece Almanya&#8217;da Amazon&#8217;un yakla\u015f\u0131k 46.2 milyon m\u00fc\u015fterisi bulunmaktad\u0131r. Bu, Amazon&#8217;un \u015fu anda \u00e7evrimi\u00e7i i\u015fte ba\u015far\u0131l\u0131 olman\u0131n","og_url":"https:\/\/www.sellerlogic.com\/tr\/registration-for-the-webinar\/","og_site_name":"SELLERLOGIC - Smarte Tools f\u00fcr Amazon-Seller","article_publisher":"https:\/\/www.facebook.com\/SellerLogic\/","og_image":[{"width":2400,"height":1270,"url":"https:\/\/d2bw95mh2ee04s.cloudfront.net\/prod\/content\/wp-content\/uploads\/2025\/06\/09094621\/Social-OG-Image-Link.jpg","type":"image\/jpeg"}],"twitter_card":"summary_large_image","twitter_site":"@sellerlogic","twitter_misc":{"Est. reading time":"2 minutes"},"schema":{"@context":"https:\/\/schema.org","@graph":[{"@type":"WebPage","@id":"https:\/\/www.sellerlogic.com\/tr\/registration-for-the-webinar\/","url":"https:\/\/www.sellerlogic.com\/tr\/registration-for-the-webinar\/","name":"Webinar i\u00e7in kay\u0131t | SELLERLOGIC - Smarte Tools f\u00fcr Amazon-Seller","isPartOf":{"@id":"https:\/\/www.sellerlogic.com\/tr\/#website"},"datePublished":"2022-03-17T08:40:47+00:00","breadcrumb":{"@id":"https:\/\/www.sellerlogic.com\/tr\/registration-for-the-webinar\/#breadcrumb"},"inLanguage":"tr-TR","potentialAction":[{"@type":"ReadAction","target":["https:\/\/www.sellerlogic.com\/tr\/registration-for-the-webinar\/"]}]},{"@type":"BreadcrumbList","@id":"https:\/\/www.sellerlogic.com\/tr\/registration-for-the-webinar\/#breadcrumb","itemListElement":[{"@type":"ListItem","position":1,"name":"Home","item":"https:\/\/www.sellerlogic.com\/tr\/"},{"@type":"ListItem","position":2,"name":"Webinar i\u00e7in kay\u0131t"}]},{"@type":"WebSite","@id":"https:\/\/www.sellerlogic.com\/tr\/#website","url":"https:\/\/www.sellerlogic.com\/tr\/","name":"SELLERLOGIC - Smarte Tools f\u00fcr Amazon-Seller","description":"Intelligente Prozessoptimierung und Gewinnmaximierung","publisher":{"@id":"https:\/\/www.sellerlogic.com\/tr\/#organization"},"potentialAction":[{"@type":"SearchAction","target":{"@type":"EntryPoint","urlTemplate":"https:\/\/www.sellerlogic.com\/tr\/?s={search_term_string}"},"query-input":{"@type":"PropertyValueSpecification","valueRequired":true,"valueName":"search_term_string"}}],"inLanguage":"tr-TR"},{"@type":"Organization","@id":"https:\/\/www.sellerlogic.com\/tr\/#organization","name":"SELLERLOGIC","url":"https:\/\/www.sellerlogic.com\/tr\/","logo":{"@type":"ImageObject","inLanguage":"tr-TR","@id":"https:\/\/www.sellerlogic.com\/tr\/#\/schema\/logo\/image\/","url":"https:\/\/d2bw95mh2ee04s.cloudfront.net\/prod\/content\/wp-content\/uploads\/2025\/01\/02134814\/Property-Logo-Main.svg","contentUrl":"https:\/\/d2bw95mh2ee04s.cloudfront.net\/prod\/content\/wp-content\/uploads\/2025\/01\/02134814\/Property-Logo-Main.svg","width":184,"height":40,"caption":"SELLERLOGIC"},"image":{"@id":"https:\/\/www.sellerlogic.com\/tr\/#\/schema\/logo\/image\/"},"sameAs":["https:\/\/www.facebook.com\/SellerLogic\/","https:\/\/x.com\/sellerlogic","https:\/\/www.instagram.com\/sellerlogic\/","https:\/\/www.linkedin.com\/company\/18402037\/","https:\/\/www.youtube.com\/channel\/UC-gULUur-fNj08sprantKsQ"]}]}},"_links":{"self":[{"href":"https:\/\/www.sellerlogic.com\/tr\/wp-json\/wp\/v2\/pages\/105855","targetHints":{"allow":["GET"]}}],"collection":[{"href":"https:\/\/www.sellerlogic.com\/tr\/wp-json\/wp\/v2\/pages"}],"about":[{"href":"https:\/\/www.sellerlogic.com\/tr\/wp-json\/wp\/v2\/types\/page"}],"author":[{"embeddable":true,"href":"https:\/\/www.sellerlogic.com\/tr\/wp-json\/wp\/v2\/users\/8"}],"replies":[{"embeddable":true,"href":"https:\/\/www.sellerlogic.com\/tr\/wp-json\/wp\/v2\/comments?post=105855"}],"version-history":[{"count":0,"href":"https:\/\/www.sellerlogic.com\/tr\/wp-json\/wp\/v2\/pages\/105855\/revisions"}],"wp:attachment":[{"href":"https:\/\/www.sellerlogic.com\/tr\/wp-json\/wp\/v2\/media?parent=105855"}],"curies":[{"name":"wp","href":"https:\/\/api.w.org\/{rel}","templated":true}]}}