
{"id":15001,"date":"2021-12-13T09:20:41","date_gmt":"2021-12-13T09:20:41","guid":{"rendered":"https:\/\/www.sellerlogic.com\/?page_id=15001"},"modified":"2025-10-25T15:45:46","modified_gmt":"2025-10-25T15:45:46","slug":"amazon-fba-bermudskyi-trykutnyk-dlia-vashykh-tovariv","status":"publish","type":"page","link":"https:\/\/www.sellerlogic.com\/uk\/istorii-uspikhu\/amazon-fba-bermudskyi-trykutnyk-dlia-vashykh-tovariv\/","title":{"rendered":"\u0417\u0430\u0432\u0430\u043d\u0442\u0430\u0436\u0438\u0442\u0438 \u0456\u043d\u0444\u043e\u0440\u043c\u0430\u0446\u0456\u0439\u043d\u0438\u0439 \u043b\u0438\u0441\u0442 Lost &#038; Found"},"content":{"rendered":"\n\t<div  class=\"theme-wp-block theme-block-main-header is-style-default desktop-content-align-y-center desktop-content-align-x-center xl-content-align-y-center xl-content-align-x-center lg-content-align-y-center lg-content-align-x-center md-content-align-y-center md-content-align-x-center sm-content-align-y-center sm-content-align-x-center gb-responsive-383982-identifier desktop-align-full xl-align-full lg-align-full md-align-full sm-align-full theme-block-cover\">\n\t\t<div class=\"bg-cover theme-lazy-load-bg\"><\/div>\n\t\t<div class=\"wrap-content-main-header\">\n\t\t\t\n\t\t<div  class=\"theme-wp-block theme-block-text-and-text desktop-blockDirection-row xl-blockDirection-row lg-blockDirection-row md-blockDirection-row sm-blockDirection-row gb-responsive-232445-identifier desktop-align-wide xl-align-wide lg-align-wide md-align-wide sm-align-wide\">\n\t\t<div class=\"tat-column-wrap-wrapper\">\n\t\t\t<div class=\"tat-column-wrapper\">\n\t\t\t\t\n\t<div  class=\"theme-wp-block theme-block-text-and-text-column desktop-horizontal-center xl-horizontal-center lg-horizontal-center md-horizontal-center sm-horizontal-center gb-responsive-785708-identifier desktop-gb-has-no-icon xl-gb-has-no-icon lg-gb-has-no-icon md-gb-has-no-icon sm-gb-has-no-icon\">\n\t\t<div class=\"inner-wrap-column-content\">\n\t\t\t<div class=\"inner-column-content\">\n\t\t\t\t\n\t\t<h1  class=\"theme-wp-block theme-block-heading desktop-text-center xl-text-center lg-text-center md-text-center sm-text-center desktop-gb-has-no-icon xl-gb-has-no-icon lg-gb-has-no-icon md-gb-has-no-icon sm-gb-has-no-icon gb-responsive-959617-identifier h1\">\n\t\tSELLERLOGIC Lost &amp; Found\t<\/h1>\n\n\n\n\t\t<h2  class=\"theme-wp-block theme-block-heading desktop-text-center xl-text-center lg-text-center md-text-center sm-text-center desktop-gb-has-no-icon xl-gb-has-no-icon lg-gb-has-no-icon md-gb-has-no-icon sm-gb-has-no-icon gb-responsive-1488-identifier h2\">\n\t\tR\u00fcckerstattungen aus FBA-Fehlern finden und anmelden\t<\/h2>\n\n\n\t\t\t<\/div>\n\t\t<\/div>\n\t<\/div>\n\n\n\t<div  class=\"theme-wp-block theme-block-text-and-text-column gb-responsive-339643-identifier\">\n\t\t<div class=\"inner-wrap-column-content\">\n\t\t\t<div class=\"inner-column-content\">\n\t\t\t\t\t\t\t<\/div>\n\t\t<\/div>\n\t<\/div>\n\n\t\t\t<\/div>\n\t\t<\/div>\n\t<\/div>\n\n\n\t\t<\/div>\n\t<\/div>\n\n\n<div style=\"height:50px\" aria-hidden=\"true\" class=\"theme-wp-block wp-block-spacer\"><\/div>\n\t\t<div  class=\"theme-wp-block theme-block-text-and-text desktop-blockDirection-row xl-blockDirection-row lg-blockDirection-row md-blockDirection-row gb-responsive-91863-identifier sm-blockDirection-column\">\n\t\t<div class=\"tat-column-wrap-wrapper\">\n\t\t\t<div class=\"tat-column-wrapper\">\n\t\t\t\t\n\t<div  class=\"theme-wp-block theme-block-text-and-text-column gb-responsive-724792-identifier\">\n\t\t<div class=\"inner-wrap-column-content\">\n\t\t\t<div class=\"inner-column-content\">\n\t\t\t\t\n\n<h3 class=\"theme-wp-block desktop-gb-has-no-icon xl-gb-has-no-icon lg-gb-has-no-icon md-gb-has-no-icon sm-gb-has-no-icon gb-responsive-788987-identifier wp-block-heading\" id=\"block-c5e5408e-24af-4acd-9cc3-41b31520587f\">Amazon FBA &#8211; das Bermudadreieck f\u00fcr Ihre Waren<\/h3>\n\n\n\n<p class=\"theme-wp-block desktop-gb-has-no-icon xl-gb-has-no-icon lg-gb-has-no-icon md-gb-has-no-icon sm-gb-has-no-icon gb-responsive-880758-identifier\" id=\"block-66b36300-2d3f-4a31-b2ce-fc46734a927c\">Fulfillment by Amazon, kurz FBA, ist ein wunderbarer Service f\u00fcr H\u00e4ndler, die nicht gerade ihre Kernkompetenz in der Lagerverwaltung sehen. Es ist also kein Wunder, dass sich so viele H\u00e4ndler auf diesen Service verlassen.<\/p>\n\n\n\n<p class=\"theme-wp-block desktop-gb-has-no-icon xl-gb-has-no-icon lg-gb-has-no-icon md-gb-has-no-icon sm-gb-has-no-icon gb-responsive-73267-identifier\" id=\"block-399a36d4-86dd-4bef-94b6-982b577a6788\">Wenn man bei jemanden in guten H\u00e4nden ist, dann ja wohl bei Amazon, mag mancher denken. Doch auch den Gr\u00f6\u00dften und Besten unter uns unterlaufen Fehler. Da ist Amazon keine Ausnahme.<\/p>\n\n\n\n<h3 class=\"theme-wp-block desktop-gb-has-no-icon xl-gb-has-no-icon lg-gb-has-no-icon md-gb-has-no-icon sm-gb-has-no-icon gb-responsive-146360-identifier wp-block-heading\" id=\"block-4ef975f1-b7e7-4aaa-a7bd-6a20cdb1195f\">Nobody \u201everpackt\u201c perfect<\/h3>\n\n\n\n<p class=\"theme-wp-block desktop-gb-has-no-icon xl-gb-has-no-icon lg-gb-has-no-icon md-gb-has-no-icon sm-gb-has-no-icon gb-responsive-905118-identifier\" id=\"block-07ccf850-79d1-458c-ad50-92d37c14a0a7\">Die Mitarbeiter in den Lagern von Amazon stehen unter hohem Effizienzdruck. Zudem werden die Abl\u00e4ufe immer komplexer. Es ist also kein Wunder, dass bei der Handhabung Fehler passieren:<\/p>\n\n\n<div class=\"theme-block-list\">\n<ul id=\"block-d7dbf32a-82c8-49fd-b9e5-8413a88662c2\" class=\"theme-wp-block desktop-gb-has-no-icon xl-gb-has-no-icon lg-gb-has-no-icon md-gb-has-no-icon sm-gb-has-no-icon gb-responsive-494230-identifier wp-block-list\"><li>Waren wird besch\u00e4digt, geht verloren oder wird entsorgt<\/li><li>Retouren werden angemeldet und gebucht, kommen jedoch nie an<\/li><li>Aufgrund falscher Messungen werden falsche FBA Geb\u00fchren berechnet<\/li><\/ul>\n<\/div>\n\n\n<h3 class=\"theme-wp-block desktop-gb-has-no-icon xl-gb-has-no-icon lg-gb-has-no-icon md-gb-has-no-icon sm-gb-has-no-icon gb-responsive-65367-identifier wp-block-heading\" id=\"block-63c528e1-5393-4bb4-b313-a55e68236f30\">Fehler k\u00f6nnen passieren, d\u00fcrfen aber nicht unentdeckt bleiben!<\/h3>\n\n\n\n<p class=\"theme-wp-block desktop-gb-has-no-icon xl-gb-has-no-icon lg-gb-has-no-icon md-gb-has-no-icon sm-gb-has-no-icon gb-responsive-885548-identifier\" id=\"block-b54d3c39-5f1a-4ca8-9594-324d8f0439fc\">Denn jeder nicht entdeckter Fehler bedeutet bares Geld, das verloren geht.<\/p>\n\n\n\n<p class=\"theme-wp-block desktop-gb-has-no-icon xl-gb-has-no-icon lg-gb-has-no-icon md-gb-has-no-icon sm-gb-has-no-icon gb-responsive-420889-identifier\" id=\"block-5ccaa6f0-b074-4cc5-a800-cc276fedeb3c\">Warum Sie lieber SELLERLOGIC Lost &amp; Found nutzen sollten, statt selbst manuell \u00fcber 10 Berichte zu aggregieren und auszuwerten, erfahren Sie in unserem Factsheet.<\/p>\n\n\n\n<div class=\"theme-wp-block wp-block-buttons desktop-gb-has-no-icon xl-gb-has-no-icon lg-gb-has-no-icon md-gb-has-no-icon sm-gb-has-no-icon gb-responsive-223395-identifier is-layout-flex wp-block-buttons-is-layout-flex\">\n<div class=\"theme-wp-block wp-block-button desktop-gb-has-no-icon xl-gb-has-no-icon lg-gb-has-no-icon md-gb-has-no-icon sm-gb-has-no-icon gb-responsive-847016-identifier is-style-theme-blue\"><a class=\"wp-block-button__link\" href=\"https:\/\/d2bw95mh2ee04s.cloudfront.net\/prod\/content\/files\/FACTSHEETS\/DE\/FactSheet_Lost-and-Found.pdf\" target=\"_blank\" rel=\"noreferrer noopener nofollow\"><strong>Jetzt Factsheet herunterladen<\/strong>!<\/a><\/div>\n<\/div>\n\n\t\t\t<\/div>\n\t\t<\/div>\n\t<\/div>\n\n\n\t<div  class=\"theme-wp-block theme-block-text-and-text-column gb-responsive-626207-identifier\">\n\t\t<div class=\"inner-wrap-column-content\">\n\t\t\t<div class=\"inner-column-content\">\n\t\t\t\t\n\n<figure class=\"theme-wp-block wp-block-image size-large gb-responsive-773053-identifier is-style-default desktop-gb-has-no-icon xl-gb-has-no-icon lg-gb-has-no-icon md-gb-has-no-icon sm-gb-has-no-icon\"><img decoding=\"async\" width=\"476\" height=\"674\" src=\"https:\/\/d2bw95mh2ee04s.cloudfront.net\/prod\/content\/wp-content\/uploads\/2020\/12\/23140628\/factSheet_lost_found.gif\" alt=\"Download Factsheet Lost &amp; Found\" class=\"wp-image-4569\"\/><\/figure>\n\n\t\t\t<\/div>\n\t\t<\/div>\n\t<\/div>\n\n\t\t\t<\/div>\n\t\t<\/div>\n\t<\/div>\n\n\n<div style=\"height:50px\" aria-hidden=\"true\" class=\"theme-wp-block wp-block-spacer\"><\/div>\n","protected":false},"excerpt":{"rendered":"","protected":false},"author":17,"featured_media":0,"parent":14802,"menu_order":0,"comment_status":"closed","ping_status":"closed","template":"","meta":{"sidebar_recommended_resources":{"data":[]},"sidebar_header_settings":{"hide_buttons":{"register":false}},"_use_new_theme":false,"inline_featured_image":false,"footnotes":""},"class_list":["post-15001","page","type-page","status-publish","hentry"],"yoast_head":"<!-- This site is optimized with the Yoast SEO plugin v26.8 - https:\/\/yoast.com\/product\/yoast-seo-wordpress\/ -->\n<title>SELLERLOGIC - \u0417\u0430\u0432\u0430\u043d\u0442\u0430\u0436\u0438\u0442\u0438 \u0456\u043d\u0444\u043e\u0440\u043c\u0430\u0446\u0456\u0439\u043d\u0438\u0439 \u043b\u0438\u0441\u0442: SELLERLOGIC Lost &amp; Found<\/title>\n<meta name=\"description\" content=\"\u0417 SELLERLOGIC Lost &amp; Found \u0437\u043d\u0430\u0439\u0434\u0456\u0442\u044c \u043f\u043e\u043c\u0438\u043b\u043a\u0438 \u0437 \u0442\u0440\u0430\u043d\u0437\u0430\u043a\u0446\u0456\u0439 FBA \u0442\u0430 \u0437\u0430\u043f\u0438\u0442\u0430\u0439\u0442\u0435 \u043f\u043e\u0432\u0435\u0440\u043d\u0435\u043d\u043d\u044f \u043a\u043e\u0448\u0442\u0456\u0432. \u0417\u0430\u0432\u0430\u043d\u0442\u0430\u0436\u0442\u0435 \u0437\u0430\u0440\u0430\u0437!\" \/>\n<meta name=\"robots\" content=\"index, follow, max-snippet:-1, max-image-preview:large, max-video-preview:-1\" \/>\n<link rel=\"canonical\" href=\"https:\/\/www.sellerlogic.com\/uk\/istorii-uspikhu\/amazon-fba-bermudskyi-trykutnyk-dlia-vashykh-tovariv\/\" \/>\n<meta property=\"og:locale\" content=\"uk_UA\" \/>\n<meta property=\"og:type\" content=\"article\" \/>\n<meta property=\"og:title\" content=\"SELLERLOGIC - \u0417\u0430\u0432\u0430\u043d\u0442\u0430\u0436\u0438\u0442\u0438 \u0456\u043d\u0444\u043e\u0440\u043c\u0430\u0446\u0456\u0439\u043d\u0438\u0439 \u043b\u0438\u0441\u0442: SELLERLOGIC Lost &amp; Found\" \/>\n<meta property=\"og:description\" content=\"\u0417 SELLERLOGIC Lost &amp; Found \u0437\u043d\u0430\u0439\u0434\u0456\u0442\u044c \u043f\u043e\u043c\u0438\u043b\u043a\u0438 \u0437 \u0442\u0440\u0430\u043d\u0437\u0430\u043a\u0446\u0456\u0439 FBA \u0442\u0430 \u0437\u0430\u043f\u0438\u0442\u0430\u0439\u0442\u0435 \u043f\u043e\u0432\u0435\u0440\u043d\u0435\u043d\u043d\u044f \u043a\u043e\u0448\u0442\u0456\u0432. \u0417\u0430\u0432\u0430\u043d\u0442\u0430\u0436\u0442\u0435 \u0437\u0430\u0440\u0430\u0437!\" \/>\n<meta property=\"og:url\" content=\"https:\/\/www.sellerlogic.com\/uk\/istorii-uspikhu\/amazon-fba-bermudskyi-trykutnyk-dlia-vashykh-tovariv\/\" \/>\n<meta property=\"og:site_name\" content=\"SELLERLOGIC - Smart Tools for Amazon Sellers\" \/>\n<meta property=\"article:publisher\" content=\"https:\/\/www.facebook.com\/SellerLogic\/\" \/>\n<meta property=\"article:modified_time\" content=\"2025-10-25T15:45:46+00:00\" \/>\n<meta property=\"og:image\" content=\"https:\/\/www.sellerlogic.com\/wp-content\/uploads\/2020\/12\/factSheet_lost_found.gif\" \/>\n<meta name=\"twitter:card\" content=\"summary_large_image\" \/>\n<meta name=\"twitter:site\" content=\"@sellerlogic\" \/>\n<meta name=\"twitter:label1\" content=\"Est. reading time\" \/>\n\t<meta name=\"twitter:data1\" content=\"1 minute\" \/>\n<script type=\"application\/ld+json\" class=\"yoast-schema-graph\">{\"@context\":\"https:\/\/schema.org\",\"@graph\":[{\"@type\":\"WebPage\",\"@id\":\"https:\/\/www.sellerlogic.com\/uk\/istorii-uspikhu\/amazon-fba-bermudskyi-trykutnyk-dlia-vashykh-tovariv\/\",\"url\":\"https:\/\/www.sellerlogic.com\/uk\/istorii-uspikhu\/amazon-fba-bermudskyi-trykutnyk-dlia-vashykh-tovariv\/\",\"name\":\"SELLERLOGIC - \u0417\u0430\u0432\u0430\u043d\u0442\u0430\u0436\u0438\u0442\u0438 \u0456\u043d\u0444\u043e\u0440\u043c\u0430\u0446\u0456\u0439\u043d\u0438\u0439 \u043b\u0438\u0441\u0442: SELLERLOGIC Lost & Found\",\"isPartOf\":{\"@id\":\"https:\/\/www.sellerlogic.com\/uk\/#website\"},\"primaryImageOfPage\":{\"@id\":\"https:\/\/www.sellerlogic.com\/uk\/istorii-uspikhu\/amazon-fba-bermudskyi-trykutnyk-dlia-vashykh-tovariv\/#primaryimage\"},\"image\":{\"@id\":\"https:\/\/www.sellerlogic.com\/uk\/istorii-uspikhu\/amazon-fba-bermudskyi-trykutnyk-dlia-vashykh-tovariv\/#primaryimage\"},\"thumbnailUrl\":\"https:\/\/www.sellerlogic.com\/wp-content\/uploads\/2020\/12\/factSheet_lost_found.gif\",\"datePublished\":\"2021-12-13T09:20:41+00:00\",\"dateModified\":\"2025-10-25T15:45:46+00:00\",\"description\":\"\u0417 SELLERLOGIC Lost & Found \u0437\u043d\u0430\u0439\u0434\u0456\u0442\u044c \u043f\u043e\u043c\u0438\u043b\u043a\u0438 \u0437 \u0442\u0440\u0430\u043d\u0437\u0430\u043a\u0446\u0456\u0439 FBA \u0442\u0430 \u0437\u0430\u043f\u0438\u0442\u0430\u0439\u0442\u0435 \u043f\u043e\u0432\u0435\u0440\u043d\u0435\u043d\u043d\u044f \u043a\u043e\u0448\u0442\u0456\u0432. \u0417\u0430\u0432\u0430\u043d\u0442\u0430\u0436\u0442\u0435 \u0437\u0430\u0440\u0430\u0437!\",\"breadcrumb\":{\"@id\":\"https:\/\/www.sellerlogic.com\/uk\/istorii-uspikhu\/amazon-fba-bermudskyi-trykutnyk-dlia-vashykh-tovariv\/#breadcrumb\"},\"inLanguage\":\"uk\",\"potentialAction\":[{\"@type\":\"ReadAction\",\"target\":[\"https:\/\/www.sellerlogic.com\/uk\/istorii-uspikhu\/amazon-fba-bermudskyi-trykutnyk-dlia-vashykh-tovariv\/\"]}]},{\"@type\":\"ImageObject\",\"inLanguage\":\"uk\",\"@id\":\"https:\/\/www.sellerlogic.com\/uk\/istorii-uspikhu\/amazon-fba-bermudskyi-trykutnyk-dlia-vashykh-tovariv\/#primaryimage\",\"url\":\"https:\/\/www.sellerlogic.com\/wp-content\/uploads\/2020\/12\/factSheet_lost_found.gif\",\"contentUrl\":\"https:\/\/www.sellerlogic.com\/wp-content\/uploads\/2020\/12\/factSheet_lost_found.gif\"},{\"@type\":\"BreadcrumbList\",\"@id\":\"https:\/\/www.sellerlogic.com\/uk\/istorii-uspikhu\/amazon-fba-bermudskyi-trykutnyk-dlia-vashykh-tovariv\/#breadcrumb\",\"itemListElement\":[{\"@type\":\"ListItem\",\"position\":1,\"name\":\"Home\",\"item\":\"https:\/\/www.sellerlogic.com\/uk\/\"},{\"@type\":\"ListItem\",\"position\":2,\"name\":\"Resources UA\",\"item\":\"https:\/\/www.sellerlogic.com\/uk\/istorii-uspikhu\/\"},{\"@type\":\"ListItem\",\"position\":3,\"name\":\"\u0417\u0430\u0432\u0430\u043d\u0442\u0430\u0436\u0438\u0442\u0438 \u0456\u043d\u0444\u043e\u0440\u043c\u0430\u0446\u0456\u0439\u043d\u0438\u0439 \u043b\u0438\u0441\u0442 Lost &#038; Found\"}]},{\"@type\":\"WebSite\",\"@id\":\"https:\/\/www.sellerlogic.com\/uk\/#website\",\"url\":\"https:\/\/www.sellerlogic.com\/uk\/\",\"name\":\"SELLERLOGIC - Smarte Tools f\u00fcr Amazon-Seller\",\"description\":\"Intelligente Prozessoptimierung und Gewinnmaximierung\",\"publisher\":{\"@id\":\"https:\/\/www.sellerlogic.com\/uk\/#organization\"},\"potentialAction\":[{\"@type\":\"SearchAction\",\"target\":{\"@type\":\"EntryPoint\",\"urlTemplate\":\"https:\/\/www.sellerlogic.com\/uk\/?s={search_term_string}\"},\"query-input\":{\"@type\":\"PropertyValueSpecification\",\"valueRequired\":true,\"valueName\":\"search_term_string\"}}],\"inLanguage\":\"uk\"},{\"@type\":\"Organization\",\"@id\":\"https:\/\/www.sellerlogic.com\/uk\/#organization\",\"name\":\"SELLERLOGIC\",\"url\":\"https:\/\/www.sellerlogic.com\/uk\/\",\"logo\":{\"@type\":\"ImageObject\",\"inLanguage\":\"uk\",\"@id\":\"https:\/\/www.sellerlogic.com\/uk\/#\/schema\/logo\/image\/\",\"url\":\"https:\/\/d2bw95mh2ee04s.cloudfront.net\/prod\/content\/wp-content\/uploads\/2025\/01\/02134814\/Property-Logo-Main.svg\",\"contentUrl\":\"https:\/\/d2bw95mh2ee04s.cloudfront.net\/prod\/content\/wp-content\/uploads\/2025\/01\/02134814\/Property-Logo-Main.svg\",\"width\":184,\"height\":40,\"caption\":\"SELLERLOGIC\"},\"image\":{\"@id\":\"https:\/\/www.sellerlogic.com\/uk\/#\/schema\/logo\/image\/\"},\"sameAs\":[\"https:\/\/www.facebook.com\/SellerLogic\/\",\"https:\/\/x.com\/sellerlogic\",\"https:\/\/www.instagram.com\/sellerlogic\/\",\"https:\/\/www.linkedin.com\/company\/18402037\/\",\"https:\/\/www.youtube.com\/channel\/UC-gULUur-fNj08sprantKsQ\"]}]}<\/script>\n<!-- \/ Yoast SEO plugin. -->","yoast_head_json":{"title":"SELLERLOGIC - \u0417\u0430\u0432\u0430\u043d\u0442\u0430\u0436\u0438\u0442\u0438 \u0456\u043d\u0444\u043e\u0440\u043c\u0430\u0446\u0456\u0439\u043d\u0438\u0439 \u043b\u0438\u0441\u0442: SELLERLOGIC Lost & Found","description":"\u0417 SELLERLOGIC Lost & Found \u0437\u043d\u0430\u0439\u0434\u0456\u0442\u044c \u043f\u043e\u043c\u0438\u043b\u043a\u0438 \u0437 \u0442\u0440\u0430\u043d\u0437\u0430\u043a\u0446\u0456\u0439 FBA \u0442\u0430 \u0437\u0430\u043f\u0438\u0442\u0430\u0439\u0442\u0435 \u043f\u043e\u0432\u0435\u0440\u043d\u0435\u043d\u043d\u044f \u043a\u043e\u0448\u0442\u0456\u0432. \u0417\u0430\u0432\u0430\u043d\u0442\u0430\u0436\u0442\u0435 \u0437\u0430\u0440\u0430\u0437!","robots":{"index":"index","follow":"follow","max-snippet":"max-snippet:-1","max-image-preview":"max-image-preview:large","max-video-preview":"max-video-preview:-1"},"canonical":"https:\/\/www.sellerlogic.com\/uk\/istorii-uspikhu\/amazon-fba-bermudskyi-trykutnyk-dlia-vashykh-tovariv\/","og_locale":"uk_UA","og_type":"article","og_title":"SELLERLOGIC - \u0417\u0430\u0432\u0430\u043d\u0442\u0430\u0436\u0438\u0442\u0438 \u0456\u043d\u0444\u043e\u0440\u043c\u0430\u0446\u0456\u0439\u043d\u0438\u0439 \u043b\u0438\u0441\u0442: SELLERLOGIC Lost & Found","og_description":"\u0417 SELLERLOGIC Lost & Found \u0437\u043d\u0430\u0439\u0434\u0456\u0442\u044c \u043f\u043e\u043c\u0438\u043b\u043a\u0438 \u0437 \u0442\u0440\u0430\u043d\u0437\u0430\u043a\u0446\u0456\u0439 FBA \u0442\u0430 \u0437\u0430\u043f\u0438\u0442\u0430\u0439\u0442\u0435 \u043f\u043e\u0432\u0435\u0440\u043d\u0435\u043d\u043d\u044f \u043a\u043e\u0448\u0442\u0456\u0432. \u0417\u0430\u0432\u0430\u043d\u0442\u0430\u0436\u0442\u0435 \u0437\u0430\u0440\u0430\u0437!","og_url":"https:\/\/www.sellerlogic.com\/uk\/istorii-uspikhu\/amazon-fba-bermudskyi-trykutnyk-dlia-vashykh-tovariv\/","og_site_name":"SELLERLOGIC - Smart Tools for Amazon Sellers","article_publisher":"https:\/\/www.facebook.com\/SellerLogic\/","article_modified_time":"2025-10-25T15:45:46+00:00","og_image":[{"url":"https:\/\/www.sellerlogic.com\/wp-content\/uploads\/2020\/12\/factSheet_lost_found.gif","type":"","width":"","height":""}],"twitter_card":"summary_large_image","twitter_site":"@sellerlogic","twitter_misc":{"Est. reading time":"1 minute"},"schema":{"@context":"https:\/\/schema.org","@graph":[{"@type":"WebPage","@id":"https:\/\/www.sellerlogic.com\/uk\/istorii-uspikhu\/amazon-fba-bermudskyi-trykutnyk-dlia-vashykh-tovariv\/","url":"https:\/\/www.sellerlogic.com\/uk\/istorii-uspikhu\/amazon-fba-bermudskyi-trykutnyk-dlia-vashykh-tovariv\/","name":"SELLERLOGIC - \u0417\u0430\u0432\u0430\u043d\u0442\u0430\u0436\u0438\u0442\u0438 \u0456\u043d\u0444\u043e\u0440\u043c\u0430\u0446\u0456\u0439\u043d\u0438\u0439 \u043b\u0438\u0441\u0442: SELLERLOGIC Lost & Found","isPartOf":{"@id":"https:\/\/www.sellerlogic.com\/uk\/#website"},"primaryImageOfPage":{"@id":"https:\/\/www.sellerlogic.com\/uk\/istorii-uspikhu\/amazon-fba-bermudskyi-trykutnyk-dlia-vashykh-tovariv\/#primaryimage"},"image":{"@id":"https:\/\/www.sellerlogic.com\/uk\/istorii-uspikhu\/amazon-fba-bermudskyi-trykutnyk-dlia-vashykh-tovariv\/#primaryimage"},"thumbnailUrl":"https:\/\/www.sellerlogic.com\/wp-content\/uploads\/2020\/12\/factSheet_lost_found.gif","datePublished":"2021-12-13T09:20:41+00:00","dateModified":"2025-10-25T15:45:46+00:00","description":"\u0417 SELLERLOGIC Lost & Found \u0437\u043d\u0430\u0439\u0434\u0456\u0442\u044c \u043f\u043e\u043c\u0438\u043b\u043a\u0438 \u0437 \u0442\u0440\u0430\u043d\u0437\u0430\u043a\u0446\u0456\u0439 FBA \u0442\u0430 \u0437\u0430\u043f\u0438\u0442\u0430\u0439\u0442\u0435 \u043f\u043e\u0432\u0435\u0440\u043d\u0435\u043d\u043d\u044f \u043a\u043e\u0448\u0442\u0456\u0432. \u0417\u0430\u0432\u0430\u043d\u0442\u0430\u0436\u0442\u0435 \u0437\u0430\u0440\u0430\u0437!","breadcrumb":{"@id":"https:\/\/www.sellerlogic.com\/uk\/istorii-uspikhu\/amazon-fba-bermudskyi-trykutnyk-dlia-vashykh-tovariv\/#breadcrumb"},"inLanguage":"uk","potentialAction":[{"@type":"ReadAction","target":["https:\/\/www.sellerlogic.com\/uk\/istorii-uspikhu\/amazon-fba-bermudskyi-trykutnyk-dlia-vashykh-tovariv\/"]}]},{"@type":"ImageObject","inLanguage":"uk","@id":"https:\/\/www.sellerlogic.com\/uk\/istorii-uspikhu\/amazon-fba-bermudskyi-trykutnyk-dlia-vashykh-tovariv\/#primaryimage","url":"https:\/\/www.sellerlogic.com\/wp-content\/uploads\/2020\/12\/factSheet_lost_found.gif","contentUrl":"https:\/\/www.sellerlogic.com\/wp-content\/uploads\/2020\/12\/factSheet_lost_found.gif"},{"@type":"BreadcrumbList","@id":"https:\/\/www.sellerlogic.com\/uk\/istorii-uspikhu\/amazon-fba-bermudskyi-trykutnyk-dlia-vashykh-tovariv\/#breadcrumb","itemListElement":[{"@type":"ListItem","position":1,"name":"Home","item":"https:\/\/www.sellerlogic.com\/uk\/"},{"@type":"ListItem","position":2,"name":"Resources UA","item":"https:\/\/www.sellerlogic.com\/uk\/istorii-uspikhu\/"},{"@type":"ListItem","position":3,"name":"\u0417\u0430\u0432\u0430\u043d\u0442\u0430\u0436\u0438\u0442\u0438 \u0456\u043d\u0444\u043e\u0440\u043c\u0430\u0446\u0456\u0439\u043d\u0438\u0439 \u043b\u0438\u0441\u0442 Lost &#038; Found"}]},{"@type":"WebSite","@id":"https:\/\/www.sellerlogic.com\/uk\/#website","url":"https:\/\/www.sellerlogic.com\/uk\/","name":"SELLERLOGIC - Smarte Tools f\u00fcr Amazon-Seller","description":"Intelligente Prozessoptimierung und Gewinnmaximierung","publisher":{"@id":"https:\/\/www.sellerlogic.com\/uk\/#organization"},"potentialAction":[{"@type":"SearchAction","target":{"@type":"EntryPoint","urlTemplate":"https:\/\/www.sellerlogic.com\/uk\/?s={search_term_string}"},"query-input":{"@type":"PropertyValueSpecification","valueRequired":true,"valueName":"search_term_string"}}],"inLanguage":"uk"},{"@type":"Organization","@id":"https:\/\/www.sellerlogic.com\/uk\/#organization","name":"SELLERLOGIC","url":"https:\/\/www.sellerlogic.com\/uk\/","logo":{"@type":"ImageObject","inLanguage":"uk","@id":"https:\/\/www.sellerlogic.com\/uk\/#\/schema\/logo\/image\/","url":"https:\/\/d2bw95mh2ee04s.cloudfront.net\/prod\/content\/wp-content\/uploads\/2025\/01\/02134814\/Property-Logo-Main.svg","contentUrl":"https:\/\/d2bw95mh2ee04s.cloudfront.net\/prod\/content\/wp-content\/uploads\/2025\/01\/02134814\/Property-Logo-Main.svg","width":184,"height":40,"caption":"SELLERLOGIC"},"image":{"@id":"https:\/\/www.sellerlogic.com\/uk\/#\/schema\/logo\/image\/"},"sameAs":["https:\/\/www.facebook.com\/SellerLogic\/","https:\/\/x.com\/sellerlogic","https:\/\/www.instagram.com\/sellerlogic\/","https:\/\/www.linkedin.com\/company\/18402037\/","https:\/\/www.youtube.com\/channel\/UC-gULUur-fNj08sprantKsQ"]}]}},"_links":{"self":[{"href":"https:\/\/www.sellerlogic.com\/uk\/wp-json\/wp\/v2\/pages\/15001","targetHints":{"allow":["GET"]}}],"collection":[{"href":"https:\/\/www.sellerlogic.com\/uk\/wp-json\/wp\/v2\/pages"}],"about":[{"href":"https:\/\/www.sellerlogic.com\/uk\/wp-json\/wp\/v2\/types\/page"}],"author":[{"embeddable":true,"href":"https:\/\/www.sellerlogic.com\/uk\/wp-json\/wp\/v2\/users\/17"}],"replies":[{"embeddable":true,"href":"https:\/\/www.sellerlogic.com\/uk\/wp-json\/wp\/v2\/comments?post=15001"}],"version-history":[{"count":1,"href":"https:\/\/www.sellerlogic.com\/uk\/wp-json\/wp\/v2\/pages\/15001\/revisions"}],"predecessor-version":[{"id":270843,"href":"https:\/\/www.sellerlogic.com\/uk\/wp-json\/wp\/v2\/pages\/15001\/revisions\/270843"}],"up":[{"embeddable":true,"href":"https:\/\/www.sellerlogic.com\/uk\/wp-json\/wp\/v2\/pages\/14802"}],"wp:attachment":[{"href":"https:\/\/www.sellerlogic.com\/uk\/wp-json\/wp\/v2\/media?parent=15001"}],"curies":[{"name":"wp","href":"https:\/\/api.w.org\/{rel}","templated":true}]}}